{"id":3583,"date":"2020-10-28T11:11:26","date_gmt":"2020-10-28T19:11:26","guid":{"rendered":"http:\/\/192.168.64.113\/?page_id=3583"},"modified":"2022-11-04T21:22:58","modified_gmt":"2022-11-04T21:22:58","slug":"product-line-card","status":"publish","type":"page","link":"https:\/\/www.asipartner.com\/montreal\/products\/product-line-card\/","title":{"rendered":"Product Line Card"},"content":{"rendered":"<p><div class=\"fusion-fullwidth fullwidth-box fusion-builder-row-1 fusion-flex-container hundred-percent-fullwidth non-hundred-percent-height-scrolling\" style=\"--awb-border-radius-top-left:0px;--awb-border-radius-top-right:0px;--awb-border-radius-bottom-right:0px;--awb-border-radius-bottom-left:0px;--awb-flex-wrap:wrap;\" ><div class=\"fusion-builder-row fusion-row fusion-flex-align-items-flex-start fusion-flex-content-wrap\" style=\"width:104% !important;max-width:104% !important;margin-left: calc(-4% \/ 2 );margin-right: calc(-4% \/ 2 );\"><div class=\"fusion-layout-column fusion_builder_column fusion-builder-column-0 fusion_builder_column_1_1 1_1 fusion-flex-column\" style=\"--awb-bg-color:#ffffff;--awb-bg-color-hover:#ffffff;--awb-bg-size:cover;--awb-width-large:100%;--awb-margin-top-large:0px;--awb-spacing-right-large:1.92%;--awb-margin-bottom-large:20px;--awb-spacing-left-large:1.92%;--awb-width-medium:100%;--awb-order-medium:0;--awb-spacing-right-medium:1.92%;--awb-spacing-left-medium:1.92%;--awb-width-small:100%;--awb-order-small:0;--awb-spacing-right-small:1.92%;--awb-spacing-left-small:1.92%;\"><div class=\"fusion-column-wrapper fusion-column-has-shadow fusion-flex-justify-content-center fusion-content-layout-column\"><div class=\"fusion-image-carousel fusion-image-carousel-auto fusion-image-carousel-1 lightbox-enabled\"><div class=\"awb-carousel awb-swiper awb-swiper-carousel awb-carousel--carousel awb-swiper-dots-position-bottom\" data-layout=\"carousel\" data-autoplay=\"yes\" data-autoplayspeed=\"2500\" data-autoplaypause=\"no\" data-columns=\"6\" data-columnsmedium=\"1\" data-columnssmall=\"1\" data-itemmargin=\"1\" data-itemwidth=\"180\" data-touchscroll=\"drag\" data-freemode=\"no\" data-imagesize=\"auto\" data-scrollitems=\"1\" data-centeredslides=\"no\" data-rotationangle=\"50\" data-depth=\"100\" data-speed=\"500\" data-shadow=\"no\" data-pagination=\"bullets\" style=\"--awb-columns:6;--awb-column-spacing:1px;\"><div class=\"swiper-wrapper awb-image-carousel-wrapper fusion-flex-align-items-center\"><div class=\"swiper-slide\"><div class=\"fusion-carousel-item-wrapper\"><div class=\"fusion-image-wrapper hover-type-none\"><img decoding=\"async\" width=\"100\" height=\"100\" src=\"https:\/\/www.asipartner.com\/montreal\/wp-content\/uploads\/sites\/3\/2021\/01\/Intel-100-1.png\" class=\"attachment-full size-full\" alt=\"\" \/><\/div><\/div><\/div><div class=\"swiper-slide\"><div class=\"fusion-carousel-item-wrapper\"><div class=\"fusion-image-wrapper hover-type-none\"><img decoding=\"async\" width=\"100\" height=\"100\" src=\"https:\/\/www.asipartner.com\/montreal\/wp-content\/uploads\/sites\/3\/2021\/01\/Supermicro-100.png\" class=\"attachment-full size-full\" alt=\"\" \/><\/div><\/div><\/div><div class=\"swiper-slide\"><div class=\"fusion-carousel-item-wrapper\"><div class=\"fusion-image-wrapper hover-type-none\"><img decoding=\"async\" width=\"100\" height=\"100\" src=\"https:\/\/www.asipartner.com\/montreal\/wp-content\/uploads\/sites\/3\/2021\/01\/ASUS-100-1.png\" class=\"attachment-full size-full\" alt=\"\" \/><\/div><\/div><\/div><div class=\"swiper-slide\"><div class=\"fusion-carousel-item-wrapper\"><div class=\"fusion-image-wrapper hover-type-none\"><img decoding=\"async\" width=\"100\" height=\"100\" src=\"https:\/\/www.asipartner.com\/montreal\/wp-content\/uploads\/sites\/3\/2021\/01\/ViewSonic-100.png\" class=\"attachment-full size-full\" alt=\"\" \/><\/div><\/div><\/div><div class=\"swiper-slide\"><div class=\"fusion-carousel-item-wrapper\"><div class=\"fusion-image-wrapper hover-type-none\"><img decoding=\"async\" width=\"100\" height=\"100\" src=\"https:\/\/www.asipartner.com\/montreal\/wp-content\/uploads\/sites\/3\/2021\/01\/Micron-100-1.png\" class=\"attachment-full size-full\" alt=\"\" \/><\/div><\/div><\/div><div class=\"swiper-slide\"><div class=\"fusion-carousel-item-wrapper\"><div class=\"fusion-image-wrapper hover-type-none\"><img decoding=\"async\" width=\"100\" height=\"100\" src=\"https:\/\/www.asipartner.com\/montreal\/wp-content\/uploads\/sites\/3\/2022\/04\/Samsung-100-3.png\" class=\"attachment-full size-full\" alt=\"Samsung Logo\" \/><\/div><\/div><\/div><div class=\"swiper-slide\"><div class=\"fusion-carousel-item-wrapper\"><div class=\"fusion-image-wrapper hover-type-none\"><img decoding=\"async\" width=\"100\" height=\"100\" src=\"https:\/\/www.asipartner.com\/montreal\/wp-content\/uploads\/sites\/3\/2021\/01\/Synology-100.png\" class=\"attachment-full size-full\" alt=\"\" \/><\/div><\/div><\/div><div class=\"swiper-slide\"><div class=\"fusion-carousel-item-wrapper\"><div class=\"fusion-image-wrapper hover-type-none\"><img decoding=\"async\" width=\"100\" height=\"100\" src=\"https:\/\/www.asipartner.com\/montreal\/wp-content\/uploads\/sites\/3\/2021\/01\/PNY-100.png\" class=\"attachment-full size-full\" alt=\"PNY Logo\" \/><\/div><\/div><\/div><div class=\"swiper-slide\"><div class=\"fusion-carousel-item-wrapper\"><div class=\"fusion-image-wrapper hover-type-none\"><img decoding=\"async\" width=\"100\" height=\"100\" src=\"https:\/\/www.asipartner.com\/montreal\/wp-content\/uploads\/sites\/3\/2021\/01\/Kingston-100.png\" class=\"attachment-full size-full\" alt=\"\" \/><\/div><\/div><\/div><div class=\"swiper-slide\"><div class=\"fusion-carousel-item-wrapper\"><div class=\"fusion-image-wrapper hover-type-none\"><img decoding=\"async\" width=\"100\" height=\"100\" src=\"https:\/\/www.asipartner.com\/montreal\/wp-content\/uploads\/sites\/3\/2021\/01\/NVIDIA-100.png\" class=\"attachment-full size-full\" alt=\"NVIDIA Logo\" \/><\/div><\/div><\/div><div class=\"swiper-slide\"><div class=\"fusion-carousel-item-wrapper\"><div class=\"fusion-image-wrapper hover-type-none\"><img decoding=\"async\" width=\"100\" height=\"100\" src=\"https:\/\/www.asipartner.com\/montreal\/wp-content\/uploads\/sites\/3\/2021\/01\/MSI-100.png\" class=\"attachment-full size-full\" alt=\"MSI Logo\" \/><\/div><\/div><\/div><div class=\"swiper-slide\"><div class=\"fusion-carousel-item-wrapper\"><div class=\"fusion-image-wrapper hover-type-none\"><img decoding=\"async\" width=\"100\" height=\"100\" src=\"https:\/\/www.asipartner.com\/montreal\/wp-content\/uploads\/sites\/3\/2021\/01\/DJI-100.png\" class=\"attachment-full size-full\" alt=\"\" \/><\/div><\/div><\/div><div class=\"swiper-slide\"><div class=\"fusion-carousel-item-wrapper\"><div class=\"fusion-image-wrapper hover-type-none\"><img decoding=\"async\" width=\"100\" height=\"100\" src=\"https:\/\/www.asipartner.com\/montreal\/wp-content\/uploads\/sites\/3\/2021\/01\/EVGA-100.png\" class=\"attachment-full size-full\" alt=\"EVGA Logo\" \/><\/div><\/div><\/div><div class=\"swiper-slide\"><div class=\"fusion-carousel-item-wrapper\"><div class=\"fusion-image-wrapper hover-type-none\"><img decoding=\"async\" width=\"100\" height=\"100\" src=\"https:\/\/www.asipartner.com\/montreal\/wp-content\/uploads\/sites\/3\/2021\/01\/LG-100.png\" class=\"attachment-full size-full\" alt=\"\" \/><\/div><\/div><\/div><div class=\"swiper-slide\"><div class=\"fusion-carousel-item-wrapper\"><div class=\"fusion-image-wrapper hover-type-none\"><img decoding=\"async\" width=\"100\" height=\"100\" src=\"https:\/\/www.asipartner.com\/montreal\/wp-content\/uploads\/sites\/3\/2021\/01\/Microchip-100.png\" class=\"attachment-full size-full\" alt=\"\" \/><\/div><\/div><\/div><div class=\"swiper-slide\"><div class=\"fusion-carousel-item-wrapper\"><div class=\"fusion-image-wrapper hover-type-none\"><img decoding=\"async\" width=\"100\" height=\"100\" src=\"https:\/\/www.asipartner.com\/montreal\/wp-content\/uploads\/sites\/3\/2021\/01\/Kensington-100.png\" class=\"attachment-full size-full\" alt=\"\" \/><\/div><\/div><\/div><div class=\"swiper-slide\"><div class=\"fusion-carousel-item-wrapper\"><div class=\"fusion-image-wrapper hover-type-none\"><img decoding=\"async\" width=\"100\" height=\"100\" src=\"https:\/\/www.asipartner.com\/montreal\/wp-content\/uploads\/sites\/3\/2021\/01\/Huawei-100.png\" class=\"attachment-full size-full\" alt=\"\" \/><\/div><\/div><\/div><div class=\"swiper-slide\"><div class=\"fusion-carousel-item-wrapper\"><div class=\"fusion-image-wrapper hover-type-none\"><img decoding=\"async\" width=\"100\" height=\"100\" src=\"https:\/\/www.asipartner.com\/montreal\/wp-content\/uploads\/sites\/3\/2021\/01\/GIGABYTE-100.png\" class=\"attachment-full size-full\" alt=\"\" \/><\/div><\/div><\/div><div class=\"swiper-slide\"><div class=\"fusion-carousel-item-wrapper\"><div class=\"fusion-image-wrapper hover-type-none\"><img decoding=\"async\" width=\"100\" height=\"100\" src=\"https:\/\/www.asipartner.com\/montreal\/wp-content\/uploads\/sites\/3\/2021\/01\/Edgecore-100.png\" class=\"attachment-full size-full\" alt=\"\" \/><\/div><\/div><\/div><div class=\"swiper-slide\"><div class=\"fusion-carousel-item-wrapper\"><div class=\"fusion-image-wrapper hover-type-none\"><img decoding=\"async\" width=\"100\" height=\"100\" src=\"https:\/\/www.asipartner.com\/montreal\/wp-content\/uploads\/sites\/3\/2021\/01\/AMD-100.png\" class=\"attachment-full size-full\" alt=\"\" \/><\/div><\/div><\/div><\/div><\/div><\/div><\/div><\/div><\/div><\/div><div class=\"fusion-fullwidth fullwidth-box fusion-builder-row-2 fusion-flex-container nonhundred-percent-fullwidth non-hundred-percent-height-scrolling\" style=\"--awb-border-radius-top-left:0px;--awb-border-radius-top-right:0px;--awb-border-radius-bottom-right:0px;--awb-border-radius-bottom-left:0px;--awb-flex-wrap:wrap;\" ><div class=\"fusion-builder-row fusion-row fusion-flex-align-items-flex-start fusion-flex-content-wrap\" style=\"max-width:1248px;margin-left: calc(-4% \/ 2 );margin-right: calc(-4% \/ 2 );\"><div class=\"fusion-layout-column fusion_builder_column fusion-builder-column-1 fusion_builder_column_1_4 1_4 fusion-flex-column\" style=\"--awb-bg-size:cover;--awb-width-large:25%;--awb-margin-top-large:0px;--awb-spacing-right-large:7.68%;--awb-margin-bottom-large:20px;--awb-spacing-left-large:7.68%;--awb-width-medium:25%;--awb-order-medium:0;--awb-spacing-right-medium:7.68%;--awb-spacing-left-medium:7.68%;--awb-width-small:100%;--awb-order-small:0;--awb-spacing-right-small:1.92%;--awb-spacing-left-small:1.92%;\"><div class=\"fusion-column-wrapper fusion-column-has-shadow fusion-flex-justify-content-flex-start fusion-content-layout-column\"><div class=\"fusion-text fusion-text-1\"><p><strong>C\u00c2BLES<\/strong><br \/>\nAccell<br \/>\nKensington<br \/>\nLSI (Broadcom)<br \/>\nMicrochip (Adaptec)<br \/>\nRosewill<br \/>\nSIIG<br \/>\nStarTech.com<br \/>\nSYBA<br \/>\nTripp Lite<\/p>\n<p><strong>CAM\u00c9RAS ET SUPPORTS<\/strong><br \/>\nAdesso<br \/>\nCreative Labs<br \/>\nDJI<br \/>\neMeet<br \/>\nEnabot<br \/>\nFLIR<br \/>\nHasselblad<br \/>\nInsta360<br \/>\nKandao<br \/>\nLogitech<br \/>\nOBSBOT<br \/>\nPGYTECH<br \/>\nViewSonic<\/p>\n<p><strong>BO\u00ceTIERS<\/strong><br \/>\nAntec<br \/>\nApex<br \/>\nASUS<br \/>\nCHENBRO<br \/>\nCompucase<br \/>\nCooler Master<br \/>\nCougar<br \/>\nDeepCool<br \/>\nEnermax<br \/>\nEpower<br \/>\nFractal Design<br \/>\nGIGABYTE<br \/>\nIn Win<br \/>\nIntel<br \/>\niStarUSA<br \/>\nLEPA<br \/>\nLian Li<br \/>\nMSI<br \/>\nNZXT<br \/>\nPhanteks<br \/>\nRaijintek<br \/>\nRosewill<br \/>\nSupermicro<br \/>\nThermaltake<br \/>\nTripp-Lite<\/p>\n<p><strong>CARTES CONTR\u00d4LEURS<\/strong><br \/>\nAreca<br \/>\nHighPoint<br \/>\nIntel<br \/>\nLSI (Broadcom)<br \/>\nMicrochip (Adaptec)<br \/>\nRosewill<br \/>\nSIIG<br \/>\nSYBA<br \/>\nVantec<\/p>\n<p><strong>PROCESSEURS<\/strong><br \/>\nAMD<br \/>\nIntel<\/p>\n<p><strong>ORDINATEURS DE BUREAU ET ORDINATEURS TOUT-EN-UN<br \/>\n<\/strong>ASUS<br \/>\nECS<br \/>\nIntel<br \/>\nLoop<br \/>\nMSI<br \/>\nShuttle<br \/>\nZOTAC<\/p>\n<p><strong>AFFICHAGES ET SUPPORTS<\/strong><br \/>\nAG Neovo<br \/>\nAOC<br \/>\nASUS<br \/>\nElo<br \/>\nGIGABYTE<br \/>\nHuawei<br \/>\nLG Electronics<br \/>\nMSI<br \/>\nPhillips<br \/>\nSIIG<br \/>\nStarTech.com<br \/>\nTripp Lite<br \/>\nViewSonic<br \/>\nVizta<\/p>\n<p><strong>AFFICHAGES\/ GRAND FORMAT<\/strong><br \/>\nAG Neovo<br \/>\nHuawei<br \/>\nLG<br \/>\nOptoma<br \/>\nViewSonic<\/p>\n<p><strong>BO\u00ceTIERS DISQUES<\/strong><br \/>\nICY Dock<br \/>\niStarUSA<br \/>\nRosewill<br \/>\nSIIG<br \/>\nStarTech.com<br \/>\nVantec<\/p>\n<\/div><\/div><\/div><div class=\"fusion-layout-column fusion_builder_column fusion-builder-column-2 fusion_builder_column_1_4 1_4 fusion-flex-column\" style=\"--awb-bg-size:cover;--awb-width-large:25%;--awb-margin-top-large:0px;--awb-spacing-right-large:7.68%;--awb-margin-bottom-large:20px;--awb-spacing-left-large:7.68%;--awb-width-medium:25%;--awb-order-medium:0;--awb-spacing-right-medium:7.68%;--awb-spacing-left-medium:7.68%;--awb-width-small:100%;--awb-order-small:0;--awb-spacing-right-small:1.92%;--awb-spacing-left-small:1.92%;\"><div class=\"fusion-column-wrapper fusion-column-has-shadow fusion-flex-justify-content-flex-start fusion-content-layout-column\"><div class=\"fusion-text fusion-text-2\"><p><strong>DRONES<\/strong><br \/>\nAutel<br \/>\nDJI Consumer<br \/>\nDJI Enterprise<br \/>\nFLIR<br \/>\nHover Camera<br \/>\nPGYTECH<\/p>\n<p><strong>ERGONOMIE<\/strong><br \/>\nAdesso<br \/>\nEvoluent<br \/>\nKensington<br \/>\nStarTech.com<\/p>\n<p><strong>VENTILATEURS\/ RADIATEURS<\/strong><br \/>\nAntec<br \/>\nASUS<br \/>\nCooler Master<br \/>\nCougar<br \/>\nDynatron<br \/>\nEVGA<br \/>\nFractal Design<br \/>\nGIGABYTE<br \/>\nIntel<br \/>\nInWin<br \/>\niStarUSA<br \/>\nLian Li<br \/>\nMSI<br \/>\nNoctua<br \/>\nNZXT<br \/>\nPhanteks<br \/>\nRaijintek<br \/>\nRosewill<br \/>\nStarTech.com<br \/>\nSupermicro<br \/>\nThermaltake<br \/>\nVantec<\/p>\n<p><strong>CHAISES POUR LES JEUX<\/strong><br \/>\nAkracing<br \/>\nCougar<br \/>\nMSI<br \/>\nThermaltake<\/p>\n<p><strong>DISQUES DURS<\/strong><br \/>\nADATA<br \/>\nHGST (Western Digital)<br \/>\nSeagate<br \/>\nSynology<br \/>\nToshiba<br \/>\nWestern Digital<\/p>\n<p><strong>CASQUES D&rsquo;\u00c9COUTE ET HAUT-PARLEURS<\/strong><br \/>\n1More<br \/>\nAdesso<br \/>\nASUS<br \/>\nAVerMedia<br \/>\nCooler Master<br \/>\nCougar<br \/>\nCreative Labs<br \/>\neMeet<br \/>\nGIGABYTE<br \/>\nKWorld<br \/>\nLogitech<br \/>\nSYBA<br \/>\nThermaltake<\/p>\n<p><strong>CLAVIERS ET SOURIS<\/strong><br \/>\nAdesso<br \/>\nASUS<br \/>\nCooler Master<br \/>\nCougar<br \/>\nEVGA<br \/>\nEvoluent<br \/>\nGIGABYTE<br \/>\nKensington<br \/>\nKodak<br \/>\nLogitech<br \/>\nMicrosoft<br \/>\nMSI<br \/>\nSIIG<br \/>\nThermaltake<\/p>\n<p><strong>ORDINATEURS PORTABLES ET TABLETTES<\/strong><br \/>\nASUS<br \/>\nDuraBook<br \/>\nFujitsu<br \/>\nGIGABYTE<br \/>\nLenovo<br \/>\nMSI<br \/>\nThomson<\/p>\n<p><strong>M\u00c9MOIRE<\/strong><br \/>\nADATA<br \/>\nCorsair<br \/>\nCrucial<br \/>\nKingston<br \/>\nMicron<br \/>\nNetlist<br \/>\nPNY<\/p>\n<p><strong>CARTES M\u00c8RES<\/strong><br \/>\nASUS<br \/>\nASRock Rack<br \/>\nECS<br \/>\nEVGA<br \/>\nGIGABYTE<br \/>\nIntel<br \/>\nMSI<br \/>\nNZXT<br \/>\nSupermicro<br \/>\nTyan<\/p>\n<\/div><\/div><\/div><div class=\"fusion-layout-column fusion_builder_column fusion-builder-column-3 fusion_builder_column_1_4 1_4 fusion-flex-column\" style=\"--awb-bg-size:cover;--awb-width-large:25%;--awb-margin-top-large:0px;--awb-spacing-right-large:7.68%;--awb-margin-bottom-large:20px;--awb-spacing-left-large:7.68%;--awb-width-medium:25%;--awb-order-medium:0;--awb-spacing-right-medium:7.68%;--awb-spacing-left-medium:7.68%;--awb-width-small:100%;--awb-order-small:0;--awb-spacing-right-small:1.92%;--awb-spacing-left-small:1.92%;\"><div class=\"fusion-column-wrapper fusion-column-has-shadow fusion-flex-justify-content-flex-start fusion-content-layout-column\"><div class=\"fusion-text fusion-text-3\"><p><strong>\u00c9QUIPEMENTS R\u00c9SEAUX<\/strong><br \/>\nASUS<br \/>\nBroadcom (formerly LSI)<br \/>\nD-Link<br \/>\nEdgecore<br \/>\nEdimax<br \/>\nEnGenius<br \/>\nFinisar<br \/>\nHiro<br \/>\nHuawei<br \/>\nIntel<br \/>\nIP-COM<br \/>\nKensington<br \/>\nMellanox<br \/>\nMicrochip<br \/>\nNZXT<br \/>\nQNAP<br \/>\nRosewill<br \/>\nSIIG<br \/>\nStarTech.com<br \/>\nSYBA<br \/>\nTenda<br \/>\nTP-LINK<br \/>\nTripp Lite<\/p>\n<p><strong>UNIT\u00c9S DE DISQUES OPTIQUES<\/strong><br \/>\nASUS<br \/>\nLG Electronics<br \/>\nLite-On<br \/>\nPioneer<br \/>\nTEAC<\/p>\n<p><strong>SYST\u00c8MES T\u00c9L\u00c9PHONIQUES<\/strong><br \/>\nEnGenius<\/p>\n<p><strong>PROTECTION DE LA PUISSANCE\/ SYST\u00c8MES UPS<\/strong><br \/>\nAccell<br \/>\nAPC<br \/>\nOpti-UPS<br \/>\nTripp Lite<\/p>\n<p><strong>ALIMENTATIONS \u00c9LECTRIQUES<\/strong><br \/>\nAntec<br \/>\nASUS<br \/>\nCooler Master<br \/>\nCougar<br \/>\nDeepCool<br \/>\nEcoFlow<br \/>\nEnermax<br \/>\nEpower<br \/>\nEVGA<br \/>\nFractal Design<br \/>\nFSP<br \/>\nGIGABYTE<br \/>\nIntel<br \/>\nInWin<br \/>\niStarUSA<br \/>\nLEPA<br \/>\nNZXT<br \/>\nPhanteks<br \/>\nRosewill<br \/>\nSeasonic<br \/>\nSolid Gear<br \/>\nSparkle Power<br \/>\nThermaltake<\/p>\n<p><strong>PROJECTEURS ET \u00c9CRANS<\/strong><br \/>\nLG<br \/>\nViewSonic<\/p>\n<p><strong>SCANNERS<\/strong><br \/>\nAdesso<br \/>\nKodak<\/p>\n<p><strong>S\u00c9CURIT\u00c9 ET SURVEILLANCE<\/strong><br \/>\nACTi<br \/>\nD-Link<br \/>\nEnabot<br \/>\nEnGenius<br \/>\nEZVIZ<br \/>\nHikvision<br \/>\nKensington<\/p>\n<p><strong>SERVEURS<\/strong><br \/>\nAIC<br \/>\nASRock Rack<br \/>\nASUS<br \/>\nChenbro<br \/>\nFujitsu<br \/>\nGIGABYTE<br \/>\nIntel<br \/>\nInWin<br \/>\nSupermicro<br \/>\nTyan<\/p>\n<\/div><\/div><\/div><div class=\"fusion-layout-column fusion_builder_column fusion-builder-column-4 fusion_builder_column_1_4 1_4 fusion-flex-column\" style=\"--awb-bg-size:cover;--awb-width-large:25%;--awb-margin-top-large:0px;--awb-spacing-right-large:7.68%;--awb-margin-bottom-large:20px;--awb-spacing-left-large:7.68%;--awb-width-medium:25%;--awb-order-medium:0;--awb-spacing-right-medium:7.68%;--awb-spacing-left-medium:7.68%;--awb-width-small:100%;--awb-order-small:0;--awb-spacing-right-small:1.92%;--awb-spacing-left-small:1.92%;\"><div class=\"fusion-column-wrapper fusion-column-has-shadow fusion-flex-justify-content-flex-start fusion-content-layout-column\"><div class=\"fusion-text fusion-text-4\"><p><strong>LOGICIELS<\/strong><br \/>\nIntel<br \/>\nMicrosoft<\/p>\n<p><strong>CARTES SONORES<\/strong><br \/>\nASUS<br \/>\nCreative Labs<\/p>\n<p><strong>DISQUES \u00c0 CIRCUITS INT\u00c9GR\u00c9S<\/strong><br \/>\nADATA<br \/>\nCrucial<br \/>\nGIGABYTE<br \/>\nHGST (Western Digital)<br \/>\nHikvision<br \/>\nHP<br \/>\nHuawei<br \/>\nIntel<br \/>\nKingston<br \/>\nKioxia<br \/>\nMicron<br \/>\nNetlist<br \/>\nPNY<br \/>\nSamsung<br \/>\nSanDisk (Western Digital)<br \/>\nSeagate<br \/>\nSynology<br \/>\nWestern Digital<\/p>\n<p><strong>STIM\/ \u00c9DUCATION<\/strong><br \/>\nClicbot<br \/>\nDJI<br \/>\nObsbot<\/p>\n<p><strong>PLATEFORMES DE STOCKAGE<br \/>\n<\/strong>Viking Enterprise Solutions<\/p>\n<p><strong>SYST\u00c8MES DE STOCKAGE<\/strong><br \/>\nD-Link<br \/>\nFujitsu<br \/>\nHGST (Western Digital)<br \/>\nQNAP<br \/>\nViking Enterprise Solutions<\/p>\n<p><strong>P\u00c9RIPH\u00c9RIQUES USB, ACCESSOIRES ET ADAPTATEURS<\/strong><br \/>\nADATA<br \/>\nKingston<br \/>\nPNY<br \/>\nSanDisk (Western Digital)<br \/>\nStarTech.com<br \/>\nTripp Lite<br \/>\nVantec<\/p>\n<p><strong>CARTES VID\u00c9O<\/strong><br \/>\nAMD<br \/>\nASUS<br \/>\nEVGA<br \/>\nGIGABYTE<br \/>\nIntel<br \/>\nMatrox<br \/>\nMSI<br \/>\nNVIDIA<br \/>\nPNY<br \/>\nSapphire<br \/>\nXFX<br \/>\nZOTAC<\/p>\n<p><strong>VID\u00c9O CONF\u00c9RENCE<\/strong><br \/>\nAdesso<br \/>\neMeet<br \/>\nHuawei<br \/>\nKandao<br \/>\nObsbot<\/p>\n<\/div><div style=\"text-align:left;\"><a class=\"fusion-button button-flat fusion-button-default-size button-default fusion-button-default button-1 fusion-button-default-span fusion-button-default-type\" style=\"--button_margin-top:5px;--button_margin-bottom:5px;\" target=\"_blank\" rel=\"noopener noreferrer\" href=\"https:\/\/www.asipartner.com\/wp-content\/uploads\/2022\/11\/ASILineCard-Canada_110422.pdf\"><i class=\"fa-file-alt fas awb-button__icon awb-button__icon--default button-icon-left\" aria-hidden=\"true\"><\/i><span class=\"fusion-button-text awb-button__text awb-button__text--default\">CAN Line Card<\/span><\/a><\/div><\/div><\/div><\/div><\/div><\/p>\n","protected":false},"excerpt":{"rendered":"","protected":false},"author":5,"featured_media":0,"parent":3463,"menu_order":0,"comment_status":"closed","ping_status":"closed","template":"","meta":{"content-type":"","_monsterinsights_skip_tracking":false,"_monsterinsights_sitenote_active":false,"_monsterinsights_sitenote_note":"","_monsterinsights_sitenote_category":0,"footnotes":""},"class_list":["post-3583","page","type-page","status-publish","hentry"],"yoast_head":"<!-- This site is optimized with the Yoast SEO Premium plugin v26.3 (Yoast SEO v26.3) - https:\/\/yoast.com\/wordpress\/plugins\/seo\/ -->\n<title>Product Line Card - ASI Montreal<\/title>\n<meta name=\"robots\" content=\"index, follow, max-snippet:-1, max-image-preview:large, max-video-preview:-1\" \/>\n<link rel=\"canonical\" href=\"https:\/\/www.asipartner.com\/montreal\/products\/product-line-card\/\" \/>\n<meta property=\"og:locale\" content=\"fr_CA\" \/>\n<meta property=\"og:type\" content=\"article\" \/>\n<meta property=\"og:title\" content=\"Product Line Card\" \/>\n<meta property=\"og:url\" content=\"https:\/\/www.asipartner.com\/montreal\/products\/product-line-card\/\" \/>\n<meta property=\"og:site_name\" content=\"ASI Montreal\" \/>\n<meta property=\"article:modified_time\" content=\"2022-11-04T21:22:58+00:00\" \/>\n<meta name=\"twitter:card\" content=\"summary_large_image\" \/>\n<meta name=\"twitter:label1\" content=\"Estimation du temps de lecture\" \/>\n\t<meta name=\"twitter:data1\" content=\"6 minutes\" \/>\n<script type=\"application\/ld+json\" class=\"yoast-schema-graph\">{\"@context\":\"https:\/\/schema.org\",\"@graph\":[{\"@type\":\"WebPage\",\"@id\":\"https:\/\/www.asipartner.com\/montreal\/products\/product-line-card\/\",\"url\":\"https:\/\/www.asipartner.com\/montreal\/products\/product-line-card\/\",\"name\":\"Product Line Card - ASI Montreal\",\"isPartOf\":{\"@id\":\"https:\/\/www.asipartner.com\/montreal\/#website\"},\"datePublished\":\"2020-10-28T19:11:26+00:00\",\"dateModified\":\"2022-11-04T21:22:58+00:00\",\"breadcrumb\":{\"@id\":\"https:\/\/www.asipartner.com\/montreal\/products\/product-line-card\/#breadcrumb\"},\"inLanguage\":\"fr-CA\",\"potentialAction\":[{\"@type\":\"ReadAction\",\"target\":[\"https:\/\/www.asipartner.com\/montreal\/products\/product-line-card\/\"]}]},{\"@type\":\"BreadcrumbList\",\"@id\":\"https:\/\/www.asipartner.com\/montreal\/products\/product-line-card\/#breadcrumb\",\"itemListElement\":[{\"@type\":\"ListItem\",\"position\":1,\"name\":\"Home\",\"item\":\"https:\/\/www.asipartner.com\/montreal\/\"},{\"@type\":\"ListItem\",\"position\":2,\"name\":\"Products\",\"item\":\"https:\/\/www.asipartner.com\/montreal\/products\/\"},{\"@type\":\"ListItem\",\"position\":3,\"name\":\"Product Line Card\"}]},{\"@type\":\"WebSite\",\"@id\":\"https:\/\/www.asipartner.com\/montreal\/#website\",\"url\":\"https:\/\/www.asipartner.com\/montreal\/\",\"name\":\"ASI Montreal\",\"description\":\"Just another ASI Partner Sites site\",\"potentialAction\":[{\"@type\":\"SearchAction\",\"target\":{\"@type\":\"EntryPoint\",\"urlTemplate\":\"https:\/\/www.asipartner.com\/montreal\/?s={search_term_string}\"},\"query-input\":{\"@type\":\"PropertyValueSpecification\",\"valueRequired\":true,\"valueName\":\"search_term_string\"}}],\"inLanguage\":\"fr-CA\"}]}<\/script>\n<!-- \/ Yoast SEO Premium plugin. -->","yoast_head_json":{"title":"Product Line Card - ASI Montreal","robots":{"index":"index","follow":"follow","max-snippet":"max-snippet:-1","max-image-preview":"max-image-preview:large","max-video-preview":"max-video-preview:-1"},"canonical":"https:\/\/www.asipartner.com\/montreal\/products\/product-line-card\/","og_locale":"fr_CA","og_type":"article","og_title":"Product Line Card","og_url":"https:\/\/www.asipartner.com\/montreal\/products\/product-line-card\/","og_site_name":"ASI Montreal","article_modified_time":"2022-11-04T21:22:58+00:00","twitter_card":"summary_large_image","twitter_misc":{"Estimation du temps de lecture":"6 minutes"},"schema":{"@context":"https:\/\/schema.org","@graph":[{"@type":"WebPage","@id":"https:\/\/www.asipartner.com\/montreal\/products\/product-line-card\/","url":"https:\/\/www.asipartner.com\/montreal\/products\/product-line-card\/","name":"Product Line Card - ASI Montreal","isPartOf":{"@id":"https:\/\/www.asipartner.com\/montreal\/#website"},"datePublished":"2020-10-28T19:11:26+00:00","dateModified":"2022-11-04T21:22:58+00:00","breadcrumb":{"@id":"https:\/\/www.asipartner.com\/montreal\/products\/product-line-card\/#breadcrumb"},"inLanguage":"fr-CA","potentialAction":[{"@type":"ReadAction","target":["https:\/\/www.asipartner.com\/montreal\/products\/product-line-card\/"]}]},{"@type":"BreadcrumbList","@id":"https:\/\/www.asipartner.com\/montreal\/products\/product-line-card\/#breadcrumb","itemListElement":[{"@type":"ListItem","position":1,"name":"Home","item":"https:\/\/www.asipartner.com\/montreal\/"},{"@type":"ListItem","position":2,"name":"Products","item":"https:\/\/www.asipartner.com\/montreal\/products\/"},{"@type":"ListItem","position":3,"name":"Product Line Card"}]},{"@type":"WebSite","@id":"https:\/\/www.asipartner.com\/montreal\/#website","url":"https:\/\/www.asipartner.com\/montreal\/","name":"ASI Montreal","description":"Just another ASI Partner Sites site","potentialAction":[{"@type":"SearchAction","target":{"@type":"EntryPoint","urlTemplate":"https:\/\/www.asipartner.com\/montreal\/?s={search_term_string}"},"query-input":{"@type":"PropertyValueSpecification","valueRequired":true,"valueName":"search_term_string"}}],"inLanguage":"fr-CA"}]}},"_links":{"self":[{"href":"https:\/\/www.asipartner.com\/montreal\/wp-json\/wp\/v2\/pages\/3583","targetHints":{"allow":["GET"]}}],"collection":[{"href":"https:\/\/www.asipartner.com\/montreal\/wp-json\/wp\/v2\/pages"}],"about":[{"href":"https:\/\/www.asipartner.com\/montreal\/wp-json\/wp\/v2\/types\/page"}],"author":[{"embeddable":true,"href":"https:\/\/www.asipartner.com\/montreal\/wp-json\/wp\/v2\/users\/5"}],"replies":[{"embeddable":true,"href":"https:\/\/www.asipartner.com\/montreal\/wp-json\/wp\/v2\/comments?post=3583"}],"version-history":[{"count":5,"href":"https:\/\/www.asipartner.com\/montreal\/wp-json\/wp\/v2\/pages\/3583\/revisions"}],"predecessor-version":[{"id":7046,"href":"https:\/\/www.asipartner.com\/montreal\/wp-json\/wp\/v2\/pages\/3583\/revisions\/7046"}],"up":[{"embeddable":true,"href":"https:\/\/www.asipartner.com\/montreal\/wp-json\/wp\/v2\/pages\/3463"}],"wp:attachment":[{"href":"https:\/\/www.asipartner.com\/montreal\/wp-json\/wp\/v2\/media?parent=3583"}],"curies":[{"name":"wp","href":"https:\/\/api.w.org\/{rel}","templated":true}]}}