{"id":3604,"date":"2020-10-29T08:52:36","date_gmt":"2020-10-29T16:52:36","guid":{"rendered":"http:\/\/192.168.64.113\/?page_id=3604"},"modified":"2021-04-12T20:48:20","modified_gmt":"2021-04-12T20:48:20","slug":"privacy-policy","status":"publish","type":"page","link":"https:\/\/www.asipartner.com\/montreal\/company\/privacy-policy\/","title":{"rendered":"Privacy Policy"},"content":{"rendered":"<div class=\"fusion-fullwidth fullwidth-box fusion-builder-row-1 fusion-flex-container nonhundred-percent-fullwidth non-hundred-percent-height-scrolling\" style=\"--awb-border-radius-top-left:0px;--awb-border-radius-top-right:0px;--awb-border-radius-bottom-right:0px;--awb-border-radius-bottom-left:0px;--awb-flex-wrap:wrap;\" ><div class=\"fusion-builder-row fusion-row fusion-flex-align-items-flex-start fusion-flex-content-wrap\" style=\"max-width:1248px;margin-left: calc(-4% \/ 2 );margin-right: calc(-4% \/ 2 );\"><div class=\"fusion-layout-column fusion_builder_column fusion-builder-column-0 fusion_builder_column_1_1 1_1 fusion-flex-column\" style=\"--awb-bg-size:cover;--awb-width-large:100%;--awb-margin-top-large:0px;--awb-spacing-right-large:1.92%;--awb-margin-bottom-large:20px;--awb-spacing-left-large:1.92%;--awb-width-medium:100%;--awb-order-medium:0;--awb-spacing-right-medium:1.92%;--awb-spacing-left-medium:1.92%;--awb-width-small:100%;--awb-order-small:0;--awb-spacing-right-small:1.92%;--awb-spacing-left-small:1.92%;\"><div class=\"fusion-column-wrapper fusion-column-has-shadow fusion-flex-justify-content-flex-start fusion-content-layout-column\"><div class=\"fusion-text fusion-text-1\" style=\"--awb-content-alignment:left;\"><p>ASI Computer Technologies, Inc. (ASI) s&rsquo;engage \u00e0 prot\u00e9ger la confidentialit\u00e9 de ses clients, en particulier ceux qui acc\u00e8dent et utilisent notre site Web ASIPartner.com ainsi que l&rsquo;un de nos sites Web auxiliaires, y compris partneraccess.com et actonesolution.com. Cette politique de confidentialit\u00e9 est con\u00e7ue pour vous informer sur les types d&rsquo;informations que nous recueillons sur vous et votre organisation, comment nous pouvons utiliser ces informations, si nous les divulguons \u00e0 qui que ce soit et les choix que vous avez concernant notre utilisation de ces informations.<\/p>\n<p><strong>Collecte et utilisation de vos informations personnelles<\/strong><br \/>\nPour tous les visiteurs de ses sites Web, ASI recueille des donn\u00e9es g\u00e9n\u00e9rales relatives \u00e0 chaque visiteur du site Web, telles que l&rsquo;adresse IP du visiteur, le syst\u00e8me d&rsquo;exploitation, le type de navigateur et le num\u00e9ro de version, ainsi que les pages Web consult\u00e9es. Ces informations sont agr\u00e9g\u00e9es avec toutes les autres informations sur les visiteurs.<\/p>\n<p>ASI recueille des informations personnelles, c&rsquo;est-\u00e0-dire des informations permettant d&rsquo;identifier des individus sp\u00e9cifiques, notamment par leur nom, num\u00e9ro d&rsquo;identification, adresse postale, adresse e-mail et autres caract\u00e9ristiques ou attributs personnels. ASI traitera les informations personnelles collect\u00e9es aupr\u00e8s de vous de mani\u00e8re \u00e9quitable et l\u00e9gale et n&rsquo;utilisera pas ces informations personnelles \u00e0 des fins incompatibles avec les finalit\u00e9s pour lesquelles elles ont \u00e9t\u00e9 demand\u00e9es et re\u00e7ues. Par exemple, ASI utilisera vos informations personnelles pour traiter les commandes; pour nous aider \u00e0 am\u00e9liorer nos sites Web et votre exp\u00e9rience en ligne; pour vous fournir des informations sur nos produits et services; \u00e0 des fins de commande, d&rsquo;assistance \u00e0 la client\u00e8le, de paiement, de traitement et de service; pour traiter des affaires avec nous; pour les v\u00e9rifications de cr\u00e9dit, les recouvrements et \u00e0 des fins de facturation ou de cr\u00e9dit connexes; et comme autrement autoris\u00e9 par la loi.<\/p>\n<p>En plus des informations personnelles que vous nous fournissez dans le but de commander des produits, vous pouvez nous fournir des informations financi\u00e8res dans le but de vous accorder un cr\u00e9dit. Ces donn\u00e9es ne sont utilis\u00e9es que pour \u00e9valuer votre solvabilit\u00e9 et sont revues p\u00e9riodiquement tant que votre compte est actif. Il est partag\u00e9 avec les institutions financi\u00e8res dans le cadre normal des activit\u00e9s commerciales. L&rsquo;\u00e9tat de votre compte et l&rsquo;historique de vos paiements sont \u00e9galement signal\u00e9s \u00e0 diverses agences d&rsquo;\u00e9valuation du cr\u00e9dit.<\/p>\n<p><strong>Partage de vos informations personnelles<\/strong><br \/>\nASI peut partager vos informations personnelles au sein de notre organisation, avec toute filiale d&rsquo;ASI dans le monde ou avec des tiers autoris\u00e9s (par exemple, des partenaires commerciaux, des fournisseurs et des institutions financi\u00e8res) comme d\u00e9crit dans cette politique. Nous pouvons \u00e9galement divulguer des informations en r\u00e9ponse \u00e0 des assignations \u00e0 compara\u00eetre, \u00e0 des demandes gouvernementales ou \u00e0 toute autre proc\u00e9dure l\u00e9gale ou pour prot\u00e9ger autrement nos obligations l\u00e9gales ou contractuelles. Nous ne vendrons ni ne transf\u00e9rerons vos informations personnelles \u00e0 des personnes ou entit\u00e9s ext\u00e9rieures \u00e0 nous ou \u00e0 l&rsquo;un de nos partenaires ou revendeurs autoris\u00e9s sans votre approbation.<\/p>\n<p><strong>Biscuits<\/strong><br \/>\nUn cookie est un type d&rsquo;identifiant envoy\u00e9 d&rsquo;un site Web \u00e0 votre syst\u00e8me informatique via votre navigateur Web pour fournir des fonctionnalit\u00e9s personnalis\u00e9es. ASI utilise des cookies afin de s\u00e9curiser et de confirmer vos informations lors de la connexion \u00e0 l&rsquo;acc\u00e8s partenaire avec votre nom d&rsquo;utilisateur et votre mot de passe priv\u00e9s. Nous n&rsquo;utilisons ces informations \u00e0 aucune autre fin que pour vous donner acc\u00e8s \u00e0 des pages de site Web sp\u00e9cifiques et s\u00e9curis\u00e9es r\u00e9serv\u00e9es aux revendeurs.<\/p>\n<p><strong>Communications par e-mail<\/strong><br \/>\nASI fournit aux revendeurs des annonces promotionnelles pour des \u00e9conomies, des rabais, des \u00e9v\u00e9nements et des lancements de produits et ces annonces peuvent \u00eatre interrompues \u00e0 tout moment en s\u00e9lectionnant la fonction de d\u00e9sinscription au bas de l&rsquo;e-mail. Nous ne vendons ces listes de diffusion \u00e0 aucun de nos partenaires commerciaux pour quelque raison que ce soit.<\/p>\n<p><strong>Service tiers: concours, \u00e9v\u00e9nements et webinaires<\/strong><br \/>\nDe temps \u00e0 autre, ASI collectera des informations personnelles pour des concours, des \u00e9v\u00e9nements et des webinaires. Ces informations peuvent \u00eatre divulgu\u00e9es \u00e0 nos partenaires tiers dans le but limit\u00e9 d&rsquo;attribuer des prix et \/ ou de d\u00e9velopper des opportunit\u00e9s commerciales.<\/p>\n<p><strong>Pr\u00e9f\u00e9rences de communication et examen de vos informations personnelles<\/strong><br \/>\nVous pouvez g\u00e9rer vos pr\u00e9f\u00e9rences de communication en envoyant un e-mail \u00e0 <a href=\"mailto:marketing@asipartner.com\" target=\"_blank\" rel=\"noopener\">marketing@asipartner.com<\/a> ou en envoyant une lettre \u00e0 l&rsquo;adresse postale ci-dessous. Lorsque vous nous contactez, veuillez inclure votre nom, votre adresse e-mail et les d\u00e9tails de votre demande. Par exemple, si vous souhaitez vous d\u00e9sinscrire d&rsquo;une newsletter, indiquez le nom de la newsletter. Vous pouvez \u00e9galement acc\u00e9der et mettre \u00e0 jour vos informations personnelles en envoyant un e-mail \u00e0 <a href=\"mailto:marketing@asipartner.com\">marketing@asipartner.com<\/a> ou en envoyant une lettre \u00e0 l&rsquo;adresse postale ci-dessous qui comprend votre nom, votre adresse e-mail, votre identifiant de compte et le but de la demande.<\/p>\n<p><strong>S\u00e9curit\u00e9 de vos informations personnelles<\/strong><br \/>\nASI utilise une combinaison de mesures de s\u00e9curit\u00e9 standard de l&rsquo;industrie pour prot\u00e9ger vos informations personnelles contre la perte et l&rsquo;utilisation abusive. Par exemple, nous utilisons le cryptage lors de la transmission des informations de carte de paiement sur Internet.<\/p>\n<p><strong>Confidentialit\u00e9 des enfants<\/strong><br \/>\nASI ne collecte normalement pas les informations personnelles des enfants de moins de 13 ans. Si nous le faisons, nous avons besoin d&rsquo;un consentement parental v\u00e9rifiable avant la collecte. Si nous apprenons que nous avons collect\u00e9 les informations personnelles des enfants sans le consentement des parents, nous les supprimerons de nos syst\u00e8mes.<\/p>\n<p><strong>Comment nous contacter<\/strong><br \/>\nVous pouvez contacter ASI en envoyant un e-mail \u00e0 marketing@asipartner.com ou en envoyant une lettre \u00e0 l&rsquo;adresse postale indiqu\u00e9e ci-dessous. Veuillez inclure vos informations de contact, le nom du site Web ou du service ASI et une description d\u00e9taill\u00e9e de votre demande ou de votre probl\u00e8me de confidentialit\u00e9.<\/p>\n<p>ASI Computer Technologies, Inc.<br \/>\nATTN: D\u00e9partement Marketing &#8211; Confidentialit\u00e9<br \/>\n48289 Fremont Boulevard<br \/>\nFremont, CA 94538 USA<\/p>\n<\/div><div class=\"fusion-text fusion-text-2\"><p><em>ASI se r\u00e9serve le droit de modifier ses pratiques concernant les informations recueillies aupr\u00e8s des visiteurs de ses sites Web. Si de tels changements se produisent, cette politique de confidentialit\u00e9 sera mise \u00e0 jour. Les visiteurs doivent v\u00e9rifier p\u00e9riodiquement pour confirmer les conditions alors en vigueur de cette politique. Cette politique de confidentialit\u00e9 n&rsquo;est pas destin\u00e9e \u00e0 et ne cr\u00e9e aucun droit contractuel ou l\u00e9gal pour ou au nom d&rsquo;une partie.<\/em><\/p>\n<\/div><\/div><\/div><\/div><\/div>\n","protected":false},"excerpt":{"rendered":"","protected":false},"author":5,"featured_media":0,"parent":3471,"menu_order":0,"comment_status":"closed","ping_status":"closed","template":"","meta":{"content-type":"","_monsterinsights_skip_tracking":false,"_monsterinsights_sitenote_active":false,"_monsterinsights_sitenote_note":"","_monsterinsights_sitenote_category":0,"footnotes":""},"class_list":["post-3604","page","type-page","status-publish","hentry"],"yoast_head":"<!-- This site is optimized with the Yoast SEO Premium plugin v26.3 (Yoast SEO v26.3) - https:\/\/yoast.com\/wordpress\/plugins\/seo\/ -->\n<title>Privacy Policy - ASI Montreal<\/title>\n<meta name=\"robots\" content=\"index, follow, max-snippet:-1, max-image-preview:large, max-video-preview:-1\" \/>\n<link rel=\"canonical\" href=\"https:\/\/www.asipartner.com\/montreal\/company\/privacy-policy\/\" \/>\n<meta property=\"og:locale\" content=\"fr_CA\" \/>\n<meta property=\"og:type\" content=\"article\" \/>\n<meta property=\"og:title\" content=\"Privacy Policy\" \/>\n<meta property=\"og:url\" content=\"https:\/\/www.asipartner.com\/montreal\/company\/privacy-policy\/\" \/>\n<meta property=\"og:site_name\" content=\"ASI Montreal\" \/>\n<meta property=\"article:modified_time\" content=\"2021-04-12T20:48:20+00:00\" \/>\n<meta name=\"twitter:card\" content=\"summary_large_image\" \/>\n<meta name=\"twitter:label1\" content=\"Estimation du temps de lecture\" \/>\n\t<meta name=\"twitter:data1\" content=\"5 minutes\" \/>\n<script type=\"application\/ld+json\" class=\"yoast-schema-graph\">{\"@context\":\"https:\/\/schema.org\",\"@graph\":[{\"@type\":\"WebPage\",\"@id\":\"https:\/\/www.asipartner.com\/montreal\/company\/privacy-policy\/\",\"url\":\"https:\/\/www.asipartner.com\/montreal\/company\/privacy-policy\/\",\"name\":\"Privacy Policy - ASI Montreal\",\"isPartOf\":{\"@id\":\"https:\/\/www.asipartner.com\/montreal\/#website\"},\"datePublished\":\"2020-10-29T16:52:36+00:00\",\"dateModified\":\"2021-04-12T20:48:20+00:00\",\"breadcrumb\":{\"@id\":\"https:\/\/www.asipartner.com\/montreal\/company\/privacy-policy\/#breadcrumb\"},\"inLanguage\":\"fr-CA\",\"potentialAction\":[{\"@type\":\"ReadAction\",\"target\":[\"https:\/\/www.asipartner.com\/montreal\/company\/privacy-policy\/\"]}]},{\"@type\":\"BreadcrumbList\",\"@id\":\"https:\/\/www.asipartner.com\/montreal\/company\/privacy-policy\/#breadcrumb\",\"itemListElement\":[{\"@type\":\"ListItem\",\"position\":1,\"name\":\"Home\",\"item\":\"https:\/\/www.asipartner.com\/montreal\/\"},{\"@type\":\"ListItem\",\"position\":2,\"name\":\"Company\",\"item\":\"https:\/\/www.asipartner.com\/montreal\/company\/\"},{\"@type\":\"ListItem\",\"position\":3,\"name\":\"Privacy Policy\"}]},{\"@type\":\"WebSite\",\"@id\":\"https:\/\/www.asipartner.com\/montreal\/#website\",\"url\":\"https:\/\/www.asipartner.com\/montreal\/\",\"name\":\"ASI Montreal\",\"description\":\"Just another ASI Partner Sites site\",\"potentialAction\":[{\"@type\":\"SearchAction\",\"target\":{\"@type\":\"EntryPoint\",\"urlTemplate\":\"https:\/\/www.asipartner.com\/montreal\/?s={search_term_string}\"},\"query-input\":{\"@type\":\"PropertyValueSpecification\",\"valueRequired\":true,\"valueName\":\"search_term_string\"}}],\"inLanguage\":\"fr-CA\"}]}<\/script>\n<!-- \/ Yoast SEO Premium plugin. -->","yoast_head_json":{"title":"Privacy Policy - ASI Montreal","robots":{"index":"index","follow":"follow","max-snippet":"max-snippet:-1","max-image-preview":"max-image-preview:large","max-video-preview":"max-video-preview:-1"},"canonical":"https:\/\/www.asipartner.com\/montreal\/company\/privacy-policy\/","og_locale":"fr_CA","og_type":"article","og_title":"Privacy Policy","og_url":"https:\/\/www.asipartner.com\/montreal\/company\/privacy-policy\/","og_site_name":"ASI Montreal","article_modified_time":"2021-04-12T20:48:20+00:00","twitter_card":"summary_large_image","twitter_misc":{"Estimation du temps de lecture":"5 minutes"},"schema":{"@context":"https:\/\/schema.org","@graph":[{"@type":"WebPage","@id":"https:\/\/www.asipartner.com\/montreal\/company\/privacy-policy\/","url":"https:\/\/www.asipartner.com\/montreal\/company\/privacy-policy\/","name":"Privacy Policy - ASI Montreal","isPartOf":{"@id":"https:\/\/www.asipartner.com\/montreal\/#website"},"datePublished":"2020-10-29T16:52:36+00:00","dateModified":"2021-04-12T20:48:20+00:00","breadcrumb":{"@id":"https:\/\/www.asipartner.com\/montreal\/company\/privacy-policy\/#breadcrumb"},"inLanguage":"fr-CA","potentialAction":[{"@type":"ReadAction","target":["https:\/\/www.asipartner.com\/montreal\/company\/privacy-policy\/"]}]},{"@type":"BreadcrumbList","@id":"https:\/\/www.asipartner.com\/montreal\/company\/privacy-policy\/#breadcrumb","itemListElement":[{"@type":"ListItem","position":1,"name":"Home","item":"https:\/\/www.asipartner.com\/montreal\/"},{"@type":"ListItem","position":2,"name":"Company","item":"https:\/\/www.asipartner.com\/montreal\/company\/"},{"@type":"ListItem","position":3,"name":"Privacy Policy"}]},{"@type":"WebSite","@id":"https:\/\/www.asipartner.com\/montreal\/#website","url":"https:\/\/www.asipartner.com\/montreal\/","name":"ASI Montreal","description":"Just another ASI Partner Sites site","potentialAction":[{"@type":"SearchAction","target":{"@type":"EntryPoint","urlTemplate":"https:\/\/www.asipartner.com\/montreal\/?s={search_term_string}"},"query-input":{"@type":"PropertyValueSpecification","valueRequired":true,"valueName":"search_term_string"}}],"inLanguage":"fr-CA"}]}},"_links":{"self":[{"href":"https:\/\/www.asipartner.com\/montreal\/wp-json\/wp\/v2\/pages\/3604","targetHints":{"allow":["GET"]}}],"collection":[{"href":"https:\/\/www.asipartner.com\/montreal\/wp-json\/wp\/v2\/pages"}],"about":[{"href":"https:\/\/www.asipartner.com\/montreal\/wp-json\/wp\/v2\/types\/page"}],"author":[{"embeddable":true,"href":"https:\/\/www.asipartner.com\/montreal\/wp-json\/wp\/v2\/users\/5"}],"replies":[{"embeddable":true,"href":"https:\/\/www.asipartner.com\/montreal\/wp-json\/wp\/v2\/comments?post=3604"}],"version-history":[{"count":3,"href":"https:\/\/www.asipartner.com\/montreal\/wp-json\/wp\/v2\/pages\/3604\/revisions"}],"predecessor-version":[{"id":6770,"href":"https:\/\/www.asipartner.com\/montreal\/wp-json\/wp\/v2\/pages\/3604\/revisions\/6770"}],"up":[{"embeddable":true,"href":"https:\/\/www.asipartner.com\/montreal\/wp-json\/wp\/v2\/pages\/3471"}],"wp:attachment":[{"href":"https:\/\/www.asipartner.com\/montreal\/wp-json\/wp\/v2\/media?parent=3604"}],"curies":[{"name":"wp","href":"https:\/\/api.w.org\/{rel}","templated":true}]}}