{"id":3640,"date":"2020-11-02T10:57:46","date_gmt":"2020-11-02T18:57:46","guid":{"rendered":"http:\/\/192.168.64.113\/?page_id=3640"},"modified":"2022-05-02T17:59:21","modified_gmt":"2022-05-02T17:59:21","slug":"careers","status":"publish","type":"page","link":"https:\/\/www.asipartner.com\/montreal\/company\/careers\/","title":{"rendered":"Careers"},"content":{"rendered":"<p><div class=\"fusion-fullwidth fullwidth-box fusion-builder-row-1 fusion-flex-container nonhundred-percent-fullwidth non-hundred-percent-height-scrolling\" style=\"--awb-border-radius-top-left:0px;--awb-border-radius-top-right:0px;--awb-border-radius-bottom-right:0px;--awb-border-radius-bottom-left:0px;--awb-flex-wrap:wrap;\" ><div class=\"fusion-builder-row fusion-row fusion-flex-align-items-flex-start fusion-flex-content-wrap\" style=\"max-width:1248px;margin-left: calc(-4% \/ 2 );margin-right: calc(-4% \/ 2 );\"><div class=\"fusion-layout-column fusion_builder_column fusion-builder-column-0 fusion_builder_column_1_1 1_1 fusion-flex-column\" style=\"--awb-bg-size:cover;--awb-width-large:100%;--awb-margin-top-large:0px;--awb-spacing-right-large:1.92%;--awb-margin-bottom-large:20px;--awb-spacing-left-large:1.92%;--awb-width-medium:100%;--awb-order-medium:0;--awb-spacing-right-medium:1.92%;--awb-spacing-left-medium:1.92%;--awb-width-small:100%;--awb-order-small:0;--awb-spacing-right-small:1.92%;--awb-spacing-left-small:1.92%;\"><div class=\"fusion-column-wrapper fusion-column-has-shadow fusion-flex-justify-content-flex-start fusion-content-layout-column\"><div class=\"fusion-image-element \" style=\"--awb-caption-title-font-family:var(--h2_typography-font-family);--awb-caption-title-font-weight:var(--h2_typography-font-weight);--awb-caption-title-font-style:var(--h2_typography-font-style);--awb-caption-title-size:var(--h2_typography-font-size);--awb-caption-title-transform:var(--h2_typography-text-transform);--awb-caption-title-line-height:var(--h2_typography-line-height);--awb-caption-title-letter-spacing:var(--h2_typography-letter-spacing);\"><span class=\" fusion-imageframe imageframe-none imageframe-1 hover-type-none\"><img decoding=\"async\" width=\"1200\" height=\"300\" alt=\"Banni\u00e8re de carri\u00e8re\" title=\"Banni\u00e8re de carri\u00e8re\" src=\"https:\/\/www.asipartner.com\/montreal\/wp-content\/uploads\/sites\/3\/2021\/04\/Careers-Francais.jpg\" class=\"img-responsive wp-image-6773\" srcset=\"https:\/\/www.asipartner.com\/montreal\/wp-content\/uploads\/sites\/3\/2021\/04\/Careers-Francais-200x50.jpg 200w, https:\/\/www.asipartner.com\/montreal\/wp-content\/uploads\/sites\/3\/2021\/04\/Careers-Francais-400x100.jpg 400w, https:\/\/www.asipartner.com\/montreal\/wp-content\/uploads\/sites\/3\/2021\/04\/Careers-Francais-600x150.jpg 600w, https:\/\/www.asipartner.com\/montreal\/wp-content\/uploads\/sites\/3\/2021\/04\/Careers-Francais-800x200.jpg 800w, https:\/\/www.asipartner.com\/montreal\/wp-content\/uploads\/sites\/3\/2021\/04\/Careers-Francais.jpg 1200w\" sizes=\"(max-width: 640px) 100vw, 1200px\" \/><\/span><\/div><\/div><\/div><\/div><\/div><div class=\"fusion-fullwidth fullwidth-box fusion-builder-row-2 fusion-flex-container nonhundred-percent-fullwidth non-hundred-percent-height-scrolling\" style=\"--awb-border-radius-top-left:0px;--awb-border-radius-top-right:0px;--awb-border-radius-bottom-right:0px;--awb-border-radius-bottom-left:0px;--awb-flex-wrap:wrap;\" ><div class=\"fusion-builder-row fusion-row fusion-flex-align-items-flex-start fusion-flex-content-wrap\" style=\"max-width:1248px;margin-left: calc(-4% \/ 2 );margin-right: calc(-4% \/ 2 );\"><div class=\"fusion-layout-column fusion_builder_column fusion-builder-column-1 fusion_builder_column_1_1 1_1 fusion-flex-column\" style=\"--awb-bg-size:cover;--awb-width-large:100%;--awb-margin-top-large:0px;--awb-spacing-right-large:1.92%;--awb-margin-bottom-large:0px;--awb-spacing-left-large:1.92%;--awb-width-medium:100%;--awb-spacing-right-medium:1.92%;--awb-spacing-left-medium:1.92%;--awb-width-small:100%;--awb-spacing-right-small:1.92%;--awb-spacing-left-small:1.92%;\"><div class=\"fusion-column-wrapper fusion-flex-justify-content-flex-start fusion-content-layout-column\"><div class=\"fusion-text fusion-text-1\"><h4>Votre voyage commence ici<\/h4>\n<p>Notre effectif de plus de 500 employ\u00e9s aux \u00c9tats-Unis, et bien d&rsquo;autres dans le monde, a aid\u00e9 ASI \u00e0 rester un chef de file pendant 35 ans. Pour rester un chef de file dans un secteur hautement concurrentiel, nous reconnaissons la n\u00e9cessit\u00e9 d&rsquo;obtenir et de retenir de bons talents. La cl\u00e9 du succ\u00e8s pour toute entreprise r\u00e9side dans la force de ses employ\u00e9s. Que vous soyez d\u00e9butant ou professionnel exp\u00e9riment\u00e9, nous pensons que vous appr\u00e9cierez de faire partie de notre \u00e9quipe.<\/p>\n<p>Chez ASI, nous nous engageons \u00e0 offrir un lieu de travail et une exp\u00e9rience passionnants, stimulants et enrichissants. Si vous avez le d\u00e9sir d&rsquo;apprendre, de grandir et de proposer de nouvelles id\u00e9es innovantes, ASI est la bonne entreprise pour vous.<\/p>\n<p>Nous recherchons continuellement des personnes exceptionnelles qui fa\u00e7onneront notre avenir et b\u00e9n\u00e9ficieront des avantages d&rsquo;une croissance continue. Nous soutenons la diversit\u00e9 dans notre culture d&rsquo;entreprise et proposons un ensemble d&rsquo;avantages sociaux comp\u00e9titifs.<\/p>\n<p><strong>Nos valeurs:<\/strong><\/p>\n<p>Nous visons l&rsquo;excellence dans nos performances, le d\u00e9veloppement de relations \u00e0 long terme bas\u00e9es sur la confiance et nos valeurs fondamentales de collaboration, d&rsquo;int\u00e9grit\u00e9 et de leadership.<\/p>\n<ul>\n<li>Collaboration: Travailler avec les autres dans une qu\u00eate collective d&rsquo;excellence.<\/li>\n<li>Int\u00e9grit\u00e9: Agissez avec honn\u00eatet\u00e9, responsabilit\u00e9 et respect envers les autres en tout temps.<\/li>\n<li>Leadership: Visualisant l&rsquo;avenir et misant sur le service, l&rsquo;excellence et la comp\u00e9titivit\u00e9 ancr\u00e9s dans notre quotidien, nos valeurs guident nos actions et servent de cadre \u00e0 nos d\u00e9cisions et actions.<\/li>\n<\/ul>\n<p>Notre engagement envers le d\u00e9veloppement des employ\u00e9s est multiforme; nous travaillons pour encourager nos collaborateurs \u00e0 \u00e9voluer \u00e0 chaque \u00e9tape de leur carri\u00e8re professionnelle.<\/p>\n<p><strong>D\u00e9couvrez les opportunit\u00e9s qui vous attendent chez ASI.<\/strong><\/p>\n<p>To search openings and apply for jobs, please check out our current openings.<br \/>\n<span style=\"color: var(--body_typography-color);font-family: var(--body_typography-font-family);font-size: var(--body_typography-font-size);font-weight: var(--body_typography-font-weight);letter-spacing: var(--body_typography-letter-spacing)\"><a href=\"https:\/\/www.asipartner.com\/montreal\/company\/careers\/job-opening-sales-assistant-to\/\">Assistant aux ventes Toronto<\/a><br \/>\n<\/span><span style=\"color: var(--body_typography-color);font-family: var(--body_typography-font-family);font-size: var(--body_typography-font-size);font-weight: var(--body_typography-font-weight);letter-spacing: var(--body_typography-letter-spacing)\"><a href=\"https:\/\/www.asipartner.com\/montreal\/company\/careers\/job-opening-sales-assistant-mo\/\">Assistant aux ventes Montreal<\/a><\/span><\/p>\n<p><strong>Egalit\u00e9 des chances pour l&#8217;emploi<\/strong><\/p>\n<p>ASI s&rsquo;engage envers la communaut\u00e9 et respecte les lois f\u00e9d\u00e9rales et \u00e9tatiques interdisant la discrimination \u00e0 l&#8217;emploi fond\u00e9e sur la race, la couleur, l&rsquo;origine nationale, l&rsquo;\u00e2ge, le sexe, les pr\u00e9f\u00e9rences sexuelles, la religion, le handicap ou le service militaire.<\/p>\n<\/div><div class=\"fusion-text fusion-text-2\"><p>Si vous n\u2019avez pas trouv\u00e9 d\u2019ouverture correspondant \u00e0 vos ant\u00e9c\u00e9dents et que vous souhaitez tout de m\u00eame nous envoyer votre CV pour examen ult\u00e9rieur, veuillez l\u2019envoyer \u00e0 <a href=\"mailto:jobs@asipartner.com?subject=Job%20Inquiry%20from%20ASI%20Website\">jobs@asipartner.com<\/a>.<\/p>\n<\/div><\/div><\/div><\/div><\/div><\/p>\n","protected":false},"excerpt":{"rendered":"","protected":false},"author":5,"featured_media":0,"parent":3471,"menu_order":0,"comment_status":"closed","ping_status":"closed","template":"","meta":{"content-type":"","_monsterinsights_skip_tracking":false,"_monsterinsights_sitenote_active":false,"_monsterinsights_sitenote_note":"","_monsterinsights_sitenote_category":0,"footnotes":""},"class_list":["post-3640","page","type-page","status-publish","hentry"],"yoast_head":"<!-- This site is optimized with the Yoast SEO Premium plugin v26.3 (Yoast SEO v26.3) - https:\/\/yoast.com\/wordpress\/plugins\/seo\/ -->\n<title>Careers - ASI Montreal<\/title>\n<meta name=\"robots\" content=\"index, follow, max-snippet:-1, max-image-preview:large, max-video-preview:-1\" \/>\n<link rel=\"canonical\" href=\"https:\/\/www.asipartner.com\/montreal\/company\/careers\/\" \/>\n<meta property=\"og:locale\" content=\"fr_CA\" \/>\n<meta property=\"og:type\" content=\"article\" \/>\n<meta property=\"og:title\" content=\"Careers\" \/>\n<meta property=\"og:url\" content=\"https:\/\/www.asipartner.com\/montreal\/company\/careers\/\" \/>\n<meta property=\"og:site_name\" content=\"ASI Montreal\" \/>\n<meta property=\"article:modified_time\" content=\"2022-05-02T17:59:21+00:00\" \/>\n<meta name=\"twitter:card\" content=\"summary_large_image\" \/>\n<meta name=\"twitter:label1\" content=\"Estimation du temps de lecture\" \/>\n\t<meta name=\"twitter:data1\" content=\"3 minutes\" \/>\n<script type=\"application\/ld+json\" class=\"yoast-schema-graph\">{\"@context\":\"https:\/\/schema.org\",\"@graph\":[{\"@type\":\"WebPage\",\"@id\":\"https:\/\/www.asipartner.com\/montreal\/company\/careers\/\",\"url\":\"https:\/\/www.asipartner.com\/montreal\/company\/careers\/\",\"name\":\"Careers - ASI Montreal\",\"isPartOf\":{\"@id\":\"https:\/\/www.asipartner.com\/montreal\/#website\"},\"datePublished\":\"2020-11-02T18:57:46+00:00\",\"dateModified\":\"2022-05-02T17:59:21+00:00\",\"breadcrumb\":{\"@id\":\"https:\/\/www.asipartner.com\/montreal\/company\/careers\/#breadcrumb\"},\"inLanguage\":\"fr-CA\",\"potentialAction\":[{\"@type\":\"ReadAction\",\"target\":[\"https:\/\/www.asipartner.com\/montreal\/company\/careers\/\"]}]},{\"@type\":\"BreadcrumbList\",\"@id\":\"https:\/\/www.asipartner.com\/montreal\/company\/careers\/#breadcrumb\",\"itemListElement\":[{\"@type\":\"ListItem\",\"position\":1,\"name\":\"Home\",\"item\":\"https:\/\/www.asipartner.com\/montreal\/\"},{\"@type\":\"ListItem\",\"position\":2,\"name\":\"Company\",\"item\":\"https:\/\/www.asipartner.com\/montreal\/company\/\"},{\"@type\":\"ListItem\",\"position\":3,\"name\":\"Careers\"}]},{\"@type\":\"WebSite\",\"@id\":\"https:\/\/www.asipartner.com\/montreal\/#website\",\"url\":\"https:\/\/www.asipartner.com\/montreal\/\",\"name\":\"ASI Montreal\",\"description\":\"Just another ASI Partner Sites site\",\"potentialAction\":[{\"@type\":\"SearchAction\",\"target\":{\"@type\":\"EntryPoint\",\"urlTemplate\":\"https:\/\/www.asipartner.com\/montreal\/?s={search_term_string}\"},\"query-input\":{\"@type\":\"PropertyValueSpecification\",\"valueRequired\":true,\"valueName\":\"search_term_string\"}}],\"inLanguage\":\"fr-CA\"}]}<\/script>\n<!-- \/ Yoast SEO Premium plugin. -->","yoast_head_json":{"title":"Careers - ASI Montreal","robots":{"index":"index","follow":"follow","max-snippet":"max-snippet:-1","max-image-preview":"max-image-preview:large","max-video-preview":"max-video-preview:-1"},"canonical":"https:\/\/www.asipartner.com\/montreal\/company\/careers\/","og_locale":"fr_CA","og_type":"article","og_title":"Careers","og_url":"https:\/\/www.asipartner.com\/montreal\/company\/careers\/","og_site_name":"ASI Montreal","article_modified_time":"2022-05-02T17:59:21+00:00","twitter_card":"summary_large_image","twitter_misc":{"Estimation du temps de lecture":"3 minutes"},"schema":{"@context":"https:\/\/schema.org","@graph":[{"@type":"WebPage","@id":"https:\/\/www.asipartner.com\/montreal\/company\/careers\/","url":"https:\/\/www.asipartner.com\/montreal\/company\/careers\/","name":"Careers - ASI Montreal","isPartOf":{"@id":"https:\/\/www.asipartner.com\/montreal\/#website"},"datePublished":"2020-11-02T18:57:46+00:00","dateModified":"2022-05-02T17:59:21+00:00","breadcrumb":{"@id":"https:\/\/www.asipartner.com\/montreal\/company\/careers\/#breadcrumb"},"inLanguage":"fr-CA","potentialAction":[{"@type":"ReadAction","target":["https:\/\/www.asipartner.com\/montreal\/company\/careers\/"]}]},{"@type":"BreadcrumbList","@id":"https:\/\/www.asipartner.com\/montreal\/company\/careers\/#breadcrumb","itemListElement":[{"@type":"ListItem","position":1,"name":"Home","item":"https:\/\/www.asipartner.com\/montreal\/"},{"@type":"ListItem","position":2,"name":"Company","item":"https:\/\/www.asipartner.com\/montreal\/company\/"},{"@type":"ListItem","position":3,"name":"Careers"}]},{"@type":"WebSite","@id":"https:\/\/www.asipartner.com\/montreal\/#website","url":"https:\/\/www.asipartner.com\/montreal\/","name":"ASI Montreal","description":"Just another ASI Partner Sites site","potentialAction":[{"@type":"SearchAction","target":{"@type":"EntryPoint","urlTemplate":"https:\/\/www.asipartner.com\/montreal\/?s={search_term_string}"},"query-input":{"@type":"PropertyValueSpecification","valueRequired":true,"valueName":"search_term_string"}}],"inLanguage":"fr-CA"}]}},"_links":{"self":[{"href":"https:\/\/www.asipartner.com\/montreal\/wp-json\/wp\/v2\/pages\/3640","targetHints":{"allow":["GET"]}}],"collection":[{"href":"https:\/\/www.asipartner.com\/montreal\/wp-json\/wp\/v2\/pages"}],"about":[{"href":"https:\/\/www.asipartner.com\/montreal\/wp-json\/wp\/v2\/types\/page"}],"author":[{"embeddable":true,"href":"https:\/\/www.asipartner.com\/montreal\/wp-json\/wp\/v2\/users\/5"}],"replies":[{"embeddable":true,"href":"https:\/\/www.asipartner.com\/montreal\/wp-json\/wp\/v2\/comments?post=3640"}],"version-history":[{"count":6,"href":"https:\/\/www.asipartner.com\/montreal\/wp-json\/wp\/v2\/pages\/3640\/revisions"}],"predecessor-version":[{"id":7025,"href":"https:\/\/www.asipartner.com\/montreal\/wp-json\/wp\/v2\/pages\/3640\/revisions\/7025"}],"up":[{"embeddable":true,"href":"https:\/\/www.asipartner.com\/montreal\/wp-json\/wp\/v2\/pages\/3471"}],"wp:attachment":[{"href":"https:\/\/www.asipartner.com\/montreal\/wp-json\/wp\/v2\/media?parent=3640"}],"curies":[{"name":"wp","href":"https:\/\/api.w.org\/{rel}","templated":true}]}}