{"id":3739,"date":"2020-12-02T11:16:40","date_gmt":"2020-12-02T19:16:40","guid":{"rendered":"http:\/\/192.168.64.113\/?page_id=3739"},"modified":"2023-08-11T19:31:40","modified_gmt":"2023-08-11T19:31:40","slug":"why-asi","status":"publish","type":"page","link":"https:\/\/www.asipartner.com\/montreal\/company\/why-asi\/","title":{"rendered":"Why ASI"},"content":{"rendered":"<p><div class=\"fusion-fullwidth fullwidth-box fusion-builder-row-1 fusion-flex-container nonhundred-percent-fullwidth non-hundred-percent-height-scrolling\" style=\"--awb-border-radius-top-left:0px;--awb-border-radius-top-right:0px;--awb-border-radius-bottom-right:0px;--awb-border-radius-bottom-left:0px;--awb-flex-wrap:wrap;\" ><div class=\"fusion-builder-row fusion-row fusion-flex-align-items-flex-start fusion-flex-content-wrap\" style=\"max-width:1248px;margin-left: calc(-4% \/ 2 );margin-right: calc(-4% \/ 2 );\"><div class=\"fusion-layout-column fusion_builder_column fusion-builder-column-0 fusion_builder_column_1_1 1_1 fusion-flex-column\" style=\"--awb-bg-size:cover;--awb-width-large:100%;--awb-margin-top-large:0px;--awb-spacing-right-large:1.92%;--awb-margin-bottom-large:20px;--awb-spacing-left-large:1.92%;--awb-width-medium:100%;--awb-order-medium:0;--awb-spacing-right-medium:1.92%;--awb-spacing-left-medium:1.92%;--awb-width-small:100%;--awb-order-small:0;--awb-spacing-right-small:1.92%;--awb-spacing-left-small:1.92%;\"><div class=\"fusion-column-wrapper fusion-column-has-shadow fusion-flex-justify-content-flex-start fusion-content-layout-column\"><div class=\"fusion-image-element \" style=\"--awb-caption-title-font-family:var(--h2_typography-font-family);--awb-caption-title-font-weight:var(--h2_typography-font-weight);--awb-caption-title-font-style:var(--h2_typography-font-style);--awb-caption-title-size:var(--h2_typography-font-size);--awb-caption-title-transform:var(--h2_typography-text-transform);--awb-caption-title-line-height:var(--h2_typography-line-height);--awb-caption-title-letter-spacing:var(--h2_typography-letter-spacing);\"><span class=\" fusion-imageframe imageframe-none imageframe-1 hover-type-none\"><img decoding=\"async\" width=\"1200\" height=\"300\" alt=\"Pourquoi ASI Banner\" title=\"Pourquoi ASI Banner\" src=\"https:\/\/www.asipartner.com\/montreal\/wp-content\/uploads\/sites\/3\/2021\/04\/Why-ASI-Francais.jpg\" class=\"img-responsive wp-image-6777\" srcset=\"https:\/\/www.asipartner.com\/montreal\/wp-content\/uploads\/sites\/3\/2021\/04\/Why-ASI-Francais-200x50.jpg 200w, https:\/\/www.asipartner.com\/montreal\/wp-content\/uploads\/sites\/3\/2021\/04\/Why-ASI-Francais-400x100.jpg 400w, https:\/\/www.asipartner.com\/montreal\/wp-content\/uploads\/sites\/3\/2021\/04\/Why-ASI-Francais-600x150.jpg 600w, https:\/\/www.asipartner.com\/montreal\/wp-content\/uploads\/sites\/3\/2021\/04\/Why-ASI-Francais-800x200.jpg 800w, https:\/\/www.asipartner.com\/montreal\/wp-content\/uploads\/sites\/3\/2021\/04\/Why-ASI-Francais.jpg 1200w\" sizes=\"(max-width: 640px) 100vw, 1200px\" \/><\/span><\/div><\/div><\/div><\/div><\/div><div class=\"fusion-fullwidth fullwidth-box fusion-builder-row-2 fusion-flex-container nonhundred-percent-fullwidth non-hundred-percent-height-scrolling\" style=\"--awb-border-radius-top-left:0px;--awb-border-radius-top-right:0px;--awb-border-radius-bottom-right:0px;--awb-border-radius-bottom-left:0px;--awb-flex-wrap:wrap;\" ><div class=\"fusion-builder-row fusion-row fusion-flex-align-items-flex-start fusion-flex-content-wrap\" style=\"max-width:1248px;margin-left: calc(-4% \/ 2 );margin-right: calc(-4% \/ 2 );\"><div class=\"fusion-layout-column fusion_builder_column fusion-builder-column-1 fusion_builder_column_1_1 1_1 fusion-flex-column\" style=\"--awb-bg-size:cover;--awb-width-large:100%;--awb-margin-top-large:0px;--awb-spacing-right-large:1.92%;--awb-margin-bottom-large:20px;--awb-spacing-left-large:1.92%;--awb-width-medium:100%;--awb-order-medium:0;--awb-spacing-right-medium:1.92%;--awb-spacing-left-medium:1.92%;--awb-width-small:100%;--awb-order-small:0;--awb-spacing-right-small:1.92%;--awb-spacing-left-small:1.92%;\"><div class=\"fusion-column-wrapper fusion-column-has-shadow fusion-flex-justify-content-flex-start fusion-content-layout-column\"><div class=\"fusion-text fusion-text-1\"><h4>Pourquoi ASI<\/h4>\n<p>Dans le march\u00e9 concurrentiel d\u2019aujourd\u2019hui, la s\u00e9lection d\u2019un partenaire de distribution est une d\u00e9cision importante. Avec 35 ans d&rsquo;exp\u00e9rience dans le secteur de la distribution de haute technologie, ASI a fait ses preuves en mati\u00e8re de fiabilit\u00e9 et de performance avec plus de 10 000 clients fid\u00e8les. Cela donne \u00e0 ASI une compr\u00e9hension unique du march\u00e9, ce qui nous permet de travailler en \u00e9troite collaboration avec nos partenaires pour les aider \u00e0 renforcer leur entreprise en cr\u00e9ant plus de valeur, en contr\u00f4lant les co\u00fbts et en r\u00e9duisant les d\u00e9lais de mise sur le march\u00e9. En tant que principal distributeur de produits et services informatiques avec 10 sites aux \u00c9tats-Unis et au Canada, ASI aide les entreprises informatiques de toutes tailles \u00e0 \u00eatre plus comp\u00e9titives. Nous pouvons faire la meme chose pour vous.<\/p>\n<p><b>ASI offre un large \u00e9ventail d&rsquo;avantages que peu de ressources peuvent \u00e9galer.<\/b><\/p>\n<ul>\n<li><b>La strat\u00e9gie de produit: <\/b>ASI prend en charge une strat\u00e9gie \u00e0 plusieurs niveaux fournissant \u00e0 nos clients des composants qui servent les march\u00e9s verticaux de marque priv\u00e9e et sp\u00e9cialement con\u00e7us \u00e0 cet effet, ainsi que des syst\u00e8mes enti\u00e8rement de marque pour les clients qui cherchent \u00e0 tirer parti d&rsquo;une solution multinationale.<\/li>\n<li><b>Relations avec les fournisseurs:<\/b> En tant que distributeur agr\u00e9\u00e9, ASI entretient des partenariats strat\u00e9giques avec les principales marques du secteur, notamment Intel, Western Digital, ASUS, NVIDIA, MSI, Samsung, Supermicro, Micron, AMD, Viewsonic et plus encore.<\/li>\n<li><strong>Experts des canaux PME:<\/strong> avec une large s\u00e9lection de plus de 10000 SKU, ASI prend en charge un large \u00e9ventail de revendeurs, de ceux qui ciblent des segments de march\u00e9 sp\u00e9cifiques tels que les PME, l&rsquo;\u00e9ducation et la sant\u00e9 \u00e0 ceux qui fournissent des solutions verticales pour les centres de donn\u00e9es, le cloud computing, la signalisation num\u00e9rique , Surveillance de s\u00e9curit\u00e9, stockage, HPC et plus encore.<\/li>\n<li><strong>Support technique:<\/strong> Partout en Am\u00e9rique du Nord, ASI dispose d&rsquo;un personnel de support technique hautement qualifi\u00e9 et exp\u00e9riment\u00e9 qui excelle \u00e0 vous aider \u00e0 \u00e9viter les probl\u00e8mes et \u00e0 r\u00e9soudre les probl\u00e8mes lorsqu&rsquo;ils surviennent, offrant \u00e0 nos revendeurs un support avant et apr\u00e8s-vente in\u00e9gal\u00e9.<\/li>\n<li><strong>\u00c9quipe de vente form\u00e9e \u00e0 la technologie:<\/strong> ASI est s\u00e9rieuse sur l&rsquo;importance de la formation non seulement pour nos clients, mais aussi pour nos \u00e9quipes de vente. Nous comprenons que des gestionnaires de compte comp\u00e9tents sont un atout majeur pour nos clients. Nous travaillons donc en \u00e9troite collaboration avec nos fournisseurs pour fournir des sessions de formation quotidiennes \u00e0 jour \u00e0 notre personnel de vente afin de s&rsquo;assurer qu&rsquo;ils maintiennent leur expertise sur les derni\u00e8res technologies et les tendances du march\u00e9.<\/li>\n<li><strong>Gestionnaire de compte d\u00e9di\u00e9:<\/strong> si vous recherchez un \u00abconseiller de confiance\u00bb, vous avez besoin d&rsquo;un responsable de compte qui conna\u00eet votre entreprise. ASI comprend l&rsquo;importance d&rsquo;avoir un gestionnaire de compte d\u00e9di\u00e9 responsable de chaque client. Plus notre vendeur peut avoir de connaissances sur les sp\u00e9cificit\u00e9s de son client, mieux il peut aider \u00e0 sugg\u00e9rer des produits et des opportunit\u00e9s qui correspondent aux comp\u00e9tences de base des revendeurs.<\/li>\n<li><strong>Int\u00e9gration de syst\u00e8me:<\/strong> Avec plus de 30 ans d&rsquo;exp\u00e9rience dans l&rsquo;int\u00e9gration de syst\u00e8mes personnalis\u00e9s, ASI donne \u00e0 nos clients l&rsquo;acc\u00e8s \u00e0 une vari\u00e9t\u00e9 de services \u00e0 valeur ajout\u00e9e qui vont de l&rsquo;int\u00e9gration de PC de classe client ainsi que de serveurs d&rsquo;entreprise, \u00e0 l&#8217;emballage, \u00e0 la fin continue -support utilisateur et gestion de la cha\u00eene d&rsquo;approvisionnement<\/li>\n<li><strong>Financement:<\/strong> ASI propose des options de financement flexibles pour les revendeurs qualifi\u00e9s, ainsi que des programmes de r\u00e9duction du gouvernement \/ de l&rsquo;\u00e9ducation qui aident \u00e0 am\u00e9liorer les flux de tr\u00e9sorerie. En outre, les clients ASI ont \u00e9galement acc\u00e8s \u00e0 des remises et des incitations sp\u00e9ciales qui sont sp\u00e9cifiquement n\u00e9goci\u00e9es pour nos clients.<\/li>\n<li><strong>\u00c9duquer la cha\u00eene:<\/strong> se tenir au courant des derni\u00e8res tendances du secteur est un avantage concurrentiel essentiel, en particulier dans le secteur de la haute technologie au rythme rapide. ASI investit massivement dans ce domaine en fournissant \u00e0 ses clients une vari\u00e9t\u00e9 d&rsquo;outils \u00e9ducatifs, y compris des s\u00e9minaires r\u00e9gionaux, des web\u00e9missions nationales, des tourn\u00e9es technologiques en direct et des vid\u00e9os en ligne qui vous tiennent au courant des nouvelles technologies, des opportunit\u00e9s \u00e9mergentes et des strat\u00e9gies pour vous aider \u00e0 augmenter vos r\u00e9sultats.<\/li>\n<\/ul>\n<\/div><\/div><\/div><\/div><\/div><div class=\"fusion-fullwidth fullwidth-box fusion-builder-row-3 fusion-flex-container nonhundred-percent-fullwidth non-hundred-percent-height-scrolling\" style=\"--awb-border-radius-top-left:0px;--awb-border-radius-top-right:0px;--awb-border-radius-bottom-right:0px;--awb-border-radius-bottom-left:0px;--awb-flex-wrap:wrap;\" ><div class=\"fusion-builder-row fusion-row fusion-flex-align-items-flex-start fusion-flex-content-wrap\" style=\"max-width:1248px;margin-left: calc(-4% \/ 2 );margin-right: calc(-4% \/ 2 );\"><div class=\"fusion-layout-column fusion_builder_column fusion-builder-column-2 fusion_builder_column_1_1 1_1 fusion-flex-column\" style=\"--awb-bg-size:cover;--awb-width-large:100%;--awb-margin-top-large:0px;--awb-spacing-right-large:1.92%;--awb-margin-bottom-large:20px;--awb-spacing-left-large:1.92%;--awb-width-medium:100%;--awb-order-medium:0;--awb-spacing-right-medium:1.92%;--awb-spacing-left-medium:1.92%;--awb-width-small:100%;--awb-order-small:0;--awb-spacing-right-small:1.92%;--awb-spacing-left-small:1.92%;\"><div class=\"fusion-column-wrapper fusion-column-has-shadow fusion-flex-justify-content-flex-start fusion-content-layout-column\"><div class=\"fusion-text fusion-text-2\"><h4>Pourquoi Financement client ASI<\/h4>\n<p>Le degr\u00e9 de contr\u00f4le que vous maintenez sur vos flux de tr\u00e9sorerie a un impact profond sur votre capacit\u00e9 \u00e0 g\u00e9rer, planifier, rivaliser et cro\u00eetre. Chez ASI, nous nous engageons \u00e0 faire ce que nous pouvons pour aider nos clients \u00e0 r\u00e9ussir en leur donnant acc\u00e8s \u00e0 des programmes de financement qui leur donnent la flexibilit\u00e9 dont ils ont besoin pour d\u00e9velopper leurs activit\u00e9s.<\/p>\n<p>\u00c0 premi\u00e8re vue, il peut sembler qu&rsquo;il n&rsquo;y a gu\u00e8re de diff\u00e9rence entre une source de cr\u00e9dit et une autre. Mais ASI offre des avantages suppl\u00e9mentaires qui nous distinguent de nos concurrents, notamment:<\/p>\n<ul>\n<li><strong>Connaissance de votre entreprise.<\/strong>Avec une base de clients de plus de 10 000 VAR, int\u00e9grateurs de syst\u00e8mes, OEM et d\u00e9taillants, nous sommes habitu\u00e9s \u00e0 travailler avec des entreprises de pratiquement toutes les tailles. Cela nous permet de recommander des conditions de financement et des solutions innovantes parfaitement adapt\u00e9es \u00e0 votre situation actuelle.<\/li>\n<li><strong>Service r\u00e9actif. <\/strong>ASI a une solide philosophie d&rsquo;engagement, c&rsquo;est pourquoi nous maintenons un personnel de cr\u00e9dit pour soutenir nos clients locaux. Cela signifie que lorsque vous avez des questions sur le cr\u00e9dit ou le financement, il y a quelqu&rsquo;un \u00e0 proximit\u00e9 qui se concentre sur vous et votre r\u00e9gion.<\/li>\n<li><strong>G\u00e9rance financi\u00e8re. <\/strong>Au cours des 30 derni\u00e8res ann\u00e9es, nous sommes devenus des experts pour faire correspondre nos clients aux types de conditions et de programmes qui correspondent le mieux \u00e0 leur activit\u00e9. Par cons\u00e9quent, nous pouvons vous aider \u00e0 trouver des solutions qui vous permettront d\u2019obtenir les produits dont vous avez besoin aujourd\u2019hui, avec des conditions qui n\u2019entraveront pas les performances de votre entreprise \u00e0 l\u2019avenir.<\/li>\n<\/ul>\n<p>Si l&rsquo;acc\u00e8s \u00e0 un financement responsable et raisonnable est important pour votre entreprise, vous trouverez chez ASI un partenaire sur lequel vous pouvez compter.<\/p>\n<\/div><\/div><\/div><\/div><\/div><div class=\"fusion-fullwidth fullwidth-box fusion-builder-row-4 fusion-flex-container nonhundred-percent-fullwidth non-hundred-percent-height-scrolling\" style=\"--awb-border-radius-top-left:0px;--awb-border-radius-top-right:0px;--awb-border-radius-bottom-right:0px;--awb-border-radius-bottom-left:0px;--awb-flex-wrap:wrap;\" ><div class=\"fusion-builder-row fusion-row fusion-flex-align-items-flex-start fusion-flex-content-wrap\" style=\"max-width:1248px;margin-left: calc(-4% \/ 2 );margin-right: calc(-4% \/ 2 );\"><div class=\"fusion-layout-column fusion_builder_column fusion-builder-column-3 fusion_builder_column_1_1 1_1 fusion-flex-column\" style=\"--awb-bg-size:cover;--awb-width-large:100%;--awb-margin-top-large:0px;--awb-spacing-right-large:1.92%;--awb-margin-bottom-large:20px;--awb-spacing-left-large:1.92%;--awb-width-medium:100%;--awb-order-medium:0;--awb-spacing-right-medium:1.92%;--awb-spacing-left-medium:1.92%;--awb-width-small:100%;--awb-order-small:0;--awb-spacing-right-small:1.92%;--awb-spacing-left-small:1.92%;\"><div class=\"fusion-column-wrapper fusion-column-has-shadow fusion-flex-justify-content-flex-start fusion-content-layout-column\"><div class=\"fusion-text fusion-text-3\"><h4>Solutions ASI<\/h4>\n<p>Au fil des ans, nous avons \u00e9largi notre gamme de produits pour soutenir une strat\u00e9gie \u00e0 plusieurs niveaux fournissant \u00e0 nos clients des composants qui servent les march\u00e9s verticaux de marque priv\u00e9e et sp\u00e9cialement con\u00e7us, ainsi que des syst\u00e8mes enti\u00e8rement de marque pour les clients qui cherchent \u00e0 tirer parti d&rsquo;une solution multinationale. ASI se concentre sur les produits et solutions qui s&rsquo;int\u00e8grent dans les segments de la plate-forme Enterprise Server, Cloud Computing, AI, Data Center, Stockage, Business Compute, Gaming PC, Digital Signage, IOT et Notebook avec un accent particulier mis sur la carte m\u00e8re du syst\u00e8me, la base de notre cycle de vente.<\/p>\n<p>En outre, nous soutenons notre offre de produits compl\u00e8te avec une gamme de services \u00e0 valeur ajout\u00e9e qui vont de l&rsquo;int\u00e9gration certifi\u00e9e ISO 9001, \u00e0 la conception de syst\u00e8mes et \u00e0 la validation de processus, au kit, \u00e0 l&rsquo;\u00e9tiquetage priv\u00e9, \u00e0 l&#8217;emballage personnalis\u00e9 et plus encore. Pour les clients qui ont besoin de serveurs sp\u00e9cialis\u00e9s pour les centres de donn\u00e9es, l&rsquo;IA, les serveurs GPU et les applications cloud, ASI propose des services d&rsquo;int\u00e9gration via notre division ACT qui fournit une int\u00e9gration personnalis\u00e9e, une conception personnalis\u00e9e, une validation cl\u00e9 en main, des tests de rack et une s\u00e9rialisation, ainsi que des journaux d&rsquo;enregistrement pour la standardisation de la construction au fil du temps .<\/p>\n<\/div><\/div><\/div><\/div><\/div><\/p>\n","protected":false},"excerpt":{"rendered":"","protected":false},"author":5,"featured_media":0,"parent":3471,"menu_order":0,"comment_status":"closed","ping_status":"closed","template":"","meta":{"content-type":"","_monsterinsights_skip_tracking":false,"_monsterinsights_sitenote_active":false,"_monsterinsights_sitenote_note":"","_monsterinsights_sitenote_category":0,"footnotes":""},"class_list":["post-3739","page","type-page","status-publish","hentry"],"yoast_head":"<!-- This site is optimized with the Yoast SEO Premium plugin v26.3 (Yoast SEO v26.3) - https:\/\/yoast.com\/wordpress\/plugins\/seo\/ -->\n<title>Why ASI - ASI Montreal<\/title>\n<meta name=\"robots\" content=\"index, follow, max-snippet:-1, max-image-preview:large, max-video-preview:-1\" \/>\n<link rel=\"canonical\" href=\"https:\/\/www.asipartner.com\/montreal\/company\/why-asi\/\" \/>\n<meta property=\"og:locale\" content=\"fr_CA\" \/>\n<meta property=\"og:type\" content=\"article\" \/>\n<meta property=\"og:title\" content=\"Why ASI\" \/>\n<meta property=\"og:url\" content=\"https:\/\/www.asipartner.com\/montreal\/company\/why-asi\/\" \/>\n<meta property=\"og:site_name\" content=\"ASI Montreal\" \/>\n<meta property=\"article:modified_time\" content=\"2023-08-11T19:31:40+00:00\" \/>\n<meta name=\"twitter:card\" content=\"summary_large_image\" \/>\n<meta name=\"twitter:label1\" content=\"Estimation du temps de lecture\" \/>\n\t<meta name=\"twitter:data1\" content=\"11 minutes\" \/>\n<script type=\"application\/ld+json\" class=\"yoast-schema-graph\">{\"@context\":\"https:\/\/schema.org\",\"@graph\":[{\"@type\":\"WebPage\",\"@id\":\"https:\/\/www.asipartner.com\/montreal\/company\/why-asi\/\",\"url\":\"https:\/\/www.asipartner.com\/montreal\/company\/why-asi\/\",\"name\":\"Why ASI - ASI Montreal\",\"isPartOf\":{\"@id\":\"https:\/\/www.asipartner.com\/montreal\/#website\"},\"datePublished\":\"2020-12-02T19:16:40+00:00\",\"dateModified\":\"2023-08-11T19:31:40+00:00\",\"breadcrumb\":{\"@id\":\"https:\/\/www.asipartner.com\/montreal\/company\/why-asi\/#breadcrumb\"},\"inLanguage\":\"fr-CA\",\"potentialAction\":[{\"@type\":\"ReadAction\",\"target\":[\"https:\/\/www.asipartner.com\/montreal\/company\/why-asi\/\"]}]},{\"@type\":\"BreadcrumbList\",\"@id\":\"https:\/\/www.asipartner.com\/montreal\/company\/why-asi\/#breadcrumb\",\"itemListElement\":[{\"@type\":\"ListItem\",\"position\":1,\"name\":\"Home\",\"item\":\"https:\/\/www.asipartner.com\/montreal\/\"},{\"@type\":\"ListItem\",\"position\":2,\"name\":\"Company\",\"item\":\"https:\/\/www.asipartner.com\/montreal\/company\/\"},{\"@type\":\"ListItem\",\"position\":3,\"name\":\"Why ASI\"}]},{\"@type\":\"WebSite\",\"@id\":\"https:\/\/www.asipartner.com\/montreal\/#website\",\"url\":\"https:\/\/www.asipartner.com\/montreal\/\",\"name\":\"ASI Montreal\",\"description\":\"Just another ASI Partner Sites site\",\"potentialAction\":[{\"@type\":\"SearchAction\",\"target\":{\"@type\":\"EntryPoint\",\"urlTemplate\":\"https:\/\/www.asipartner.com\/montreal\/?s={search_term_string}\"},\"query-input\":{\"@type\":\"PropertyValueSpecification\",\"valueRequired\":true,\"valueName\":\"search_term_string\"}}],\"inLanguage\":\"fr-CA\"}]}<\/script>\n<!-- \/ Yoast SEO Premium plugin. -->","yoast_head_json":{"title":"Why ASI - ASI Montreal","robots":{"index":"index","follow":"follow","max-snippet":"max-snippet:-1","max-image-preview":"max-image-preview:large","max-video-preview":"max-video-preview:-1"},"canonical":"https:\/\/www.asipartner.com\/montreal\/company\/why-asi\/","og_locale":"fr_CA","og_type":"article","og_title":"Why ASI","og_url":"https:\/\/www.asipartner.com\/montreal\/company\/why-asi\/","og_site_name":"ASI Montreal","article_modified_time":"2023-08-11T19:31:40+00:00","twitter_card":"summary_large_image","twitter_misc":{"Estimation du temps de lecture":"11 minutes"},"schema":{"@context":"https:\/\/schema.org","@graph":[{"@type":"WebPage","@id":"https:\/\/www.asipartner.com\/montreal\/company\/why-asi\/","url":"https:\/\/www.asipartner.com\/montreal\/company\/why-asi\/","name":"Why ASI - ASI Montreal","isPartOf":{"@id":"https:\/\/www.asipartner.com\/montreal\/#website"},"datePublished":"2020-12-02T19:16:40+00:00","dateModified":"2023-08-11T19:31:40+00:00","breadcrumb":{"@id":"https:\/\/www.asipartner.com\/montreal\/company\/why-asi\/#breadcrumb"},"inLanguage":"fr-CA","potentialAction":[{"@type":"ReadAction","target":["https:\/\/www.asipartner.com\/montreal\/company\/why-asi\/"]}]},{"@type":"BreadcrumbList","@id":"https:\/\/www.asipartner.com\/montreal\/company\/why-asi\/#breadcrumb","itemListElement":[{"@type":"ListItem","position":1,"name":"Home","item":"https:\/\/www.asipartner.com\/montreal\/"},{"@type":"ListItem","position":2,"name":"Company","item":"https:\/\/www.asipartner.com\/montreal\/company\/"},{"@type":"ListItem","position":3,"name":"Why ASI"}]},{"@type":"WebSite","@id":"https:\/\/www.asipartner.com\/montreal\/#website","url":"https:\/\/www.asipartner.com\/montreal\/","name":"ASI Montreal","description":"Just another ASI Partner Sites site","potentialAction":[{"@type":"SearchAction","target":{"@type":"EntryPoint","urlTemplate":"https:\/\/www.asipartner.com\/montreal\/?s={search_term_string}"},"query-input":{"@type":"PropertyValueSpecification","valueRequired":true,"valueName":"search_term_string"}}],"inLanguage":"fr-CA"}]}},"_links":{"self":[{"href":"https:\/\/www.asipartner.com\/montreal\/wp-json\/wp\/v2\/pages\/3739","targetHints":{"allow":["GET"]}}],"collection":[{"href":"https:\/\/www.asipartner.com\/montreal\/wp-json\/wp\/v2\/pages"}],"about":[{"href":"https:\/\/www.asipartner.com\/montreal\/wp-json\/wp\/v2\/types\/page"}],"author":[{"embeddable":true,"href":"https:\/\/www.asipartner.com\/montreal\/wp-json\/wp\/v2\/users\/5"}],"replies":[{"embeddable":true,"href":"https:\/\/www.asipartner.com\/montreal\/wp-json\/wp\/v2\/comments?post=3739"}],"version-history":[{"count":5,"href":"https:\/\/www.asipartner.com\/montreal\/wp-json\/wp\/v2\/pages\/3739\/revisions"}],"predecessor-version":[{"id":7051,"href":"https:\/\/www.asipartner.com\/montreal\/wp-json\/wp\/v2\/pages\/3739\/revisions\/7051"}],"up":[{"embeddable":true,"href":"https:\/\/www.asipartner.com\/montreal\/wp-json\/wp\/v2\/pages\/3471"}],"wp:attachment":[{"href":"https:\/\/www.asipartner.com\/montreal\/wp-json\/wp\/v2\/media?parent=3739"}],"curies":[{"name":"wp","href":"https:\/\/api.w.org\/{rel}","templated":true}]}}