{"id":3764,"date":"2020-11-05T12:59:28","date_gmt":"2020-11-05T20:59:28","guid":{"rendered":"http:\/\/192.168.64.113\/?page_id=3764"},"modified":"2021-04-19T14:42:09","modified_gmt":"2021-04-19T14:42:09","slug":"faqs","status":"publish","type":"page","link":"https:\/\/www.asipartner.com\/montreal\/support\/faqs\/","title":{"rendered":"FAQs"},"content":{"rendered":"<div class=\"fusion-fullwidth fullwidth-box fusion-builder-row-1 fusion-flex-container nonhundred-percent-fullwidth non-hundred-percent-height-scrolling\" style=\"--awb-border-radius-top-left:0px;--awb-border-radius-top-right:0px;--awb-border-radius-bottom-right:0px;--awb-border-radius-bottom-left:0px;--awb-flex-wrap:wrap;\" ><div class=\"fusion-builder-row fusion-row fusion-flex-align-items-flex-start fusion-flex-content-wrap\" style=\"max-width:1248px;margin-left: calc(-4% \/ 2 );margin-right: calc(-4% \/ 2 );\"><div class=\"fusion-layout-column fusion_builder_column fusion-builder-column-0 fusion_builder_column_1_1 1_1 fusion-flex-column\" style=\"--awb-bg-size:cover;--awb-width-large:100%;--awb-margin-top-large:0px;--awb-spacing-right-large:1.92%;--awb-margin-bottom-large:0px;--awb-spacing-left-large:1.92%;--awb-width-medium:100%;--awb-spacing-right-medium:1.92%;--awb-spacing-left-medium:1.92%;--awb-width-small:100%;--awb-spacing-right-small:1.92%;--awb-spacing-left-small:1.92%;\"><div class=\"fusion-column-wrapper fusion-flex-justify-content-flex-start fusion-content-layout-column\"><div class=\"fusion-text fusion-text-1\"><p><strong><span style=\"color: #0077b6;\">Q <\/span>Combien de temps ai-je pour envoyer mon RMA une fois que j&rsquo;ai re\u00e7u un num\u00e9ro RMA?<\/strong><br \/>\n<strong>R<\/strong> Une fois que vous avez obtenu un num\u00e9ro RMA, les produits doivent \u00eatre retourn\u00e9s dans les 10 jours ouvrables. Apr\u00e8s 10 jours ouvrables, le RMA sera annul\u00e9 et vous devez obtenir un nouveau num\u00e9ro RMA.<\/p>\n<p><strong><span style=\"color: #0077b6;\">Q <\/span>Comment puis-je v\u00e9rifier l&rsquo;\u00e9tat de ma demande RMA?<\/strong><br \/>\n<strong>R<\/strong> Cliquez sur Statut RMA et entrez votre num\u00e9ro de client pour lancer la demande.<\/p>\n<p><strong><span style=\"color: #0077b6;\">Q <\/span>Dans combien de temps puis-je obtenir un num\u00e9ro RMA une fois ma demande soumise?<\/strong><br \/>\n<strong>R<\/strong> Dans un d\u00e9lai d&rsquo;un jour ouvrable. Si vous ne recevez pas de num\u00e9ro RMA, veuillez contacter votre repr\u00e9sentant local du service client\u00e8le ASI.<\/p>\n<p><strong><span style=\"color: #0077b6;\">Q <\/span>Pourquoi ai-je re\u00e7u un produit RMA diff\u00e9rent de celui que j&rsquo;ai envoy\u00e9?<br \/>\nR<\/strong> Si nous n&rsquo;avons pas le produit disponible, nous pouvons proposer un produit de remplacement \u00e9quivalent. ASI vous confirmera la substitution verbalement ou par \u00e9crit avant que l&rsquo;unit\u00e9 de remplacement ne soit exp\u00e9di\u00e9e.<\/p>\n<p><strong><span style=\"color: #0077b6;\">Q <\/span>J&rsquo;ai un produit RMA envoy\u00e9 pour r\u00e9paration, dans combien de temps vais-je recevoir mon produit?<br \/>\nR<\/strong> Tous les fournisseurs n&rsquo;ont pas la m\u00eame politique, donc les d\u00e9lais de r\u00e9paration peuvent varier de 2 \u00e0 6 semaines. ASI a recommand\u00e9 que chaque fois que possible, les clients retournent le (s) produit (s) directement au fabricant pour un service direct afin d&rsquo;\u00e9liminer le temps de traitement suppl\u00e9mentaire et d&rsquo;acc\u00e9l\u00e9rer ainsi le retour du produit.<\/p>\n<p><strong><span style=\"color: #0077b6;\">Q<\/span> J&rsquo;ai envoy\u00e9 \u00e0 ASI mon produit d\u00e9fectueux, comment puis-je v\u00e9rifier son \u00e9tat?<br \/>\nR<\/strong> Veuillez vous connecter \u00e0 asipartner.com avec votre mot de passe et cliquez sur Demande RMA.<\/p>\n<p><strong><span style=\"color: #0077b6;\">Q<\/span> J&rsquo;ai un produit d\u00e9fectueux avec une date de facturation de 4 semaines ou plus, comment puis-je obtenir un d\u00e9lai d&rsquo;ex\u00e9cution plus rapide?<br \/>\nR<\/strong> ASI recommande de renvoyer le (s) produit (s) directement au fabricant. Une liste compl\u00e8te des contacts fournisseurs se trouve sur notre site Web.<\/p>\n<p><strong><span style=\"color: #0077b6;\">Q<\/span> Qui est responsable du d\u00e9p\u00f4t d&rsquo;une r\u00e9clamation pour dommages?<br \/>\nR<\/strong> ASI est responsable et est la seule \u00e0 pouvoir d\u00e9poser une r\u00e9clamation sur un envoi endommag\u00e9 aupr\u00e8s du transporteur.<\/p>\n<p><strong><span style=\"color: #0077b6;\">Q <\/span>Comment d\u00e9clarer une r\u00e9clamation pour des pi\u00e8ces manquantes?<br \/>\nR <\/strong>Cliquez sur Notification de discordance \/ dommage et suivez les invites.<\/p>\n<p><strong><span style=\"color: #0077b6;\">Q<\/span> ASI fournit-il des bo\u00eetes ou des accessoires manquants?<br \/>\nR<\/strong> Cliquez sur Notification de discordance \/ dommage et suivez les invites.<\/p>\n<p><strong><span style=\"color: #0077b6;\">Q<\/span> Que se passe-t-il si le produit d\u00e9passe la politique de garantie ASI d&rsquo;un an?<br \/>\nR<\/strong> Vous devrez envoyer le (s) produit (s) directement au fabricant. Une liste compl\u00e8te des contacts fournisseurs se trouve sur notre site Web.<\/p>\n<p><strong><span style=\"color: #0077b6;\">Q<\/span> Je ne trouve pas la facture du (des) produit (s); ASI peut-il encore traiter le RMA?<br \/>\nR<\/strong> ASI recherchera de mani\u00e8re proactive l&rsquo;achat pour d\u00e9terminer la garantie avant de vous informer si un article ne peut pas \u00eatre v\u00e9rifi\u00e9.<\/p>\n<p><strong><span style=\"color: #0077b6;\">Q<\/span> J&rsquo;ai re\u00e7u une bo\u00eete endommag\u00e9e, que dois-je faire?<br \/>\nR<\/strong> Cliquez sur Notification de discordance \/ dommage et suivez les invites.<\/p>\n<p><strong><span style=\"color: #0077b6;\">Q<\/span> Quelle est la p\u00e9riode de retour de cr\u00e9dit d\u2019ASI?<br \/>\nR<\/strong> 15 jours \u00e0 compter de la date de la facture; pendant les 7 premiers jours, aucun frais de restockage ne sera factur\u00e9 dans la plupart des cas, \u00e0 condition que les articles soient retourn\u00e9s comme neufs, non ouverts, complets et en \u00e9tat de revente. Apr\u00e8s 7 jours, des frais de restockage s&rsquo;appliqueront.<\/p>\n<p><strong><span style=\"color: #0077b6;\">Q<\/span> ASI fournit-il des envois crois\u00e9s sur un RMA?<br \/>\nR<\/strong> Oui, \u00e0 condition que la facture originale soit dans les 30 jours suivant l&rsquo;achat et que le client signe et retourne le formulaire de demande d&rsquo;exp\u00e9dition crois\u00e9e conform\u00e9ment au contrat de politique ASI.<\/p>\n<p><strong><span style=\"color: #0077b6;\">Q<\/span> Quelle est la garantie de l&rsquo;adaptateur secteur et de la batterie?<br \/>\nR<\/strong> L&rsquo;adaptateur secteur et la batterie pour les ordinateurs portables ASI Whitebox sont limit\u00e9s \u00e0 1 an, quel que soit l&rsquo;achat d&rsquo;une extension de garantie.<\/p>\n<p>Si vous avez des questions suppl\u00e9mentaires, veuillez contacter <a href=\"mailto:CustomerService@asipartner.com?subject=Customer%20Service%20Inquiry\">CustomerService@asipartner.com<\/a> et nous vous r\u00e9pondrons dans un d\u00e9lai d&rsquo;un jour ouvrable.<\/p>\n<\/div><\/div><\/div><\/div><\/div>\n","protected":false},"excerpt":{"rendered":"","protected":false},"author":5,"featured_media":0,"parent":3467,"menu_order":0,"comment_status":"closed","ping_status":"closed","template":"","meta":{"content-type":"","_monsterinsights_skip_tracking":false,"_monsterinsights_sitenote_active":false,"_monsterinsights_sitenote_note":"","_monsterinsights_sitenote_category":0,"footnotes":""},"class_list":["post-3764","page","type-page","status-publish","hentry"],"yoast_head":"<!-- This site is optimized with the Yoast SEO Premium plugin v26.3 (Yoast SEO v26.3) - https:\/\/yoast.com\/wordpress\/plugins\/seo\/ -->\n<title>FAQs - ASI Montreal<\/title>\n<meta name=\"robots\" content=\"index, follow, max-snippet:-1, max-image-preview:large, max-video-preview:-1\" \/>\n<link rel=\"canonical\" href=\"https:\/\/www.asipartner.com\/montreal\/support\/faqs\/\" \/>\n<meta property=\"og:locale\" content=\"fr_CA\" \/>\n<meta property=\"og:type\" content=\"article\" \/>\n<meta property=\"og:title\" content=\"FAQs\" \/>\n<meta property=\"og:url\" content=\"https:\/\/www.asipartner.com\/montreal\/support\/faqs\/\" \/>\n<meta property=\"og:site_name\" content=\"ASI Montreal\" \/>\n<meta property=\"article:modified_time\" content=\"2021-04-19T14:42:09+00:00\" \/>\n<meta name=\"twitter:card\" content=\"summary_large_image\" \/>\n<meta name=\"twitter:label1\" content=\"Estimation du temps de lecture\" \/>\n\t<meta name=\"twitter:data1\" content=\"4 minutes\" \/>\n<script type=\"application\/ld+json\" class=\"yoast-schema-graph\">{\"@context\":\"https:\/\/schema.org\",\"@graph\":[{\"@type\":\"WebPage\",\"@id\":\"https:\/\/www.asipartner.com\/montreal\/support\/faqs\/\",\"url\":\"https:\/\/www.asipartner.com\/montreal\/support\/faqs\/\",\"name\":\"FAQs - ASI Montreal\",\"isPartOf\":{\"@id\":\"https:\/\/www.asipartner.com\/montreal\/#website\"},\"datePublished\":\"2020-11-05T20:59:28+00:00\",\"dateModified\":\"2021-04-19T14:42:09+00:00\",\"breadcrumb\":{\"@id\":\"https:\/\/www.asipartner.com\/montreal\/support\/faqs\/#breadcrumb\"},\"inLanguage\":\"fr-CA\",\"potentialAction\":[{\"@type\":\"ReadAction\",\"target\":[\"https:\/\/www.asipartner.com\/montreal\/support\/faqs\/\"]}]},{\"@type\":\"BreadcrumbList\",\"@id\":\"https:\/\/www.asipartner.com\/montreal\/support\/faqs\/#breadcrumb\",\"itemListElement\":[{\"@type\":\"ListItem\",\"position\":1,\"name\":\"Home\",\"item\":\"https:\/\/www.asipartner.com\/montreal\/\"},{\"@type\":\"ListItem\",\"position\":2,\"name\":\"Support\",\"item\":\"https:\/\/www.asipartner.com\/montreal\/support\/\"},{\"@type\":\"ListItem\",\"position\":3,\"name\":\"FAQs\"}]},{\"@type\":\"WebSite\",\"@id\":\"https:\/\/www.asipartner.com\/montreal\/#website\",\"url\":\"https:\/\/www.asipartner.com\/montreal\/\",\"name\":\"ASI Montreal\",\"description\":\"Just another ASI Partner Sites site\",\"potentialAction\":[{\"@type\":\"SearchAction\",\"target\":{\"@type\":\"EntryPoint\",\"urlTemplate\":\"https:\/\/www.asipartner.com\/montreal\/?s={search_term_string}\"},\"query-input\":{\"@type\":\"PropertyValueSpecification\",\"valueRequired\":true,\"valueName\":\"search_term_string\"}}],\"inLanguage\":\"fr-CA\"}]}<\/script>\n<!-- \/ Yoast SEO Premium plugin. -->","yoast_head_json":{"title":"FAQs - ASI Montreal","robots":{"index":"index","follow":"follow","max-snippet":"max-snippet:-1","max-image-preview":"max-image-preview:large","max-video-preview":"max-video-preview:-1"},"canonical":"https:\/\/www.asipartner.com\/montreal\/support\/faqs\/","og_locale":"fr_CA","og_type":"article","og_title":"FAQs","og_url":"https:\/\/www.asipartner.com\/montreal\/support\/faqs\/","og_site_name":"ASI Montreal","article_modified_time":"2021-04-19T14:42:09+00:00","twitter_card":"summary_large_image","twitter_misc":{"Estimation du temps de lecture":"4 minutes"},"schema":{"@context":"https:\/\/schema.org","@graph":[{"@type":"WebPage","@id":"https:\/\/www.asipartner.com\/montreal\/support\/faqs\/","url":"https:\/\/www.asipartner.com\/montreal\/support\/faqs\/","name":"FAQs - ASI Montreal","isPartOf":{"@id":"https:\/\/www.asipartner.com\/montreal\/#website"},"datePublished":"2020-11-05T20:59:28+00:00","dateModified":"2021-04-19T14:42:09+00:00","breadcrumb":{"@id":"https:\/\/www.asipartner.com\/montreal\/support\/faqs\/#breadcrumb"},"inLanguage":"fr-CA","potentialAction":[{"@type":"ReadAction","target":["https:\/\/www.asipartner.com\/montreal\/support\/faqs\/"]}]},{"@type":"BreadcrumbList","@id":"https:\/\/www.asipartner.com\/montreal\/support\/faqs\/#breadcrumb","itemListElement":[{"@type":"ListItem","position":1,"name":"Home","item":"https:\/\/www.asipartner.com\/montreal\/"},{"@type":"ListItem","position":2,"name":"Support","item":"https:\/\/www.asipartner.com\/montreal\/support\/"},{"@type":"ListItem","position":3,"name":"FAQs"}]},{"@type":"WebSite","@id":"https:\/\/www.asipartner.com\/montreal\/#website","url":"https:\/\/www.asipartner.com\/montreal\/","name":"ASI Montreal","description":"Just another ASI Partner Sites site","potentialAction":[{"@type":"SearchAction","target":{"@type":"EntryPoint","urlTemplate":"https:\/\/www.asipartner.com\/montreal\/?s={search_term_string}"},"query-input":{"@type":"PropertyValueSpecification","valueRequired":true,"valueName":"search_term_string"}}],"inLanguage":"fr-CA"}]}},"_links":{"self":[{"href":"https:\/\/www.asipartner.com\/montreal\/wp-json\/wp\/v2\/pages\/3764","targetHints":{"allow":["GET"]}}],"collection":[{"href":"https:\/\/www.asipartner.com\/montreal\/wp-json\/wp\/v2\/pages"}],"about":[{"href":"https:\/\/www.asipartner.com\/montreal\/wp-json\/wp\/v2\/types\/page"}],"author":[{"embeddable":true,"href":"https:\/\/www.asipartner.com\/montreal\/wp-json\/wp\/v2\/users\/5"}],"replies":[{"embeddable":true,"href":"https:\/\/www.asipartner.com\/montreal\/wp-json\/wp\/v2\/comments?post=3764"}],"version-history":[{"count":3,"href":"https:\/\/www.asipartner.com\/montreal\/wp-json\/wp\/v2\/pages\/3764\/revisions"}],"predecessor-version":[{"id":6821,"href":"https:\/\/www.asipartner.com\/montreal\/wp-json\/wp\/v2\/pages\/3764\/revisions\/6821"}],"up":[{"embeddable":true,"href":"https:\/\/www.asipartner.com\/montreal\/wp-json\/wp\/v2\/pages\/3467"}],"wp:attachment":[{"href":"https:\/\/www.asipartner.com\/montreal\/wp-json\/wp\/v2\/media?parent=3764"}],"curies":[{"name":"wp","href":"https:\/\/api.w.org\/{rel}","templated":true}]}}