{"id":3774,"date":"2020-11-05T17:09:49","date_gmt":"2020-11-06T01:09:49","guid":{"rendered":"http:\/\/192.168.64.113\/?page_id=3774"},"modified":"2021-04-15T19:50:48","modified_gmt":"2021-04-15T19:50:48","slug":"terms-conditions","status":"publish","type":"page","link":"https:\/\/www.asipartner.com\/montreal\/support\/terms-conditions\/","title":{"rendered":"Terms &amp; Conditions"},"content":{"rendered":"<p><strong>1. <\/strong><strong>D\u00c9FINITIONS \u00abACHETEUR\u00bb<\/strong> d\u00e9signe la personne ou l&rsquo;entit\u00e9 d\u00e9crite au recto des pr\u00e9sentes comme l&rsquo;ACHETEUR. \u00abMarchandises\u00bb d\u00e9signe les produits d\u00e9crits au recto des pr\u00e9sentes comme \u00e9tant vendus \u00e0 l&rsquo;ACHETEUR.<\/p>\n<p><strong>2. <\/strong><strong>ACCEPTATION<\/strong> Nonobstant quoi que ce soit dans la forme du bon de commande de l&rsquo;ACHETEUR ou de tout autre formulaire de commande \u00e0 l&rsquo;effet contraire, l&rsquo;acceptation par l&rsquo;ACHETEUR des Marchandises constituera une affirmation de l&rsquo;ACHETEUR que les termes et conditions \u00e9nonc\u00e9s dans les pr\u00e9sentes r\u00e9gissent l&rsquo;achat et la vente des Marchandises et que les termes de l&rsquo;ACHETEUR les bons de commande qui s&rsquo;ajoutent, sont en conflit avec ou sont diff\u00e9rents des termes et conditions des pr\u00e9sentes n&rsquo;auront aucun effet sur cette transaction. Le contrat form\u00e9 conform\u00e9ment \u00e0 ce qui pr\u00e9c\u00e8de est d\u00e9nomm\u00e9 \u00abCommande\u00bb.<\/p>\n<p><strong>3. <\/strong><strong>PRIX D&rsquo;ACHAT L&rsquo;ACHETEUR<\/strong> s&rsquo;engage \u00e0 payer le prix d&rsquo;achat total tel que sp\u00e9cifi\u00e9 au recto de ce document. En outre, l&rsquo;ACHETEUR accepte de payer toutes les taxes de vente ou autres taxes pr\u00e9lev\u00e9es sur ou mesur\u00e9es par ledit prix d&rsquo;achat, ou r\u00e9sultant de l&rsquo;utilisation des Marchandises et de toutes pi\u00e8ces ou maintenance fournies, y compris, sans aucune limitation, toutes ventes suppl\u00e9mentaires, utilisation, recettes brutes. , privil\u00e8ges, taxes d&rsquo;accise et taxes fonci\u00e8res personnelles, sauf indication \u00e9crite sur ce document.<\/p>\n<p><strong>4. <\/strong><strong>CONDITIONS DE PAIEMENT<\/strong> Le montant total de cette facture sera payable en totalit\u00e9 par l&rsquo;Acheteur dans les trente (30) jours suivant la date de cette facture, sauf indication contraire par \u00e9crit dans ce document. Tous les montants en souffrance sont soumis \u00e0 des frais de retard de un et demi pour cent (1 1\/2%) par mois ou dix-huit pour cent (18%) par an.<\/p>\n<p><strong>5. <\/strong><strong>LIVRAISON<\/strong> La livraison aura lieu chez ASI, sauf indication contraire par \u00e9crit sur ce document.<\/p>\n<p><strong>6. INSPECTION<\/strong> L&rsquo;ACHETEUR inspectera les marchandises \u00e0 la livraison et notifiera \u00e0 ASI tout d\u00e9faut ou anomalie dans un d\u00e9lai d&rsquo;un (1) jour suivant la r\u00e9ception des marchandises.<\/p>\n<p><strong>7. <\/strong><strong>TITRE ET RISQUE DE PERTE<\/strong> Le titre et le risque de perte ou de dommage des Marchandises sont transf\u00e9r\u00e9s \u00e0 l&rsquo;ACHETEUR.<\/p>\n<p><strong>8. <\/strong><strong>GARANTIE LIMIT\u00c9E<\/strong> En g\u00e9n\u00e9ral, ASI n&rsquo;offre aucune garantie autre qu&rsquo;un an et peut \u00eatre limit\u00e9e \u00e0 moins, selon la politique du produit et du fabricant avec ASI, comme indiqu\u00e9 sur la garantie compl\u00e8te ASI. Pour en obtenir une copie, visitez le site www.asipartner.com sous support ou service \u00e0 la client\u00e8le, consultez la politique ou contactez ASI pour obtenir une copie. Dans la plupart des cas, si le fabricant a un changement de garantie au cours de la premi\u00e8re ann\u00e9e, ASI se conformera \u00e0 ce changement lorsqu&rsquo;il affecte ou limite la garantie de la premi\u00e8re ann\u00e9e. L&rsquo;acheteur reconna\u00eet l&rsquo;examen et l&rsquo;acceptation des conditions de la garantie en passant commande pour les marchandises.<\/p>\n<p>Certains produits propos\u00e9s peuvent \u00eatre assortis d&rsquo;une garantie limit\u00e9e et peuvent \u00eatre inf\u00e9rieurs \u00e0 un an. Dans le cas o\u00f9 un bien a une garantie du fabricant au-del\u00e0 d&rsquo;un an ou comme limit\u00e9 par ASI, il est de la responsabilit\u00e9 de l&rsquo;ACHETEUR de traiter directement avec le fabricant pour toute r\u00e9paration ou remplacement qui survient au-del\u00e0 de la garantie d&rsquo;un an ou de la garantie limit\u00e9e. Pendant la p\u00e9riode de garantie ASI, ASI r\u00e9parera ou remplacera toutes les marchandises qui s&rsquo;av\u00e8rent d\u00e9fectueuses pendant la p\u00e9riode de garantie ASI sp\u00e9cifi\u00e9e. Cependant, le client doit d&rsquo;abord obtenir un num\u00e9ro d&rsquo;autorisation de retour (RMA) avant le retour, et ASI ne garantira pas les marchandises qui ont \u00e9t\u00e9 soumises \u00e0 une manutention \/ exp\u00e9dition de fret incorrecte, \u00e0 un abus, \u00e0 une n\u00e9gligence ou \u00e0 une r\u00e9paration ou une installation non autoris\u00e9e. La garantie ne couvrira pas non plus les marchandises install\u00e9es avec des composants non-ASI et \/ ou des pi\u00e8ces avec des sceaux de garantie cass\u00e9s, un num\u00e9ro de s\u00e9rie manquant ou des traces de dommages d&rsquo;assemblage. Les dommages physiques ou les dommages caus\u00e9s par le client annulent toute garantie ASI. Cette politique de garantie ne s&rsquo;\u00e9tend pas au-del\u00e0 de l&rsquo;ACHETEUR d&rsquo;origine. ASI se r\u00e9serve le droit de demander le co\u00fbt total de tout remplacement des Marchandises ou des Marchandises elle-m\u00eame, si plus tard, les Marchandises retourn\u00e9es pour le service de garantie s&rsquo;av\u00e8rent \u00eatre physiquement endommag\u00e9es par l&rsquo;ACHETEUR.<\/p>\n<p><strong>9. EXCLUSION DE GARANTIE<\/strong> ASI ne donne aucune garantie expresse ou implicite, y compris, mais sans s&rsquo;y limiter, toute garantie implicite de qualit\u00e9 marchande ou d&rsquo;ad\u00e9quation \u00e0 un usage particulier. Le seul et unique recours de l&rsquo;acheteur pour la responsabilit\u00e9 d&rsquo;ASI de quelque nature que ce soit (y compris, sans limitation, la n\u00e9gligence et la violation de toutes les garanties) sera limit\u00e9 au remplacement des marchandises d\u00e9fectueuses sans frais pour l&rsquo;ACHETEUR. En aucun cas, la responsabilit\u00e9 d\u2019ASI n\u2019inclura des pertes ou dommages sp\u00e9ciaux, accidentels, cons\u00e9cutifs ou exemplaires, m\u00eame si ASI a \u00e9t\u00e9 inform\u00e9e de la possibilit\u00e9 d\u2019une telle perte ou dommage potentiel.<\/p>\n<p><strong>10. ALTERATION, MODIFICATIONS ET ACCESSOIRES <\/strong>Toute alt\u00e9ration, modification, ajout, am\u00e9lioration, installation ou pi\u00e8ce jointe sur les Marchandises non autoris\u00e9e par \u00e9crit par ASI sera uniquement aux frais et risques de l&rsquo;ACHETEUR. Si le fonctionnement des Marchandises est affect\u00e9 de quelque mani\u00e8re que ce soit par de telles alt\u00e9rations, modifications, ajouts, am\u00e9liorations, pi\u00e8ces jointes ou installation, la garantie sera r\u00e9put\u00e9e abandonn\u00e9e par l&rsquo;ACHETEUR, et ASI n&rsquo;aura aucune autre obligation envers l&rsquo;ACHETEUR.<\/p>\n<p><strong>11. RETOUR DE MARCHANDISES \/ REMPLACEMENT \/ D\u00c9FECTUEUX \u00c0 L&rsquo;ARRIV\u00c9E (DOA) <\/strong>ASI n&rsquo;acceptera aucune marchandise retourn\u00e9e ni aucune marchandise DOA pendant la p\u00e9riode de garantie, \u00e0 moins que l&rsquo;ACHETEUR ne suive la proc\u00e9dure et la politique d&rsquo;autorisation de retour de marchandise d&rsquo;ASI. Tous les envois retourn\u00e9s \u00e0 ASI doivent \u00eatre pr\u00e9pay\u00e9s par l&rsquo;ACHETEUR et comme indiqu\u00e9 par ASI. Tous les envois retourn\u00e9s \u00e0 l&rsquo;ACHETEUR le seront par UPS Ground, \u00e0 moins que vous n&rsquo;appeliez le ramassage. Pour toute livraison express, l&rsquo;ACHETEUR est responsable de la diff\u00e9rence des frais de transport et les frais seront au comptant \u00e0 la livraison (C.O.D.)<\/p>\n<p><strong>12. FORCE MAJEURE<\/strong> ASI ne sera pas tenue responsable de tout manquement \u00e0 l&rsquo;ex\u00e9cution de la livraison en temps opportun de tout ou partie des Marchandises dans le cas o\u00f9 un tel manquement \u00e9tait d\u00fb, en tout ou en partie, \u00e0 une action, un statut ou une ordonnance f\u00e9d\u00e9rale, \u00e9tatique ou municipale ou r\u00e9glementation, gr\u00e8ve ou autre probl\u00e8me de main-d&rsquo;\u0153uvre, incendie ou autre dommage ou destruction, en tout ou en partie, des marchandises ou de l&rsquo;installation de fabrication des marchandises, le manque ou l&rsquo;incapacit\u00e9 d&rsquo;obtenir des mati\u00e8res premi\u00e8res, de la main-d&rsquo;\u0153uvre, du carburant, de l&rsquo;\u00e9nergie \u00e9lectrique , eau ou approvisionnement, ou toute autre cause, cas de force majeure, \u00e9ventualit\u00e9 ou circonstances aux \u00c9tats-Unis non soumises au contr\u00f4le d&rsquo;ASI, qui causent ou entravent la fabrication ou la livraison de marchandises.<\/p>\n<p><strong>13. ANNULATION<\/strong> Une commande ne peut \u00eatre annul\u00e9e, en tout ou en partie, par l&rsquo;ACHETEUR sans le consentement \u00e9crit pr\u00e9alable d&rsquo;ASI et uniquement selon des termes et conditions qui indemniseront, d\u00e9gageront de toute responsabilit\u00e9 et indemniseront ASI contre les pertes, y compris, mais sans s&rsquo;y limiter, la perte de b\u00e9n\u00e9fices r\u00e9sultant de cette annulation.<\/p>\n<p><strong>14. CONTRAT DE S\u00c9CURIT\u00c9<\/strong> ASI conservera une garantie d&rsquo;achat d&rsquo;argent (y compris, mais sans s&rsquo;y limiter, le d\u00e9p\u00f4t d&rsquo;un formulaire UCC1) sur les marchandises pour garantir l&rsquo;ex\u00e9cution par l&rsquo;ACHETEUR de toutes les obligations. L&rsquo;Acheteur accorde \u00e0 ASI la possibilit\u00e9 \u00e0 tout moment, en tant que mandataire en fait, de pr\u00e9parer, signer et d\u00e9poser (ou enregistrer) au nom de l&rsquo;ACHETEUR toute d\u00e9claration de financement ou tout autre document n\u00e9cessaire pour prot\u00e9ger la s\u00fbret\u00e9 de ASI sur les marchandises soumises au pr\u00e9sent Contrat.<\/p>\n<p><strong>15. FRAIS D&rsquo;AVOCAT<\/strong> En cas de poursuite ou d&rsquo;action pour appliquer ou interpr\u00e9ter l&rsquo;un des termes, conditions ou engagements des pr\u00e9sentes, ou pour r\u00e9cup\u00e9rer des dommages-int\u00e9r\u00eats \u00e0 la suite d&rsquo;une violation de toute disposition de la pr\u00e9sente Commande, la partie gagnante aura le droit de r\u00e9cup\u00e9rer de la partie qui ne pr\u00e9vaut pas les frais et d\u00e9pens, y compris les honoraires d&rsquo;avocat raisonnables engag\u00e9s par la partie gagnante pour poursuivre ou d\u00e9fendre une telle action et tous les appels interjet\u00e9s \u00e0 partir de l\u00e0.<\/p>\n<p><strong>16. CESSION<\/strong> Aucun droit, devoir ou int\u00e9r\u00eat dans la pr\u00e9sente Commande ne peut \u00eatre c\u00e9d\u00e9 ou d\u00e9l\u00e9gu\u00e9 par l&rsquo;une ou l&rsquo;autre des parties sans le consentement \u00e9crit pr\u00e9alable de l&rsquo;autre partie, lequel consentement ne doit pas \u00eatre refus\u00e9 sans motif raisonnable.<\/p>\n<p><strong>17. DROIT APPLICABLE \/ LIEU \/ ARBITRAGE<\/strong> Tout diff\u00e9rend, r\u00e9clamation ou controverse d\u00e9coulant de ou li\u00e9 au pr\u00e9sent accord ou \u00e0 la violation, \u00e0 la r\u00e9siliation, \u00e0 l&rsquo;application, \u00e0 l&rsquo;interpr\u00e9tation ou \u00e0 la validit\u00e9 de celui-ci, y compris la d\u00e9termination de la port\u00e9e ou de l&rsquo;applicabilit\u00e9 de cet accord \u00e0 l&rsquo;arbitrage, doit \u00eatre d\u00e9termin\u00e9 par arbitrage ex\u00e9cutoire \u00e0 Fremont, CA devant un arbitre. L&rsquo;arbitrage sera administr\u00e9 par JAMS conform\u00e9ment \u00e0 ses r\u00e8gles et proc\u00e9dures d&rsquo;arbitrage simplifi\u00e9es. Le jugement sur la sentence peut \u00eatre inscrit dans n&rsquo;importe quel tribunal comp\u00e9tent. Cette clause n&#8217;emp\u00eache pas les parties de rechercher des recours provisoires \u00e0 l&rsquo;aide d&rsquo;un arbitrage aupr\u00e8s d&rsquo;un tribunal comp\u00e9tent.<\/p>\n<p>Les parties partageront \u00e9galement les frais de l&rsquo;arbitrage sous r\u00e9serve de la r\u00e9partition finale par le ou les arbitres. Le ou les arbitres appliqueront la loi de l&rsquo;\u00c9tat de Californie dans une telle proc\u00e9dure d&rsquo;arbitrage. La d\u00e9cision du ou des arbitres sera d\u00e9finitive. <strong>Both parties to this contract, by entering into it, are giving up their constitutional right to have any such dispute decided in a court of law before a jury, and instead are accepting the use of arbitration.<\/strong><\/p>\n<p><strong>18. RENONCIATION AU PROC\u00c8S JURY<\/strong> Chacune des parties aux pr\u00e9sentes renonce irr\u00e9vocablement \u00e0 tout droit \u00e0 un proc\u00e8s devant jury dans toute proc\u00e9dure judiciaire d\u00e9coulant de ou li\u00e9e \u00e0 cet accord ou aux transactions envisag\u00e9es par les pr\u00e9sentes.<\/p>\n<p><strong>19. DIVISIBILIT\u00c9<\/strong> Si \u00e0 tout moment une ou plusieurs des dispositions de la pr\u00e9sente facture devient ou est jug\u00e9e par un tribunal invalide, ill\u00e9gale ou inapplicable \u00e0 quelque \u00e9gard que ce soit, la validit\u00e9 et le caract\u00e8re ex\u00e9cutoire des dispositions restantes de cette facture ne seront en aucun cas \u00eatre affect\u00e9 ou alt\u00e9r\u00e9 par cela.<\/p>\n<p><strong>20. INT\u00c9GRALIT\u00c9 DE L&rsquo;ACCORD<\/strong> Cette facture \u00e9nonce l&rsquo;int\u00e9gralit\u00e9 de l&rsquo;accord entre l&rsquo;ACHETEUR et ASI et d\u00e9termine exclusivement les droits et obligations de l&rsquo;ACHETEUR et d&rsquo;ASI, nonobstant tout cours ant\u00e9rieur de transaction, coutume ou usage du commerce ou cours<br \/>\n<strong><br \/>\nLES TERMES ET CONDITIONS SONT SUJETS \u00c0 CHANGEMENT SANS PR\u00c9AVIS\u00a0<\/strong><\/p>\n","protected":false},"excerpt":{"rendered":"<p>1. D\u00c9FINITIONS \u00abACHETEUR\u00bb d\u00e9signe la personne ou l&rsquo;entit\u00e9 d\u00e9crite au  [&#8230;]<\/p>\n","protected":false},"author":5,"featured_media":0,"parent":3467,"menu_order":0,"comment_status":"closed","ping_status":"closed","template":"","meta":{"content-type":"","_monsterinsights_skip_tracking":false,"_monsterinsights_sitenote_active":false,"_monsterinsights_sitenote_note":"","_monsterinsights_sitenote_category":0,"footnotes":""},"class_list":["post-3774","page","type-page","status-publish","hentry"],"yoast_head":"<!-- This site is optimized with the Yoast SEO Premium plugin v26.3 (Yoast SEO v26.3) - https:\/\/yoast.com\/wordpress\/plugins\/seo\/ -->\n<title>Terms &amp; Conditions - ASI Montreal<\/title>\n<meta name=\"robots\" content=\"index, follow, max-snippet:-1, max-image-preview:large, max-video-preview:-1\" \/>\n<link rel=\"canonical\" href=\"https:\/\/www.asipartner.com\/montreal\/support\/terms-conditions\/\" \/>\n<meta property=\"og:locale\" content=\"fr_CA\" \/>\n<meta property=\"og:type\" content=\"article\" \/>\n<meta property=\"og:title\" content=\"Terms &amp; Conditions\" \/>\n<meta property=\"og:description\" content=\"1. D\u00c9FINITIONS \u00abACHETEUR\u00bb d\u00e9signe la personne ou l&rsquo;entit\u00e9 d\u00e9crite au [...]\" \/>\n<meta property=\"og:url\" content=\"https:\/\/www.asipartner.com\/montreal\/support\/terms-conditions\/\" \/>\n<meta property=\"og:site_name\" content=\"ASI Montreal\" \/>\n<meta property=\"article:modified_time\" content=\"2021-04-15T19:50:48+00:00\" \/>\n<meta name=\"twitter:card\" content=\"summary_large_image\" \/>\n<meta name=\"twitter:label1\" content=\"Estimation du temps de lecture\" \/>\n\t<meta name=\"twitter:data1\" content=\"8 minutes\" \/>\n<script type=\"application\/ld+json\" class=\"yoast-schema-graph\">{\"@context\":\"https:\/\/schema.org\",\"@graph\":[{\"@type\":\"WebPage\",\"@id\":\"https:\/\/www.asipartner.com\/montreal\/support\/terms-conditions\/\",\"url\":\"https:\/\/www.asipartner.com\/montreal\/support\/terms-conditions\/\",\"name\":\"Terms &amp; Conditions - ASI Montreal\",\"isPartOf\":{\"@id\":\"https:\/\/www.asipartner.com\/montreal\/#website\"},\"datePublished\":\"2020-11-06T01:09:49+00:00\",\"dateModified\":\"2021-04-15T19:50:48+00:00\",\"breadcrumb\":{\"@id\":\"https:\/\/www.asipartner.com\/montreal\/support\/terms-conditions\/#breadcrumb\"},\"inLanguage\":\"fr-CA\",\"potentialAction\":[{\"@type\":\"ReadAction\",\"target\":[\"https:\/\/www.asipartner.com\/montreal\/support\/terms-conditions\/\"]}]},{\"@type\":\"BreadcrumbList\",\"@id\":\"https:\/\/www.asipartner.com\/montreal\/support\/terms-conditions\/#breadcrumb\",\"itemListElement\":[{\"@type\":\"ListItem\",\"position\":1,\"name\":\"Home\",\"item\":\"https:\/\/www.asipartner.com\/montreal\/\"},{\"@type\":\"ListItem\",\"position\":2,\"name\":\"Support\",\"item\":\"https:\/\/www.asipartner.com\/montreal\/support\/\"},{\"@type\":\"ListItem\",\"position\":3,\"name\":\"Terms &amp; Conditions\"}]},{\"@type\":\"WebSite\",\"@id\":\"https:\/\/www.asipartner.com\/montreal\/#website\",\"url\":\"https:\/\/www.asipartner.com\/montreal\/\",\"name\":\"ASI Montreal\",\"description\":\"Just another ASI Partner Sites site\",\"potentialAction\":[{\"@type\":\"SearchAction\",\"target\":{\"@type\":\"EntryPoint\",\"urlTemplate\":\"https:\/\/www.asipartner.com\/montreal\/?s={search_term_string}\"},\"query-input\":{\"@type\":\"PropertyValueSpecification\",\"valueRequired\":true,\"valueName\":\"search_term_string\"}}],\"inLanguage\":\"fr-CA\"}]}<\/script>\n<!-- \/ Yoast SEO Premium plugin. -->","yoast_head_json":{"title":"Terms &amp; Conditions - ASI Montreal","robots":{"index":"index","follow":"follow","max-snippet":"max-snippet:-1","max-image-preview":"max-image-preview:large","max-video-preview":"max-video-preview:-1"},"canonical":"https:\/\/www.asipartner.com\/montreal\/support\/terms-conditions\/","og_locale":"fr_CA","og_type":"article","og_title":"Terms &amp; Conditions","og_description":"1. D\u00c9FINITIONS \u00abACHETEUR\u00bb d\u00e9signe la personne ou l&rsquo;entit\u00e9 d\u00e9crite au [...]","og_url":"https:\/\/www.asipartner.com\/montreal\/support\/terms-conditions\/","og_site_name":"ASI Montreal","article_modified_time":"2021-04-15T19:50:48+00:00","twitter_card":"summary_large_image","twitter_misc":{"Estimation du temps de lecture":"8 minutes"},"schema":{"@context":"https:\/\/schema.org","@graph":[{"@type":"WebPage","@id":"https:\/\/www.asipartner.com\/montreal\/support\/terms-conditions\/","url":"https:\/\/www.asipartner.com\/montreal\/support\/terms-conditions\/","name":"Terms &amp; Conditions - ASI Montreal","isPartOf":{"@id":"https:\/\/www.asipartner.com\/montreal\/#website"},"datePublished":"2020-11-06T01:09:49+00:00","dateModified":"2021-04-15T19:50:48+00:00","breadcrumb":{"@id":"https:\/\/www.asipartner.com\/montreal\/support\/terms-conditions\/#breadcrumb"},"inLanguage":"fr-CA","potentialAction":[{"@type":"ReadAction","target":["https:\/\/www.asipartner.com\/montreal\/support\/terms-conditions\/"]}]},{"@type":"BreadcrumbList","@id":"https:\/\/www.asipartner.com\/montreal\/support\/terms-conditions\/#breadcrumb","itemListElement":[{"@type":"ListItem","position":1,"name":"Home","item":"https:\/\/www.asipartner.com\/montreal\/"},{"@type":"ListItem","position":2,"name":"Support","item":"https:\/\/www.asipartner.com\/montreal\/support\/"},{"@type":"ListItem","position":3,"name":"Terms &amp; Conditions"}]},{"@type":"WebSite","@id":"https:\/\/www.asipartner.com\/montreal\/#website","url":"https:\/\/www.asipartner.com\/montreal\/","name":"ASI Montreal","description":"Just another ASI Partner Sites site","potentialAction":[{"@type":"SearchAction","target":{"@type":"EntryPoint","urlTemplate":"https:\/\/www.asipartner.com\/montreal\/?s={search_term_string}"},"query-input":{"@type":"PropertyValueSpecification","valueRequired":true,"valueName":"search_term_string"}}],"inLanguage":"fr-CA"}]}},"_links":{"self":[{"href":"https:\/\/www.asipartner.com\/montreal\/wp-json\/wp\/v2\/pages\/3774","targetHints":{"allow":["GET"]}}],"collection":[{"href":"https:\/\/www.asipartner.com\/montreal\/wp-json\/wp\/v2\/pages"}],"about":[{"href":"https:\/\/www.asipartner.com\/montreal\/wp-json\/wp\/v2\/types\/page"}],"author":[{"embeddable":true,"href":"https:\/\/www.asipartner.com\/montreal\/wp-json\/wp\/v2\/users\/5"}],"replies":[{"embeddable":true,"href":"https:\/\/www.asipartner.com\/montreal\/wp-json\/wp\/v2\/comments?post=3774"}],"version-history":[{"count":2,"href":"https:\/\/www.asipartner.com\/montreal\/wp-json\/wp\/v2\/pages\/3774\/revisions"}],"predecessor-version":[{"id":6799,"href":"https:\/\/www.asipartner.com\/montreal\/wp-json\/wp\/v2\/pages\/3774\/revisions\/6799"}],"up":[{"embeddable":true,"href":"https:\/\/www.asipartner.com\/montreal\/wp-json\/wp\/v2\/pages\/3467"}],"wp:attachment":[{"href":"https:\/\/www.asipartner.com\/montreal\/wp-json\/wp\/v2\/media?parent=3774"}],"curies":[{"name":"wp","href":"https:\/\/api.w.org\/{rel}","templated":true}]}}