{"id":3803,"date":"2020-11-06T13:02:38","date_gmt":"2020-11-06T21:02:38","guid":{"rendered":"http:\/\/192.168.64.113\/?page_id=3803"},"modified":"2021-04-07T18:20:40","modified_gmt":"2021-04-07T18:20:40","slug":"intel-core-architecture","status":"publish","type":"page","link":"https:\/\/www.asipartner.com\/montreal\/solutions\/gaming\/intel-core-architecture\/","title":{"rendered":"Intel Core Architecture"},"content":{"rendered":"<p><div class=\"fusion-fullwidth fullwidth-box fusion-builder-row-1 fusion-flex-container nonhundred-percent-fullwidth non-hundred-percent-height-scrolling\" style=\"--awb-border-radius-top-left:0px;--awb-border-radius-top-right:0px;--awb-border-radius-bottom-right:0px;--awb-border-radius-bottom-left:0px;--awb-flex-wrap:wrap;\" ><div class=\"fusion-builder-row fusion-row fusion-flex-align-items-flex-start fusion-flex-content-wrap\" style=\"max-width:1248px;margin-left: calc(-4% \/ 2 );margin-right: calc(-4% \/ 2 );\"><div class=\"fusion-layout-column fusion_builder_column fusion-builder-column-0 fusion_builder_column_1_1 1_1 fusion-flex-column\" style=\"--awb-bg-size:cover;--awb-width-large:100%;--awb-margin-top-large:0px;--awb-spacing-right-large:1.92%;--awb-margin-bottom-large:20px;--awb-spacing-left-large:1.92%;--awb-width-medium:100%;--awb-order-medium:0;--awb-spacing-right-medium:1.92%;--awb-spacing-left-medium:1.92%;--awb-width-small:100%;--awb-order-small:0;--awb-spacing-right-small:1.92%;--awb-spacing-left-small:1.92%;\"><div class=\"fusion-column-wrapper fusion-column-has-shadow fusion-flex-justify-content-flex-start fusion-content-layout-column\"><div class=\"fusion-image-element \" style=\"--awb-caption-title-font-family:var(--h2_typography-font-family);--awb-caption-title-font-weight:var(--h2_typography-font-weight);--awb-caption-title-font-style:var(--h2_typography-font-style);--awb-caption-title-size:var(--h2_typography-font-size);--awb-caption-title-transform:var(--h2_typography-text-transform);--awb-caption-title-line-height:var(--h2_typography-line-height);--awb-caption-title-letter-spacing:var(--h2_typography-letter-spacing);\"><span class=\" fusion-imageframe imageframe-none imageframe-1 hover-type-none\"><img decoding=\"async\" width=\"1200\" height=\"200\" alt=\"Intel Core Architecture \" title=\"Intel Core Architecture\" src=\"https:\/\/www.asipartner.com\/montreal\/wp-content\/uploads\/sites\/3\/2021\/04\/IntelCoreArchitecture_1200x200_FR.jpg\" class=\"img-responsive wp-image-6713\" srcset=\"https:\/\/www.asipartner.com\/montreal\/wp-content\/uploads\/sites\/3\/2021\/04\/IntelCoreArchitecture_1200x200_FR-200x33.jpg 200w, https:\/\/www.asipartner.com\/montreal\/wp-content\/uploads\/sites\/3\/2021\/04\/IntelCoreArchitecture_1200x200_FR-400x67.jpg 400w, https:\/\/www.asipartner.com\/montreal\/wp-content\/uploads\/sites\/3\/2021\/04\/IntelCoreArchitecture_1200x200_FR-600x100.jpg 600w, https:\/\/www.asipartner.com\/montreal\/wp-content\/uploads\/sites\/3\/2021\/04\/IntelCoreArchitecture_1200x200_FR-800x133.jpg 800w, https:\/\/www.asipartner.com\/montreal\/wp-content\/uploads\/sites\/3\/2021\/04\/IntelCoreArchitecture_1200x200_FR.jpg 1200w\" sizes=\"(max-width: 640px) 100vw, 1200px\" \/><\/span><\/div><\/div><\/div><\/div><\/div><div class=\"fusion-fullwidth fullwidth-box fusion-builder-row-2 fusion-flex-container nonhundred-percent-fullwidth non-hundred-percent-height-scrolling\" style=\"--awb-border-radius-top-left:0px;--awb-border-radius-top-right:0px;--awb-border-radius-bottom-right:0px;--awb-border-radius-bottom-left:0px;--awb-flex-wrap:wrap;\" ><div class=\"fusion-builder-row fusion-row fusion-flex-align-items-flex-start fusion-flex-content-wrap\" style=\"max-width:1248px;margin-left: calc(-4% \/ 2 );margin-right: calc(-4% \/ 2 );\"><div class=\"fusion-layout-column fusion_builder_column fusion-builder-column-1 fusion_builder_column_1_1 1_1 fusion-flex-column\" style=\"--awb-bg-size:cover;--awb-width-large:100%;--awb-margin-top-large:0px;--awb-spacing-right-large:1.92%;--awb-margin-bottom-large:20px;--awb-spacing-left-large:1.92%;--awb-width-medium:100%;--awb-order-medium:0;--awb-spacing-right-medium:1.92%;--awb-spacing-left-medium:1.92%;--awb-width-small:100%;--awb-order-small:0;--awb-spacing-right-small:1.92%;--awb-spacing-left-small:1.92%;\"><div class=\"fusion-column-wrapper fusion-column-has-shadow fusion-flex-justify-content-flex-start fusion-content-layout-column\"><div class=\"fusion-text fusion-text-1\"><h4>Technologie Intel Mesh<\/h4>\n<p>Le Cascade Lake X est bas\u00e9 sur la microarchitecture Skylake X, qui a vu l&rsquo;introduction de la topologie maill\u00e9e d&rsquo;Intel pour la communication entre les c\u0153urs de processeur plut\u00f4t que sur la conception en anneau traditionnelle. La topologie de maillage a \u00e9t\u00e9 initialement d\u00e9velopp\u00e9e sur le Xeon Phi Knights Landing et est utilis\u00e9e sur la famille Xeon Scalable, mais avec Skylake-X ainsi que Cascade Lake-X, la conception de maillage est maintenant utilis\u00e9e sur les processeurs de bureau. L&rsquo;importance avec la conception de maillage est la latence r\u00e9duite dans la communication entre les c\u0153urs de processeur. Avec la conception de l&rsquo;anneau, les noyaux \u00e9taient reli\u00e9s par un anneau qui entoure les noyaux. Si un noyau particulier avait besoin d&rsquo;informations d&rsquo;un autre noyau, la communication suivait le long de l&rsquo;anneau jusqu&rsquo;\u00e0 ce qu&rsquo;elle atteigne le noyau appropri\u00e9. Cette m\u00e9thode \u00e9tait tr\u00e8s efficace avec des configurations de base de huit ou moins, mais comme plus de c\u0153urs \u00e9taient introduits, plus de retards se produisaient dans la communication. Cela \u00e9tait \u00e9vident avec l&rsquo;un des processeurs passionn\u00e9s haut de gamme d&rsquo;origine, le Broadwell-E, qui utilisait une topologie en anneau pour connecter les 12 c\u0153urs, mais cela s&rsquo;est av\u00e9r\u00e9 tr\u00e8s encombrant. La conception maill\u00e9e permet \u00e0 la communication entre les processeurs d&rsquo;\u00eatre plus efficace et avec moins de latence, ce qui contribue \u00e0 am\u00e9liorer les performances du processeur.<\/p>\n<\/div><div class=\"fusion-image-element \" style=\"--awb-caption-title-font-family:var(--h2_typography-font-family);--awb-caption-title-font-weight:var(--h2_typography-font-weight);--awb-caption-title-font-style:var(--h2_typography-font-style);--awb-caption-title-size:var(--h2_typography-font-size);--awb-caption-title-transform:var(--h2_typography-text-transform);--awb-caption-title-line-height:var(--h2_typography-line-height);--awb-caption-title-letter-spacing:var(--h2_typography-letter-spacing);\"><span class=\" fusion-imageframe imageframe-none imageframe-2 hover-type-none\"><img decoding=\"async\" width=\"703\" height=\"396\" alt=\"Intel Mesh Technology\" title=\"Intel Mesh Technology\" src=\"https:\/\/www.asipartner.com\/montreal\/wp-content\/uploads\/sites\/3\/2020\/12\/2019-Ring-Mesh.jpg\" class=\"img-responsive wp-image-4816\" srcset=\"https:\/\/www.asipartner.com\/montreal\/wp-content\/uploads\/sites\/3\/2020\/12\/2019-Ring-Mesh-200x113.jpg 200w, https:\/\/www.asipartner.com\/montreal\/wp-content\/uploads\/sites\/3\/2020\/12\/2019-Ring-Mesh-400x225.jpg 400w, https:\/\/www.asipartner.com\/montreal\/wp-content\/uploads\/sites\/3\/2020\/12\/2019-Ring-Mesh-600x338.jpg 600w, https:\/\/www.asipartner.com\/montreal\/wp-content\/uploads\/sites\/3\/2020\/12\/2019-Ring-Mesh.jpg 703w\" sizes=\"(max-width: 640px) 100vw, 703px\" \/><\/span><\/div><\/div><\/div><\/div><\/div><\/p>\n","protected":false},"excerpt":{"rendered":"","protected":false},"author":3,"featured_media":0,"parent":3788,"menu_order":0,"comment_status":"closed","ping_status":"closed","template":"","meta":{"content-type":"","_monsterinsights_skip_tracking":false,"_monsterinsights_sitenote_active":false,"_monsterinsights_sitenote_note":"","_monsterinsights_sitenote_category":0,"footnotes":""},"class_list":["post-3803","page","type-page","status-publish","hentry"],"yoast_head":"<!-- This site is optimized with the Yoast SEO Premium plugin v26.3 (Yoast SEO v26.3) - https:\/\/yoast.com\/wordpress\/plugins\/seo\/ -->\n<title>Intel Core Architecture - ASI Montreal<\/title>\n<meta name=\"robots\" content=\"index, follow, max-snippet:-1, max-image-preview:large, max-video-preview:-1\" \/>\n<link rel=\"canonical\" href=\"https:\/\/www.asipartner.com\/montreal\/solutions\/gaming\/intel-core-architecture\/\" \/>\n<meta property=\"og:locale\" content=\"fr_CA\" \/>\n<meta property=\"og:type\" content=\"article\" \/>\n<meta property=\"og:title\" content=\"Intel Core Architecture\" \/>\n<meta property=\"og:url\" content=\"https:\/\/www.asipartner.com\/montreal\/solutions\/gaming\/intel-core-architecture\/\" \/>\n<meta property=\"og:site_name\" content=\"ASI Montreal\" \/>\n<meta property=\"article:modified_time\" content=\"2021-04-07T18:20:40+00:00\" \/>\n<meta name=\"twitter:card\" content=\"summary_large_image\" \/>\n<meta name=\"twitter:label1\" content=\"Estimation du temps de lecture\" \/>\n\t<meta name=\"twitter:data1\" content=\"7 minutes\" \/>\n<script type=\"application\/ld+json\" class=\"yoast-schema-graph\">{\"@context\":\"https:\/\/schema.org\",\"@graph\":[{\"@type\":\"WebPage\",\"@id\":\"https:\/\/www.asipartner.com\/montreal\/solutions\/gaming\/intel-core-architecture\/\",\"url\":\"https:\/\/www.asipartner.com\/montreal\/solutions\/gaming\/intel-core-architecture\/\",\"name\":\"Intel Core Architecture - ASI Montreal\",\"isPartOf\":{\"@id\":\"https:\/\/www.asipartner.com\/montreal\/#website\"},\"datePublished\":\"2020-11-06T21:02:38+00:00\",\"dateModified\":\"2021-04-07T18:20:40+00:00\",\"breadcrumb\":{\"@id\":\"https:\/\/www.asipartner.com\/montreal\/solutions\/gaming\/intel-core-architecture\/#breadcrumb\"},\"inLanguage\":\"fr-CA\",\"potentialAction\":[{\"@type\":\"ReadAction\",\"target\":[\"https:\/\/www.asipartner.com\/montreal\/solutions\/gaming\/intel-core-architecture\/\"]}]},{\"@type\":\"BreadcrumbList\",\"@id\":\"https:\/\/www.asipartner.com\/montreal\/solutions\/gaming\/intel-core-architecture\/#breadcrumb\",\"itemListElement\":[{\"@type\":\"ListItem\",\"position\":1,\"name\":\"Home\",\"item\":\"https:\/\/www.asipartner.com\/montreal\/\"},{\"@type\":\"ListItem\",\"position\":2,\"name\":\"Solutions\",\"item\":\"https:\/\/www.asipartner.com\/montreal\/solutions\/\"},{\"@type\":\"ListItem\",\"position\":3,\"name\":\"Gaming\",\"item\":\"https:\/\/www.asipartner.com\/montreal\/solutions\/gaming\/\"},{\"@type\":\"ListItem\",\"position\":4,\"name\":\"Intel Core Architecture\"}]},{\"@type\":\"WebSite\",\"@id\":\"https:\/\/www.asipartner.com\/montreal\/#website\",\"url\":\"https:\/\/www.asipartner.com\/montreal\/\",\"name\":\"ASI Montreal\",\"description\":\"Just another ASI Partner Sites site\",\"potentialAction\":[{\"@type\":\"SearchAction\",\"target\":{\"@type\":\"EntryPoint\",\"urlTemplate\":\"https:\/\/www.asipartner.com\/montreal\/?s={search_term_string}\"},\"query-input\":{\"@type\":\"PropertyValueSpecification\",\"valueRequired\":true,\"valueName\":\"search_term_string\"}}],\"inLanguage\":\"fr-CA\"}]}<\/script>\n<!-- \/ Yoast SEO Premium plugin. -->","yoast_head_json":{"title":"Intel Core Architecture - ASI Montreal","robots":{"index":"index","follow":"follow","max-snippet":"max-snippet:-1","max-image-preview":"max-image-preview:large","max-video-preview":"max-video-preview:-1"},"canonical":"https:\/\/www.asipartner.com\/montreal\/solutions\/gaming\/intel-core-architecture\/","og_locale":"fr_CA","og_type":"article","og_title":"Intel Core Architecture","og_url":"https:\/\/www.asipartner.com\/montreal\/solutions\/gaming\/intel-core-architecture\/","og_site_name":"ASI Montreal","article_modified_time":"2021-04-07T18:20:40+00:00","twitter_card":"summary_large_image","twitter_misc":{"Estimation du temps de lecture":"7 minutes"},"schema":{"@context":"https:\/\/schema.org","@graph":[{"@type":"WebPage","@id":"https:\/\/www.asipartner.com\/montreal\/solutions\/gaming\/intel-core-architecture\/","url":"https:\/\/www.asipartner.com\/montreal\/solutions\/gaming\/intel-core-architecture\/","name":"Intel Core Architecture - ASI Montreal","isPartOf":{"@id":"https:\/\/www.asipartner.com\/montreal\/#website"},"datePublished":"2020-11-06T21:02:38+00:00","dateModified":"2021-04-07T18:20:40+00:00","breadcrumb":{"@id":"https:\/\/www.asipartner.com\/montreal\/solutions\/gaming\/intel-core-architecture\/#breadcrumb"},"inLanguage":"fr-CA","potentialAction":[{"@type":"ReadAction","target":["https:\/\/www.asipartner.com\/montreal\/solutions\/gaming\/intel-core-architecture\/"]}]},{"@type":"BreadcrumbList","@id":"https:\/\/www.asipartner.com\/montreal\/solutions\/gaming\/intel-core-architecture\/#breadcrumb","itemListElement":[{"@type":"ListItem","position":1,"name":"Home","item":"https:\/\/www.asipartner.com\/montreal\/"},{"@type":"ListItem","position":2,"name":"Solutions","item":"https:\/\/www.asipartner.com\/montreal\/solutions\/"},{"@type":"ListItem","position":3,"name":"Gaming","item":"https:\/\/www.asipartner.com\/montreal\/solutions\/gaming\/"},{"@type":"ListItem","position":4,"name":"Intel Core Architecture"}]},{"@type":"WebSite","@id":"https:\/\/www.asipartner.com\/montreal\/#website","url":"https:\/\/www.asipartner.com\/montreal\/","name":"ASI Montreal","description":"Just another ASI Partner Sites site","potentialAction":[{"@type":"SearchAction","target":{"@type":"EntryPoint","urlTemplate":"https:\/\/www.asipartner.com\/montreal\/?s={search_term_string}"},"query-input":{"@type":"PropertyValueSpecification","valueRequired":true,"valueName":"search_term_string"}}],"inLanguage":"fr-CA"}]}},"_links":{"self":[{"href":"https:\/\/www.asipartner.com\/montreal\/wp-json\/wp\/v2\/pages\/3803","targetHints":{"allow":["GET"]}}],"collection":[{"href":"https:\/\/www.asipartner.com\/montreal\/wp-json\/wp\/v2\/pages"}],"about":[{"href":"https:\/\/www.asipartner.com\/montreal\/wp-json\/wp\/v2\/types\/page"}],"author":[{"embeddable":true,"href":"https:\/\/www.asipartner.com\/montreal\/wp-json\/wp\/v2\/users\/3"}],"replies":[{"embeddable":true,"href":"https:\/\/www.asipartner.com\/montreal\/wp-json\/wp\/v2\/comments?post=3803"}],"version-history":[{"count":2,"href":"https:\/\/www.asipartner.com\/montreal\/wp-json\/wp\/v2\/pages\/3803\/revisions"}],"predecessor-version":[{"id":6719,"href":"https:\/\/www.asipartner.com\/montreal\/wp-json\/wp\/v2\/pages\/3803\/revisions\/6719"}],"up":[{"embeddable":true,"href":"https:\/\/www.asipartner.com\/montreal\/wp-json\/wp\/v2\/pages\/3788"}],"wp:attachment":[{"href":"https:\/\/www.asipartner.com\/montreal\/wp-json\/wp\/v2\/media?parent=3803"}],"curies":[{"name":"wp","href":"https:\/\/api.w.org\/{rel}","templated":true}]}}