{"id":4254,"date":"2020-11-11T15:35:26","date_gmt":"2020-11-11T23:35:26","guid":{"rendered":"http:\/\/192.168.64.113\/?page_id=4254"},"modified":"2021-04-15T19:53:29","modified_gmt":"2021-04-15T19:53:29","slug":"cross-shipment-request","status":"publish","type":"page","link":"https:\/\/www.asipartner.com\/montreal\/support\/cross-shipment-request\/","title":{"rendered":"Cross Shipment Request"},"content":{"rendered":"<div class=\"fusion-fullwidth fullwidth-box fusion-builder-row-1 fusion-flex-container nonhundred-percent-fullwidth non-hundred-percent-height-scrolling\" style=\"--awb-border-radius-top-left:0px;--awb-border-radius-top-right:0px;--awb-border-radius-bottom-right:0px;--awb-border-radius-bottom-left:0px;--awb-flex-wrap:wrap;\" ><div class=\"fusion-builder-row fusion-row fusion-flex-align-items-flex-start fusion-flex-content-wrap\" style=\"max-width:1248px;margin-left: calc(-4% \/ 2 );margin-right: calc(-4% \/ 2 );\"><div class=\"fusion-layout-column fusion_builder_column fusion-builder-column-0 fusion_builder_column_1_1 1_1 fusion-flex-column\" style=\"--awb-bg-size:cover;--awb-width-large:100%;--awb-margin-top-large:0px;--awb-spacing-right-large:1.92%;--awb-margin-bottom-large:20px;--awb-spacing-left-large:1.92%;--awb-width-medium:100%;--awb-order-medium:0;--awb-spacing-right-medium:1.92%;--awb-spacing-left-medium:1.92%;--awb-width-small:100%;--awb-order-small:0;--awb-spacing-right-small:1.92%;--awb-spacing-left-small:1.92%;\"><div class=\"fusion-column-wrapper fusion-column-has-shadow fusion-flex-justify-content-flex-start fusion-content-layout-column\"><form method=\"POST\">\r\n    <div class=\"row\">\r\n        <div class=\"col-4\">\r\n            <div class=\"form-group\">\r\n                <div class=\"input-group\">\r\n                    <div class=\"input-group-prepend\">\r\n                        <label class=\"input-group-text mb-0\" for=\"form_issued\">\r\n                            <strong>ARM \u00c9MISE<\/strong>\r\n                        <\/label>\r\n                    <\/div>\r\n                    <input type=\"text\" class=\"form-control\" id=\"form_issued\" name=\"Issued\" value=\"\" \/>\r\n                <\/div>\r\n            <\/div>\r\n        <\/div>\r\n        <div class=\"col-4\">\r\n            <div class=\"form-group\">\r\n                <div class=\"input-group\">\r\n                    <div class=\"input-group-prepend\">\r\n                        <label class=\"input-group-text mb-0\" for=\"form_case\">\r\n                            <strong>NO. DE DOSSIER TECHNIQUE<\/strong>\r\n                        <\/label>\r\n                    <\/div>\r\n                    <input type=\"text\" class=\"form-control\" id=\"form_case\" name=\"Case\" value=\"\" \/>\r\n                <\/div>\r\n            <\/div>\r\n        <\/div>\r\n    <\/div>\r\n    <div class=\"row\">\r\n        <div class=\"col-12 pt-3 pb-2\">\r\n            <strong>D\u00e9partement du Service \u00e0 la client\u00e8le d&#039;ASI<\/strong>\r\n        <\/div>\r\n        <div class=\"col-6\">\r\n            <div class=\"form-group\">\r\n                <div class=\"input-group\">\r\n                    <div class=\"input-group-prepend\">\r\n                        <label class=\"input-group-text mb-0\" for=\"form_cust_phone\">Votre t\u00e9l\u00e9phone<\/label>\r\n                    <\/div>\r\n                    <input type=\"text\" class=\"form-control\" id=\"form_cust_phone\" name=\"CustPhoneNum\" value=\"\" \/>\r\n                <\/div>\r\n            <\/div>\r\n            <div class=\"form-group\">\r\n                <div class=\"input-group\">\r\n                    <div class=\"input-group-prepend\">\r\n                        <label class=\"input-group-text mb-0\" for=\"form_cust_fax\">T\u00e9l\u00e9copieur<\/label>\r\n                    <\/div>\r\n                    <input type=\"text\" class=\"form-control\" id=\"form_cust_fax\" name=\"CustFax\" value=\"\" \/>\r\n                <\/div>\r\n            <\/div>\r\n            <div class=\"form-group\">\r\n                <div class=\"input-group\">\r\n                    <div class=\"input-group-prepend\">\r\n                        <label class=\"input-group-text mb-0\" for=\"form_cust_email\">Adresse courrie<\/label>\r\n                    <\/div>\r\n                    <input type=\"text\" class=\"form-control\" id=\"form_cust_email\" name=\"CustEmail\" value=\"\" \/>\r\n                <\/div>\r\n            <\/div>\r\n            <div class=\"form-group\">\r\n                <div class=\"input-group\">\r\n                    <div class=\"input-group-prepend\">\r\n                        <label class=\"input-group-text mb-0\" for=\"form_cust_name\">Demand\u00e9 par (votre nom)<\/label>\r\n                    <\/div>\r\n                    <input type=\"text\" class=\"form-control\" id=\"form_cust_name\" name=\"CustName\" value=\"\" \/>\r\n                <\/div>\r\n            <\/div>\r\n            <div class=\"form-group\">\r\n                <div class=\"input-group\">\r\n                    <div class=\"input-group-prepend\">\r\n                        <label class=\"input-group-text mb-0\" for=\"form_requested\">Date<\/label>\r\n                    <\/div>\r\n                    <input type=\"text\" class=\"form-control\" id=\"form_requested\" name=\"FormDate\" placeholder=\"MM\/dd\/yyyy\" value=\"04\/08\/2026\" \/>\r\n                <\/div>\r\n            <\/div>\r\n        <\/div>\r\n    <\/div>\r\n    <div class=\"row\">\r\n        <div class=\"col\">\r\n            Pour obtenir une exp\u00e9dition crois\u00e9e, le pr\u00e9sent formulaire doit \u00eatre rempli et envoy\u00e9 par courriel \u00e0            <a href=\"mailto:CrossShip@asipartner.com\">\r\n                CrossShip@asipartner.com            <\/a>\r\n        <\/div>\r\n    <\/div>\r\n    <div class=\"row\">\r\n        <div class=\"col-12 pt-3 pb-2 text-center\">\r\n            <strong>DEMANDE D&#039;EXP\u00c9DITION CROIS\u00c9E<\/strong>\r\n        <\/div>\r\n        <div class=\"col-12\">\r\n            \r\n                    Note: Only items purchased from ASI directly within 30 days of Customer&#039;s\r\n                    Invoice date or components from ASI-assembled in-warranty system and notebook PC\r\n                    (technical support case number required) qualify for cross-ship.\r\n                    We cannot advance (cross-ship) following products due to manufacturers&#039; troubleshoot requirement:\r\n                            <\/div>\r\n        <ol>\r\n            <li>\r\n                \r\n                        All brands of notebook PC, tablet PC, Netbook PC, AIO (all-in-one) PC, Desktop PC\r\n                                    <\/li>\r\n            <li>\r\n                \r\n                        Complete assembled-to-order systems (individual component may be cross-shippable with our tech-support case number)\r\n                                    <\/li>\r\n        <\/ol>\r\n        <div class=\"col-12\">\r\n            <div class=\"form-inline\">\r\n                Nous,                <input type=\"text\" class=\"form-control form-control-sm ml-2 mr-2\" name=\"Content1\" value=\"\" \/>\r\n                , avons re\u00e7u un produit d\u00e9fectueux figurant sur la facture no.                <input type=\"text\" class=\"form-control form-control-sm ml-2 mr-2\" name=\"Content2\" value=\"\" \/>\r\n                et demandez par la pr\u00e9sente qu\u2019ASI nous croise l\u2019article suivant.            <\/div>\r\n            \r\n                    All Cross-ship will be shipped via Ground unless otherwise requested by customer.\r\n                    Note: Customer must pay for difference in shipping cost if requesting next day or 2nd day delivery.\r\n                    Please specify if you request shipment other than Ground.\r\n                            <\/div>\r\n    <\/div>\r\n    <div class=\"row\">\r\n        <div class=\"col-6\">\r\n            <div class=\"form-group\">\r\n                <div class=\"input-group\">\r\n                    <div class=\"input-group-prepend\">\r\n                        <label class=\"input-group-text mb-0\" for=\"form_branch\">Veuillez s\u00e9lectionner une branche<\/label>\r\n                    <\/div>\r\n                    <select class=\"form-control\" id=\"form_branch\" name=\"Branch\">\r\n                        <option value=\"\">Please Select<\/option>\r\n                        <option value=\"Toronto\/Montr\u00e9al\">Toronto\/Montr\u00e9al<\/option><option value=\"Vancouver\">Vancouver<\/option>                    <\/select>\r\n                <\/div>\r\n            <\/div>\r\n        <\/div>\r\n        <div class=\"col-12\">\r\n            <div class=\"form-group\">\r\n                <div class=\"input-group\">\r\n                    <div class=\"input-group-prepend\">\r\n                        <label class=\"input-group-text mb-0\" for=\"form_cust_address\">Veuillez inscrire ici votre adresse de livraison<\/label>\r\n                    <\/div>\r\n                    <input type=\"text\" class=\"form-control\" id=\"form_cust_address\" name=\"CustAddress\" value=\"\" \/>\r\n                <\/div>\r\n            <\/div>\r\n        <\/div>\r\n    <\/div>\r\n    <table class=\"table table-sm table-bordered\">\r\n        <thead>\r\n            <tr>\r\n                <th class=\"text-center\">\r\n                    NO. D'ARTICLE ASI                <\/th>\r\n                <th class=\"text-center\">\r\n                    QUANTIT\u00c9                <\/th>\r\n                <th class=\"text-center\">\r\n                    RAISON POUR L'EXP\u00c9DITION CROIS\u00c9E <br \/> (DESCRIPTION DU PROBL\u00c8ME)                <\/th>\r\n                <th class=\"text-center\">\r\n                    NUM\u00c9RO DE S\u00c9RIE                <\/th>\r\n            <\/tr>\r\n        <\/thead>\r\n                    <tr>\r\n                <td>\r\n                    <label class=\"d-none\" for=\"lines[0]_sku\"><\/label>\r\n                    <input type=\"text\" class=\"form-control\" id=\"lines[0]_sku\" name=\"Lines[0][itemNumber]\" value=\"\" \/>\r\n                <\/td>\r\n                <td>\r\n                    <label class=\"d-none\" for=\"lines[0]_qty\"><\/label>\r\n                    <input type=\"text\" class=\"form-control\" id=\"lines[0]_qty\" name=\"Lines[0][qty]\" value=\"\" \/>\r\n                <\/td>\r\n                <td>\r\n                    <label class=\"d-none\" for=\"lines[0]_reason\"><\/label>\r\n                    <input type=\"text\" class=\"form-control\" id=\"lines[0]_reason\" name=\"Lines[0][reason]\" value=\"\" \/>\r\n                <\/td>\r\n                <td>\r\n                    <label class=\"d-none\" for=\"lines[0]_sn\"><\/label>\r\n                    <input type=\"text\" class=\"form-control\" id=\"lines[0]_sn\" name=\"Lines[0][snNumber]\" value=\"\" \/>\r\n                <\/td>\r\n            <\/tr>\r\n                        <tr>\r\n                <td>\r\n                    <label class=\"d-none\" for=\"lines[1]_sku\"><\/label>\r\n                    <input type=\"text\" class=\"form-control\" id=\"lines[1]_sku\" name=\"Lines[1][itemNumber]\" value=\"\" \/>\r\n                <\/td>\r\n                <td>\r\n                    <label class=\"d-none\" for=\"lines[1]_qty\"><\/label>\r\n                    <input type=\"text\" class=\"form-control\" id=\"lines[1]_qty\" name=\"Lines[1][qty]\" value=\"\" \/>\r\n                <\/td>\r\n                <td>\r\n                    <label class=\"d-none\" for=\"lines[1]_reason\"><\/label>\r\n                    <input type=\"text\" class=\"form-control\" id=\"lines[1]_reason\" name=\"Lines[1][reason]\" value=\"\" \/>\r\n                <\/td>\r\n                <td>\r\n                    <label class=\"d-none\" for=\"lines[1]_sn\"><\/label>\r\n                    <input type=\"text\" class=\"form-control\" id=\"lines[1]_sn\" name=\"Lines[1][snNumber]\" value=\"\" \/>\r\n                <\/td>\r\n            <\/tr>\r\n                        <tr>\r\n                <td>\r\n                    <label class=\"d-none\" for=\"lines[2]_sku\"><\/label>\r\n                    <input type=\"text\" class=\"form-control\" id=\"lines[2]_sku\" name=\"Lines[2][itemNumber]\" value=\"\" \/>\r\n                <\/td>\r\n                <td>\r\n                    <label class=\"d-none\" for=\"lines[2]_qty\"><\/label>\r\n                    <input type=\"text\" class=\"form-control\" id=\"lines[2]_qty\" name=\"Lines[2][qty]\" value=\"\" \/>\r\n                <\/td>\r\n                <td>\r\n                    <label class=\"d-none\" for=\"lines[2]_reason\"><\/label>\r\n                    <input type=\"text\" class=\"form-control\" id=\"lines[2]_reason\" name=\"Lines[2][reason]\" value=\"\" \/>\r\n                <\/td>\r\n                <td>\r\n                    <label class=\"d-none\" for=\"lines[2]_sn\"><\/label>\r\n                    <input type=\"text\" class=\"form-control\" id=\"lines[2]_sn\" name=\"Lines[2][snNumber]\" value=\"\" \/>\r\n                <\/td>\r\n            <\/tr>\r\n                        <tr>\r\n                <td>\r\n                    <label class=\"d-none\" for=\"lines[3]_sku\"><\/label>\r\n                    <input type=\"text\" class=\"form-control\" id=\"lines[3]_sku\" name=\"Lines[3][itemNumber]\" value=\"\" \/>\r\n                <\/td>\r\n                <td>\r\n                    <label class=\"d-none\" for=\"lines[3]_qty\"><\/label>\r\n                    <input type=\"text\" class=\"form-control\" id=\"lines[3]_qty\" name=\"Lines[3][qty]\" value=\"\" \/>\r\n                <\/td>\r\n                <td>\r\n                    <label class=\"d-none\" for=\"lines[3]_reason\"><\/label>\r\n                    <input type=\"text\" class=\"form-control\" id=\"lines[3]_reason\" name=\"Lines[3][reason]\" value=\"\" \/>\r\n                <\/td>\r\n                <td>\r\n                    <label class=\"d-none\" for=\"lines[3]_sn\"><\/label>\r\n                    <input type=\"text\" class=\"form-control\" id=\"lines[3]_sn\" name=\"Lines[3][snNumber]\" value=\"\" \/>\r\n                <\/td>\r\n            <\/tr>\r\n                <\/table>\r\n    <div class=\"row\">\r\n        <div class=\"col-12\">\r\n            <strong>\r\n                    We fully understand and agree to the following cross-shipment terms\/conditions\r\n                    from ASI.\r\n                    <\/strong>\r\n        <\/div>\r\n        <ol style=\"margin: 5px 0\">\r\n            <li>\r\n                \r\n                        In the event that the items returned under cross-shipment are tested good and functional without \r\n                        the claimed defect, ASI has the right to invoice us for the shipping fee incurred in the cross-shipment \r\n                        plus a 15% restocking fee.\r\n                                    <\/li>\r\n            <li>\r\n                \r\n                        Defective items under cross-shipment must be received by ASI within 10 days from the date of cross-shipment\r\n                        for full credit.  Items received after 10 days will be charged a 15% restocking fee. \r\n                        No credit will be issued for items received over 30 days from ASI customer original invoice date.\r\n                                    <\/li>\r\n            <li>\r\n                \r\n                        Return freight and insurance cost are the responsibility of customer as stated in our \r\n                        &quot;Terms and Conditions&quot; section 11 in back of invoice. However, ASI does provide pre-paid return \r\n                        label for ASI-assembled notebook PC and its component as long as it is under warranty.\r\n                                    <\/li>\r\n            <li>\r\n                \r\n                        Full amount of the replacement will be billed to customer\u2019s account upon shipping,\r\n                        and be credited upon receiving of the defective items. Credit Card, Cash, or COD\r\n                        term customers must provide valid credit card number, which will be charged first\r\n                        and credited upon return as well.\r\n                        ASI has the right to hold all pending sales\r\n                        orders until the cross-shipment has been received and the appropriate restocking\r\n                        fee is settled in full.\r\n                                    <\/li>\r\n            <li>\r\n                \r\n                        For any physical damaged products, please contact Customer Service.\r\n                                    <\/li>\r\n        <\/ol>\r\n    <\/div>\r\n    <div class=\"row\">\r\n        <div class=\"col-lg-9 col-md-8 col-sm-9\">\r\n            <div class=\"input-group\">\r\n                <div class=\"input-group-prepend\">\r\n                    <label class=\"input-group-text mb-0\" for=\"form_card_number\">\r\n                        Num\u00e9ro de carte de cr\u00e9dit Mastercard ou VISA :                    <\/label>\r\n                <\/div>\r\n                <input type=\"text\" class=\"form-control\" id=\"form_card_number\" name=\"CreditCardNumber\" value=\"\" \/>\r\n            <\/div>\r\n        <\/div>\r\n        <div class=\"col-lg-3 col-md-4 col-sm-3\">\r\n            <div class=\"input-group\">\r\n                <div class=\"input-group-prepend\">\r\n                    <label class=\"input-group-text mb-0\" for=\"form_cust_exp\">\r\n                        Date d&#039;expiration :                    <\/label>\r\n                <\/div>\r\n                <input type=\"text\" class=\"form-control\" id=\"form_cust_exe\" name=\"CreditCardExpDate\" value=\"\" \/>\r\n            <\/div>\r\n        <\/div>\r\n    <\/div>\r\n    <div class=\"row\">\r\n        <div class=\"col-12 pt-2 pb-2\">\r\n            <strong>\r\n                        Please sign once you have read and agreed to the ASI&#039;s cross-shipment terms\/conditions.\r\n                                    <\/strong>\r\n        <\/div>\r\n        <div class=\"col-3\">\r\n            <div class=\"input-group\">\r\n                <div class=\"input-group-prepend\">\r\n                    <label class=\"input-group-text mb-0\" for=\"form_cust_sign\">\r\n                        Signature:                    <\/label>\r\n                <\/div>\r\n                <input type=\"text\" id=\"form_cust_sign\" class=\"form-control\" readonly \/>\r\n            <\/div>\r\n        <\/div>\r\n        <div class=\"col-3\">\r\n            <div class=\"input-group\">\r\n                <div class=\"input-group-prepend\">\r\n                    <label class=\"input-group-text mb-0\" for=\"form_fill_date\">\r\n                        Date:                    <\/label>\r\n                <\/div>\r\n                <input type=\"text\" class=\"form-control\" id=\"form_fill_date\" name=\"DateNow\" value=\"04\/08\/2026\" \/>\r\n            <\/div>\r\n        <\/div>\r\n        <div class=\"col-6\">\r\n            <div class=\"input-group\">\r\n                <div class=\"input-group-prepend\">\r\n                    <label class=\"input-group-text mb-0\" for=\"form_fill_name\">\r\n                        Agent autoris\u00e9 (nom en lettres moul\u00e9es) :                    <\/label>\r\n                <\/div>\r\n                <input type=\"text\" class=\"form-control\" id=\"form_fill_name\" name=\"PrintName\" value=\"\" \/>\r\n            <\/div>\r\n        <\/div>\r\n    <\/div>\r\n    <div class=\"row\">\r\n        <div class=\"col-12 pt-2 pb-2\">\r\n            <strong>\r\n                        NOTE: Fill in all above information. If the information is incomplete or does not match our records,\r\n                        this may delay your cross-shipment.\r\n                                    <\/strong>\r\n        <\/div>\r\n    <\/div>\r\n    <hr \/>\r\n    <div class=\"row\">\r\n        <div class=\"col-12 pt-2 pb-2\">\r\n            <button type=\"submit\" name=\"step\" value=\"1\" class=\"fusion-button fusion-button-default-span button-flat button-large button-default button-1\">\r\n                G\u00e9n\u00e9rer un formulaire rempli            <\/button>\r\n        <\/div>\r\n        <div class=\"col-12 pt-2 pb-2\">\r\n            <strong>\r\n                        Clicking the &#039;Generate completed form&#039; button will let you view the final completed form.\r\n                        Please verify information on it. Then download it in PDF format, print,\r\n                        sign, scan and email it to \r\n                                    <\/strong>\r\n            <a href=\"mailto:CrossShip@asipartner.com\">\r\n                <strong>CrossShip@asipartner.com<\/strong>\r\n            <\/a>.\r\n            <strong>\r\n                Vos renseignements ne seront stock\u00e9s dans aucune base de donn\u00e9es.            <\/strong>\r\n        <\/div>\r\n    <\/div>\r\n<\/form><\/div><\/div><\/div><\/div>\n","protected":false},"excerpt":{"rendered":"","protected":false},"author":1,"featured_media":0,"parent":3467,"menu_order":0,"comment_status":"closed","ping_status":"closed","template":"100-width.php","meta":{"content-type":"","_monsterinsights_skip_tracking":false,"_monsterinsights_sitenote_active":false,"_monsterinsights_sitenote_note":"","_monsterinsights_sitenote_category":0,"footnotes":""},"class_list":["post-4254","page","type-page","status-publish","hentry"],"yoast_head":"<!-- This site is optimized with the Yoast SEO Premium plugin v26.3 (Yoast SEO v26.3) - https:\/\/yoast.com\/wordpress\/plugins\/seo\/ -->\n<title>Cross Shipment Request - ASI Montreal<\/title>\n<meta name=\"robots\" content=\"index, follow, max-snippet:-1, max-image-preview:large, max-video-preview:-1\" \/>\n<link rel=\"canonical\" href=\"https:\/\/www.asipartner.com\/montreal\/support\/cross-shipment-request\/\" \/>\n<meta property=\"og:locale\" content=\"fr_CA\" \/>\n<meta property=\"og:type\" content=\"article\" \/>\n<meta property=\"og:title\" content=\"Cross Shipment Request\" \/>\n<meta property=\"og:url\" content=\"https:\/\/www.asipartner.com\/montreal\/support\/cross-shipment-request\/\" \/>\n<meta property=\"og:site_name\" content=\"ASI Montreal\" \/>\n<meta property=\"article:modified_time\" content=\"2021-04-15T19:53:29+00:00\" \/>\n<meta name=\"twitter:card\" content=\"summary_large_image\" \/>\n<meta name=\"twitter:label1\" content=\"Estimation du temps de lecture\" \/>\n\t<meta name=\"twitter:data1\" content=\"2 minutes\" \/>\n<script type=\"application\/ld+json\" class=\"yoast-schema-graph\">{\"@context\":\"https:\/\/schema.org\",\"@graph\":[{\"@type\":\"WebPage\",\"@id\":\"https:\/\/www.asipartner.com\/montreal\/support\/cross-shipment-request\/\",\"url\":\"https:\/\/www.asipartner.com\/montreal\/support\/cross-shipment-request\/\",\"name\":\"Cross Shipment Request - ASI Montreal\",\"isPartOf\":{\"@id\":\"https:\/\/www.asipartner.com\/montreal\/#website\"},\"datePublished\":\"2020-11-11T23:35:26+00:00\",\"dateModified\":\"2021-04-15T19:53:29+00:00\",\"breadcrumb\":{\"@id\":\"https:\/\/www.asipartner.com\/montreal\/support\/cross-shipment-request\/#breadcrumb\"},\"inLanguage\":\"fr-CA\",\"potentialAction\":[{\"@type\":\"ReadAction\",\"target\":[\"https:\/\/www.asipartner.com\/montreal\/support\/cross-shipment-request\/\"]}]},{\"@type\":\"BreadcrumbList\",\"@id\":\"https:\/\/www.asipartner.com\/montreal\/support\/cross-shipment-request\/#breadcrumb\",\"itemListElement\":[{\"@type\":\"ListItem\",\"position\":1,\"name\":\"Home\",\"item\":\"https:\/\/www.asipartner.com\/montreal\/\"},{\"@type\":\"ListItem\",\"position\":2,\"name\":\"Support\",\"item\":\"https:\/\/www.asipartner.com\/montreal\/support\/\"},{\"@type\":\"ListItem\",\"position\":3,\"name\":\"Cross Shipment Request\"}]},{\"@type\":\"WebSite\",\"@id\":\"https:\/\/www.asipartner.com\/montreal\/#website\",\"url\":\"https:\/\/www.asipartner.com\/montreal\/\",\"name\":\"ASI Montreal\",\"description\":\"Just another ASI Partner Sites site\",\"potentialAction\":[{\"@type\":\"SearchAction\",\"target\":{\"@type\":\"EntryPoint\",\"urlTemplate\":\"https:\/\/www.asipartner.com\/montreal\/?s={search_term_string}\"},\"query-input\":{\"@type\":\"PropertyValueSpecification\",\"valueRequired\":true,\"valueName\":\"search_term_string\"}}],\"inLanguage\":\"fr-CA\"}]}<\/script>\n<!-- \/ Yoast SEO Premium plugin. -->","yoast_head_json":{"title":"Cross Shipment Request - ASI Montreal","robots":{"index":"index","follow":"follow","max-snippet":"max-snippet:-1","max-image-preview":"max-image-preview:large","max-video-preview":"max-video-preview:-1"},"canonical":"https:\/\/www.asipartner.com\/montreal\/support\/cross-shipment-request\/","og_locale":"fr_CA","og_type":"article","og_title":"Cross Shipment Request","og_url":"https:\/\/www.asipartner.com\/montreal\/support\/cross-shipment-request\/","og_site_name":"ASI Montreal","article_modified_time":"2021-04-15T19:53:29+00:00","twitter_card":"summary_large_image","twitter_misc":{"Estimation du temps de lecture":"2 minutes"},"schema":{"@context":"https:\/\/schema.org","@graph":[{"@type":"WebPage","@id":"https:\/\/www.asipartner.com\/montreal\/support\/cross-shipment-request\/","url":"https:\/\/www.asipartner.com\/montreal\/support\/cross-shipment-request\/","name":"Cross Shipment Request - ASI Montreal","isPartOf":{"@id":"https:\/\/www.asipartner.com\/montreal\/#website"},"datePublished":"2020-11-11T23:35:26+00:00","dateModified":"2021-04-15T19:53:29+00:00","breadcrumb":{"@id":"https:\/\/www.asipartner.com\/montreal\/support\/cross-shipment-request\/#breadcrumb"},"inLanguage":"fr-CA","potentialAction":[{"@type":"ReadAction","target":["https:\/\/www.asipartner.com\/montreal\/support\/cross-shipment-request\/"]}]},{"@type":"BreadcrumbList","@id":"https:\/\/www.asipartner.com\/montreal\/support\/cross-shipment-request\/#breadcrumb","itemListElement":[{"@type":"ListItem","position":1,"name":"Home","item":"https:\/\/www.asipartner.com\/montreal\/"},{"@type":"ListItem","position":2,"name":"Support","item":"https:\/\/www.asipartner.com\/montreal\/support\/"},{"@type":"ListItem","position":3,"name":"Cross Shipment Request"}]},{"@type":"WebSite","@id":"https:\/\/www.asipartner.com\/montreal\/#website","url":"https:\/\/www.asipartner.com\/montreal\/","name":"ASI Montreal","description":"Just another ASI Partner Sites site","potentialAction":[{"@type":"SearchAction","target":{"@type":"EntryPoint","urlTemplate":"https:\/\/www.asipartner.com\/montreal\/?s={search_term_string}"},"query-input":{"@type":"PropertyValueSpecification","valueRequired":true,"valueName":"search_term_string"}}],"inLanguage":"fr-CA"}]}},"_links":{"self":[{"href":"https:\/\/www.asipartner.com\/montreal\/wp-json\/wp\/v2\/pages\/4254","targetHints":{"allow":["GET"]}}],"collection":[{"href":"https:\/\/www.asipartner.com\/montreal\/wp-json\/wp\/v2\/pages"}],"about":[{"href":"https:\/\/www.asipartner.com\/montreal\/wp-json\/wp\/v2\/types\/page"}],"author":[{"embeddable":true,"href":"https:\/\/www.asipartner.com\/montreal\/wp-json\/wp\/v2\/users\/1"}],"replies":[{"embeddable":true,"href":"https:\/\/www.asipartner.com\/montreal\/wp-json\/wp\/v2\/comments?post=4254"}],"version-history":[{"count":1,"href":"https:\/\/www.asipartner.com\/montreal\/wp-json\/wp\/v2\/pages\/4254\/revisions"}],"predecessor-version":[{"id":6800,"href":"https:\/\/www.asipartner.com\/montreal\/wp-json\/wp\/v2\/pages\/4254\/revisions\/6800"}],"up":[{"embeddable":true,"href":"https:\/\/www.asipartner.com\/montreal\/wp-json\/wp\/v2\/pages\/3467"}],"wp:attachment":[{"href":"https:\/\/www.asipartner.com\/montreal\/wp-json\/wp\/v2\/media?parent=4254"}],"curies":[{"name":"wp","href":"https:\/\/api.w.org\/{rel}","templated":true}]}}