{"id":4264,"date":"2020-11-12T03:19:39","date_gmt":"2020-11-12T11:19:39","guid":{"rendered":"http:\/\/192.168.64.113\/?page_id=4264"},"modified":"2021-04-19T14:47:17","modified_gmt":"2021-04-19T14:47:17","slug":"discrepancy-damage-notification","status":"publish","type":"page","link":"https:\/\/www.asipartner.com\/montreal\/support\/discrepancy-damage-notification\/","title":{"rendered":"Discrepancy\/Damage Notification"},"content":{"rendered":"<div class=\"fusion-fullwidth fullwidth-box fusion-builder-row-1 fusion-flex-container nonhundred-percent-fullwidth non-hundred-percent-height-scrolling\" style=\"--awb-border-radius-top-left:0px;--awb-border-radius-top-right:0px;--awb-border-radius-bottom-right:0px;--awb-border-radius-bottom-left:0px;--awb-flex-wrap:wrap;\" ><div class=\"fusion-builder-row fusion-row fusion-flex-align-items-flex-start fusion-flex-content-wrap\" style=\"max-width:1248px;margin-left: calc(-4% \/ 2 );margin-right: calc(-4% \/ 2 );\"><div class=\"fusion-layout-column fusion_builder_column fusion-builder-column-0 fusion_builder_column_1_1 1_1 fusion-flex-column\" style=\"--awb-bg-size:cover;--awb-width-large:100%;--awb-margin-top-large:0px;--awb-spacing-right-large:1.92%;--awb-margin-bottom-large:20px;--awb-spacing-left-large:1.92%;--awb-width-medium:100%;--awb-order-medium:0;--awb-spacing-right-medium:1.92%;--awb-spacing-left-medium:1.92%;--awb-width-small:100%;--awb-order-small:0;--awb-spacing-right-small:1.92%;--awb-spacing-left-small:1.92%;\"><div class=\"fusion-column-wrapper fusion-column-has-shadow fusion-flex-justify-content-flex-start fusion-content-layout-column\"><form method=\"POST\">\r\n    <div class=\"row\">\r\n        <div class=\"col-6\">\r\n            <p>\r\n                <strong>Vos renseignements<\/strong>\r\n            <\/p>\r\n            <div class=\"form-group\">\r\n                <div class=\"input-group\">\r\n                    <div class=\"input-group-prepend\">\r\n                        <label class=\"input-group-text mb-0\" for=\"form_requested\">Date de la demande<\/label>\r\n                    <\/div>\r\n                    <input type=\"text\" class=\"form-control\" id=\"form_requested\" name=\"RequestDate\" value=\"04\/08\/2026 05:12:32\" readonly \/>\r\n                <\/div>\r\n            <\/div>\r\n            <div class=\"form-group\">\r\n                <div class=\"input-group\">\r\n                    <div class=\"input-group-prepend\">\r\n                        <label class=\"input-group-text mb-0\" for=\"form_custid\">No. de client<\/label>\r\n                    <\/div>\r\n                    <input type=\"text\" class=\"form-control\" id=\"form_custid\" name=\"CustNumber\" value=\"\" \/>\r\n                <\/div>\r\n            <\/div>\r\n            <div class=\"form-group\">\r\n                <div class=\"input-group\">\r\n                    <div class=\"input-group-prepend\">\r\n                        <label class=\"input-group-text mb-0\" for=\"form_company\">Nom de l&#039;entreprise<\/label>\r\n                    <\/div>\r\n                    <input type=\"text\" class=\"form-control\" id=\"form_company\" name=\"CompanyName\" value=\"\" \/>\r\n                <\/div>\r\n            <\/div>\r\n            <div class=\"form-group\">\r\n                <div class=\"input-group\">\r\n                    <div class=\"input-group-prepend\">\r\n                        <label class=\"input-group-text mb-0\" for=\"form_name\">Nom du contact<\/label>\r\n                    <\/div>\r\n                    <input type=\"text\" class=\"form-control\" id=\"form_name\" name=\"ContactName\" value=\"\" \/>\r\n                <\/div>\r\n            <\/div>\r\n            <div class=\"form-group\">\r\n                <div class=\"input-group\">\r\n                    <div class=\"input-group-prepend\">\r\n                        <label class=\"input-group-text mb-0\" for=\"form_email\">Courriel<\/label>\r\n                    <\/div>\r\n                    <input type=\"text\" class=\"form-control\" id=\"form_email\" name=\"Email\" maxlength=\"50\" value=\"\" \/>\r\n                <\/div>\r\n            <\/div>\r\n            <div class=\"form-group\">\r\n                <div class=\"input-group\">\r\n                    <div class=\"input-group-prepend\">\r\n                        <label class=\"input-group-text mb-0\" for=\"form_phone\">T\u00e9l\u00e9phone<\/label>\r\n                    <\/div>\r\n                    <input type=\"text\" class=\"form-control\" id=\"form_phone\" name=\"Phone\" maxlength=\"20\" value=\"\" \/>\r\n                <\/div>\r\n            <\/div>\r\n        <\/div>\r\n        <div class=\"col-6\">\r\n            <p>\r\n                <strong>Votre exp\u00e9dition \u00e0<\/strong>\r\n            <\/p>\r\n            <div class=\"form-group\">\r\n                <div class=\"input-group\">\r\n                    <div class=\"input-group-prepend\">\r\n                        <label class=\"input-group-text mb-0\" for=\"form_address1\">Adresse 1<\/label>\r\n                    <\/div>\r\n                    <input type=\"text\" class=\"form-control\" id=\"form_address1\" name=\"Address1\" maxlength=\"80\" value=\"\" \/>\r\n                <\/div>\r\n            <\/div>\r\n            <div class=\"form-group\">\r\n                <div class=\"input-group\">\r\n                    <div class=\"input-group-prepend\">\r\n                        <label class=\"input-group-text mb-0\" for=\"form_address2\">Adresse 2<\/label>\r\n                    <\/div>\r\n                    <input type=\"text\" class=\"form-control\" id=\"form_address2\" name=\"Address2\" maxlength=\"80\" value=\"\" \/>\r\n                <\/div>\r\n            <\/div>\r\n            <div class=\"form-group\">\r\n                <div class=\"input-group\">\r\n                    <div class=\"input-group-prepend\">\r\n                        <label class=\"input-group-text mb-0\" for=\"form_city\">Ville<\/label>\r\n                    <\/div>\r\n                    <input type=\"text\" class=\"form-control\" id=\"form_city\" name=\"City\" maxlength=\"50\" value=\"\" \/>\r\n                <\/div>\r\n            <\/div>\r\n            <div class=\"form-group\">\r\n                <div class=\"input-group\">\r\n                    <div class=\"input-group-prepend\">\r\n                        <label class=\"input-group-text mb-0\" for=\"form_state\">\u00c9tat\/Province<\/label>\r\n                    <\/div>\r\n                    <input type=\"text\" class=\"form-control\" id=\"form_state\" name=\"State\" maxlength=\"10\" value=\"\" \/>\r\n                <\/div>\r\n            <\/div>\r\n            <div class=\"form-group\">\r\n                <div class=\"input-group\">\r\n                    <div class=\"input-group-prepend\">\r\n                        <label class=\"input-group-text mb-0\" for=\"form_zip\">Code postal<\/label>\r\n                    <\/div>\r\n                    <input type=\"text\" class=\"form-control\" id=\"form_zip\" name=\"Zip\" maxlength=\"50\" value=\"\" \/>\r\n                <\/div>\r\n            <\/div>\r\n            <div class=\"form-group\">\r\n                <div class=\"input-group\">\r\n                    <div class=\"input-group-prepend\">\r\n                        <label class=\"input-group-text mb-0\" for=\"form_country\">Pays<\/label>\r\n                    <\/div>\r\n                    <input type=\"text\" class=\"form-control\" id=\"form_country\" name=\"Country\" maxlength=\"50\" value=\"\" \/>\r\n                <\/div>\r\n            <\/div>\r\n        <\/div>\r\n    <\/div>\r\n    <div class=\"form-group\">\r\n        <label>\r\n            <strong>S\u00e9lectionnez le probl\u00e8me rencontr\u00e9 :<\/strong>\r\n        <\/label>\r\n        <div class=\"form-check\">\r\n            <input class=\"form-check-input\" id=\"form_issue_missing\" type=\"checkbox\" value=\"1\" name=\"IssueMissing\" \/>\r\n            <label class=\"form-check-label\" for=\"form_issue_missing\">\r\n                Article manquant            <\/label>\r\n        <\/div>\r\n        <div class=\"form-check\">\r\n            <input class=\"form-check-input\" id=\"form_issue_wrong\" type=\"checkbox\" value=\"1\" name=\"IssueWrongItem\" \/>\r\n            <label class=\"form-check-label\" for=\"form_issue_wrong\">\r\n                Mauvais article            <\/label>\r\n        <\/div>\r\n        <div class=\"form-check\">\r\n            <input class=\"form-check-input\" id=\"form_issue_damage\" type=\"checkbox\" value=\"1\" name=\"IssueShippingDamage\" \/>\r\n            <label class=\"form-check-label\" for=\"form_issue_damage\">\r\n                Dommage lors de l'exp\u00e9dition            <\/label>\r\n        <\/div>\r\n        <div class=\"form-row\">\r\n            <div class=\"col-auto\">\r\n                <div class=\"form-check\">\r\n                    <input class=\"form-check-input\" id=\"form_issue_other\" type=\"checkbox\" value=\"1\" name=\"IssueOther\" \/>\r\n                    <label class=\"form-check-label\" for=\"form_issue_other\">\r\n                        Autre\uff1a                    <\/label>\r\n                <\/div>\r\n            <\/div>\r\n            <div class=\"col-auto\">\r\n                <input type=\"text\" class=\"form-control form-control-sm\" name=\"IssueOtherText\" maxlength=\"20\" value=\"\" \/>\r\n            <\/div>\r\n        <\/div>\r\n    <\/div>\r\n    <div class=\"form-group\">\r\n        <label for=\"form_description\">\r\n            <strong>Description des probl\u00e8mes :<\/strong>\r\n        <\/label>\r\n        <textarea type=\"email\" class=\"form-control\" id=\"form_description\" name=\"Description\" rows=\"3\" maxlength=\"500\"><\/textarea>\r\n    <\/div>\r\n    <div class=\"row\">\r\n        <div class=\"col-6\">\r\n            <p>\r\n                <strong>Information sur la commande<\/strong>\r\n            <\/p>\r\n            <div class=\"form-group\">\r\n                <div class=\"input-group\">\r\n                    <div class=\"input-group-prepend\">\r\n                        <label class=\"input-group-text mb-0\" for=\"form_invoice\">No. de facture<\/label>\r\n                    <\/div>\r\n                    <input type=\"text\" class=\"form-control\" id=\"form_invoice\" name=\"InvoiceNumber\" maxlength=\"50\" value=\"\" \/>\r\n                <\/div>\r\n            <\/div>\r\n            <div class=\"form-group\">\r\n                <div class=\"input-group\">\r\n                    <div class=\"input-group-prepend\">\r\n                        <label class=\"input-group-text mb-0\" for=\"form_sku\">No. de l&#039;article\/UGS<\/label>\r\n                    <\/div>\r\n                    <input type=\"text\" class=\"form-control\" id=\"form_sku\" name=\"SkuNumber\" maxlength=\"50\" value=\"\" \/>\r\n                <\/div>\r\n            <\/div>\r\n            <div class=\"form-group\">\r\n                <div class=\"input-group\">\r\n                    <div class=\"input-group-prepend\">\r\n                        <label class=\"input-group-text mb-0\" for=\"form_qty\">Quantit\u00e9<\/label>\r\n                    <\/div>\r\n                    <input type=\"text\" class=\"form-control\" id=\"form_qty\" name=\"Qty\" value=\"\" \/>\r\n                <\/div>\r\n            <\/div>\r\n            <div class=\"form-group\">\r\n                <div class=\"input-group\">\r\n                    <div class=\"input-group-prepend\">\r\n                        <label class=\"input-group-text mb-0\" for=\"form_branch\">Veuillez s\u00e9lectionner une branche<\/label>\r\n                    <\/div>\r\n                    <select class=\"form-control\" id=\"form_branch\" name=\"Branch\">\r\n                        <option value=\"\">Please Select<\/option>\r\n                        <option value=\"Toronto\/Montr\u00e9al\">Toronto\/Montr\u00e9al<\/option><option value=\"Vancouver\">Vancouver<\/option>                    <\/select>\r\n                <\/div>\r\n            <\/div>\r\n        <\/div>\r\n        <div class=\"col-6\">\r\n            <div class=\"form-group\">\r\n                <label for=\"form_comments\">\r\n                    <strong>Autres commentaires :<\/strong>\r\n                <\/label>\r\n                <textarea type=\"email\" class=\"form-control align-self-stretch\" id=\"form_comments\" name=\"Comments\" rows=\"3\"><\/textarea>\r\n            <\/div>\r\n        <\/div>\r\n    <\/div>\r\n    <div class=\"row\">\r\n        <div class=\"col-12 pt-2 pb-2\">\r\n            <button type=\"submit\" class=\"fusion-button fusion-button-default-span button-flat button-large button-default button-1\">\r\n                Envoyer le formulaire            <\/button>\r\n        <\/div>\r\n    <\/div>\r\n<\/form><\/div><\/div><\/div><\/div>\n","protected":false},"excerpt":{"rendered":"","protected":false},"author":1,"featured_media":0,"parent":3467,"menu_order":0,"comment_status":"closed","ping_status":"closed","template":"100-width.php","meta":{"content-type":"","_monsterinsights_skip_tracking":false,"_monsterinsights_sitenote_active":false,"_monsterinsights_sitenote_note":"","_monsterinsights_sitenote_category":0,"footnotes":""},"class_list":["post-4264","page","type-page","status-publish","hentry"],"yoast_head":"<!-- This site is optimized with the Yoast SEO Premium plugin v26.3 (Yoast SEO v26.3) - https:\/\/yoast.com\/wordpress\/plugins\/seo\/ -->\n<title>Discrepancy\/Damage Notification - ASI Montreal<\/title>\n<meta name=\"robots\" content=\"index, follow, max-snippet:-1, max-image-preview:large, max-video-preview:-1\" \/>\n<link rel=\"canonical\" href=\"https:\/\/www.asipartner.com\/montreal\/support\/discrepancy-damage-notification\/\" \/>\n<meta property=\"og:locale\" content=\"fr_CA\" \/>\n<meta property=\"og:type\" content=\"article\" \/>\n<meta property=\"og:title\" content=\"Discrepancy\/Damage Notification\" \/>\n<meta property=\"og:url\" content=\"https:\/\/www.asipartner.com\/montreal\/support\/discrepancy-damage-notification\/\" \/>\n<meta property=\"og:site_name\" content=\"ASI Montreal\" \/>\n<meta property=\"article:modified_time\" content=\"2021-04-19T14:47:17+00:00\" \/>\n<meta name=\"twitter:card\" content=\"summary_large_image\" \/>\n<meta name=\"twitter:label1\" content=\"Estimation du temps de lecture\" \/>\n\t<meta name=\"twitter:data1\" content=\"2 minutes\" \/>\n<script type=\"application\/ld+json\" class=\"yoast-schema-graph\">{\"@context\":\"https:\/\/schema.org\",\"@graph\":[{\"@type\":\"WebPage\",\"@id\":\"https:\/\/www.asipartner.com\/montreal\/support\/discrepancy-damage-notification\/\",\"url\":\"https:\/\/www.asipartner.com\/montreal\/support\/discrepancy-damage-notification\/\",\"name\":\"Discrepancy\/Damage Notification - ASI Montreal\",\"isPartOf\":{\"@id\":\"https:\/\/www.asipartner.com\/montreal\/#website\"},\"datePublished\":\"2020-11-12T11:19:39+00:00\",\"dateModified\":\"2021-04-19T14:47:17+00:00\",\"breadcrumb\":{\"@id\":\"https:\/\/www.asipartner.com\/montreal\/support\/discrepancy-damage-notification\/#breadcrumb\"},\"inLanguage\":\"fr-CA\",\"potentialAction\":[{\"@type\":\"ReadAction\",\"target\":[\"https:\/\/www.asipartner.com\/montreal\/support\/discrepancy-damage-notification\/\"]}]},{\"@type\":\"BreadcrumbList\",\"@id\":\"https:\/\/www.asipartner.com\/montreal\/support\/discrepancy-damage-notification\/#breadcrumb\",\"itemListElement\":[{\"@type\":\"ListItem\",\"position\":1,\"name\":\"Home\",\"item\":\"https:\/\/www.asipartner.com\/montreal\/\"},{\"@type\":\"ListItem\",\"position\":2,\"name\":\"Support\",\"item\":\"https:\/\/www.asipartner.com\/montreal\/support\/\"},{\"@type\":\"ListItem\",\"position\":3,\"name\":\"Discrepancy\/Damage Notification\"}]},{\"@type\":\"WebSite\",\"@id\":\"https:\/\/www.asipartner.com\/montreal\/#website\",\"url\":\"https:\/\/www.asipartner.com\/montreal\/\",\"name\":\"ASI Montreal\",\"description\":\"Just another ASI Partner Sites site\",\"potentialAction\":[{\"@type\":\"SearchAction\",\"target\":{\"@type\":\"EntryPoint\",\"urlTemplate\":\"https:\/\/www.asipartner.com\/montreal\/?s={search_term_string}\"},\"query-input\":{\"@type\":\"PropertyValueSpecification\",\"valueRequired\":true,\"valueName\":\"search_term_string\"}}],\"inLanguage\":\"fr-CA\"}]}<\/script>\n<!-- \/ Yoast SEO Premium plugin. -->","yoast_head_json":{"title":"Discrepancy\/Damage Notification - ASI Montreal","robots":{"index":"index","follow":"follow","max-snippet":"max-snippet:-1","max-image-preview":"max-image-preview:large","max-video-preview":"max-video-preview:-1"},"canonical":"https:\/\/www.asipartner.com\/montreal\/support\/discrepancy-damage-notification\/","og_locale":"fr_CA","og_type":"article","og_title":"Discrepancy\/Damage Notification","og_url":"https:\/\/www.asipartner.com\/montreal\/support\/discrepancy-damage-notification\/","og_site_name":"ASI Montreal","article_modified_time":"2021-04-19T14:47:17+00:00","twitter_card":"summary_large_image","twitter_misc":{"Estimation du temps de lecture":"2 minutes"},"schema":{"@context":"https:\/\/schema.org","@graph":[{"@type":"WebPage","@id":"https:\/\/www.asipartner.com\/montreal\/support\/discrepancy-damage-notification\/","url":"https:\/\/www.asipartner.com\/montreal\/support\/discrepancy-damage-notification\/","name":"Discrepancy\/Damage Notification - ASI Montreal","isPartOf":{"@id":"https:\/\/www.asipartner.com\/montreal\/#website"},"datePublished":"2020-11-12T11:19:39+00:00","dateModified":"2021-04-19T14:47:17+00:00","breadcrumb":{"@id":"https:\/\/www.asipartner.com\/montreal\/support\/discrepancy-damage-notification\/#breadcrumb"},"inLanguage":"fr-CA","potentialAction":[{"@type":"ReadAction","target":["https:\/\/www.asipartner.com\/montreal\/support\/discrepancy-damage-notification\/"]}]},{"@type":"BreadcrumbList","@id":"https:\/\/www.asipartner.com\/montreal\/support\/discrepancy-damage-notification\/#breadcrumb","itemListElement":[{"@type":"ListItem","position":1,"name":"Home","item":"https:\/\/www.asipartner.com\/montreal\/"},{"@type":"ListItem","position":2,"name":"Support","item":"https:\/\/www.asipartner.com\/montreal\/support\/"},{"@type":"ListItem","position":3,"name":"Discrepancy\/Damage Notification"}]},{"@type":"WebSite","@id":"https:\/\/www.asipartner.com\/montreal\/#website","url":"https:\/\/www.asipartner.com\/montreal\/","name":"ASI Montreal","description":"Just another ASI Partner Sites site","potentialAction":[{"@type":"SearchAction","target":{"@type":"EntryPoint","urlTemplate":"https:\/\/www.asipartner.com\/montreal\/?s={search_term_string}"},"query-input":{"@type":"PropertyValueSpecification","valueRequired":true,"valueName":"search_term_string"}}],"inLanguage":"fr-CA"}]}},"_links":{"self":[{"href":"https:\/\/www.asipartner.com\/montreal\/wp-json\/wp\/v2\/pages\/4264","targetHints":{"allow":["GET"]}}],"collection":[{"href":"https:\/\/www.asipartner.com\/montreal\/wp-json\/wp\/v2\/pages"}],"about":[{"href":"https:\/\/www.asipartner.com\/montreal\/wp-json\/wp\/v2\/types\/page"}],"author":[{"embeddable":true,"href":"https:\/\/www.asipartner.com\/montreal\/wp-json\/wp\/v2\/users\/1"}],"replies":[{"embeddable":true,"href":"https:\/\/www.asipartner.com\/montreal\/wp-json\/wp\/v2\/comments?post=4264"}],"version-history":[{"count":2,"href":"https:\/\/www.asipartner.com\/montreal\/wp-json\/wp\/v2\/pages\/4264\/revisions"}],"predecessor-version":[{"id":6824,"href":"https:\/\/www.asipartner.com\/montreal\/wp-json\/wp\/v2\/pages\/4264\/revisions\/6824"}],"up":[{"embeddable":true,"href":"https:\/\/www.asipartner.com\/montreal\/wp-json\/wp\/v2\/pages\/3467"}],"wp:attachment":[{"href":"https:\/\/www.asipartner.com\/montreal\/wp-json\/wp\/v2\/media?parent=4264"}],"curies":[{"name":"wp","href":"https:\/\/api.w.org\/{rel}","templated":true}]}}