{"id":4342,"date":"2020-11-17T06:32:41","date_gmt":"2020-11-17T14:32:41","guid":{"rendered":"http:\/\/192.168.64.113\/?page_id=4342"},"modified":"2021-04-08T18:31:16","modified_gmt":"2021-04-08T18:31:16","slug":"intel-turnkey-server","status":"publish","type":"page","link":"https:\/\/www.asipartner.com\/montreal\/solutions\/server\/intel-turnkey-server\/","title":{"rendered":"Intel Turnkey Servers"},"content":{"rendered":"<p><div class=\"fusion-fullwidth fullwidth-box fusion-builder-row-1 fusion-flex-container nonhundred-percent-fullwidth non-hundred-percent-height-scrolling\" style=\"--awb-border-radius-top-left:0px;--awb-border-radius-top-right:0px;--awb-border-radius-bottom-right:0px;--awb-border-radius-bottom-left:0px;--awb-flex-wrap:wrap;\" ><div class=\"fusion-builder-row fusion-row fusion-flex-align-items-flex-start fusion-flex-content-wrap\" style=\"max-width:1248px;margin-left: calc(-4% \/ 2 );margin-right: calc(-4% \/ 2 );\"><div class=\"fusion-layout-column fusion_builder_column fusion-builder-column-0 fusion_builder_column_1_1 1_1 fusion-flex-column\" style=\"--awb-bg-size:cover;--awb-width-large:100%;--awb-margin-top-large:0px;--awb-spacing-right-large:1.92%;--awb-margin-bottom-large:20px;--awb-spacing-left-large:1.92%;--awb-width-medium:100%;--awb-order-medium:0;--awb-spacing-right-medium:1.92%;--awb-spacing-left-medium:1.92%;--awb-width-small:100%;--awb-order-small:0;--awb-spacing-right-small:1.92%;--awb-spacing-left-small:1.92%;\"><div class=\"fusion-column-wrapper fusion-column-has-shadow fusion-flex-justify-content-flex-start fusion-content-layout-column\"><div class=\"fusion-image-element \" style=\"--awb-caption-title-font-family:var(--h2_typography-font-family);--awb-caption-title-font-weight:var(--h2_typography-font-weight);--awb-caption-title-font-style:var(--h2_typography-font-style);--awb-caption-title-size:var(--h2_typography-font-size);--awb-caption-title-transform:var(--h2_typography-text-transform);--awb-caption-title-line-height:var(--h2_typography-line-height);--awb-caption-title-letter-spacing:var(--h2_typography-letter-spacing);\"><span class=\" fusion-imageframe imageframe-none imageframe-1 hover-type-none\"><img decoding=\"async\" width=\"1200\" height=\"200\" alt=\"Intel Turnkey Servers\" title=\"Intel Turnkey Servers\" src=\"https:\/\/www.asipartner.com\/montreal\/wp-content\/uploads\/sites\/3\/2021\/04\/TurnkeyBanner_1200x200_FR.jpg\" class=\"img-responsive wp-image-6736\" srcset=\"https:\/\/www.asipartner.com\/montreal\/wp-content\/uploads\/sites\/3\/2021\/04\/TurnkeyBanner_1200x200_FR-200x33.jpg 200w, https:\/\/www.asipartner.com\/montreal\/wp-content\/uploads\/sites\/3\/2021\/04\/TurnkeyBanner_1200x200_FR-400x67.jpg 400w, https:\/\/www.asipartner.com\/montreal\/wp-content\/uploads\/sites\/3\/2021\/04\/TurnkeyBanner_1200x200_FR-600x100.jpg 600w, https:\/\/www.asipartner.com\/montreal\/wp-content\/uploads\/sites\/3\/2021\/04\/TurnkeyBanner_1200x200_FR-800x133.jpg 800w, https:\/\/www.asipartner.com\/montreal\/wp-content\/uploads\/sites\/3\/2021\/04\/TurnkeyBanner_1200x200_FR.jpg 1200w\" sizes=\"(max-width: 640px) 100vw, 1200px\" \/><\/span><\/div><\/div><\/div><\/div><\/div><div class=\"fusion-fullwidth fullwidth-box fusion-builder-row-2 fusion-flex-container nonhundred-percent-fullwidth non-hundred-percent-height-scrolling\" style=\"--awb-border-radius-top-left:0px;--awb-border-radius-top-right:0px;--awb-border-radius-bottom-right:0px;--awb-border-radius-bottom-left:0px;--awb-flex-wrap:wrap;\" ><div class=\"fusion-builder-row fusion-row fusion-flex-align-items-flex-start fusion-flex-content-wrap\" style=\"max-width:1248px;margin-left: calc(-4% \/ 2 );margin-right: calc(-4% \/ 2 );\"><div class=\"fusion-layout-column fusion_builder_column fusion-builder-column-1 fusion_builder_column_3_4 3_4 fusion-flex-column\" style=\"--awb-bg-size:cover;--awb-width-large:75%;--awb-margin-top-large:0px;--awb-spacing-right-large:2.56%;--awb-margin-bottom-large:20px;--awb-spacing-left-large:2.56%;--awb-width-medium:75%;--awb-order-medium:0;--awb-spacing-right-medium:2.56%;--awb-spacing-left-medium:2.56%;--awb-width-small:100%;--awb-order-small:0;--awb-spacing-right-small:1.92%;--awb-spacing-left-small:1.92%;\"><div class=\"fusion-column-wrapper fusion-column-has-shadow fusion-flex-justify-content-flex-start fusion-content-layout-column\"><div class=\"fusion-text fusion-text-1\"><p>Les processeurs, cartes et syst\u00e8mes Intel Server sont r\u00e9put\u00e9s pour leurs conceptions exceptionnelles offrant une puissance de traitement maximale, une excellente g\u00e9rabilit\u00e9 et une grande fiabilit\u00e9, le tout soutenu par une garantie de trois ans, leader du secteur. Aujourd&rsquo;hui, Intel \u00e9l\u00e8ve ses plates-formes de serveurs \u00e0 un nouveau niveau en proposant des solutions cl\u00e9s en main compl\u00e8tes qui commencent par Intel Server Building Blocks et ajoutent tous les composants mat\u00e9riels n\u00e9cessaires, y compris les processeurs Intel Xeon, la m\u00e9moire, le stockage, le contr\u00f4leur RAID et le module de gestion \u00e0 distance Intel.<\/p>\n<p>Ces serveurs offrent de nombreux avantages aux VAR, notamment:<\/p>\n<ol>\n<li><strong>Enti\u00e8rement int\u00e9gr\u00e9 par Intel <\/strong>\u2013 Ces serveurs sont compl\u00e8tement int\u00e9gr\u00e9s par Intel et ont un num\u00e9ro de r\u00e9f\u00e9rence Intel standard pour l&rsquo;ensemble du serveur.<\/li>\n<li><strong>Enti\u00e8rement test\u00e9 et valid\u00e9 par Intel <\/strong>\u2013 Intel effectue des milliers d&rsquo;heures de validation et de tests sur ses cartes serveurs pour s&rsquo;assurer que ses produits r\u00e9pondent aux normes de qualit\u00e9 les plus \u00e9lev\u00e9es en mati\u00e8re de fiabilit\u00e9 et de compatibilit\u00e9. Les serveurs Intel cl\u00e9 en main sont test\u00e9s avec tout le mat\u00e9riel install\u00e9 pour garantir des niveaux de compatibilit\u00e9 et de performances encore plus \u00e9lev\u00e9s.<\/li>\n<li><strong>Enti\u00e8rement garanti par Intel <\/strong>\u2013 Intel offre une garantie de trois ans \u00e0 la pointe de l&rsquo;industrie qui couvre non seulement ses produits tels que la carte serveur, le ch\u00e2ssis, l&rsquo;alimentation, le processeur, le SSD et plus, mais comprend \u00e9galement une couverture sur la m\u00e9moire, les disques durs et tous les autres composants install\u00e9s sur ces serveurs. Cette couverture comprend le remplacement de la garantie avanc\u00e9e pour les partenaires technologiques Intel et le support technique Intel 24&#215;7 qui couvre l&rsquo;ensemble du serveur et ne se termine pas uniquement avec les produits Intel.<\/li>\n<li><strong>Les serveurs Intel cl\u00e9 en main sont sans marque et pr\u00eats \u00e0 \u00eatre exp\u00e9di\u00e9s<\/strong>\u2013 Ces serveurs sont enti\u00e8rement int\u00e9gr\u00e9s et pr\u00eats \u00e0 \u00eatre exp\u00e9di\u00e9s sans syst\u00e8me d&rsquo;exploitation. Les revendeurs ont la possibilit\u00e9 de marquer les serveurs ainsi que de faire l&rsquo;installation du logiciel en ajoutant plus de valeur pour leur client.<\/li>\n<li><strong>Gain de temps et de co\u00fbts <\/strong>\u2013 Le fait d&rsquo;assembler, de tester et de pr\u00e9parer les serveurs Intel cl\u00e9 en main permet d&rsquo;\u00e9conomiser du temps et des co\u00fbts d&rsquo;int\u00e9gration VAR en leur permettant de se concentrer sur l&rsquo;installation et la configuration du logiciel.<\/li>\n<li><strong>Gestion \u00e0 distance <\/strong>\u2013 Les serveurs Intel cl\u00e9 en main incluent tous Intel RMM (modules de gestion \u00e0 distance) qui permettent aux utilisateurs autoris\u00e9s d&rsquo;acc\u00e9der et de contr\u00f4ler ou de diagnostiquer les serveurs \u00e0 partir de n&rsquo;importe quelle machine du r\u00e9seau.<\/li>\n<\/ol>\n<p>Les serveurs Intel cl\u00e9 en main sont propos\u00e9s et disponibles aupr\u00e8s d&rsquo;ASI. Veuillez contacter votre responsable de compte ASI ou envoyer un e-mail \u00e0 notre \u00e9quipe produit Intel \u00e0 <a href=\"mailto:IntelPM@asipartner.com\">IntelPM@asipartner.com<\/a> pour obtenir de l&rsquo;aide lors de la conception et de la configuration de votre serveur.<\/p>\n<\/div><\/div><\/div><div class=\"fusion-layout-column fusion_builder_column fusion-builder-column-2 fusion_builder_column_1_4 1_4 fusion-flex-column\" style=\"--awb-bg-size:cover;--awb-width-large:25%;--awb-margin-top-large:0px;--awb-spacing-right-large:7.68%;--awb-margin-bottom-large:20px;--awb-spacing-left-large:7.68%;--awb-width-medium:25%;--awb-order-medium:0;--awb-spacing-right-medium:7.68%;--awb-spacing-left-medium:7.68%;--awb-width-small:100%;--awb-order-small:0;--awb-spacing-right-small:1.92%;--awb-spacing-left-small:1.92%;\"><div class=\"fusion-column-wrapper fusion-column-has-shadow fusion-flex-justify-content-flex-start fusion-content-layout-column\"><div class=\"fusion-content-boxes content-boxes columns row fusion-columns-1 fusion-columns-total-1 fusion-content-boxes-1 content-boxes-icon-with-title content-left\" style=\"--awb-hover-accent-color:#00b4d8;--awb-circle-hover-accent-color:#00b4d8;--awb-item-margin-bottom:40px;\" data-animationOffset=\"top-into-view\"><div style=\"--awb-backgroundcolor:#f5f5f5;\" class=\"fusion-column content-box-column content-box-column content-box-column-1 col-lg-12 col-md-12 col-sm-12 fusion-content-box-hover content-box-column-last content-box-column-last-in-row\"><div class=\"col content-box-wrapper content-wrapper-background link-area-link-icon content-icon-wrapper-yes icon-hover-animation-fade\" data-animationOffset=\"top-into-view\"><div class=\"heading heading-with-icon icon-left\"><div class=\"icon\"><span style=\"height:42px;width:42px;line-height:22px;border-color:rgba(255,255,255,0);border-width:1px;border-style:solid;background-color:#212934;box-sizing:content-box;border-radius:50%;\"><i style=\"border-color:#212934;border-width:1px;background-color:#212934;box-sizing:content-box;height:40px;width:40px;line-height:40px;border-radius:50%;position:relative;top:auto;left:auto;margin:0;border-radius:50%;font-size:20px;\" aria-hidden=\"true\" class=\"fontawesome-icon fa-book-reader fas circle-yes\"><\/i><\/span><\/div><h2 class=\"content-box-heading\" style=\"--h2_typography-font-size:24px;line-height:29px;\">Resources<\/h2><\/div><div class=\"fusion-clearfix\"><\/div><div class=\"content-container\">\n<ul>\n<li><a href=\"\/\/www.asipartner.com\/wp-content\/uploads\/2020\/11\/19SER_DataCenterBlocks_VMware_Infographic.pdf\" target=\"_blank\" rel=\"noopener noreferrer\">Blocs de centre de donn\u00e9es Intel pour l&rsquo;infographie VMware vSAN<\/a><\/li>\n<li><a href=\"\/\/www.asipartner.com\/wp-content\/uploads\/2020\/11\/Intel_Data_Center_Blocks_Infographic.pdf\" target=\"_blank\" rel=\"noopener noreferrer\">Infographie des blocs de centre de donn\u00e9es Intel<\/a><\/li>\n<li><a href=\"\/\/www.asipartner.com\/wp-content\/uploads\/2020\/11\/Intel_Data_Center_Blocks_FAQ.pdf\" target=\"_blank\" rel=\"noopener noreferrer\">FAQ sur les blocs de centre de donn\u00e9es Intel<\/a><\/li>\n<li><a href=\"\/\/www.asipartner.com\/wp-content\/uploads\/2020\/11\/ASIIntelTurnkeySolutions.pdf\" target=\"_blank\" rel=\"noopener noreferrer\">Pr\u00e9sentation des solutions Intel Server Products<\/a><\/li>\n<li><a href=\"\/\/www.asipartner.com\/wp-content\/uploads\/2020\/11\/SMBServerBlocksSolutionBrief.pdf\" target=\"_blank\" rel=\"noopener noreferrer\">Pr\u00e9sentation des solutions de blocs de serveurs SMB<\/a><\/li>\n<\/ul>\n<\/div><\/div><\/div><div class=\"fusion-clearfix\"><\/div><\/div><\/div><\/div><\/div><\/div><\/p>\n","protected":false},"excerpt":{"rendered":"","protected":false},"author":3,"featured_media":0,"parent":3807,"menu_order":0,"comment_status":"closed","ping_status":"closed","template":"","meta":{"content-type":"","_monsterinsights_skip_tracking":false,"_monsterinsights_sitenote_active":false,"_monsterinsights_sitenote_note":"","_monsterinsights_sitenote_category":0,"footnotes":""},"class_list":["post-4342","page","type-page","status-publish","hentry"],"yoast_head":"<!-- This site is optimized with the Yoast SEO Premium plugin v26.3 (Yoast SEO v26.3) - https:\/\/yoast.com\/wordpress\/plugins\/seo\/ -->\n<title>Intel Turnkey Servers - ASI Montreal<\/title>\n<meta name=\"robots\" content=\"index, follow, max-snippet:-1, max-image-preview:large, max-video-preview:-1\" \/>\n<link rel=\"canonical\" href=\"https:\/\/www.asipartner.com\/montreal\/solutions\/server\/intel-turnkey-server\/\" \/>\n<meta property=\"og:locale\" content=\"fr_CA\" \/>\n<meta property=\"og:type\" content=\"article\" \/>\n<meta property=\"og:title\" content=\"Intel Turnkey Servers\" \/>\n<meta property=\"og:url\" content=\"https:\/\/www.asipartner.com\/montreal\/solutions\/server\/intel-turnkey-server\/\" \/>\n<meta property=\"og:site_name\" content=\"ASI Montreal\" \/>\n<meta property=\"article:modified_time\" content=\"2021-04-08T18:31:16+00:00\" \/>\n<meta name=\"twitter:card\" content=\"summary_large_image\" \/>\n<meta name=\"twitter:label1\" content=\"Estimation du temps de lecture\" \/>\n\t<meta name=\"twitter:data1\" content=\"9 minutes\" \/>\n<script type=\"application\/ld+json\" class=\"yoast-schema-graph\">{\"@context\":\"https:\/\/schema.org\",\"@graph\":[{\"@type\":\"WebPage\",\"@id\":\"https:\/\/www.asipartner.com\/montreal\/solutions\/server\/intel-turnkey-server\/\",\"url\":\"https:\/\/www.asipartner.com\/montreal\/solutions\/server\/intel-turnkey-server\/\",\"name\":\"Intel Turnkey Servers - ASI Montreal\",\"isPartOf\":{\"@id\":\"https:\/\/www.asipartner.com\/montreal\/#website\"},\"datePublished\":\"2020-11-17T14:32:41+00:00\",\"dateModified\":\"2021-04-08T18:31:16+00:00\",\"breadcrumb\":{\"@id\":\"https:\/\/www.asipartner.com\/montreal\/solutions\/server\/intel-turnkey-server\/#breadcrumb\"},\"inLanguage\":\"fr-CA\",\"potentialAction\":[{\"@type\":\"ReadAction\",\"target\":[\"https:\/\/www.asipartner.com\/montreal\/solutions\/server\/intel-turnkey-server\/\"]}]},{\"@type\":\"BreadcrumbList\",\"@id\":\"https:\/\/www.asipartner.com\/montreal\/solutions\/server\/intel-turnkey-server\/#breadcrumb\",\"itemListElement\":[{\"@type\":\"ListItem\",\"position\":1,\"name\":\"Home\",\"item\":\"https:\/\/www.asipartner.com\/montreal\/\"},{\"@type\":\"ListItem\",\"position\":2,\"name\":\"Solutions\",\"item\":\"https:\/\/www.asipartner.com\/montreal\/solutions\/\"},{\"@type\":\"ListItem\",\"position\":3,\"name\":\"Server\",\"item\":\"https:\/\/www.asipartner.com\/montreal\/solutions\/server\/\"},{\"@type\":\"ListItem\",\"position\":4,\"name\":\"Intel Turnkey Servers\"}]},{\"@type\":\"WebSite\",\"@id\":\"https:\/\/www.asipartner.com\/montreal\/#website\",\"url\":\"https:\/\/www.asipartner.com\/montreal\/\",\"name\":\"ASI Montreal\",\"description\":\"Just another ASI Partner Sites site\",\"potentialAction\":[{\"@type\":\"SearchAction\",\"target\":{\"@type\":\"EntryPoint\",\"urlTemplate\":\"https:\/\/www.asipartner.com\/montreal\/?s={search_term_string}\"},\"query-input\":{\"@type\":\"PropertyValueSpecification\",\"valueRequired\":true,\"valueName\":\"search_term_string\"}}],\"inLanguage\":\"fr-CA\"}]}<\/script>\n<!-- \/ Yoast SEO Premium plugin. -->","yoast_head_json":{"title":"Intel Turnkey Servers - ASI Montreal","robots":{"index":"index","follow":"follow","max-snippet":"max-snippet:-1","max-image-preview":"max-image-preview:large","max-video-preview":"max-video-preview:-1"},"canonical":"https:\/\/www.asipartner.com\/montreal\/solutions\/server\/intel-turnkey-server\/","og_locale":"fr_CA","og_type":"article","og_title":"Intel Turnkey Servers","og_url":"https:\/\/www.asipartner.com\/montreal\/solutions\/server\/intel-turnkey-server\/","og_site_name":"ASI Montreal","article_modified_time":"2021-04-08T18:31:16+00:00","twitter_card":"summary_large_image","twitter_misc":{"Estimation du temps de lecture":"9 minutes"},"schema":{"@context":"https:\/\/schema.org","@graph":[{"@type":"WebPage","@id":"https:\/\/www.asipartner.com\/montreal\/solutions\/server\/intel-turnkey-server\/","url":"https:\/\/www.asipartner.com\/montreal\/solutions\/server\/intel-turnkey-server\/","name":"Intel Turnkey Servers - ASI Montreal","isPartOf":{"@id":"https:\/\/www.asipartner.com\/montreal\/#website"},"datePublished":"2020-11-17T14:32:41+00:00","dateModified":"2021-04-08T18:31:16+00:00","breadcrumb":{"@id":"https:\/\/www.asipartner.com\/montreal\/solutions\/server\/intel-turnkey-server\/#breadcrumb"},"inLanguage":"fr-CA","potentialAction":[{"@type":"ReadAction","target":["https:\/\/www.asipartner.com\/montreal\/solutions\/server\/intel-turnkey-server\/"]}]},{"@type":"BreadcrumbList","@id":"https:\/\/www.asipartner.com\/montreal\/solutions\/server\/intel-turnkey-server\/#breadcrumb","itemListElement":[{"@type":"ListItem","position":1,"name":"Home","item":"https:\/\/www.asipartner.com\/montreal\/"},{"@type":"ListItem","position":2,"name":"Solutions","item":"https:\/\/www.asipartner.com\/montreal\/solutions\/"},{"@type":"ListItem","position":3,"name":"Server","item":"https:\/\/www.asipartner.com\/montreal\/solutions\/server\/"},{"@type":"ListItem","position":4,"name":"Intel Turnkey Servers"}]},{"@type":"WebSite","@id":"https:\/\/www.asipartner.com\/montreal\/#website","url":"https:\/\/www.asipartner.com\/montreal\/","name":"ASI Montreal","description":"Just another ASI Partner Sites site","potentialAction":[{"@type":"SearchAction","target":{"@type":"EntryPoint","urlTemplate":"https:\/\/www.asipartner.com\/montreal\/?s={search_term_string}"},"query-input":{"@type":"PropertyValueSpecification","valueRequired":true,"valueName":"search_term_string"}}],"inLanguage":"fr-CA"}]}},"_links":{"self":[{"href":"https:\/\/www.asipartner.com\/montreal\/wp-json\/wp\/v2\/pages\/4342","targetHints":{"allow":["GET"]}}],"collection":[{"href":"https:\/\/www.asipartner.com\/montreal\/wp-json\/wp\/v2\/pages"}],"about":[{"href":"https:\/\/www.asipartner.com\/montreal\/wp-json\/wp\/v2\/types\/page"}],"author":[{"embeddable":true,"href":"https:\/\/www.asipartner.com\/montreal\/wp-json\/wp\/v2\/users\/3"}],"replies":[{"embeddable":true,"href":"https:\/\/www.asipartner.com\/montreal\/wp-json\/wp\/v2\/comments?post=4342"}],"version-history":[{"count":5,"href":"https:\/\/www.asipartner.com\/montreal\/wp-json\/wp\/v2\/pages\/4342\/revisions"}],"predecessor-version":[{"id":6761,"href":"https:\/\/www.asipartner.com\/montreal\/wp-json\/wp\/v2\/pages\/4342\/revisions\/6761"}],"up":[{"embeddable":true,"href":"https:\/\/www.asipartner.com\/montreal\/wp-json\/wp\/v2\/pages\/3807"}],"wp:attachment":[{"href":"https:\/\/www.asipartner.com\/montreal\/wp-json\/wp\/v2\/media?parent=4342"}],"curies":[{"name":"wp","href":"https:\/\/api.w.org\/{rel}","templated":true}]}}