{"id":4587,"date":"2020-12-03T11:29:00","date_gmt":"2020-12-03T19:29:00","guid":{"rendered":"http:\/\/192.168.64.113\/?page_id=4587"},"modified":"2022-05-02T17:53:57","modified_gmt":"2022-05-02T17:53:57","slug":"about-us","status":"publish","type":"page","link":"https:\/\/www.asipartner.com\/montreal\/company\/about-us\/","title":{"rendered":"About Us"},"content":{"rendered":"<p><div class=\"fusion-fullwidth fullwidth-box fusion-builder-row-1 fusion-flex-container nonhundred-percent-fullwidth non-hundred-percent-height-scrolling\" style=\"--awb-border-radius-top-left:0px;--awb-border-radius-top-right:0px;--awb-border-radius-bottom-right:0px;--awb-border-radius-bottom-left:0px;--awb-flex-wrap:wrap;\" ><div class=\"fusion-builder-row fusion-row fusion-flex-align-items-flex-start fusion-flex-content-wrap\" style=\"max-width:1248px;margin-left: calc(-4% \/ 2 );margin-right: calc(-4% \/ 2 );\"><div class=\"fusion-layout-column fusion_builder_column fusion-builder-column-0 fusion_builder_column_1_1 1_1 fusion-flex-column\" style=\"--awb-bg-size:cover;--awb-width-large:100%;--awb-margin-top-large:0px;--awb-spacing-right-large:1.92%;--awb-margin-bottom-large:20px;--awb-spacing-left-large:1.92%;--awb-width-medium:100%;--awb-order-medium:0;--awb-spacing-right-medium:1.92%;--awb-spacing-left-medium:1.92%;--awb-width-small:100%;--awb-order-small:0;--awb-spacing-right-small:1.92%;--awb-spacing-left-small:1.92%;\"><div class=\"fusion-column-wrapper fusion-column-has-shadow fusion-flex-justify-content-flex-start fusion-content-layout-column\"><div class=\"fusion-image-element \" style=\"--awb-caption-title-font-family:var(--h2_typography-font-family);--awb-caption-title-font-weight:var(--h2_typography-font-weight);--awb-caption-title-font-style:var(--h2_typography-font-style);--awb-caption-title-size:var(--h2_typography-font-size);--awb-caption-title-transform:var(--h2_typography-text-transform);--awb-caption-title-line-height:var(--h2_typography-line-height);--awb-caption-title-letter-spacing:var(--h2_typography-letter-spacing);\"><span class=\" fusion-imageframe imageframe-none imageframe-1 hover-type-none\"><img decoding=\"async\" width=\"1200\" height=\"300\" alt=\"\u00c0 propos de ASI Banner\" title=\"\u00c0 propos de ASI Banner\" src=\"https:\/\/www.asipartner.com\/montreal\/wp-content\/uploads\/sites\/3\/2021\/04\/About-ASI-Francais.jpg\" class=\"img-responsive wp-image-6778\" srcset=\"https:\/\/www.asipartner.com\/montreal\/wp-content\/uploads\/sites\/3\/2021\/04\/About-ASI-Francais-200x50.jpg 200w, https:\/\/www.asipartner.com\/montreal\/wp-content\/uploads\/sites\/3\/2021\/04\/About-ASI-Francais-400x100.jpg 400w, https:\/\/www.asipartner.com\/montreal\/wp-content\/uploads\/sites\/3\/2021\/04\/About-ASI-Francais-600x150.jpg 600w, https:\/\/www.asipartner.com\/montreal\/wp-content\/uploads\/sites\/3\/2021\/04\/About-ASI-Francais-800x200.jpg 800w, https:\/\/www.asipartner.com\/montreal\/wp-content\/uploads\/sites\/3\/2021\/04\/About-ASI-Francais.jpg 1200w\" sizes=\"(max-width: 640px) 100vw, 1200px\" \/><\/span><\/div><\/div><\/div><\/div><\/div><div class=\"fusion-fullwidth fullwidth-box fusion-builder-row-2 fusion-flex-container nonhundred-percent-fullwidth non-hundred-percent-height-scrolling\" style=\"--awb-border-radius-top-left:0px;--awb-border-radius-top-right:0px;--awb-border-radius-bottom-right:0px;--awb-border-radius-bottom-left:0px;--awb-flex-wrap:wrap;\" ><div class=\"fusion-builder-row fusion-row fusion-flex-align-items-flex-start fusion-flex-content-wrap\" style=\"max-width:1248px;margin-left: calc(-4% \/ 2 );margin-right: calc(-4% \/ 2 );\"><div class=\"fusion-layout-column fusion_builder_column fusion-builder-column-1 fusion_builder_column_1_1 1_1 fusion-flex-column\" style=\"--awb-bg-size:cover;--awb-width-large:100%;--awb-margin-top-large:0px;--awb-spacing-right-large:1.92%;--awb-margin-bottom-large:20px;--awb-spacing-left-large:1.92%;--awb-width-medium:100%;--awb-order-medium:0;--awb-spacing-right-medium:1.92%;--awb-spacing-left-medium:1.92%;--awb-width-small:100%;--awb-order-small:0;--awb-spacing-right-small:1.92%;--awb-spacing-left-small:1.92%;\"><div class=\"fusion-column-wrapper fusion-column-has-shadow fusion-flex-justify-content-flex-start fusion-content-layout-column\"><div class=\"fusion-text fusion-text-1\"><p>Fond\u00e9e en 1987, ASI Corp. est un distributeur national de mat\u00e9riel informatique et de logiciels, avec un personnel professionnel de pr\u00e8s de 500 employ\u00e9s et 10 points de vente \/ entrep\u00f4t aux \u00c9tats-Unis et au Canada. Depuis plus de 35 ans, ASI a continuellement jou\u00e9 un r\u00f4le de premier plan dans l&rsquo;\u00e9tablissement de nouvelles normes dans la distribution de solutions informatiques et de services \u00e0 valeur ajout\u00e9e. Aujourd&rsquo;hui, ASI propose plus de 150 gammes de produits et plus de 10 000 des produits les plus demand\u00e9s.<\/p>\n<p>Le si\u00e8ge social d\u2019ASI est situ\u00e9 \u00e0 Fremont, en Californie, et poss\u00e8de des bureaux r\u00e9gionaux aux \u00c9tats-Unis \u00e0 Atlanta, Chicago, Dallas, Los Angeles, New Jersey et Portland, ainsi que des bureaux au Canada \u00e0 Montr\u00e9al, Toronto et Vancouver.<\/p>\n<p>Le portefeuille diversifi\u00e9 de produits et services d\u2019ASI nous permet de desservir un large \u00e9ventail de clients, notamment des revendeurs \u00e0 valeur ajout\u00e9e, des int\u00e9grateurs de syst\u00e8mes, des d\u00e9taillants, des DMR et des comptes OEM. Nous croyons que chaque client est un VIP et donc chaque compte est affect\u00e9 \u00e0 un gestionnaire de compte r\u00e9gional hautement qualifi\u00e9 et a acc\u00e8s \u00e0 notre \u00e9quipe de support technique exp\u00e9riment\u00e9e.<\/p>\n<p>En tant que distributeur de technologies de premier plan, ASI s\u2019engage \u00e0 fournir les produits les plus demand\u00e9s des fabricants les plus influents de l\u2019industrie pour aider les revendeurs de technologie \u00e0 prosp\u00e9rer sur un march\u00e9 concurrentiel et en constante \u00e9volution.<\/p>\n<p><strong>Valeurs fondamentales<\/strong><\/p>\n<p>Le choix d&rsquo;un partenaire de distribution est une d\u00e9cision importante. ASI comprend l&rsquo;importance d&rsquo;une telle alliance strat\u00e9gique et son impact sur la r\u00e9putation de votre entreprise. En termes simples, avec ASI, vous disposez non seulement d&rsquo;un partenaire capable de vous accompagner avec des technologies de pointe, mais \u00e9galement d&rsquo;une ressource profond\u00e9ment engag\u00e9e dans la rapidit\u00e9, la valeur et le service client. Notre objectif est de nous assurer que nous donnons \u00e0 nos clients l\u2019acc\u00e8s aux capacit\u00e9s dont ils ont besoin pour \u00eatre comp\u00e9titifs, cro\u00eetre et prosp\u00e9rer sur le march\u00e9 d\u2019aujourd\u2019hui.<\/p>\n<p><b>ASI s&rsquo;engage \u00e0&#8230;<\/b><\/p>\n<p><i class=\"fb-icon-element-1 fb-icon-element fontawesome-icon fa-tachometer-alt fas circle-yes fusion-text-flow\" style=\"--awb-circlecolor-hover:#00b4d8;--awb-circlebordersize:1px;--awb-font-size:28.16px;--awb-width:56.32px;--awb-height:56.32px;--awb-line-height:54.32px;--awb-margin-right:16px;\"><\/i><strong>PERFORMANCE<\/strong> fournissant \u00e0 nos clients des repr\u00e9sentants des ventes uniques et d\u00e9di\u00e9s qui connaissent les solutions technologiques les plus demand\u00e9es des fabricants les plus influents de l&rsquo;industrie.<\/p>\n<p><i class=\"fb-icon-element-2 fb-icon-element fontawesome-icon fa-check fas circle-yes fusion-text-flow\" style=\"--awb-circlecolor-hover:#00b4d8;--awb-circlebordersize:1px;--awb-font-size:28.16px;--awb-width:56.32px;--awb-height:56.32px;--awb-line-height:54.32px;--awb-margin-right:16px;\"><\/i><strong>PROVEN<\/strong> continue ses <strong>trois d\u00e9cennies de service exceptionnel<\/strong> \u00e0 la communaut\u00e9 technologique en aidant les revendeurs informatiques \u00e0 prosp\u00e9rer dans un march\u00e9 en constante \u00e9volution.<\/p>\n<p><i class=\"fb-icon-element-3 fb-icon-element fontawesome-icon fa-hands-helping fas circle-yes fusion-text-flow\" style=\"--awb-circlecolor-hover:#00b4d8;--awb-circlebordersize:1px;--awb-font-size:28.16px;--awb-width:56.32px;--awb-height:56.32px;--awb-line-height:54.32px;--awb-margin-right:16px;\"><\/i><strong>PARTENAIRE d\u00e9veloppant des relations loyales<\/strong> avec nos partenaires tout en fournissant les solutions et les services \u00e0 valeur ajout\u00e9e dont ils ont besoin pour maintenir leur avantage concurrentiel.<\/p>\n<\/div><\/div><\/div><\/div><\/div><\/p>\n","protected":false},"excerpt":{"rendered":"","protected":false},"author":5,"featured_media":0,"parent":3471,"menu_order":0,"comment_status":"closed","ping_status":"closed","template":"","meta":{"content-type":"","_monsterinsights_skip_tracking":false,"_monsterinsights_sitenote_active":false,"_monsterinsights_sitenote_note":"","_monsterinsights_sitenote_category":0,"footnotes":""},"class_list":["post-4587","page","type-page","status-publish","hentry"],"yoast_head":"<!-- This site is optimized with the Yoast SEO Premium plugin v26.3 (Yoast SEO v26.3) - https:\/\/yoast.com\/wordpress\/plugins\/seo\/ -->\n<title>About Us - ASI Montreal<\/title>\n<meta name=\"robots\" content=\"index, follow, max-snippet:-1, max-image-preview:large, max-video-preview:-1\" \/>\n<link rel=\"canonical\" href=\"https:\/\/www.asipartner.com\/montreal\/company\/about-us\/\" \/>\n<meta property=\"og:locale\" content=\"fr_CA\" \/>\n<meta property=\"og:type\" content=\"article\" \/>\n<meta property=\"og:title\" content=\"About Us\" \/>\n<meta property=\"og:url\" content=\"https:\/\/www.asipartner.com\/montreal\/company\/about-us\/\" \/>\n<meta property=\"og:site_name\" content=\"ASI Montreal\" \/>\n<meta property=\"article:modified_time\" content=\"2022-05-02T17:53:57+00:00\" \/>\n<meta name=\"twitter:card\" content=\"summary_large_image\" \/>\n<meta name=\"twitter:label1\" content=\"Estimation du temps de lecture\" \/>\n\t<meta name=\"twitter:data1\" content=\"8 minutes\" \/>\n<script type=\"application\/ld+json\" class=\"yoast-schema-graph\">{\"@context\":\"https:\/\/schema.org\",\"@graph\":[{\"@type\":\"WebPage\",\"@id\":\"https:\/\/www.asipartner.com\/montreal\/company\/about-us\/\",\"url\":\"https:\/\/www.asipartner.com\/montreal\/company\/about-us\/\",\"name\":\"About Us - ASI Montreal\",\"isPartOf\":{\"@id\":\"https:\/\/www.asipartner.com\/montreal\/#website\"},\"datePublished\":\"2020-12-03T19:29:00+00:00\",\"dateModified\":\"2022-05-02T17:53:57+00:00\",\"breadcrumb\":{\"@id\":\"https:\/\/www.asipartner.com\/montreal\/company\/about-us\/#breadcrumb\"},\"inLanguage\":\"fr-CA\",\"potentialAction\":[{\"@type\":\"ReadAction\",\"target\":[\"https:\/\/www.asipartner.com\/montreal\/company\/about-us\/\"]}]},{\"@type\":\"BreadcrumbList\",\"@id\":\"https:\/\/www.asipartner.com\/montreal\/company\/about-us\/#breadcrumb\",\"itemListElement\":[{\"@type\":\"ListItem\",\"position\":1,\"name\":\"Home\",\"item\":\"https:\/\/www.asipartner.com\/montreal\/\"},{\"@type\":\"ListItem\",\"position\":2,\"name\":\"Company\",\"item\":\"https:\/\/www.asipartner.com\/montreal\/company\/\"},{\"@type\":\"ListItem\",\"position\":3,\"name\":\"About Us\"}]},{\"@type\":\"WebSite\",\"@id\":\"https:\/\/www.asipartner.com\/montreal\/#website\",\"url\":\"https:\/\/www.asipartner.com\/montreal\/\",\"name\":\"ASI Montreal\",\"description\":\"Just another ASI Partner Sites site\",\"potentialAction\":[{\"@type\":\"SearchAction\",\"target\":{\"@type\":\"EntryPoint\",\"urlTemplate\":\"https:\/\/www.asipartner.com\/montreal\/?s={search_term_string}\"},\"query-input\":{\"@type\":\"PropertyValueSpecification\",\"valueRequired\":true,\"valueName\":\"search_term_string\"}}],\"inLanguage\":\"fr-CA\"}]}<\/script>\n<!-- \/ Yoast SEO Premium plugin. -->","yoast_head_json":{"title":"About Us - ASI Montreal","robots":{"index":"index","follow":"follow","max-snippet":"max-snippet:-1","max-image-preview":"max-image-preview:large","max-video-preview":"max-video-preview:-1"},"canonical":"https:\/\/www.asipartner.com\/montreal\/company\/about-us\/","og_locale":"fr_CA","og_type":"article","og_title":"About Us","og_url":"https:\/\/www.asipartner.com\/montreal\/company\/about-us\/","og_site_name":"ASI Montreal","article_modified_time":"2022-05-02T17:53:57+00:00","twitter_card":"summary_large_image","twitter_misc":{"Estimation du temps de lecture":"8 minutes"},"schema":{"@context":"https:\/\/schema.org","@graph":[{"@type":"WebPage","@id":"https:\/\/www.asipartner.com\/montreal\/company\/about-us\/","url":"https:\/\/www.asipartner.com\/montreal\/company\/about-us\/","name":"About Us - ASI Montreal","isPartOf":{"@id":"https:\/\/www.asipartner.com\/montreal\/#website"},"datePublished":"2020-12-03T19:29:00+00:00","dateModified":"2022-05-02T17:53:57+00:00","breadcrumb":{"@id":"https:\/\/www.asipartner.com\/montreal\/company\/about-us\/#breadcrumb"},"inLanguage":"fr-CA","potentialAction":[{"@type":"ReadAction","target":["https:\/\/www.asipartner.com\/montreal\/company\/about-us\/"]}]},{"@type":"BreadcrumbList","@id":"https:\/\/www.asipartner.com\/montreal\/company\/about-us\/#breadcrumb","itemListElement":[{"@type":"ListItem","position":1,"name":"Home","item":"https:\/\/www.asipartner.com\/montreal\/"},{"@type":"ListItem","position":2,"name":"Company","item":"https:\/\/www.asipartner.com\/montreal\/company\/"},{"@type":"ListItem","position":3,"name":"About Us"}]},{"@type":"WebSite","@id":"https:\/\/www.asipartner.com\/montreal\/#website","url":"https:\/\/www.asipartner.com\/montreal\/","name":"ASI Montreal","description":"Just another ASI Partner Sites site","potentialAction":[{"@type":"SearchAction","target":{"@type":"EntryPoint","urlTemplate":"https:\/\/www.asipartner.com\/montreal\/?s={search_term_string}"},"query-input":{"@type":"PropertyValueSpecification","valueRequired":true,"valueName":"search_term_string"}}],"inLanguage":"fr-CA"}]}},"_links":{"self":[{"href":"https:\/\/www.asipartner.com\/montreal\/wp-json\/wp\/v2\/pages\/4587","targetHints":{"allow":["GET"]}}],"collection":[{"href":"https:\/\/www.asipartner.com\/montreal\/wp-json\/wp\/v2\/pages"}],"about":[{"href":"https:\/\/www.asipartner.com\/montreal\/wp-json\/wp\/v2\/types\/page"}],"author":[{"embeddable":true,"href":"https:\/\/www.asipartner.com\/montreal\/wp-json\/wp\/v2\/users\/5"}],"replies":[{"embeddable":true,"href":"https:\/\/www.asipartner.com\/montreal\/wp-json\/wp\/v2\/comments?post=4587"}],"version-history":[{"count":5,"href":"https:\/\/www.asipartner.com\/montreal\/wp-json\/wp\/v2\/pages\/4587\/revisions"}],"predecessor-version":[{"id":7021,"href":"https:\/\/www.asipartner.com\/montreal\/wp-json\/wp\/v2\/pages\/4587\/revisions\/7021"}],"up":[{"embeddable":true,"href":"https:\/\/www.asipartner.com\/montreal\/wp-json\/wp\/v2\/pages\/3471"}],"wp:attachment":[{"href":"https:\/\/www.asipartner.com\/montreal\/wp-json\/wp\/v2\/media?parent=4587"}],"curies":[{"name":"wp","href":"https:\/\/api.w.org\/{rel}","templated":true}]}}