{"id":4676,"date":"2020-12-01T15:18:00","date_gmt":"2020-12-01T23:18:00","guid":{"rendered":"http:\/\/192.168.64.113\/?page_id=4676"},"modified":"2025-02-28T08:54:54","modified_gmt":"2025-02-28T08:54:54","slug":"become-a-partner","status":"publish","type":"page","link":"https:\/\/www.asipartner.com\/montreal\/company\/become-a-partner\/","title":{"rendered":"Become a Partner"},"content":{"rendered":"<p><div class=\"fusion-fullwidth fullwidth-box fusion-builder-row-1 fusion-flex-container nonhundred-percent-fullwidth non-hundred-percent-height-scrolling\" style=\"--awb-border-radius-top-left:0px;--awb-border-radius-top-right:0px;--awb-border-radius-bottom-right:0px;--awb-border-radius-bottom-left:0px;--awb-flex-wrap:wrap;\" ><div class=\"fusion-builder-row fusion-row fusion-flex-align-items-flex-start fusion-flex-content-wrap\" style=\"max-width:1248px;margin-left: calc(-4% \/ 2 );margin-right: calc(-4% \/ 2 );\"><div class=\"fusion-layout-column fusion_builder_column fusion-builder-column-0 fusion_builder_column_1_1 1_1 fusion-flex-column\" style=\"--awb-bg-size:cover;--awb-width-large:100%;--awb-margin-top-large:0px;--awb-spacing-right-large:1.92%;--awb-margin-bottom-large:20px;--awb-spacing-left-large:1.92%;--awb-width-medium:100%;--awb-order-medium:0;--awb-spacing-right-medium:1.92%;--awb-spacing-left-medium:1.92%;--awb-width-small:100%;--awb-order-small:0;--awb-spacing-right-small:1.92%;--awb-spacing-left-small:1.92%;\"><div class=\"fusion-column-wrapper fusion-column-has-shadow fusion-flex-justify-content-flex-start fusion-content-layout-column\"><div class=\"fusion-image-element \" style=\"--awb-caption-title-font-family:var(--h2_typography-font-family);--awb-caption-title-font-weight:var(--h2_typography-font-weight);--awb-caption-title-font-style:var(--h2_typography-font-style);--awb-caption-title-size:var(--h2_typography-font-size);--awb-caption-title-transform:var(--h2_typography-text-transform);--awb-caption-title-line-height:var(--h2_typography-line-height);--awb-caption-title-letter-spacing:var(--h2_typography-letter-spacing);\"><span class=\" fusion-imageframe imageframe-none imageframe-1 hover-type-none\"><img decoding=\"async\" width=\"1200\" height=\"300\" alt=\"Devenir une banni\u00e8re partenaire\" title=\"Devenir une banni\u00e8re partenaire\" src=\"https:\/\/www.asipartner.com\/montreal\/wp-content\/uploads\/sites\/3\/2021\/04\/Become-A-Partner-Francais.jpg\" class=\"img-responsive wp-image-6776\" srcset=\"https:\/\/www.asipartner.com\/montreal\/wp-content\/uploads\/sites\/3\/2021\/04\/Become-A-Partner-Francais-200x50.jpg 200w, https:\/\/www.asipartner.com\/montreal\/wp-content\/uploads\/sites\/3\/2021\/04\/Become-A-Partner-Francais-400x100.jpg 400w, https:\/\/www.asipartner.com\/montreal\/wp-content\/uploads\/sites\/3\/2021\/04\/Become-A-Partner-Francais-600x150.jpg 600w, https:\/\/www.asipartner.com\/montreal\/wp-content\/uploads\/sites\/3\/2021\/04\/Become-A-Partner-Francais-800x200.jpg 800w, https:\/\/www.asipartner.com\/montreal\/wp-content\/uploads\/sites\/3\/2021\/04\/Become-A-Partner-Francais.jpg 1200w\" sizes=\"(max-width: 640px) 100vw, 1200px\" \/><\/span><\/div><\/div><\/div><\/div><\/div><div class=\"fusion-fullwidth fullwidth-box fusion-builder-row-2 fusion-flex-container nonhundred-percent-fullwidth non-hundred-percent-height-scrolling\" style=\"--awb-border-radius-top-left:0px;--awb-border-radius-top-right:0px;--awb-border-radius-bottom-right:0px;--awb-border-radius-bottom-left:0px;--awb-flex-wrap:wrap;\" ><div class=\"fusion-builder-row fusion-row fusion-flex-align-items-flex-start fusion-flex-content-wrap\" style=\"max-width:1248px;margin-left: calc(-4% \/ 2 );margin-right: calc(-4% \/ 2 );\"><div class=\"fusion-layout-column fusion_builder_column fusion-builder-column-1 fusion_builder_column_3_4 3_4 fusion-flex-column\" style=\"--awb-bg-size:cover;--awb-width-large:75%;--awb-margin-top-large:0px;--awb-spacing-right-large:2.56%;--awb-margin-bottom-large:20px;--awb-spacing-left-large:2.56%;--awb-width-medium:75%;--awb-order-medium:0;--awb-spacing-right-medium:2.56%;--awb-spacing-left-medium:2.56%;--awb-width-small:100%;--awb-order-small:0;--awb-spacing-right-small:1.92%;--awb-spacing-left-small:1.92%;\"><div class=\"fusion-column-wrapper fusion-column-has-shadow fusion-flex-justify-content-flex-start fusion-content-layout-column\"><div class=\"fusion-text fusion-text-1\"><h4 class=\"dnntitle\">Rejoignez la communaut\u00e9 des partenaires ASI<\/h4>\n<div class=\"contentmain1\">\n<div id=\"dnn_ctr1016_ContentPane\" class=\"contentpane\">\n<div id=\"dnn_ctr1016_ModuleContent\" class=\"DNNModuleContent ModDNNHTMLC\">\n<div id=\"dnn_ctr1016_HtmlModule_lblContent\">\n<p><b>Comment cr\u00e9er un compte avec ASI.<\/b><br \/>\nSi vous souhaitez rejoindre notre communaut\u00e9 de partenaires et profiter d&rsquo;un portefeuille robuste de produits ainsi que d&rsquo;un soutien avant et apr\u00e8s-vente, veuillez suivre les instructions indiqu\u00e9es dans la 1\u00e8re \u00c9tape ci-dessous.<\/p>\n<p><strong><span class=\"fusion-dropcap dropcap dropcap-boxed\" style=\"--awb-border-radius:25;--awb-background:#0077b6;\">1<\/span>1\u00e8re \u00c9tape \u2013 Demande de cr\u00e9dit aupr\u00e8s du revendeur &#8211; Canada<\/strong><br \/>\nLa premi\u00e8re \u00e9tape consiste \u00e0 ouvrir un compte aupr\u00e8s d&rsquo;ASI et de compl\u00e9ter la Demande de cr\u00e9dit aupr\u00e8s d&rsquo;un revendeur ASI.<\/p>\n<p><strong><span class=\"fusion-dropcap dropcap dropcap-boxed\" style=\"--awb-border-radius:25;--awb-background:#0077b6;\">2<\/span>2\u00e8me \u00c9tape \u2013 Autorisation <\/strong><br \/>\nSi vous souhaitez ouvrir une marge de cr\u00e9dit chez ASI, vous devrez remplir le Formulaire d&rsquo;autorisation financi\u00e8re et le renvoyer au d\u00e9partementde cr\u00e9dit d&rsquo;ASI.<\/p>\n<p><strong><span class=\"fusion-dropcap dropcap dropcap-boxed\" style=\"--awb-border-radius:25;--awb-background:#0077b6;\">3<\/span>3\u00e8me \u00c9tape \u2013 Autorisation de carte de cr\u00e9dit<\/strong><br \/>\nVous pouvez \u00e9galement facturer vos achats sur votre carte de cr\u00e9dit. Veuillez remplir le Formulaire d&rsquo;autorisation de carte de cr\u00e9dit et pr\u00e9ciser sivous souhaitez faire de cette op\u00e9ration une transaction unique ou enregistrer vos informations pour des transactions ult\u00e9rieures.<\/p>\n<p>Veuillez remplir, signer et renvoyer tous les documents n\u00e9cessaires au D\u00e9partement de cr\u00e9dit d&rsquo;entreprise d&rsquo;ASI.<\/p>\n<p><strong>Canada<\/strong><br \/>\n<a href=\"mailto:Sales@asipartner.com?subject=Canada%20Credit%20Inquiry\">Sales@asipartner.com<\/a><br \/>\nPar t\u00e9l\u00e9copieur: 905-470-8808<\/p>\n<p>Si vous n&rsquo;avez pas \u00e9t\u00e9 en contact avec un repr\u00e9sentant des ventes ASI, veuillez appeler notre num\u00e9ro d&rsquo;acheminement pour que l&rsquo;on vous attribue unGestionnaire de compte. \u00c9tats-Unis : 1-800-2000-ASI et au Canada : 1-888-2000-ASI.<\/p>\n<p><strong>**Sanctions \u00e9conomiques des \u00c9tats-Unis.<\/strong> Les parties de cet accord feront en sorte que chacune ses liales situ\u00e9es aux \u00c9tats-Unis ne prenne aucune mesure pour approuver, entreprendre ou faciliter toute transaction commerciale, directement ou indirectement, avec tout pays, gouvernement, entit\u00e9 ouindividu qui pourraient placer un actionnaire ou l&rsquo;une des compagnies ou l&rsquo;une de leurs liales respectives en violation de tout programme de sanctions \u00e9conomiques administr\u00e9 par le \u00ab Offoce of Foreign Assets Control of the U.S. Department of the Treasury \u00bb dans l&rsquo;ex\u00e9cution des obligations du pr\u00e9sent accord. <strong>AUTRE PARTIE<\/strong> s&rsquo;engage \u00e0 d\u00e9fendre, indemniser et tenir ASI non responsable pour toutes les r\u00e9clamations \/ amendes, etc. d\u00e9coulant des violations des Sanctions \u00e9conomiques, interdisant les actes intentionnels ou la n\u00e9gligence d\u2019ASI.<\/p>\n<\/div>\n<\/div>\n<\/div>\n<\/div>\n<\/div><\/div><\/div><div class=\"fusion-layout-column fusion_builder_column fusion-builder-column-2 fusion_builder_column_1_4 1_4 fusion-flex-column\" style=\"--awb-bg-size:cover;--awb-width-large:25%;--awb-margin-top-large:0px;--awb-spacing-right-large:7.68%;--awb-margin-bottom-large:20px;--awb-spacing-left-large:7.68%;--awb-width-medium:25%;--awb-order-medium:0;--awb-spacing-right-medium:7.68%;--awb-spacing-left-medium:7.68%;--awb-width-small:100%;--awb-order-small:0;--awb-spacing-right-small:1.92%;--awb-spacing-left-small:1.92%;\"><div class=\"fusion-column-wrapper fusion-column-has-shadow fusion-flex-justify-content-flex-start fusion-content-layout-column\"><div class=\"fusion-content-boxes content-boxes columns row fusion-columns-1 fusion-columns-total-1 fusion-content-boxes-1 content-boxes-icon-with-title content-left\" style=\"--awb-hover-accent-color:#00b4d8;--awb-circle-hover-accent-color:#00b4d8;--awb-item-margin-bottom:40px;\" data-animationOffset=\"top-into-view\"><div style=\"--awb-backgroundcolor:#f5f5f5f5;\" class=\"fusion-column content-box-column content-box-column content-box-column-1 col-lg-12 col-md-12 col-sm-12 fusion-content-box-hover content-box-column-last content-box-column-last-in-row\"><div class=\"col content-box-wrapper content-wrapper-background link-area-link-icon content-icon-wrapper-yes icon-hover-animation-fade\" data-animationOffset=\"top-into-view\"><div class=\"heading heading-with-icon icon-left\"><div class=\"icon\"><span style=\"height:42px;width:42px;line-height:22px;border-color:rgba(255,255,255,0);border-width:1px;border-style:solid;background-color:#212934;box-sizing:content-box;border-radius:50%;\"><i style=\"border-color:#212934;border-width:1px;background-color:#212934;box-sizing:content-box;height:40px;width:40px;line-height:40px;border-radius:50%;position:relative;top:auto;left:auto;margin:0;border-radius:50%;font-size:20px;\" aria-hidden=\"true\" class=\"fontawesome-icon fa-file-pdf fas circle-yes\"><\/i><\/span><\/div><h2 class=\"content-box-heading\" style=\"--h2_typography-font-size:24px;line-height:29px;\">Formulaires<\/h2><\/div><div class=\"fusion-clearfix\"><\/div><div class=\"content-container\">\n<ul>\n<li><a href=\"https:\/\/www.asipartner.com\/wp-content\/uploads\/2025\/02\/RESELLER-APPLICATION-CAN.pdf\" target=\"_blank\" rel=\"noopener\">Demande de cr\u00e9dit aupr\u00e8s du revendeur<\/a><\/li>\n<li><a href=\"https:\/\/www.asipartner.com\/wp-content\/uploads\/2022\/03\/CreditCardAuthorizationCA_032322.pdf\" target=\"_blank\" rel=\"noopener\">Autorisation decarte de cr\u00e9dit<\/a><\/li>\n<li><a href=\"https:\/\/www.asipartner.com\/wp-content\/uploads\/2022\/03\/FinancialAuthorization-CAN_032322.pdf\" target=\"_blank\" rel=\"noopener\">Autorisation financi\u00e8re<\/a><\/li>\n<\/ul>\n<\/div><\/div><\/div><div class=\"fusion-clearfix\"><\/div><\/div><\/div><\/div><\/div><\/div><\/p>\n","protected":false},"excerpt":{"rendered":"","protected":false},"author":5,"featured_media":0,"parent":3471,"menu_order":0,"comment_status":"closed","ping_status":"closed","template":"","meta":{"content-type":"","_monsterinsights_skip_tracking":false,"_monsterinsights_sitenote_active":false,"_monsterinsights_sitenote_note":"","_monsterinsights_sitenote_category":0,"footnotes":""},"class_list":["post-4676","page","type-page","status-publish","hentry"],"yoast_head":"<!-- This site is optimized with the Yoast SEO Premium plugin v26.3 (Yoast SEO v26.3) - https:\/\/yoast.com\/wordpress\/plugins\/seo\/ -->\n<title>Become a Partner - ASI Montreal<\/title>\n<meta name=\"robots\" content=\"index, follow, max-snippet:-1, max-image-preview:large, max-video-preview:-1\" \/>\n<link rel=\"canonical\" href=\"https:\/\/www.asipartner.com\/montreal\/company\/become-a-partner\/\" \/>\n<meta property=\"og:locale\" content=\"fr_CA\" \/>\n<meta property=\"og:type\" content=\"article\" \/>\n<meta property=\"og:title\" content=\"Become a Partner\" \/>\n<meta property=\"og:url\" content=\"https:\/\/www.asipartner.com\/montreal\/company\/become-a-partner\/\" \/>\n<meta property=\"og:site_name\" content=\"ASI Montreal\" \/>\n<meta property=\"article:modified_time\" content=\"2025-02-28T08:54:54+00:00\" \/>\n<meta name=\"twitter:card\" content=\"summary_large_image\" \/>\n<meta name=\"twitter:label1\" content=\"Estimation du temps de lecture\" \/>\n\t<meta name=\"twitter:data1\" content=\"5 minutes\" \/>\n<script type=\"application\/ld+json\" class=\"yoast-schema-graph\">{\"@context\":\"https:\/\/schema.org\",\"@graph\":[{\"@type\":\"WebPage\",\"@id\":\"https:\/\/www.asipartner.com\/montreal\/company\/become-a-partner\/\",\"url\":\"https:\/\/www.asipartner.com\/montreal\/company\/become-a-partner\/\",\"name\":\"Become a Partner - ASI Montreal\",\"isPartOf\":{\"@id\":\"https:\/\/www.asipartner.com\/montreal\/#website\"},\"datePublished\":\"2020-12-01T23:18:00+00:00\",\"dateModified\":\"2025-02-28T08:54:54+00:00\",\"breadcrumb\":{\"@id\":\"https:\/\/www.asipartner.com\/montreal\/company\/become-a-partner\/#breadcrumb\"},\"inLanguage\":\"fr-CA\",\"potentialAction\":[{\"@type\":\"ReadAction\",\"target\":[\"https:\/\/www.asipartner.com\/montreal\/company\/become-a-partner\/\"]}]},{\"@type\":\"BreadcrumbList\",\"@id\":\"https:\/\/www.asipartner.com\/montreal\/company\/become-a-partner\/#breadcrumb\",\"itemListElement\":[{\"@type\":\"ListItem\",\"position\":1,\"name\":\"Home\",\"item\":\"https:\/\/www.asipartner.com\/montreal\/\"},{\"@type\":\"ListItem\",\"position\":2,\"name\":\"Company\",\"item\":\"https:\/\/www.asipartner.com\/montreal\/company\/\"},{\"@type\":\"ListItem\",\"position\":3,\"name\":\"Become a Partner\"}]},{\"@type\":\"WebSite\",\"@id\":\"https:\/\/www.asipartner.com\/montreal\/#website\",\"url\":\"https:\/\/www.asipartner.com\/montreal\/\",\"name\":\"ASI Montreal\",\"description\":\"Just another ASI Partner Sites site\",\"potentialAction\":[{\"@type\":\"SearchAction\",\"target\":{\"@type\":\"EntryPoint\",\"urlTemplate\":\"https:\/\/www.asipartner.com\/montreal\/?s={search_term_string}\"},\"query-input\":{\"@type\":\"PropertyValueSpecification\",\"valueRequired\":true,\"valueName\":\"search_term_string\"}}],\"inLanguage\":\"fr-CA\"}]}<\/script>\n<!-- \/ Yoast SEO Premium plugin. -->","yoast_head_json":{"title":"Become a Partner - ASI Montreal","robots":{"index":"index","follow":"follow","max-snippet":"max-snippet:-1","max-image-preview":"max-image-preview:large","max-video-preview":"max-video-preview:-1"},"canonical":"https:\/\/www.asipartner.com\/montreal\/company\/become-a-partner\/","og_locale":"fr_CA","og_type":"article","og_title":"Become a Partner","og_url":"https:\/\/www.asipartner.com\/montreal\/company\/become-a-partner\/","og_site_name":"ASI Montreal","article_modified_time":"2025-02-28T08:54:54+00:00","twitter_card":"summary_large_image","twitter_misc":{"Estimation du temps de lecture":"5 minutes"},"schema":{"@context":"https:\/\/schema.org","@graph":[{"@type":"WebPage","@id":"https:\/\/www.asipartner.com\/montreal\/company\/become-a-partner\/","url":"https:\/\/www.asipartner.com\/montreal\/company\/become-a-partner\/","name":"Become a Partner - ASI Montreal","isPartOf":{"@id":"https:\/\/www.asipartner.com\/montreal\/#website"},"datePublished":"2020-12-01T23:18:00+00:00","dateModified":"2025-02-28T08:54:54+00:00","breadcrumb":{"@id":"https:\/\/www.asipartner.com\/montreal\/company\/become-a-partner\/#breadcrumb"},"inLanguage":"fr-CA","potentialAction":[{"@type":"ReadAction","target":["https:\/\/www.asipartner.com\/montreal\/company\/become-a-partner\/"]}]},{"@type":"BreadcrumbList","@id":"https:\/\/www.asipartner.com\/montreal\/company\/become-a-partner\/#breadcrumb","itemListElement":[{"@type":"ListItem","position":1,"name":"Home","item":"https:\/\/www.asipartner.com\/montreal\/"},{"@type":"ListItem","position":2,"name":"Company","item":"https:\/\/www.asipartner.com\/montreal\/company\/"},{"@type":"ListItem","position":3,"name":"Become a Partner"}]},{"@type":"WebSite","@id":"https:\/\/www.asipartner.com\/montreal\/#website","url":"https:\/\/www.asipartner.com\/montreal\/","name":"ASI Montreal","description":"Just another ASI Partner Sites site","potentialAction":[{"@type":"SearchAction","target":{"@type":"EntryPoint","urlTemplate":"https:\/\/www.asipartner.com\/montreal\/?s={search_term_string}"},"query-input":{"@type":"PropertyValueSpecification","valueRequired":true,"valueName":"search_term_string"}}],"inLanguage":"fr-CA"}]}},"_links":{"self":[{"href":"https:\/\/www.asipartner.com\/montreal\/wp-json\/wp\/v2\/pages\/4676","targetHints":{"allow":["GET"]}}],"collection":[{"href":"https:\/\/www.asipartner.com\/montreal\/wp-json\/wp\/v2\/pages"}],"about":[{"href":"https:\/\/www.asipartner.com\/montreal\/wp-json\/wp\/v2\/types\/page"}],"author":[{"embeddable":true,"href":"https:\/\/www.asipartner.com\/montreal\/wp-json\/wp\/v2\/users\/5"}],"replies":[{"embeddable":true,"href":"https:\/\/www.asipartner.com\/montreal\/wp-json\/wp\/v2\/comments?post=4676"}],"version-history":[{"count":5,"href":"https:\/\/www.asipartner.com\/montreal\/wp-json\/wp\/v2\/pages\/4676\/revisions"}],"predecessor-version":[{"id":7063,"href":"https:\/\/www.asipartner.com\/montreal\/wp-json\/wp\/v2\/pages\/4676\/revisions\/7063"}],"up":[{"embeddable":true,"href":"https:\/\/www.asipartner.com\/montreal\/wp-json\/wp\/v2\/pages\/3471"}],"wp:attachment":[{"href":"https:\/\/www.asipartner.com\/montreal\/wp-json\/wp\/v2\/media?parent=4676"}],"curies":[{"name":"wp","href":"https:\/\/api.w.org\/{rel}","templated":true}]}}