{"id":4742,"date":"2020-12-03T12:31:52","date_gmt":"2020-12-03T20:31:52","guid":{"rendered":"http:\/\/192.168.64.113\/?page_id=4742"},"modified":"2023-08-11T19:35:07","modified_gmt":"2023-08-11T19:35:07","slug":"value-added-services","status":"publish","type":"page","link":"https:\/\/www.asipartner.com\/montreal\/company\/value-added-services\/","title":{"rendered":"Value-added Services"},"content":{"rendered":"<p><div class=\"fusion-fullwidth fullwidth-box fusion-builder-row-1 fusion-flex-container nonhundred-percent-fullwidth non-hundred-percent-height-scrolling\" style=\"--awb-border-radius-top-left:0px;--awb-border-radius-top-right:0px;--awb-border-radius-bottom-right:0px;--awb-border-radius-bottom-left:0px;--awb-flex-wrap:wrap;\" ><div class=\"fusion-builder-row fusion-row fusion-flex-align-items-flex-start fusion-flex-content-wrap\" style=\"max-width:1248px;margin-left: calc(-4% \/ 2 );margin-right: calc(-4% \/ 2 );\"><div class=\"fusion-layout-column fusion_builder_column fusion-builder-column-0 fusion_builder_column_1_1 1_1 fusion-flex-column\" style=\"--awb-bg-size:cover;--awb-width-large:100%;--awb-margin-top-large:0px;--awb-spacing-right-large:1.92%;--awb-margin-bottom-large:20px;--awb-spacing-left-large:1.92%;--awb-width-medium:100%;--awb-order-medium:0;--awb-spacing-right-medium:1.92%;--awb-spacing-left-medium:1.92%;--awb-width-small:100%;--awb-order-small:0;--awb-spacing-right-small:1.92%;--awb-spacing-left-small:1.92%;\"><div class=\"fusion-column-wrapper fusion-column-has-shadow fusion-flex-justify-content-flex-start fusion-content-layout-column\"><div class=\"fusion-image-element \" style=\"--awb-caption-title-font-family:var(--h2_typography-font-family);--awb-caption-title-font-weight:var(--h2_typography-font-weight);--awb-caption-title-font-style:var(--h2_typography-font-style);--awb-caption-title-size:var(--h2_typography-font-size);--awb-caption-title-transform:var(--h2_typography-text-transform);--awb-caption-title-line-height:var(--h2_typography-line-height);--awb-caption-title-letter-spacing:var(--h2_typography-letter-spacing);\"><span class=\" fusion-imageframe imageframe-none imageframe-1 hover-type-none\"><img decoding=\"async\" width=\"1200\" height=\"300\" alt=\"Services \u00e0 valeur ajout\u00e9e\" title=\"Services \u00e0 valeur ajout\u00e9e\" src=\"https:\/\/www.asipartner.com\/montreal\/wp-content\/uploads\/sites\/3\/2021\/04\/Value-Added-Service-Francais.jpg\" class=\"img-responsive wp-image-6775\" srcset=\"https:\/\/www.asipartner.com\/montreal\/wp-content\/uploads\/sites\/3\/2021\/04\/Value-Added-Service-Francais-200x50.jpg 200w, https:\/\/www.asipartner.com\/montreal\/wp-content\/uploads\/sites\/3\/2021\/04\/Value-Added-Service-Francais-400x100.jpg 400w, https:\/\/www.asipartner.com\/montreal\/wp-content\/uploads\/sites\/3\/2021\/04\/Value-Added-Service-Francais-600x150.jpg 600w, https:\/\/www.asipartner.com\/montreal\/wp-content\/uploads\/sites\/3\/2021\/04\/Value-Added-Service-Francais-800x200.jpg 800w, https:\/\/www.asipartner.com\/montreal\/wp-content\/uploads\/sites\/3\/2021\/04\/Value-Added-Service-Francais.jpg 1200w\" sizes=\"(max-width: 640px) 100vw, 1200px\" \/><\/span><\/div><\/div><\/div><\/div><\/div><div class=\"fusion-fullwidth fullwidth-box fusion-builder-row-2 fusion-flex-container nonhundred-percent-fullwidth non-hundred-percent-height-scrolling\" style=\"--awb-border-radius-top-left:0px;--awb-border-radius-top-right:0px;--awb-border-radius-bottom-right:0px;--awb-border-radius-bottom-left:0px;--awb-flex-wrap:wrap;\" ><div class=\"fusion-builder-row fusion-row fusion-flex-align-items-flex-start fusion-flex-content-wrap\" style=\"max-width:1248px;margin-left: calc(-4% \/ 2 );margin-right: calc(-4% \/ 2 );\"><div class=\"fusion-layout-column fusion_builder_column fusion-builder-column-1 fusion_builder_column_1_1 1_1 fusion-flex-column\" style=\"--awb-bg-size:cover;--awb-width-large:100%;--awb-margin-top-large:0px;--awb-spacing-right-large:1.92%;--awb-margin-bottom-large:20px;--awb-spacing-left-large:1.92%;--awb-width-medium:100%;--awb-order-medium:0;--awb-spacing-right-medium:1.92%;--awb-spacing-left-medium:1.92%;--awb-width-small:100%;--awb-order-small:0;--awb-spacing-right-small:1.92%;--awb-spacing-left-small:1.92%;\"><div class=\"fusion-column-wrapper fusion-column-has-shadow fusion-flex-justify-content-flex-start fusion-content-layout-column\"><div class=\"fusion-text fusion-text-1\"><h4>Chez ASI &#8211; Nous cr\u00e9ons de la valeur.<\/h4>\n<p>Alors que l&rsquo;industrie de la technologie continue d&rsquo;\u00e9voluer \u00e0 un rythme toujours plus rapide et que les cycles de vie des produits continuent de se raccourcir, la n\u00e9cessit\u00e9 d&rsquo;am\u00e9liorer l&rsquo;efficacit\u00e9 de la cha\u00eene d&rsquo;approvisionnement en minimisant les d\u00e9lais de mise sur le march\u00e9, en am\u00e9liorant les taux d&rsquo;ex\u00e9cution des commandes, en alignant les pr\u00e9visions des stocks sur la demande du march\u00e9, en minimisant le risque de les p\u00e9nuries ou les surplus lors des transitions de produits et la r\u00e9duction des co\u00fbts d&rsquo;exploitation deviennent des \u00e9l\u00e9ments de plus en plus critiques d&rsquo;une strat\u00e9gie concurrentielle.<\/p>\n<p>En tant que distributeur de composants informatiques avec plus de 35 ans d&rsquo;exp\u00e9rience, ASI a \u00e9t\u00e9 impliqu\u00e9 dans un large \u00e9ventail d&rsquo;activit\u00e9s vitales pour les entreprises int\u00e9ress\u00e9es \u00e0 utiliser un v\u00e9ritable partenaire de services \u00e0 valeur ajout\u00e9e (VAS) suffisamment flexible pour s&rsquo;adapter aux besoins changeants du march\u00e9. Notre r\u00e9seau national de centres de distribution aide les fabricants de produits \u00e0 d\u00e9placement rapide \u00e0 rapprocher les stocks des clients pour les exp\u00e9ditions interentreprises ou entre entreprises et consommateurs.<\/p>\n<p>De plus, notre exp\u00e9rience dans la gestion d&rsquo;une large gamme de produits de haute technologie pour nos fournisseurs, combin\u00e9e \u00e0 nos centres de services \u00e0 valeur ajout\u00e9e, diff\u00e9rencie ASI.<\/p>\n<p><strong>Services et capacit\u00e9s B2B et B2C<\/strong><\/p>\n<ul>\n<li>Ex\u00e9cution directe des commandes par des tiers via EDI et commerce \u00e9lectronique<\/li>\n<li>La gestion du cycle de vie du produit<\/li>\n<li>Services d&rsquo;entrep\u00f4t comprenant le kit, l&rsquo;\u00e9tiquetage personnalis\u00e9, l&#8217;emballage et la s\u00e9rialisation<\/li>\n<li>Logistique invers\u00e9e: gestion des retours, test des produits, r\u00e9paration et remise \u00e0 neuf<\/li>\n<li>Programmes de garantie et de retour<\/li>\n<li>Options d&rsquo;extension de garantie, y compris le service sur site avec une assistance aux utilisateurs finaux 24h \/ 24 et 7j \/ 7<\/li>\n<li>Int\u00e9gration du syst\u00e8me dans l&rsquo;\u00e9tablissement\n<ul>\n<li>Capacit\u00e9 de configuration personnalis\u00e9e: petit ou grand volume<\/li>\n<li>Serveurs (de marque et personnalis\u00e9s)<\/li>\n<li>Bureau (de marque et personnalis\u00e9)<\/li>\n<li>Syst\u00e8mes de stockage (NAS, RAID et JBOD)<\/li>\n<\/ul>\n<\/li>\n<li>Solutions cl\u00e9s en main compl\u00e8tes<\/li>\n<li>Test, contr\u00f4le du micrologiciel, contr\u00f4le de la r\u00e9vision du BIOS et chargement d&rsquo;image<\/li>\n<li>\u00c9tiquetage personnalis\u00e9<\/li>\n<li>Gestion et support logistique<\/li>\n<\/ul>\n<\/div><div class=\"fusion-text fusion-text-2\"><h4 class=\"entry-title\">Services d&rsquo;int\u00e9gration<\/h4>\n<p>La valeur qu&rsquo;apporte ASI en tant que distributeur est grandement am\u00e9lior\u00e9e par notre expertise de longue date en int\u00e9grant des solutions de calcul personnalis\u00e9es pour nos clients. Depuis nos d\u00e9buts, ASI a fourni ce service essentiel avec des centres d&rsquo;int\u00e9gration d\u00e9di\u00e9s situ\u00e9s \u00e0 Fremont, Chicago, Dallas et Atlanta. Ces centres fournissent une ressource pr\u00e9cieuse aux int\u00e9grateurs de syst\u00e8mes, aux revendeurs \u00e0 valeur ajout\u00e9e et aux OEM qui peuvent tirer parti de l\u2019acc\u00e8s d\u2019ASI \u00e0 un large \u00e9ventail de composants, notamment les cartes m\u00e8res, la m\u00e9moire, les processeurs, les disques SSD, les disques durs, les r\u00e9seaux et les GPU. En outre, ASI continue d&rsquo;am\u00e9liorer notre gamme de fabricants de bo\u00eetiers et de blocs d&rsquo;alimentation pour assurer le leadership de l&rsquo;industrie dans cette cat\u00e9gorie de produits, donnant \u00e0 nos revendeurs l&rsquo;acc\u00e8s \u00e0 des conceptions de haute qualit\u00e9 qui prennent en charge une combinaison diversifi\u00e9e de syst\u00e8mes informatiques.<\/p>\n<p>ASI travaille en \u00e9troite collaboration avec nos partenaires revendeurs pour int\u00e9grer une large gamme de syst\u00e8mes centr\u00e9s sur le calcul, ce qui se traduit par des \u00e9conomies substantielles en temps et en co\u00fbts, ce qui leur donne une plus grande flexibilit\u00e9 pour se concentrer sur les \u00e9l\u00e9ments de croissance strat\u00e9gique de leur entreprise.<\/p>\n<p><b>Centres de rassemblement r\u00e9gionaux<\/b><\/p>\n<ul>\n<li>Int\u00e9gration du syst\u00e8me dans l&rsquo;\u00e9tablissement \u00e0 Fremont, California<\/li>\n<li>Les projets de syst\u00e8me comprennent des \u00e9quipements m\u00e9dicaux, la conduite autonome, des serveurs GPU, des stations de travail, des PC de jeu, des serveurs d&rsquo;entreprise, des solutions de stockage, ainsi que des syst\u00e8mes d&rsquo;affichage num\u00e9rique, de soins de sant\u00e9, de casinos, de surveillance de s\u00e9curit\u00e9 et d&rsquo;ordinateurs de bureau \u00e0 usage g\u00e9n\u00e9ral.<\/li>\n<li>Composants de qualit\u00e9 des principaux fabricants de l&rsquo;industrie<\/li>\n<li>\u00c9quipes de support technique enti\u00e8rement dot\u00e9es en personnel, form\u00e9es et d\u00e9di\u00e9es<\/li>\n<li>Test, contr\u00f4le du micrologiciel, contr\u00f4le de la r\u00e9vision du BIOS et chargement d&rsquo;image<\/li>\n<li>\u00c9tiquetage personnalis\u00e9<\/li>\n<li>Suivi des actifs, s\u00e9rialisation et tests au niveau du rack<\/li>\n<li>Capacit\u00e9 de configuration personnalis\u00e9e d&rsquo;un \u00e0 plusieurs milliers de syst\u00e8mes<\/li>\n<li>Options d&rsquo;extension de garantie, y compris le service sur site<\/li>\n<li>Test, contr\u00f4le du micrologiciel, contr\u00f4le de la r\u00e9vision du BIOS et chargement d&rsquo;image<\/li>\n<li>\u00c9tiquetage personnalis\u00e9<\/li>\n<li>Gestion et support logistique<\/li>\n<\/ul>\n<p>Nous sommes fiers du niveau d&rsquo;expertise technique que nous sommes en mesure de fournir, et nous nous engageons \u00e0 revoir et \u00e0 mettre \u00e0 jour continuellement notre offre de services pour nous assurer que nous donnons \u00e0 nos clients l&rsquo;acc\u00e8s aux capacit\u00e9s dont ils ont besoin pour \u00eatre comp\u00e9titifs, cro\u00eetre et prosp\u00e9rer dans le monde d&rsquo;aujourd&rsquo;hui. march\u00e9.<\/p>\n<\/div><\/div><\/div><\/div><\/div><\/p>\n","protected":false},"excerpt":{"rendered":"","protected":false},"author":5,"featured_media":0,"parent":3471,"menu_order":0,"comment_status":"closed","ping_status":"closed","template":"","meta":{"content-type":"","_monsterinsights_skip_tracking":false,"_monsterinsights_sitenote_active":false,"_monsterinsights_sitenote_note":"","_monsterinsights_sitenote_category":0,"footnotes":""},"class_list":["post-4742","page","type-page","status-publish","hentry"],"yoast_head":"<!-- This site is optimized with the Yoast SEO Premium plugin v26.3 (Yoast SEO v26.3) - https:\/\/yoast.com\/wordpress\/plugins\/seo\/ -->\n<title>Value-added Services - ASI Montreal<\/title>\n<meta name=\"robots\" content=\"index, follow, max-snippet:-1, max-image-preview:large, max-video-preview:-1\" \/>\n<link rel=\"canonical\" href=\"https:\/\/www.asipartner.com\/montreal\/company\/value-added-services\/\" \/>\n<meta property=\"og:locale\" content=\"fr_CA\" \/>\n<meta property=\"og:type\" content=\"article\" \/>\n<meta property=\"og:title\" content=\"Value-added Services\" \/>\n<meta property=\"og:url\" content=\"https:\/\/www.asipartner.com\/montreal\/company\/value-added-services\/\" \/>\n<meta property=\"og:site_name\" content=\"ASI Montreal\" \/>\n<meta property=\"article:modified_time\" content=\"2023-08-11T19:35:07+00:00\" \/>\n<meta name=\"twitter:card\" content=\"summary_large_image\" \/>\n<meta name=\"twitter:label1\" content=\"Estimation du temps de lecture\" \/>\n\t<meta name=\"twitter:data1\" content=\"6 minutes\" \/>\n<script type=\"application\/ld+json\" class=\"yoast-schema-graph\">{\"@context\":\"https:\/\/schema.org\",\"@graph\":[{\"@type\":\"WebPage\",\"@id\":\"https:\/\/www.asipartner.com\/montreal\/company\/value-added-services\/\",\"url\":\"https:\/\/www.asipartner.com\/montreal\/company\/value-added-services\/\",\"name\":\"Value-added Services - ASI Montreal\",\"isPartOf\":{\"@id\":\"https:\/\/www.asipartner.com\/montreal\/#website\"},\"datePublished\":\"2020-12-03T20:31:52+00:00\",\"dateModified\":\"2023-08-11T19:35:07+00:00\",\"breadcrumb\":{\"@id\":\"https:\/\/www.asipartner.com\/montreal\/company\/value-added-services\/#breadcrumb\"},\"inLanguage\":\"fr-CA\",\"potentialAction\":[{\"@type\":\"ReadAction\",\"target\":[\"https:\/\/www.asipartner.com\/montreal\/company\/value-added-services\/\"]}]},{\"@type\":\"BreadcrumbList\",\"@id\":\"https:\/\/www.asipartner.com\/montreal\/company\/value-added-services\/#breadcrumb\",\"itemListElement\":[{\"@type\":\"ListItem\",\"position\":1,\"name\":\"Home\",\"item\":\"https:\/\/www.asipartner.com\/montreal\/\"},{\"@type\":\"ListItem\",\"position\":2,\"name\":\"Company\",\"item\":\"https:\/\/www.asipartner.com\/montreal\/company\/\"},{\"@type\":\"ListItem\",\"position\":3,\"name\":\"Value-added Services\"}]},{\"@type\":\"WebSite\",\"@id\":\"https:\/\/www.asipartner.com\/montreal\/#website\",\"url\":\"https:\/\/www.asipartner.com\/montreal\/\",\"name\":\"ASI Montreal\",\"description\":\"Just another ASI Partner Sites site\",\"potentialAction\":[{\"@type\":\"SearchAction\",\"target\":{\"@type\":\"EntryPoint\",\"urlTemplate\":\"https:\/\/www.asipartner.com\/montreal\/?s={search_term_string}\"},\"query-input\":{\"@type\":\"PropertyValueSpecification\",\"valueRequired\":true,\"valueName\":\"search_term_string\"}}],\"inLanguage\":\"fr-CA\"}]}<\/script>\n<!-- \/ Yoast SEO Premium plugin. -->","yoast_head_json":{"title":"Value-added Services - ASI Montreal","robots":{"index":"index","follow":"follow","max-snippet":"max-snippet:-1","max-image-preview":"max-image-preview:large","max-video-preview":"max-video-preview:-1"},"canonical":"https:\/\/www.asipartner.com\/montreal\/company\/value-added-services\/","og_locale":"fr_CA","og_type":"article","og_title":"Value-added Services","og_url":"https:\/\/www.asipartner.com\/montreal\/company\/value-added-services\/","og_site_name":"ASI Montreal","article_modified_time":"2023-08-11T19:35:07+00:00","twitter_card":"summary_large_image","twitter_misc":{"Estimation du temps de lecture":"6 minutes"},"schema":{"@context":"https:\/\/schema.org","@graph":[{"@type":"WebPage","@id":"https:\/\/www.asipartner.com\/montreal\/company\/value-added-services\/","url":"https:\/\/www.asipartner.com\/montreal\/company\/value-added-services\/","name":"Value-added Services - ASI Montreal","isPartOf":{"@id":"https:\/\/www.asipartner.com\/montreal\/#website"},"datePublished":"2020-12-03T20:31:52+00:00","dateModified":"2023-08-11T19:35:07+00:00","breadcrumb":{"@id":"https:\/\/www.asipartner.com\/montreal\/company\/value-added-services\/#breadcrumb"},"inLanguage":"fr-CA","potentialAction":[{"@type":"ReadAction","target":["https:\/\/www.asipartner.com\/montreal\/company\/value-added-services\/"]}]},{"@type":"BreadcrumbList","@id":"https:\/\/www.asipartner.com\/montreal\/company\/value-added-services\/#breadcrumb","itemListElement":[{"@type":"ListItem","position":1,"name":"Home","item":"https:\/\/www.asipartner.com\/montreal\/"},{"@type":"ListItem","position":2,"name":"Company","item":"https:\/\/www.asipartner.com\/montreal\/company\/"},{"@type":"ListItem","position":3,"name":"Value-added Services"}]},{"@type":"WebSite","@id":"https:\/\/www.asipartner.com\/montreal\/#website","url":"https:\/\/www.asipartner.com\/montreal\/","name":"ASI Montreal","description":"Just another ASI Partner Sites site","potentialAction":[{"@type":"SearchAction","target":{"@type":"EntryPoint","urlTemplate":"https:\/\/www.asipartner.com\/montreal\/?s={search_term_string}"},"query-input":{"@type":"PropertyValueSpecification","valueRequired":true,"valueName":"search_term_string"}}],"inLanguage":"fr-CA"}]}},"_links":{"self":[{"href":"https:\/\/www.asipartner.com\/montreal\/wp-json\/wp\/v2\/pages\/4742","targetHints":{"allow":["GET"]}}],"collection":[{"href":"https:\/\/www.asipartner.com\/montreal\/wp-json\/wp\/v2\/pages"}],"about":[{"href":"https:\/\/www.asipartner.com\/montreal\/wp-json\/wp\/v2\/types\/page"}],"author":[{"embeddable":true,"href":"https:\/\/www.asipartner.com\/montreal\/wp-json\/wp\/v2\/users\/5"}],"replies":[{"embeddable":true,"href":"https:\/\/www.asipartner.com\/montreal\/wp-json\/wp\/v2\/comments?post=4742"}],"version-history":[{"count":5,"href":"https:\/\/www.asipartner.com\/montreal\/wp-json\/wp\/v2\/pages\/4742\/revisions"}],"predecessor-version":[{"id":7052,"href":"https:\/\/www.asipartner.com\/montreal\/wp-json\/wp\/v2\/pages\/4742\/revisions\/7052"}],"up":[{"embeddable":true,"href":"https:\/\/www.asipartner.com\/montreal\/wp-json\/wp\/v2\/pages\/3471"}],"wp:attachment":[{"href":"https:\/\/www.asipartner.com\/montreal\/wp-json\/wp\/v2\/media?parent=4742"}],"curies":[{"name":"wp","href":"https:\/\/api.w.org\/{rel}","templated":true}]}}