{"id":4803,"date":"2020-12-07T12:49:35","date_gmt":"2020-12-07T20:49:35","guid":{"rendered":"http:\/\/192.168.64.113\/?page_id=4803"},"modified":"2021-04-08T18:17:14","modified_gmt":"2021-04-08T18:17:14","slug":"intel-nuc-for-gaming","status":"publish","type":"page","link":"https:\/\/www.asipartner.com\/montreal\/solutions\/gaming\/intel-nuc-for-gaming\/","title":{"rendered":"Intel NUC for Gaming"},"content":{"rendered":"<p><div class=\"fusion-fullwidth fullwidth-box fusion-builder-row-1 fusion-flex-container nonhundred-percent-fullwidth non-hundred-percent-height-scrolling\" style=\"--awb-border-radius-top-left:0px;--awb-border-radius-top-right:0px;--awb-border-radius-bottom-right:0px;--awb-border-radius-bottom-left:0px;--awb-flex-wrap:wrap;\" ><div class=\"fusion-builder-row fusion-row fusion-flex-align-items-flex-start fusion-flex-content-wrap\" style=\"max-width:1248px;margin-left: calc(-4% \/ 2 );margin-right: calc(-4% \/ 2 );\"><div class=\"fusion-layout-column fusion_builder_column fusion-builder-column-0 fusion_builder_column_1_1 1_1 fusion-flex-column\" style=\"--awb-bg-size:cover;--awb-width-large:100%;--awb-margin-top-large:0px;--awb-spacing-right-large:1.92%;--awb-margin-bottom-large:20px;--awb-spacing-left-large:1.92%;--awb-width-medium:100%;--awb-order-medium:0;--awb-spacing-right-medium:1.92%;--awb-spacing-left-medium:1.92%;--awb-width-small:100%;--awb-order-small:0;--awb-spacing-right-small:1.92%;--awb-spacing-left-small:1.92%;\"><div class=\"fusion-column-wrapper fusion-column-has-shadow fusion-flex-justify-content-flex-start fusion-content-layout-column\"><div class=\"fusion-image-element \" style=\"--awb-caption-title-font-family:var(--h2_typography-font-family);--awb-caption-title-font-weight:var(--h2_typography-font-weight);--awb-caption-title-font-style:var(--h2_typography-font-style);--awb-caption-title-size:var(--h2_typography-font-size);--awb-caption-title-transform:var(--h2_typography-text-transform);--awb-caption-title-line-height:var(--h2_typography-line-height);--awb-caption-title-letter-spacing:var(--h2_typography-letter-spacing);\"><span class=\" fusion-imageframe imageframe-none imageframe-1 hover-type-none\"><img decoding=\"async\" width=\"1200\" height=\"200\" alt=\"Intel NUC Gaming Banner\" title=\"Intel NUC Gaming Banner\" src=\"https:\/\/www.asipartner.com\/montreal\/wp-content\/uploads\/sites\/3\/2021\/04\/IntelNUCGamingBanner_1200x200_FR.jpg\" class=\"img-responsive wp-image-6712\" srcset=\"https:\/\/www.asipartner.com\/montreal\/wp-content\/uploads\/sites\/3\/2021\/04\/IntelNUCGamingBanner_1200x200_FR-200x33.jpg 200w, https:\/\/www.asipartner.com\/montreal\/wp-content\/uploads\/sites\/3\/2021\/04\/IntelNUCGamingBanner_1200x200_FR-400x67.jpg 400w, https:\/\/www.asipartner.com\/montreal\/wp-content\/uploads\/sites\/3\/2021\/04\/IntelNUCGamingBanner_1200x200_FR-600x100.jpg 600w, https:\/\/www.asipartner.com\/montreal\/wp-content\/uploads\/sites\/3\/2021\/04\/IntelNUCGamingBanner_1200x200_FR-800x133.jpg 800w, https:\/\/www.asipartner.com\/montreal\/wp-content\/uploads\/sites\/3\/2021\/04\/IntelNUCGamingBanner_1200x200_FR.jpg 1200w\" sizes=\"(max-width: 640px) 100vw, 1200px\" \/><\/span><\/div><\/div><\/div><\/div><\/div><div class=\"fusion-fullwidth fullwidth-box fusion-builder-row-2 fusion-flex-container nonhundred-percent-fullwidth non-hundred-percent-height-scrolling\" style=\"--awb-border-radius-top-left:0px;--awb-border-radius-top-right:0px;--awb-border-radius-bottom-right:0px;--awb-border-radius-bottom-left:0px;--awb-flex-wrap:wrap;\" ><div class=\"fusion-builder-row fusion-row fusion-flex-align-items-flex-start fusion-flex-content-wrap\" style=\"max-width:1248px;margin-left: calc(-4% \/ 2 );margin-right: calc(-4% \/ 2 );\"><div class=\"fusion-layout-column fusion_builder_column fusion-builder-column-1 fusion_builder_column_1_1 1_1 fusion-flex-column\" style=\"--awb-bg-size:cover;--awb-width-large:100%;--awb-margin-top-large:0px;--awb-spacing-right-large:1.92%;--awb-margin-bottom-large:20px;--awb-spacing-left-large:1.92%;--awb-width-medium:100%;--awb-order-medium:0;--awb-spacing-right-medium:1.92%;--awb-spacing-left-medium:1.92%;--awb-width-small:100%;--awb-order-small:0;--awb-spacing-right-small:1.92%;--awb-spacing-left-small:1.92%;\"><div class=\"fusion-column-wrapper fusion-column-has-shadow fusion-flex-justify-content-flex-start fusion-content-layout-column\"><div class=\"fusion-text fusion-text-1\"><p>Le march\u00e9 des jeux est l&rsquo;un des segments les plus dynamiques de l&rsquo;industrie des PC. Les clients de ce march\u00e9 recherchent les performances, l&rsquo;expansion et, d\u00e9sormais, avec l&rsquo;Intel NUC 9 Extreme, ils peuvent ajouter des designs \u00e9l\u00e9gants \u00e0 la liste des options disponibles. Avec la plupart des appareils \u00e0 petit facteur de forme, des fonctionnalit\u00e9s telles que les processeurs Core i9, les graphiques discrets, le SSD NVMe et la r\u00e9alit\u00e9 virtuelle n&rsquo;\u00e9taient pas disponibles jusqu&rsquo;\u00e0 pr\u00e9sent. L&rsquo;Intel NUC 9 Extreme offre de nombreuses fonctionnalit\u00e9s que les utilisateurs ne peuvent trouver que sur les ordinateurs de bureau haut de gamme.<\/p>\n<p>Le NUC 9 Extreme est un syst\u00e8me de base compos\u00e9 de composants modulaires faisant partie de la famille Intel d\u2019\u00e9l\u00e9ments NUC. La conception modulaire permet une flexibilit\u00e9 de configuration maximale dans un petit facteur de forme qui offre une efficacit\u00e9 de service exceptionnelle et offre aux int\u00e9grateurs plusieurs options de mise \u00e0 niveau pour mieux servir leurs clients.<\/p>\n<p>Le NUC 9 Extreme est disponible avec trois options de processeur diff\u00e9rentes, qui comprennent le Core i9-9980HK, le Core i7-9750H ou le Core i5-9300H. Le NUC 9 Extreme est \u00e9galement con\u00e7u pour prendre en charge les cartes graphiques discr\u00e8tes PCIex16 demi-longueur, prend en charge jusqu&rsquo;\u00e0 64 Go de DRAM double canal, dispose d&rsquo;un emplacement NVMe M.2 2280\/22110 pour le stockage SSD et comprend un Intel WiFi 6 AX200 plus BT 5 sans fil carte.<\/p>\n<\/div><\/div><\/div><div class=\"fusion-layout-column fusion_builder_column fusion-builder-column-2 fusion_builder_column_1_1 1_1 fusion-flex-column\" style=\"--awb-bg-size:cover;--awb-width-large:100%;--awb-margin-top-large:0px;--awb-spacing-right-large:1.92%;--awb-margin-bottom-large:20px;--awb-spacing-left-large:1.92%;--awb-width-medium:100%;--awb-order-medium:0;--awb-spacing-right-medium:1.92%;--awb-spacing-left-medium:1.92%;--awb-width-small:100%;--awb-order-small:0;--awb-spacing-right-small:1.92%;--awb-spacing-left-small:1.92%;\"><div class=\"fusion-column-wrapper fusion-column-has-shadow fusion-flex-justify-content-flex-start fusion-content-layout-column\">\n<div class=\"table-1\">\n<table width=\"100%\">\n<tbody>\n<tr>\n<td><strong>ASI SKU<\/strong><\/td>\n<td><a href=\"\/montreal\/239571\"><strong>239571<\/strong><\/a><\/td>\n<td><a href=\"\/montreal\/239575\"><strong>239575<\/strong><\/a><\/td>\n<td><a href=\"\/montreal\/239574\"><strong>239574<\/strong><\/a><\/td>\n<\/tr>\n<tr>\n<td><strong>Partie Intel<\/strong><\/td>\n<td>BXNUC9I9QNX1<\/td>\n<td>BXNUC9I7QNX1<\/td>\n<td>BXNUC9I5QNX1<\/td>\n<\/tr>\n<tr>\n<td><strong>CPU<\/strong><\/td>\n<td>CI9-9980HK<\/td>\n<td>CI7-9750H<\/td>\n<td>CI5-9300H<\/td>\n<\/tr>\n<tr>\n<td><strong>vPro<\/strong><\/td>\n<td>No<\/td>\n<td>No<\/td>\n<td>No<\/td>\n<\/tr>\n<tr>\n<td><strong>Stockage de m\u00e9moire<\/strong><\/td>\n<td>Up to 64GB 2666 Dual Channel<\/td>\n<td>Up to 64GB 2666 Dual Channel<\/td>\n<td>Up to 64GB 2666 Dual Channel<\/td>\n<\/tr>\n<tr>\n<td><strong>Stockage sur disque dur<\/strong><\/td>\n<td>2xM.2 2280\/22110<\/td>\n<td>2xM.2 2280\/22110<\/td>\n<td>2xM.2 2280\/22110<\/td>\n<\/tr>\n<tr>\n<td><strong>WiFi<\/strong><\/td>\n<td>Intel WiFi 6 AX200 + BT 5<\/td>\n<td>Intel WiFi 6 AX200 + BT 5<\/td>\n<td>Intel WiFi 6 AX200 + BT 5<\/td>\n<\/tr>\n<tr>\n<td><strong>RJ45<\/strong><\/td>\n<td>2<\/td>\n<td>2<\/td>\n<td>2<\/td>\n<\/tr>\n<tr>\n<td><strong>HDMI<\/strong><\/td>\n<td>2<\/td>\n<td>2<\/td>\n<td>2<\/td>\n<\/tr>\n<tr>\n<td><strong>Thunderbolt<\/strong><\/td>\n<td>2<\/td>\n<td>2<\/td>\n<td>2<\/td>\n<\/tr>\n<tr>\n<td><strong>USB avant<\/strong><\/td>\n<td>2xusb3.0<\/td>\n<td>2xusb3.0<\/td>\n<td>2xusb3.0<\/td>\n<\/tr>\n<tr>\n<td><strong>Retour USB<\/strong><\/td>\n<td>4xusb3.0<\/td>\n<td>4xusb3.0<\/td>\n<td>4xusb3.0<\/td>\n<\/tr>\n<tr>\n<td><strong>Expansion<\/strong><\/td>\n<td>PCIex16, PCIex4<\/td>\n<td>PCIex16, PCIex4<\/td>\n<td>PCIex16, PCIex4<\/td>\n<\/tr>\n<tr>\n<td><strong>PS<\/strong><\/td>\n<td>500W<\/td>\n<td>500W<\/td>\n<td>500W<\/td>\n<\/tr>\n<\/tbody>\n<\/table>\n<\/div>\n<\/div><\/div><div class=\"fusion-layout-column fusion_builder_column fusion-builder-column-3 fusion_builder_column_1_1 1_1 fusion-flex-column\" style=\"--awb-bg-size:cover;--awb-width-large:100%;--awb-margin-top-large:0px;--awb-spacing-right-large:1.92%;--awb-margin-bottom-large:20px;--awb-spacing-left-large:1.92%;--awb-width-medium:100%;--awb-order-medium:0;--awb-spacing-right-medium:1.92%;--awb-spacing-left-medium:1.92%;--awb-width-small:100%;--awb-order-small:0;--awb-spacing-right-small:1.92%;--awb-spacing-left-small:1.92%;\"><div class=\"fusion-column-wrapper fusion-column-has-shadow fusion-flex-justify-content-flex-start fusion-content-layout-column\">\n<div class=\"table-1\">\n<table width=\"100%\">\n<tbody>\n<tr>\n<td><strong>Mod\u00e8le<\/strong><\/td>\n<td><strong>NUC 9 Extr\u00eame<\/strong><\/td>\n<td><strong>Mini Tower<\/strong><\/td>\n<td><strong>NUC<\/strong><\/td>\n<\/tr>\n<tr>\n<td><strong>Hauteur<\/strong><\/td>\n<td>238mm<\/td>\n<td>411mm<\/td>\n<td>112mm<\/td>\n<\/tr>\n<tr>\n<td><strong>Largeur<\/strong><\/td>\n<td>96mm<\/td>\n<td>57mm<\/td>\n<td>218mm<\/td>\n<\/tr>\n<tr>\n<td><strong>Profondeur<\/strong><\/td>\n<td>216mm<\/td>\n<td>410mm<\/td>\n<td>117mm<\/td>\n<\/tr>\n<tr>\n<td><\/td>\n<td><img decoding=\"async\" class=\"aligncenter wp-image-5216 size-full\" title=\"Intel NUC 9 Extreme\" src=\"https:\/\/www.asipartner.com\/montreal\/wp-content\/uploads\/sites\/3\/2021\/01\/NUC9Extreme.jpg\" alt=\"Intel NUC 9 Extreme\" width=\"116\" height=\"115\" srcset=\"https:\/\/www.asipartner.com\/montreal\/wp-content\/uploads\/sites\/3\/2021\/01\/NUC9Extreme-66x66.jpg 66w, https:\/\/www.asipartner.com\/montreal\/wp-content\/uploads\/sites\/3\/2021\/01\/NUC9Extreme.jpg 116w\" sizes=\"(max-width: 116px) 100vw, 116px\" \/><\/td>\n<td><img decoding=\"async\" class=\"aligncenter wp-image-5214 size-full\" title=\"Intel Mini Tower\" src=\"https:\/\/www.asipartner.com\/montreal\/wp-content\/uploads\/sites\/3\/2021\/01\/MiniTower.png\" alt=\"Intel Mini Tower\" width=\"160\" height=\"162\" srcset=\"https:\/\/www.asipartner.com\/montreal\/wp-content\/uploads\/sites\/3\/2021\/01\/MiniTower-66x66.png 66w, https:\/\/www.asipartner.com\/montreal\/wp-content\/uploads\/sites\/3\/2021\/01\/MiniTower.png 160w\" sizes=\"(max-width: 160px) 100vw, 160px\" \/><\/td>\n<td><img decoding=\"async\" class=\"aligncenter wp-image-5215 size-full\" title=\"Intel NUC\" src=\"https:\/\/www.asipartner.com\/montreal\/wp-content\/uploads\/sites\/3\/2021\/01\/NUC.png\" alt=\"Intel NUC\" width=\"196\" height=\"102\" \/><\/td>\n<\/tr>\n<\/tbody>\n<\/table>\n<\/div>\n<\/div><\/div><\/div><\/div><\/p>\n","protected":false},"excerpt":{"rendered":"","protected":false},"author":3,"featured_media":0,"parent":3788,"menu_order":0,"comment_status":"closed","ping_status":"closed","template":"","meta":{"content-type":"","_monsterinsights_skip_tracking":false,"_monsterinsights_sitenote_active":false,"_monsterinsights_sitenote_note":"","_monsterinsights_sitenote_category":0,"footnotes":""},"class_list":["post-4803","page","type-page","status-publish","hentry"],"yoast_head":"<!-- This site is optimized with the Yoast SEO Premium plugin v26.3 (Yoast SEO v26.3) - https:\/\/yoast.com\/wordpress\/plugins\/seo\/ -->\n<title>Intel NUC for Gaming - ASI Montreal<\/title>\n<meta name=\"robots\" content=\"index, follow, max-snippet:-1, max-image-preview:large, max-video-preview:-1\" \/>\n<link rel=\"canonical\" href=\"https:\/\/www.asipartner.com\/montreal\/solutions\/gaming\/intel-nuc-for-gaming\/\" \/>\n<meta property=\"og:locale\" content=\"fr_CA\" \/>\n<meta property=\"og:type\" content=\"article\" \/>\n<meta property=\"og:title\" content=\"Intel NUC for Gaming\" \/>\n<meta property=\"og:url\" content=\"https:\/\/www.asipartner.com\/montreal\/solutions\/gaming\/intel-nuc-for-gaming\/\" \/>\n<meta property=\"og:site_name\" content=\"ASI Montreal\" \/>\n<meta property=\"article:modified_time\" content=\"2021-04-08T18:17:14+00:00\" \/>\n<meta property=\"og:image\" content=\"https:\/\/www.asipartner.com\/montreal\/wp-content\/uploads\/sites\/3\/2021\/01\/NUC9Extreme.jpg\" \/>\n<meta name=\"twitter:card\" content=\"summary_large_image\" \/>\n<meta name=\"twitter:label1\" content=\"Estimation du temps de lecture\" \/>\n\t<meta name=\"twitter:data1\" content=\"4 minutes\" \/>\n<script type=\"application\/ld+json\" class=\"yoast-schema-graph\">{\"@context\":\"https:\/\/schema.org\",\"@graph\":[{\"@type\":\"WebPage\",\"@id\":\"https:\/\/www.asipartner.com\/montreal\/solutions\/gaming\/intel-nuc-for-gaming\/\",\"url\":\"https:\/\/www.asipartner.com\/montreal\/solutions\/gaming\/intel-nuc-for-gaming\/\",\"name\":\"Intel NUC for Gaming - ASI Montreal\",\"isPartOf\":{\"@id\":\"https:\/\/www.asipartner.com\/montreal\/#website\"},\"primaryImageOfPage\":{\"@id\":\"https:\/\/www.asipartner.com\/montreal\/solutions\/gaming\/intel-nuc-for-gaming\/#primaryimage\"},\"image\":{\"@id\":\"https:\/\/www.asipartner.com\/montreal\/solutions\/gaming\/intel-nuc-for-gaming\/#primaryimage\"},\"thumbnailUrl\":\"https:\/\/www.asipartner.com\/montreal\/wp-content\/uploads\/sites\/3\/2021\/01\/NUC9Extreme.jpg\",\"datePublished\":\"2020-12-07T20:49:35+00:00\",\"dateModified\":\"2021-04-08T18:17:14+00:00\",\"breadcrumb\":{\"@id\":\"https:\/\/www.asipartner.com\/montreal\/solutions\/gaming\/intel-nuc-for-gaming\/#breadcrumb\"},\"inLanguage\":\"fr-CA\",\"potentialAction\":[{\"@type\":\"ReadAction\",\"target\":[\"https:\/\/www.asipartner.com\/montreal\/solutions\/gaming\/intel-nuc-for-gaming\/\"]}]},{\"@type\":\"ImageObject\",\"inLanguage\":\"fr-CA\",\"@id\":\"https:\/\/www.asipartner.com\/montreal\/solutions\/gaming\/intel-nuc-for-gaming\/#primaryimage\",\"url\":\"https:\/\/www.asipartner.com\/montreal\/wp-content\/uploads\/sites\/3\/2021\/01\/NUC9Extreme.jpg\",\"contentUrl\":\"https:\/\/www.asipartner.com\/montreal\/wp-content\/uploads\/sites\/3\/2021\/01\/NUC9Extreme.jpg\",\"width\":116,\"height\":115,\"caption\":\"NUC 9 Extreme\"},{\"@type\":\"BreadcrumbList\",\"@id\":\"https:\/\/www.asipartner.com\/montreal\/solutions\/gaming\/intel-nuc-for-gaming\/#breadcrumb\",\"itemListElement\":[{\"@type\":\"ListItem\",\"position\":1,\"name\":\"Home\",\"item\":\"https:\/\/www.asipartner.com\/montreal\/\"},{\"@type\":\"ListItem\",\"position\":2,\"name\":\"Solutions\",\"item\":\"https:\/\/www.asipartner.com\/montreal\/solutions\/\"},{\"@type\":\"ListItem\",\"position\":3,\"name\":\"Gaming\",\"item\":\"https:\/\/www.asipartner.com\/montreal\/solutions\/gaming\/\"},{\"@type\":\"ListItem\",\"position\":4,\"name\":\"Intel NUC for Gaming\"}]},{\"@type\":\"WebSite\",\"@id\":\"https:\/\/www.asipartner.com\/montreal\/#website\",\"url\":\"https:\/\/www.asipartner.com\/montreal\/\",\"name\":\"ASI Montreal\",\"description\":\"Just another ASI Partner Sites site\",\"potentialAction\":[{\"@type\":\"SearchAction\",\"target\":{\"@type\":\"EntryPoint\",\"urlTemplate\":\"https:\/\/www.asipartner.com\/montreal\/?s={search_term_string}\"},\"query-input\":{\"@type\":\"PropertyValueSpecification\",\"valueRequired\":true,\"valueName\":\"search_term_string\"}}],\"inLanguage\":\"fr-CA\"}]}<\/script>\n<!-- \/ Yoast SEO Premium plugin. -->","yoast_head_json":{"title":"Intel NUC for Gaming - ASI Montreal","robots":{"index":"index","follow":"follow","max-snippet":"max-snippet:-1","max-image-preview":"max-image-preview:large","max-video-preview":"max-video-preview:-1"},"canonical":"https:\/\/www.asipartner.com\/montreal\/solutions\/gaming\/intel-nuc-for-gaming\/","og_locale":"fr_CA","og_type":"article","og_title":"Intel NUC for Gaming","og_url":"https:\/\/www.asipartner.com\/montreal\/solutions\/gaming\/intel-nuc-for-gaming\/","og_site_name":"ASI Montreal","article_modified_time":"2021-04-08T18:17:14+00:00","og_image":[{"url":"https:\/\/www.asipartner.com\/montreal\/wp-content\/uploads\/sites\/3\/2021\/01\/NUC9Extreme.jpg","type":"","width":"","height":""}],"twitter_card":"summary_large_image","twitter_misc":{"Estimation du temps de lecture":"4 minutes"},"schema":{"@context":"https:\/\/schema.org","@graph":[{"@type":"WebPage","@id":"https:\/\/www.asipartner.com\/montreal\/solutions\/gaming\/intel-nuc-for-gaming\/","url":"https:\/\/www.asipartner.com\/montreal\/solutions\/gaming\/intel-nuc-for-gaming\/","name":"Intel NUC for Gaming - ASI Montreal","isPartOf":{"@id":"https:\/\/www.asipartner.com\/montreal\/#website"},"primaryImageOfPage":{"@id":"https:\/\/www.asipartner.com\/montreal\/solutions\/gaming\/intel-nuc-for-gaming\/#primaryimage"},"image":{"@id":"https:\/\/www.asipartner.com\/montreal\/solutions\/gaming\/intel-nuc-for-gaming\/#primaryimage"},"thumbnailUrl":"https:\/\/www.asipartner.com\/montreal\/wp-content\/uploads\/sites\/3\/2021\/01\/NUC9Extreme.jpg","datePublished":"2020-12-07T20:49:35+00:00","dateModified":"2021-04-08T18:17:14+00:00","breadcrumb":{"@id":"https:\/\/www.asipartner.com\/montreal\/solutions\/gaming\/intel-nuc-for-gaming\/#breadcrumb"},"inLanguage":"fr-CA","potentialAction":[{"@type":"ReadAction","target":["https:\/\/www.asipartner.com\/montreal\/solutions\/gaming\/intel-nuc-for-gaming\/"]}]},{"@type":"ImageObject","inLanguage":"fr-CA","@id":"https:\/\/www.asipartner.com\/montreal\/solutions\/gaming\/intel-nuc-for-gaming\/#primaryimage","url":"https:\/\/www.asipartner.com\/montreal\/wp-content\/uploads\/sites\/3\/2021\/01\/NUC9Extreme.jpg","contentUrl":"https:\/\/www.asipartner.com\/montreal\/wp-content\/uploads\/sites\/3\/2021\/01\/NUC9Extreme.jpg","width":116,"height":115,"caption":"NUC 9 Extreme"},{"@type":"BreadcrumbList","@id":"https:\/\/www.asipartner.com\/montreal\/solutions\/gaming\/intel-nuc-for-gaming\/#breadcrumb","itemListElement":[{"@type":"ListItem","position":1,"name":"Home","item":"https:\/\/www.asipartner.com\/montreal\/"},{"@type":"ListItem","position":2,"name":"Solutions","item":"https:\/\/www.asipartner.com\/montreal\/solutions\/"},{"@type":"ListItem","position":3,"name":"Gaming","item":"https:\/\/www.asipartner.com\/montreal\/solutions\/gaming\/"},{"@type":"ListItem","position":4,"name":"Intel NUC for Gaming"}]},{"@type":"WebSite","@id":"https:\/\/www.asipartner.com\/montreal\/#website","url":"https:\/\/www.asipartner.com\/montreal\/","name":"ASI Montreal","description":"Just another ASI Partner Sites site","potentialAction":[{"@type":"SearchAction","target":{"@type":"EntryPoint","urlTemplate":"https:\/\/www.asipartner.com\/montreal\/?s={search_term_string}"},"query-input":{"@type":"PropertyValueSpecification","valueRequired":true,"valueName":"search_term_string"}}],"inLanguage":"fr-CA"}]}},"_links":{"self":[{"href":"https:\/\/www.asipartner.com\/montreal\/wp-json\/wp\/v2\/pages\/4803","targetHints":{"allow":["GET"]}}],"collection":[{"href":"https:\/\/www.asipartner.com\/montreal\/wp-json\/wp\/v2\/pages"}],"about":[{"href":"https:\/\/www.asipartner.com\/montreal\/wp-json\/wp\/v2\/types\/page"}],"author":[{"embeddable":true,"href":"https:\/\/www.asipartner.com\/montreal\/wp-json\/wp\/v2\/users\/3"}],"replies":[{"embeddable":true,"href":"https:\/\/www.asipartner.com\/montreal\/wp-json\/wp\/v2\/comments?post=4803"}],"version-history":[{"count":6,"href":"https:\/\/www.asipartner.com\/montreal\/wp-json\/wp\/v2\/pages\/4803\/revisions"}],"predecessor-version":[{"id":6757,"href":"https:\/\/www.asipartner.com\/montreal\/wp-json\/wp\/v2\/pages\/4803\/revisions\/6757"}],"up":[{"embeddable":true,"href":"https:\/\/www.asipartner.com\/montreal\/wp-json\/wp\/v2\/pages\/3788"}],"wp:attachment":[{"href":"https:\/\/www.asipartner.com\/montreal\/wp-json\/wp\/v2\/media?parent=4803"}],"curies":[{"name":"wp","href":"https:\/\/api.w.org\/{rel}","templated":true}]}}