{"id":4952,"date":"2020-12-21T10:42:43","date_gmt":"2020-12-21T18:42:43","guid":{"rendered":"http:\/\/192.168.64.113\/?page_id=4952"},"modified":"2021-04-08T18:19:47","modified_gmt":"2021-04-08T18:19:47","slug":"intel-workstations","status":"publish","type":"page","link":"https:\/\/www.asipartner.com\/montreal\/solutions\/workstations\/intel-workstations\/","title":{"rendered":"Intel Workstations"},"content":{"rendered":"<p><div class=\"fusion-fullwidth fullwidth-box fusion-builder-row-1 fusion-flex-container nonhundred-percent-fullwidth non-hundred-percent-height-scrolling\" style=\"--awb-border-radius-top-left:0px;--awb-border-radius-top-right:0px;--awb-border-radius-bottom-right:0px;--awb-border-radius-bottom-left:0px;--awb-flex-wrap:wrap;\" ><div class=\"fusion-builder-row fusion-row fusion-flex-align-items-flex-start fusion-flex-content-wrap\" style=\"max-width:1248px;margin-left: calc(-4% \/ 2 );margin-right: calc(-4% \/ 2 );\"><div class=\"fusion-layout-column fusion_builder_column fusion-builder-column-0 fusion_builder_column_1_1 1_1 fusion-flex-column\" style=\"--awb-bg-size:cover;--awb-width-large:100%;--awb-margin-top-large:0px;--awb-spacing-right-large:1.92%;--awb-margin-bottom-large:20px;--awb-spacing-left-large:1.92%;--awb-width-medium:100%;--awb-order-medium:0;--awb-spacing-right-medium:1.92%;--awb-spacing-left-medium:1.92%;--awb-width-small:100%;--awb-order-small:0;--awb-spacing-right-small:1.92%;--awb-spacing-left-small:1.92%;\"><div class=\"fusion-column-wrapper fusion-column-has-shadow fusion-flex-justify-content-flex-start fusion-content-layout-column\"><div class=\"fusion-image-element \" style=\"--awb-caption-title-font-family:var(--h2_typography-font-family);--awb-caption-title-font-weight:var(--h2_typography-font-weight);--awb-caption-title-font-style:var(--h2_typography-font-style);--awb-caption-title-size:var(--h2_typography-font-size);--awb-caption-title-transform:var(--h2_typography-text-transform);--awb-caption-title-line-height:var(--h2_typography-line-height);--awb-caption-title-letter-spacing:var(--h2_typography-letter-spacing);\"><span class=\" fusion-imageframe imageframe-none imageframe-1 hover-type-none\"><img decoding=\"async\" width=\"1200\" height=\"200\" alt=\"Workstation Banner\" title=\"Workstation Banner\" src=\"https:\/\/www.asipartner.com\/montreal\/wp-content\/uploads\/sites\/3\/2021\/04\/WorkstationBanner_1200x200_FR.jpg\" class=\"img-responsive wp-image-6720\" srcset=\"https:\/\/www.asipartner.com\/montreal\/wp-content\/uploads\/sites\/3\/2021\/04\/WorkstationBanner_1200x200_FR-200x33.jpg 200w, https:\/\/www.asipartner.com\/montreal\/wp-content\/uploads\/sites\/3\/2021\/04\/WorkstationBanner_1200x200_FR-400x67.jpg 400w, https:\/\/www.asipartner.com\/montreal\/wp-content\/uploads\/sites\/3\/2021\/04\/WorkstationBanner_1200x200_FR-600x100.jpg 600w, https:\/\/www.asipartner.com\/montreal\/wp-content\/uploads\/sites\/3\/2021\/04\/WorkstationBanner_1200x200_FR-800x133.jpg 800w, https:\/\/www.asipartner.com\/montreal\/wp-content\/uploads\/sites\/3\/2021\/04\/WorkstationBanner_1200x200_FR.jpg 1200w\" sizes=\"(max-width: 640px) 100vw, 1200px\" \/><\/span><\/div><\/div><\/div><\/div><\/div><div class=\"fusion-fullwidth fullwidth-box fusion-builder-row-2 fusion-flex-container nonhundred-percent-fullwidth non-hundred-percent-height-scrolling\" style=\"--awb-border-radius-top-left:0px;--awb-border-radius-top-right:0px;--awb-border-radius-bottom-right:0px;--awb-border-radius-bottom-left:0px;--awb-flex-wrap:wrap;\" ><div class=\"fusion-builder-row fusion-row fusion-flex-align-items-flex-start fusion-flex-content-wrap\" style=\"max-width:1248px;margin-left: calc(-4% \/ 2 );margin-right: calc(-4% \/ 2 );\"><div class=\"fusion-layout-column fusion_builder_column fusion-builder-column-1 fusion_builder_column_3_4 3_4 fusion-flex-column\" style=\"--awb-bg-size:cover;--awb-width-large:75%;--awb-margin-top-large:0px;--awb-spacing-right-large:2.56%;--awb-margin-bottom-large:20px;--awb-spacing-left-large:2.56%;--awb-width-medium:75%;--awb-order-medium:0;--awb-spacing-right-medium:2.56%;--awb-spacing-left-medium:2.56%;--awb-width-small:100%;--awb-order-small:0;--awb-spacing-right-small:1.92%;--awb-spacing-left-small:1.92%;\"><div class=\"fusion-column-wrapper fusion-column-has-shadow fusion-flex-justify-content-flex-start fusion-content-layout-column\"><div class=\"fusion-text fusion-text-1\"><h4>Pourquoi choisir un poste de travail<\/h4>\n<p><strong>Les plates-formes professionnelles sont con\u00e7ues pour les charges de travail professionnelles.<\/strong><br \/>\nLes PC sont parfaits pour la productivit\u00e9 au bureau et personnelle. Les postes de travail sont con\u00e7us pour les environnements professionnels o\u00f9 les strat\u00e9gies commerciales et les puissantes exigences de la technologie informatique sont n\u00e9cessaires.<\/p>\n<\/div><div class=\"fusion-text fusion-text-2\"><h4>Deux voies pour d\u00e9velopper une base technologique solide<\/h4>\n<p><strong>Choisissez parmi les familles de processeurs Intel con\u00e7ues pour les charges de travail professionnelles.<\/strong><\/p>\n<p><img decoding=\"async\" class=\"alignleft wp-image-4875 size-full\" title=\"10th Gen Intel Core vPro Processors and Intel Xeon Workstation Processor Family\" src=\"https:\/\/www.asipartner.com\/montreal\/wp-content\/uploads\/sites\/3\/2020\/12\/WorkstationChart.jpg\" alt=\"10th Gen Intel Core vPro Processors and Intel Xeon Workstation Processor Family\" width=\"780\" height=\"882\" srcset=\"https:\/\/www.asipartner.com\/montreal\/wp-content\/uploads\/sites\/3\/2020\/12\/WorkstationChart-200x226.jpg 200w, https:\/\/www.asipartner.com\/montreal\/wp-content\/uploads\/sites\/3\/2020\/12\/WorkstationChart-265x300.jpg 265w, https:\/\/www.asipartner.com\/montreal\/wp-content\/uploads\/sites\/3\/2020\/12\/WorkstationChart-400x452.jpg 400w, https:\/\/www.asipartner.com\/montreal\/wp-content\/uploads\/sites\/3\/2020\/12\/WorkstationChart-600x678.jpg 600w, https:\/\/www.asipartner.com\/montreal\/wp-content\/uploads\/sites\/3\/2020\/12\/WorkstationChart-768x868.jpg 768w, https:\/\/www.asipartner.com\/montreal\/wp-content\/uploads\/sites\/3\/2020\/12\/WorkstationChart.jpg 780w\" sizes=\"(max-width: 780px) 100vw, 780px\" \/><\/p>\n<\/div><div class=\"fusion-text fusion-text-3\"><h4>Technologies de poste de travail qui prennent en charge les strat\u00e9gies commerciales<\/h4>\n<p><strong>Qu&rsquo;est-ce qui compte le plus pour votre entreprise?<\/strong><\/p>\n<\/div><div class=\"fusion-builder-row fusion-builder-row-inner fusion-row fusion-flex-align-items-flex-start fusion-flex-content-wrap\" style=\"width:104% !important;max-width:104% !important;margin-left: calc(-4% \/ 2 );margin-right: calc(-4% \/ 2 );\"><div class=\"fusion-layout-column fusion_builder_column_inner fusion-builder-nested-column-0 fusion_builder_column_inner_1_4 1_4 fusion-flex-column\" style=\"--awb-bg-size:cover;--awb-width-large:25%;--awb-margin-top-large:0px;--awb-spacing-right-large:7.68%;--awb-margin-bottom-large:20px;--awb-spacing-left-large:7.68%;--awb-width-medium:25%;--awb-order-medium:0;--awb-spacing-right-medium:7.68%;--awb-spacing-left-medium:7.68%;--awb-width-small:100%;--awb-order-small:0;--awb-spacing-right-small:1.92%;--awb-spacing-left-small:1.92%;\"><div class=\"fusion-column-wrapper fusion-column-has-shadow fusion-flex-justify-content-flex-start fusion-content-layout-column\"><div class=\"fusion-text fusion-text-4\"><p><strong>G\u00e9rabilit\u00e9 et s\u00e9curit\u00e9 int\u00e9gr\u00e9es<\/strong><\/p>\n<p>TECHNOLOGIE INTEL vPRO\u00ae<br \/>\nPermet une gestion \u00e0 distance pour une maintenance sans tracas et une protection renforc\u00e9e par le mat\u00e9riel de vos projets et donn\u00e9es. R\u00e9duit le TCO.<\/p>\n<\/div><\/div><\/div><div class=\"fusion-layout-column fusion_builder_column_inner fusion-builder-nested-column-1 fusion_builder_column_inner_1_4 1_4 fusion-flex-column\" style=\"--awb-bg-size:cover;--awb-width-large:25%;--awb-margin-top-large:0px;--awb-spacing-right-large:7.68%;--awb-margin-bottom-large:20px;--awb-spacing-left-large:7.68%;--awb-width-medium:25%;--awb-order-medium:0;--awb-spacing-right-medium:7.68%;--awb-spacing-left-medium:7.68%;--awb-width-small:100%;--awb-order-small:0;--awb-spacing-right-small:1.92%;--awb-spacing-left-small:1.92%;\"><div class=\"fusion-column-wrapper fusion-column-has-shadow fusion-flex-justify-content-flex-start fusion-content-layout-column\"><div class=\"fusion-text fusion-text-5\"><p><strong>L&rsquo;int\u00e9grit\u00e9 des donn\u00e9es favorisant la productivit\u00e9<\/strong><\/p>\n<p>M\u00c9MOIRE ECC (CODE DE CORRECTION D&rsquo;ERREUR)<br \/>\nR\u00e9duit \/ \u00e9limine les interruptions et les plantages en d\u00e9tectant et en corrigeant la plupart des erreurs de m\u00e9moire lorsqu&rsquo;elles se produisent.<\/p>\n<\/div><\/div><\/div><div class=\"fusion-layout-column fusion_builder_column_inner fusion-builder-nested-column-2 fusion_builder_column_inner_1_4 1_4 fusion-flex-column\" style=\"--awb-bg-size:cover;--awb-width-large:25%;--awb-margin-top-large:0px;--awb-spacing-right-large:7.68%;--awb-margin-bottom-large:20px;--awb-spacing-left-large:7.68%;--awb-width-medium:25%;--awb-order-medium:0;--awb-spacing-right-medium:7.68%;--awb-spacing-left-medium:7.68%;--awb-width-small:100%;--awb-order-small:0;--awb-spacing-right-small:1.92%;--awb-spacing-left-small:1.92%;\"><div class=\"fusion-column-wrapper fusion-column-has-shadow fusion-flex-justify-content-flex-start fusion-content-layout-column\"><div class=\"fusion-text fusion-text-6\"><p><strong>Compatibilit\u00e9 des applications certifi\u00e9es<\/strong><\/p>\n<p>CERTIFICATIONS ISV<br \/>\nValidations OEM et ISV pour garantir que la plate-forme et le logiciel correspondent bien.<\/p>\n<\/div><\/div><\/div><div class=\"fusion-layout-column fusion_builder_column_inner fusion-builder-nested-column-3 fusion_builder_column_inner_1_4 1_4 fusion-flex-column\" style=\"--awb-bg-size:cover;--awb-width-large:25%;--awb-margin-top-large:0px;--awb-spacing-right-large:7.68%;--awb-margin-bottom-large:20px;--awb-spacing-left-large:7.68%;--awb-width-medium:25%;--awb-order-medium:0;--awb-spacing-right-medium:7.68%;--awb-spacing-left-medium:7.68%;--awb-width-small:100%;--awb-order-small:0;--awb-spacing-right-small:1.92%;--awb-spacing-left-small:1.92%;\"><div class=\"fusion-column-wrapper fusion-column-has-shadow fusion-flex-justify-content-flex-start fusion-content-layout-column\"><div class=\"fusion-text fusion-text-7\"><p><strong>Plus de fiabilit\u00e9, de disponibilit\u00e9 et de facilit\u00e9 d&rsquo;entretien<\/strong><\/p>\n<p>RAS STANDARD ET AM\u00c9LIOR\u00c9<br \/>\nMaintient un temps de fonctionnement plus \u00e9lev\u00e9 et r\u00e9duit les impacts sur le flux de travail.<\/p>\n<\/div><\/div><\/div><\/div><div class=\"fusion-text fusion-text-8\"><h4>Vendez le processeur de station de travail Intel adapt\u00e9 aux charges de travail de vos clients<\/h4>\n<p><strong>1. Comprenez votre client<\/strong><\/p>\n<ul>\n<li>Reconna\u00eetre les march\u00e9s, les cas d&rsquo;utilisation et les besoins des clients.<\/li>\n<li>Concentrez-vous sur les exigences typiques: performances, \u00e9volutivit\u00e9, fiabilit\u00e9, s\u00e9curit\u00e9, certification et facilit\u00e9 de gestion.<\/li>\n<li>R\u00e9f\u00e9rence \u201c<a href=\"\/\/www.asipartner.com\/wp-content\/uploads\/2021\/01\/HBD20119_Why-Workstation-Infographic_FIN.pdf\">Construisez l&rsquo;avenir de votre entreprise sur un poste de travail<\/a>\u00ab\u00a0<\/li>\n<\/ul>\n<p><strong>2. Conna\u00eetre nos processeurs<\/strong><\/p>\n<ul>\n<li>Comprenez clairement les exigences de calcul des clients.<\/li>\n<li>D\u00e9couvrez les capacit\u00e9s des processeurs de station de travail Intel\u00ae Core \u2122 et Intel\u00ae Xeon\u00ae.<\/li>\n<\/ul>\n<p><strong>3. Capacit\u00e9s de match<\/strong><\/p>\n<ul>\n<li>Faites correspondre les capacit\u00e9s de processeur adapt\u00e9es aux besoins.<\/li>\n<li>Vendez des processeurs Intel\u00ae Core \u2122 aux processeurs Intel\u00ae Xeon\u00ae pour la m\u00e9moire ECC et les fonctionnalit\u00e9s RAS am\u00e9lior\u00e9es.<\/li>\n<li>Vendez dans la famille de processeurs Intel Xeon pour les performances et l&rsquo;\u00e9volutivit\u00e9.<\/li>\n<\/ul>\n<p><strong>4. \u00c0 l&rsquo;\u00e9preuve du futur<\/strong><\/p>\n<ul>\n<li>Aidez les clients \u00e0 p\u00e9renniser leur entreprise.<\/li>\n<li>Accentuez le co\u00fbt total de possession sur la dur\u00e9e de vie du syst\u00e8me.<\/li>\n<li>Mettre en \u00e9vidence de meilleures performances peut conduire \u00e0 la croissance de l&rsquo;entreprise.<\/li>\n<\/ul>\n<\/div><\/div><\/div><div class=\"fusion-layout-column fusion_builder_column fusion-builder-column-2 fusion_builder_column_1_4 1_4 fusion-flex-column\" style=\"--awb-bg-size:cover;--awb-width-large:25%;--awb-margin-top-large:0px;--awb-spacing-right-large:7.68%;--awb-margin-bottom-large:20px;--awb-spacing-left-large:7.68%;--awb-width-medium:25%;--awb-order-medium:0;--awb-spacing-right-medium:7.68%;--awb-spacing-left-medium:7.68%;--awb-width-small:100%;--awb-order-small:0;--awb-spacing-right-small:1.92%;--awb-spacing-left-small:1.92%;\"><div class=\"fusion-column-wrapper fusion-column-has-shadow fusion-flex-justify-content-flex-start fusion-content-layout-column\"><div class=\"fusion-content-boxes content-boxes columns row fusion-columns-1 fusion-columns-total-1 fusion-content-boxes-1 content-boxes-icon-with-title content-left\" style=\"--awb-hover-accent-color:#00b4d8;--awb-circle-hover-accent-color:#00b4d8;--awb-item-margin-bottom:40px;\" data-animationOffset=\"top-into-view\"><div style=\"--awb-backgroundcolor:#f5f5f5;\" class=\"fusion-column content-box-column content-box-column content-box-column-1 col-lg-12 col-md-12 col-sm-12 fusion-content-box-hover content-box-column-last content-box-column-last-in-row\"><div class=\"col content-box-wrapper content-wrapper-background link-area-link-icon content-icon-wrapper-yes icon-hover-animation-fade\" data-animationOffset=\"top-into-view\"><div class=\"heading heading-with-icon icon-left\"><div class=\"icon\"><span style=\"height:42px;width:42px;line-height:22px;border-color:rgba(255,255,255,0);border-width:1px;border-style:solid;background-color:#212934;box-sizing:content-box;border-radius:50%;\"><i style=\"border-color:#212934;border-width:1px;background-color:#212934;box-sizing:content-box;height:40px;width:40px;line-height:40px;border-radius:50%;position:relative;top:auto;left:auto;margin:0;border-radius:50%;font-size:20px;\" aria-hidden=\"true\" class=\"fontawesome-icon fa-book-reader fas circle-yes\"><\/i><\/span><\/div><h2 class=\"content-box-heading\" style=\"--h2_typography-font-size:24px;line-height:29px;\">Resources<\/h2><\/div><div class=\"fusion-clearfix\"><\/div><div class=\"content-container\">\n<ul>\n<li> <a href=\"\/\/www.asipartner.com\/wp-content\/uploads\/2020\/11\/ultimate-workstation-performance-product-brief-1.pdf\" target=\"_blank\" rel=\"noopener noreferrer\">Fiche produit de la station de travail Intel Xeon<\/a><\/li>\n<li> <a href=\"\/\/www.asipartner.com\/wp-content\/uploads\/2020\/11\/w-2200-sales-brief.pdf\" target=\"_blank\" rel=\"noopener noreferrer\">Pr\u00e9sentation des ventes de la station de travail Intel Xeon<\/a><\/li>\n<li> <a href=\"\/\/www.asipartner.com\/wp-content\/uploads\/2020\/11\/Xeon-Workstation_Infographic_FIN.pdf\" target=\"_blank\" rel=\"noopener noreferrer\">Infographie de la station de travail Intel Xeon<\/a><\/li>\n<\/ul>\n<\/div><\/div><\/div><div class=\"fusion-clearfix\"><\/div><\/div><\/div><\/div><\/div><\/div><\/p>\n","protected":false},"excerpt":{"rendered":"","protected":false},"author":3,"featured_media":0,"parent":4950,"menu_order":0,"comment_status":"closed","ping_status":"closed","template":"","meta":{"content-type":"","_monsterinsights_skip_tracking":false,"_monsterinsights_sitenote_active":false,"_monsterinsights_sitenote_note":"","_monsterinsights_sitenote_category":0,"footnotes":""},"class_list":["post-4952","page","type-page","status-publish","hentry"],"yoast_head":"<!-- This site is optimized with the Yoast SEO Premium plugin v26.3 (Yoast SEO v26.3) - https:\/\/yoast.com\/wordpress\/plugins\/seo\/ -->\n<title>Intel Workstations - ASI Montreal<\/title>\n<meta name=\"description\" content=\"Intel Workstations are designed for professional environments where business strategies and powerful computing drive technology requirements.\" \/>\n<meta name=\"robots\" content=\"index, follow, max-snippet:-1, max-image-preview:large, max-video-preview:-1\" \/>\n<link rel=\"canonical\" href=\"https:\/\/www.asipartner.com\/montreal\/solutions\/workstations\/intel-workstations\/\" \/>\n<meta property=\"og:locale\" content=\"fr_CA\" \/>\n<meta property=\"og:type\" content=\"article\" \/>\n<meta property=\"og:title\" content=\"Intel Workstations\" \/>\n<meta property=\"og:description\" content=\"Intel Workstations are designed for professional environments where business strategies and powerful computing drive technology requirements.\" \/>\n<meta property=\"og:url\" content=\"https:\/\/www.asipartner.com\/montreal\/solutions\/workstations\/intel-workstations\/\" \/>\n<meta property=\"og:site_name\" content=\"ASI Montreal\" \/>\n<meta property=\"article:modified_time\" content=\"2021-04-08T18:19:47+00:00\" \/>\n<meta property=\"og:image\" content=\"https:\/\/www.asipartner.com\/montreal\/wp-content\/uploads\/sites\/3\/2020\/12\/WorkstationChart.jpg\" \/>\n<meta name=\"twitter:card\" content=\"summary_large_image\" \/>\n<meta name=\"twitter:label1\" content=\"Estimation du temps de lecture\" \/>\n\t<meta name=\"twitter:data1\" content=\"15 minutes\" \/>\n<script type=\"application\/ld+json\" class=\"yoast-schema-graph\">{\"@context\":\"https:\/\/schema.org\",\"@graph\":[{\"@type\":\"WebPage\",\"@id\":\"https:\/\/www.asipartner.com\/montreal\/solutions\/workstations\/intel-workstations\/\",\"url\":\"https:\/\/www.asipartner.com\/montreal\/solutions\/workstations\/intel-workstations\/\",\"name\":\"Intel Workstations - ASI Montreal\",\"isPartOf\":{\"@id\":\"https:\/\/www.asipartner.com\/montreal\/#website\"},\"primaryImageOfPage\":{\"@id\":\"https:\/\/www.asipartner.com\/montreal\/solutions\/workstations\/intel-workstations\/#primaryimage\"},\"image\":{\"@id\":\"https:\/\/www.asipartner.com\/montreal\/solutions\/workstations\/intel-workstations\/#primaryimage\"},\"thumbnailUrl\":\"https:\/\/www.asipartner.com\/montreal\/wp-content\/uploads\/sites\/3\/2020\/12\/WorkstationChart.jpg\",\"datePublished\":\"2020-12-21T18:42:43+00:00\",\"dateModified\":\"2021-04-08T18:19:47+00:00\",\"description\":\"Intel Workstations are designed for professional environments where business strategies and powerful computing drive technology requirements.\",\"breadcrumb\":{\"@id\":\"https:\/\/www.asipartner.com\/montreal\/solutions\/workstations\/intel-workstations\/#breadcrumb\"},\"inLanguage\":\"fr-CA\",\"potentialAction\":[{\"@type\":\"ReadAction\",\"target\":[\"https:\/\/www.asipartner.com\/montreal\/solutions\/workstations\/intel-workstations\/\"]}]},{\"@type\":\"ImageObject\",\"inLanguage\":\"fr-CA\",\"@id\":\"https:\/\/www.asipartner.com\/montreal\/solutions\/workstations\/intel-workstations\/#primaryimage\",\"url\":\"https:\/\/www.asipartner.com\/montreal\/wp-content\/uploads\/sites\/3\/2020\/12\/WorkstationChart.jpg\",\"contentUrl\":\"https:\/\/www.asipartner.com\/montreal\/wp-content\/uploads\/sites\/3\/2020\/12\/WorkstationChart.jpg\",\"width\":780,\"height\":882,\"caption\":\"Workstations\"},{\"@type\":\"BreadcrumbList\",\"@id\":\"https:\/\/www.asipartner.com\/montreal\/solutions\/workstations\/intel-workstations\/#breadcrumb\",\"itemListElement\":[{\"@type\":\"ListItem\",\"position\":1,\"name\":\"Home\",\"item\":\"https:\/\/www.asipartner.com\/montreal\/\"},{\"@type\":\"ListItem\",\"position\":2,\"name\":\"Solutions\",\"item\":\"https:\/\/www.asipartner.com\/montreal\/solutions\/\"},{\"@type\":\"ListItem\",\"position\":3,\"name\":\"Workstations\",\"item\":\"https:\/\/www.asipartner.com\/montreal\/solutions\/workstations\/\"},{\"@type\":\"ListItem\",\"position\":4,\"name\":\"Intel Workstations\"}]},{\"@type\":\"WebSite\",\"@id\":\"https:\/\/www.asipartner.com\/montreal\/#website\",\"url\":\"https:\/\/www.asipartner.com\/montreal\/\",\"name\":\"ASI Montreal\",\"description\":\"Just another ASI Partner Sites site\",\"potentialAction\":[{\"@type\":\"SearchAction\",\"target\":{\"@type\":\"EntryPoint\",\"urlTemplate\":\"https:\/\/www.asipartner.com\/montreal\/?s={search_term_string}\"},\"query-input\":{\"@type\":\"PropertyValueSpecification\",\"valueRequired\":true,\"valueName\":\"search_term_string\"}}],\"inLanguage\":\"fr-CA\"}]}<\/script>\n<!-- \/ Yoast SEO Premium plugin. -->","yoast_head_json":{"title":"Intel Workstations - ASI Montreal","description":"Intel Workstations are designed for professional environments where business strategies and powerful computing drive technology requirements.","robots":{"index":"index","follow":"follow","max-snippet":"max-snippet:-1","max-image-preview":"max-image-preview:large","max-video-preview":"max-video-preview:-1"},"canonical":"https:\/\/www.asipartner.com\/montreal\/solutions\/workstations\/intel-workstations\/","og_locale":"fr_CA","og_type":"article","og_title":"Intel Workstations","og_description":"Intel Workstations are designed for professional environments where business strategies and powerful computing drive technology requirements.","og_url":"https:\/\/www.asipartner.com\/montreal\/solutions\/workstations\/intel-workstations\/","og_site_name":"ASI Montreal","article_modified_time":"2021-04-08T18:19:47+00:00","og_image":[{"url":"https:\/\/www.asipartner.com\/montreal\/wp-content\/uploads\/sites\/3\/2020\/12\/WorkstationChart.jpg","type":"","width":"","height":""}],"twitter_card":"summary_large_image","twitter_misc":{"Estimation du temps de lecture":"15 minutes"},"schema":{"@context":"https:\/\/schema.org","@graph":[{"@type":"WebPage","@id":"https:\/\/www.asipartner.com\/montreal\/solutions\/workstations\/intel-workstations\/","url":"https:\/\/www.asipartner.com\/montreal\/solutions\/workstations\/intel-workstations\/","name":"Intel Workstations - ASI Montreal","isPartOf":{"@id":"https:\/\/www.asipartner.com\/montreal\/#website"},"primaryImageOfPage":{"@id":"https:\/\/www.asipartner.com\/montreal\/solutions\/workstations\/intel-workstations\/#primaryimage"},"image":{"@id":"https:\/\/www.asipartner.com\/montreal\/solutions\/workstations\/intel-workstations\/#primaryimage"},"thumbnailUrl":"https:\/\/www.asipartner.com\/montreal\/wp-content\/uploads\/sites\/3\/2020\/12\/WorkstationChart.jpg","datePublished":"2020-12-21T18:42:43+00:00","dateModified":"2021-04-08T18:19:47+00:00","description":"Intel Workstations are designed for professional environments where business strategies and powerful computing drive technology requirements.","breadcrumb":{"@id":"https:\/\/www.asipartner.com\/montreal\/solutions\/workstations\/intel-workstations\/#breadcrumb"},"inLanguage":"fr-CA","potentialAction":[{"@type":"ReadAction","target":["https:\/\/www.asipartner.com\/montreal\/solutions\/workstations\/intel-workstations\/"]}]},{"@type":"ImageObject","inLanguage":"fr-CA","@id":"https:\/\/www.asipartner.com\/montreal\/solutions\/workstations\/intel-workstations\/#primaryimage","url":"https:\/\/www.asipartner.com\/montreal\/wp-content\/uploads\/sites\/3\/2020\/12\/WorkstationChart.jpg","contentUrl":"https:\/\/www.asipartner.com\/montreal\/wp-content\/uploads\/sites\/3\/2020\/12\/WorkstationChart.jpg","width":780,"height":882,"caption":"Workstations"},{"@type":"BreadcrumbList","@id":"https:\/\/www.asipartner.com\/montreal\/solutions\/workstations\/intel-workstations\/#breadcrumb","itemListElement":[{"@type":"ListItem","position":1,"name":"Home","item":"https:\/\/www.asipartner.com\/montreal\/"},{"@type":"ListItem","position":2,"name":"Solutions","item":"https:\/\/www.asipartner.com\/montreal\/solutions\/"},{"@type":"ListItem","position":3,"name":"Workstations","item":"https:\/\/www.asipartner.com\/montreal\/solutions\/workstations\/"},{"@type":"ListItem","position":4,"name":"Intel Workstations"}]},{"@type":"WebSite","@id":"https:\/\/www.asipartner.com\/montreal\/#website","url":"https:\/\/www.asipartner.com\/montreal\/","name":"ASI Montreal","description":"Just another ASI Partner Sites site","potentialAction":[{"@type":"SearchAction","target":{"@type":"EntryPoint","urlTemplate":"https:\/\/www.asipartner.com\/montreal\/?s={search_term_string}"},"query-input":{"@type":"PropertyValueSpecification","valueRequired":true,"valueName":"search_term_string"}}],"inLanguage":"fr-CA"}]}},"_links":{"self":[{"href":"https:\/\/www.asipartner.com\/montreal\/wp-json\/wp\/v2\/pages\/4952","targetHints":{"allow":["GET"]}}],"collection":[{"href":"https:\/\/www.asipartner.com\/montreal\/wp-json\/wp\/v2\/pages"}],"about":[{"href":"https:\/\/www.asipartner.com\/montreal\/wp-json\/wp\/v2\/types\/page"}],"author":[{"embeddable":true,"href":"https:\/\/www.asipartner.com\/montreal\/wp-json\/wp\/v2\/users\/3"}],"replies":[{"embeddable":true,"href":"https:\/\/www.asipartner.com\/montreal\/wp-json\/wp\/v2\/comments?post=4952"}],"version-history":[{"count":6,"href":"https:\/\/www.asipartner.com\/montreal\/wp-json\/wp\/v2\/pages\/4952\/revisions"}],"predecessor-version":[{"id":6758,"href":"https:\/\/www.asipartner.com\/montreal\/wp-json\/wp\/v2\/pages\/4952\/revisions\/6758"}],"up":[{"embeddable":true,"href":"https:\/\/www.asipartner.com\/montreal\/wp-json\/wp\/v2\/pages\/4950"}],"wp:attachment":[{"href":"https:\/\/www.asipartner.com\/montreal\/wp-json\/wp\/v2\/media?parent=4952"}],"curies":[{"name":"wp","href":"https:\/\/api.w.org\/{rel}","templated":true}]}}