{"id":5223,"date":"2021-01-07T08:26:56","date_gmt":"2021-01-07T16:26:56","guid":{"rendered":"http:\/\/192.168.64.113\/?page_id=5223"},"modified":"2026-01-09T21:49:54","modified_gmt":"2026-01-09T21:49:54","slug":"contact-technical-support","status":"publish","type":"page","link":"https:\/\/www.asipartner.com\/montreal\/support\/contact-technical-support\/","title":{"rendered":"Contact Technical Support"},"content":{"rendered":"<div class=\"fusion-fullwidth fullwidth-box fusion-builder-row-1 fusion-flex-container nonhundred-percent-fullwidth non-hundred-percent-height-scrolling\" style=\"--awb-border-radius-top-left:0px;--awb-border-radius-top-right:0px;--awb-border-radius-bottom-right:0px;--awb-border-radius-bottom-left:0px;--awb-flex-wrap:wrap;\" ><div class=\"fusion-builder-row fusion-row fusion-flex-align-items-flex-start fusion-flex-content-wrap\" style=\"max-width:1248px;margin-left: calc(-4% \/ 2 );margin-right: calc(-4% \/ 2 );\"><div class=\"fusion-layout-column fusion_builder_column fusion-builder-column-0 fusion_builder_column_1_1 1_1 fusion-flex-column\" style=\"--awb-bg-size:cover;--awb-width-large:100%;--awb-margin-top-large:0px;--awb-spacing-right-large:1.92%;--awb-margin-bottom-large:20px;--awb-spacing-left-large:1.92%;--awb-width-medium:100%;--awb-order-medium:0;--awb-spacing-right-medium:1.92%;--awb-spacing-left-medium:1.92%;--awb-width-small:100%;--awb-order-small:0;--awb-spacing-right-small:1.92%;--awb-spacing-left-small:1.92%;\"><div class=\"fusion-column-wrapper fusion-column-has-shadow fusion-flex-justify-content-flex-start fusion-content-layout-column\"><div class=\"fusion-text fusion-text-1\"><h4>L&rsquo;\u00e9quipe d&rsquo;assistance technique ASI est pr\u00eate \u00e0 vous aider.<\/h4>\n<p>La valeur qu&rsquo;offre ASI en tant que distributeur est grandement am\u00e9lior\u00e9e par notre \u00e9quipe de support technique exp\u00e9riment\u00e9e qui se consacre \u00e0 offrir un support avant et apr\u00e8s-vente \u00e9tendu sur une vari\u00e9t\u00e9 de technologies de plate-forme, y compris les ordinateurs de bureau, les ordinateurs portables, les serveurs, la mise en r\u00e9seau, le stockage, etc. Leur connaissance des produits et leur expertise technique acquises en travaillant avec une grande vari\u00e9t\u00e9 de configurations mat\u00e9rielles permettent d&rsquo;\u00e9conomiser du temps et de l&rsquo;argent en r\u00e9solvant rapidement les probl\u00e8mes sans avoir \u00e0 contacter les fabricants de mat\u00e9riel ou de logiciels d&rsquo;origine qui n&rsquo;ont peut-\u00eatre pas d&rsquo;exp\u00e9rience directe avec la combinaison de produits particuli\u00e8re.<\/p>\n<p>En plus du support technique de routine, ils fournissent une gamme de services comprenant:<\/p>\n<ul>\n<li>Assistance \u00e0 la conception et \u00e0 la configuration du syst\u00e8me avant-vente<\/li>\n<li>V\u00e9rification de la compatibilit\u00e9 du syst\u00e8me<\/li>\n<li>Services de r\u00e9paration de plate-forme sur ordinateurs portables, ordinateurs de bureau et serveurs<\/li>\n<li>Mises \u00e0 jour du BIOS et des pilotes<\/li>\n<li>Test mat\u00e9riel et logiciel<\/li>\n<\/ul>\n<p>Souple. S\u00fbr. Proactif. L\u2019\u00e9quipe d\u2019assistance technique d\u2019ASI est un \u00e9l\u00e9ment \u00e0 valeur ajout\u00e9e strat\u00e9gique et unique de notre entreprise. Notre objectif n&rsquo;est pas seulement de penser en termes de produits et de composants, mais de fournir les plus hauts niveaux de support \u00e0 nos clients pour les plates-formes et les solutions.<\/p>\n<p><strong>Contacter l&rsquo;assistance technique<\/strong><br \/>\n<em>Le support technique concerne uniquement le support produit. Pour obtenir de l&rsquo;aide sur les questions li\u00e9es au site Web, veuillez contacter <a href=\"mailto:webmaster@asipartner.com\">webmaster@asipartner.com<\/a><\/em><\/p>\n<\/div><div class=\"alert alert-danger\" role=\"alert\">Fields with * are required.<\/div><form method=\"POST\">\r\n    <div class=\"row\">\r\n        <div class=\"col-6\">\r\n            <div class=\"form-group\">\r\n                <div class=\"input-group\">\r\n                    <div class=\"input-group-prepend\">\r\n                        <label class=\"input-group-text mb-0\" for=\"form_account\">\r\n                            <strong>* Num\u00e9ro de compte client<\/strong>\r\n                        <\/label>\r\n                    <\/div>\r\n                    <input type=\"text\" class=\"form-control\" id=\"form_account\" name=\"AccountNumber\" value=\"\" \/>\r\n                <\/div>\r\n            <\/div>\r\n            <div class=\"form-group\">\r\n                <div class=\"input-group\">\r\n                    <div class=\"input-group-prepend\">\r\n                        <label class=\"input-group-text mb-0\" for=\"form_name\">\r\n                            <strong>* Nom du contact<\/strong>\r\n                        <\/label>\r\n                    <\/div>\r\n                    <input type=\"text\" class=\"form-control\" id=\"form_name\" name=\"ContactName\" value=\"\" \/>\r\n                <\/div>\r\n            <\/div>\r\n            <div class=\"form-group\">\r\n                <div class=\"input-group\">\r\n                    <div class=\"input-group-prepend\">\r\n                        <label class=\"input-group-text mb-0\" for=\"form_invoice\">\r\n                            <strong>Num\u00e9ro de facture\/commande<\/strong>\r\n                        <\/label>\r\n                    <\/div>\r\n                    <input type=\"text\" class=\"form-control\" id=\"form_invoice\" name=\"InvoiceOrderNO\" value=\"\" \/>\r\n                <\/div>\r\n            <\/div>\r\n        <\/div>\r\n        <div class=\"col-6\">\r\n            <div class=\"form-group\">\r\n                <div class=\"input-group\">\r\n                    <div class=\"input-group-prepend\">\r\n                        <label class=\"input-group-text mb-0\" for=\"form_company\">\r\n                            <strong>* Nom de l\u2019entreprise<\/strong>\r\n                        <\/label>\r\n                    <\/div>\r\n                    <input type=\"text\" class=\"form-control\" id=\"form_company\" name=\"CompanyName\" value=\"\" \/>\r\n                <\/div>\r\n            <\/div>\r\n            <div class=\"form-group\">\r\n                <div class=\"input-group\">\r\n                    <div class=\"input-group-prepend\">\r\n                        <label class=\"input-group-text mb-0\" for=\"form_email\">\r\n                            <strong>* Contacter e-mail<\/strong>\r\n                        <\/label>\r\n                    <\/div>\r\n                    <input type=\"text\" class=\"form-control\" id=\"form_email\" name=\"ContactEmail\" value=\"\" \/>\r\n                <\/div>\r\n            <\/div>\r\n            <div class=\"form-group\">\r\n                <div class=\"input-group\">\r\n                    <div class=\"input-group-prepend\">\r\n                        <label class=\"input-group-text mb-0\" for=\"form_sn\">\r\n                            <strong>ASI Serial Number (Commence par BTO)<\/strong>\r\n                        <\/label>\r\n                    <\/div>\r\n                    <input type=\"text\" class=\"form-control\" id=\"form_sn\" name=\"SerialNO\" value=\"\" \/>\r\n                <\/div>\r\n            <\/div>\r\n        <\/div>\r\n    <\/div>\r\n    <div class=\"form-group\">\r\n        <label for=\"form_issue\">\r\n            <strong>*Veuillez d\u00e9crire le probl\u00e8me que vous avez :<\/strong>\r\n        <\/label>\r\n        <textarea class=\"form-control\" id=\"form_issue\" name=\"IssueTxt\" rows=\"3\" maxlength=\"500\"><\/textarea>\r\n    <\/div>\r\n    <div class=\"gglcptch gglcptch_v2\"><div id=\"gglcptch_recaptcha_3099583950\" class=\"gglcptch_recaptcha\"><\/div>\n\t\t\t\t<noscript>\n\t\t\t\t\t<div style=\"width: 302px;\">\n\t\t\t\t\t\t<div style=\"width: 302px; height: 422px; position: relative;\">\n\t\t\t\t\t\t\t<div style=\"width: 302px; height: 422px; position: absolute;\">\n\t\t\t\t\t\t\t\t<iframe src=\"https:\/\/www.google.com\/recaptcha\/api\/fallback?k=6LedHk0aAAAAALbCA5tHCEsFjru7IZmMsfE9IJQr\" frameborder=\"0\" scrolling=\"no\" style=\"width: 302px; height:422px; border-style: none;\"><\/iframe>\n\t\t\t\t\t\t\t<\/div>\n\t\t\t\t\t\t<\/div>\n\t\t\t\t\t\t<div style=\"border-style: none; bottom: 12px; left: 25px; margin: 0px; padding: 0px; right: 25px; background: #f9f9f9; border: 1px solid #c1c1c1; border-radius: 3px; height: 60px; width: 300px;\">\n\t\t\t\t\t\t\t<input type=\"hidden\" id=\"g-recaptcha-response\" name=\"g-recaptcha-response\" class=\"g-recaptcha-response\" style=\"width: 250px !important; height: 40px !important; border: 1px solid #c1c1c1 !important; margin: 10px 25px !important; padding: 0px !important; resize: none !important;\">\n\t\t\t\t\t\t<\/div>\n\t\t\t\t\t<\/div>\n\t\t\t\t<\/noscript><\/div>\r\n    <div class=\"row\">\r\n        <div class=\"col-12 pt-2 pb-2\">\r\n            <button type=\"submit\" name=\"step\" value=\"1\" class=\"fusion-button fusion-button-default-span button-flat button-large button-default button-1\">\r\n                Envoyer            <\/button>\r\n        <\/div>\r\n    <\/div>\r\n    <p>\r\n        S\u2019il vous pla\u00eet d\u00e9crire le probl\u00e8me que vous avez: Seuls les clients qui ach\u00e8tent directement aupr\u00e8s d\u2019ASI Corp. sont pris en charge par courrier et le t\u00e9l\u00e9phone. Tous les autres sont invit\u00e9s \u00e0 partager les ressourceset les informations disponibles sur notre site Web.    <\/p>\r\n<\/form><\/div><\/div><\/div><\/div>\n","protected":false},"excerpt":{"rendered":"","protected":false},"author":1,"featured_media":0,"parent":3467,"menu_order":0,"comment_status":"closed","ping_status":"closed","template":"100-width.php","meta":{"content-type":"","_monsterinsights_skip_tracking":false,"_monsterinsights_sitenote_active":false,"_monsterinsights_sitenote_note":"","_monsterinsights_sitenote_category":0,"footnotes":""},"class_list":["post-5223","page","type-page","status-publish","hentry"],"yoast_head":"<!-- This site is optimized with the Yoast SEO Premium plugin v26.3 (Yoast SEO v26.3) - https:\/\/yoast.com\/wordpress\/plugins\/seo\/ -->\n<title>Contact Technical Support - ASI Montreal<\/title>\n<meta name=\"robots\" content=\"index, follow, max-snippet:-1, max-image-preview:large, max-video-preview:-1\" \/>\n<link rel=\"canonical\" href=\"https:\/\/www.asipartner.com\/montreal\/support\/contact-technical-support\/\" \/>\n<meta property=\"og:locale\" content=\"fr_CA\" \/>\n<meta property=\"og:type\" content=\"article\" \/>\n<meta property=\"og:title\" content=\"Contact Technical Support\" \/>\n<meta property=\"og:url\" content=\"https:\/\/www.asipartner.com\/montreal\/support\/contact-technical-support\/\" \/>\n<meta property=\"og:site_name\" content=\"ASI Montreal\" \/>\n<meta property=\"article:modified_time\" content=\"2026-01-09T21:49:54+00:00\" \/>\n<meta name=\"twitter:card\" content=\"summary_large_image\" \/>\n<meta name=\"twitter:label1\" content=\"Estimation du temps de lecture\" \/>\n\t<meta name=\"twitter:data1\" content=\"2 minutes\" \/>\n<script type=\"application\/ld+json\" class=\"yoast-schema-graph\">{\"@context\":\"https:\/\/schema.org\",\"@graph\":[{\"@type\":\"WebPage\",\"@id\":\"https:\/\/www.asipartner.com\/montreal\/support\/contact-technical-support\/\",\"url\":\"https:\/\/www.asipartner.com\/montreal\/support\/contact-technical-support\/\",\"name\":\"Contact Technical Support - ASI Montreal\",\"isPartOf\":{\"@id\":\"https:\/\/www.asipartner.com\/montreal\/#website\"},\"datePublished\":\"2021-01-07T16:26:56+00:00\",\"dateModified\":\"2026-01-09T21:49:54+00:00\",\"breadcrumb\":{\"@id\":\"https:\/\/www.asipartner.com\/montreal\/support\/contact-technical-support\/#breadcrumb\"},\"inLanguage\":\"fr-CA\",\"potentialAction\":[{\"@type\":\"ReadAction\",\"target\":[\"https:\/\/www.asipartner.com\/montreal\/support\/contact-technical-support\/\"]}]},{\"@type\":\"BreadcrumbList\",\"@id\":\"https:\/\/www.asipartner.com\/montreal\/support\/contact-technical-support\/#breadcrumb\",\"itemListElement\":[{\"@type\":\"ListItem\",\"position\":1,\"name\":\"Home\",\"item\":\"https:\/\/www.asipartner.com\/montreal\/\"},{\"@type\":\"ListItem\",\"position\":2,\"name\":\"Support\",\"item\":\"https:\/\/www.asipartner.com\/montreal\/support\/\"},{\"@type\":\"ListItem\",\"position\":3,\"name\":\"Contact Technical Support\"}]},{\"@type\":\"WebSite\",\"@id\":\"https:\/\/www.asipartner.com\/montreal\/#website\",\"url\":\"https:\/\/www.asipartner.com\/montreal\/\",\"name\":\"ASI Montreal\",\"description\":\"Just another ASI Partner Sites site\",\"potentialAction\":[{\"@type\":\"SearchAction\",\"target\":{\"@type\":\"EntryPoint\",\"urlTemplate\":\"https:\/\/www.asipartner.com\/montreal\/?s={search_term_string}\"},\"query-input\":{\"@type\":\"PropertyValueSpecification\",\"valueRequired\":true,\"valueName\":\"search_term_string\"}}],\"inLanguage\":\"fr-CA\"}]}<\/script>\n<!-- \/ Yoast SEO Premium plugin. -->","yoast_head_json":{"title":"Contact Technical Support - ASI Montreal","robots":{"index":"index","follow":"follow","max-snippet":"max-snippet:-1","max-image-preview":"max-image-preview:large","max-video-preview":"max-video-preview:-1"},"canonical":"https:\/\/www.asipartner.com\/montreal\/support\/contact-technical-support\/","og_locale":"fr_CA","og_type":"article","og_title":"Contact Technical Support","og_url":"https:\/\/www.asipartner.com\/montreal\/support\/contact-technical-support\/","og_site_name":"ASI Montreal","article_modified_time":"2026-01-09T21:49:54+00:00","twitter_card":"summary_large_image","twitter_misc":{"Estimation du temps de lecture":"2 minutes"},"schema":{"@context":"https:\/\/schema.org","@graph":[{"@type":"WebPage","@id":"https:\/\/www.asipartner.com\/montreal\/support\/contact-technical-support\/","url":"https:\/\/www.asipartner.com\/montreal\/support\/contact-technical-support\/","name":"Contact Technical Support - ASI Montreal","isPartOf":{"@id":"https:\/\/www.asipartner.com\/montreal\/#website"},"datePublished":"2021-01-07T16:26:56+00:00","dateModified":"2026-01-09T21:49:54+00:00","breadcrumb":{"@id":"https:\/\/www.asipartner.com\/montreal\/support\/contact-technical-support\/#breadcrumb"},"inLanguage":"fr-CA","potentialAction":[{"@type":"ReadAction","target":["https:\/\/www.asipartner.com\/montreal\/support\/contact-technical-support\/"]}]},{"@type":"BreadcrumbList","@id":"https:\/\/www.asipartner.com\/montreal\/support\/contact-technical-support\/#breadcrumb","itemListElement":[{"@type":"ListItem","position":1,"name":"Home","item":"https:\/\/www.asipartner.com\/montreal\/"},{"@type":"ListItem","position":2,"name":"Support","item":"https:\/\/www.asipartner.com\/montreal\/support\/"},{"@type":"ListItem","position":3,"name":"Contact Technical Support"}]},{"@type":"WebSite","@id":"https:\/\/www.asipartner.com\/montreal\/#website","url":"https:\/\/www.asipartner.com\/montreal\/","name":"ASI Montreal","description":"Just another ASI Partner Sites site","potentialAction":[{"@type":"SearchAction","target":{"@type":"EntryPoint","urlTemplate":"https:\/\/www.asipartner.com\/montreal\/?s={search_term_string}"},"query-input":{"@type":"PropertyValueSpecification","valueRequired":true,"valueName":"search_term_string"}}],"inLanguage":"fr-CA"}]}},"_links":{"self":[{"href":"https:\/\/www.asipartner.com\/montreal\/wp-json\/wp\/v2\/pages\/5223","targetHints":{"allow":["GET"]}}],"collection":[{"href":"https:\/\/www.asipartner.com\/montreal\/wp-json\/wp\/v2\/pages"}],"about":[{"href":"https:\/\/www.asipartner.com\/montreal\/wp-json\/wp\/v2\/types\/page"}],"author":[{"embeddable":true,"href":"https:\/\/www.asipartner.com\/montreal\/wp-json\/wp\/v2\/users\/1"}],"replies":[{"embeddable":true,"href":"https:\/\/www.asipartner.com\/montreal\/wp-json\/wp\/v2\/comments?post=5223"}],"version-history":[{"count":4,"href":"https:\/\/www.asipartner.com\/montreal\/wp-json\/wp\/v2\/pages\/5223\/revisions"}],"predecessor-version":[{"id":7068,"href":"https:\/\/www.asipartner.com\/montreal\/wp-json\/wp\/v2\/pages\/5223\/revisions\/7068"}],"up":[{"embeddable":true,"href":"https:\/\/www.asipartner.com\/montreal\/wp-json\/wp\/v2\/pages\/3467"}],"wp:attachment":[{"href":"https:\/\/www.asipartner.com\/montreal\/wp-json\/wp\/v2\/media?parent=5223"}],"curies":[{"name":"wp","href":"https:\/\/api.w.org\/{rel}","templated":true}]}}