{"id":5301,"date":"2021-01-12T10:14:43","date_gmt":"2021-01-12T18:14:43","guid":{"rendered":"http:\/\/192.168.64.113\/?page_id=5301"},"modified":"2021-04-19T15:18:17","modified_gmt":"2021-04-19T15:18:17","slug":"email-opt-in","status":"publish","type":"page","link":"https:\/\/www.asipartner.com\/montreal\/company\/email-opt-in\/","title":{"rendered":"Email Opt-In"},"content":{"rendered":"<p><div class=\"fusion-fullwidth fullwidth-box fusion-builder-row-1 fusion-flex-container nonhundred-percent-fullwidth non-hundred-percent-height-scrolling\" style=\"--awb-border-radius-top-left:0px;--awb-border-radius-top-right:0px;--awb-border-radius-bottom-right:0px;--awb-border-radius-bottom-left:0px;--awb-flex-wrap:wrap;\" ><div class=\"fusion-builder-row fusion-row fusion-flex-align-items-flex-start fusion-flex-content-wrap\" style=\"max-width:1248px;margin-left: calc(-4% \/ 2 );margin-right: calc(-4% \/ 2 );\"><div class=\"fusion-layout-column fusion_builder_column fusion-builder-column-0 fusion_builder_column_1_1 1_1 fusion-flex-column\" style=\"--awb-bg-size:cover;--awb-width-large:100%;--awb-margin-top-large:0px;--awb-spacing-right-large:1.92%;--awb-margin-bottom-large:20px;--awb-spacing-left-large:1.92%;--awb-width-medium:100%;--awb-order-medium:0;--awb-spacing-right-medium:1.92%;--awb-spacing-left-medium:1.92%;--awb-width-small:100%;--awb-order-small:0;--awb-spacing-right-small:1.92%;--awb-spacing-left-small:1.92%;\"><div class=\"fusion-column-wrapper fusion-column-has-shadow fusion-flex-justify-content-flex-start fusion-content-layout-column\"><div class=\"fusion-image-element \" style=\"--awb-caption-title-font-family:var(--h2_typography-font-family);--awb-caption-title-font-weight:var(--h2_typography-font-weight);--awb-caption-title-font-style:var(--h2_typography-font-style);--awb-caption-title-size:var(--h2_typography-font-size);--awb-caption-title-transform:var(--h2_typography-text-transform);--awb-caption-title-line-height:var(--h2_typography-line-height);--awb-caption-title-letter-spacing:var(--h2_typography-letter-spacing);\"><span class=\" fusion-imageframe imageframe-none imageframe-1 hover-type-none\"><img decoding=\"async\" width=\"1200\" height=\"300\" alt=\"Banni\u00e8re d&#039;activation des e-mails\" title=\"Banni\u00e8re d&rsquo;activation des e-mails\" src=\"https:\/\/www.asipartner.com\/montreal\/wp-content\/uploads\/sites\/3\/2021\/04\/Newsletter-Francais.jpg\" class=\"img-responsive wp-image-6772\" srcset=\"https:\/\/www.asipartner.com\/montreal\/wp-content\/uploads\/sites\/3\/2021\/04\/Newsletter-Francais-200x50.jpg 200w, https:\/\/www.asipartner.com\/montreal\/wp-content\/uploads\/sites\/3\/2021\/04\/Newsletter-Francais-400x100.jpg 400w, https:\/\/www.asipartner.com\/montreal\/wp-content\/uploads\/sites\/3\/2021\/04\/Newsletter-Francais-600x150.jpg 600w, https:\/\/www.asipartner.com\/montreal\/wp-content\/uploads\/sites\/3\/2021\/04\/Newsletter-Francais-800x200.jpg 800w, https:\/\/www.asipartner.com\/montreal\/wp-content\/uploads\/sites\/3\/2021\/04\/Newsletter-Francais.jpg 1200w\" sizes=\"(max-width: 640px) 100vw, 1200px\" \/><\/span><\/div><\/div><\/div><\/div><\/div><div class=\"fusion-fullwidth fullwidth-box fusion-builder-row-2 fusion-flex-container nonhundred-percent-fullwidth non-hundred-percent-height-scrolling\" style=\"--awb-border-radius-top-left:0px;--awb-border-radius-top-right:0px;--awb-border-radius-bottom-right:0px;--awb-border-radius-bottom-left:0px;--awb-flex-wrap:wrap;\" ><div class=\"fusion-builder-row fusion-row fusion-flex-align-items-flex-start fusion-flex-content-wrap\" style=\"max-width:1248px;margin-left: calc(-4% \/ 2 );margin-right: calc(-4% \/ 2 );\"><div class=\"fusion-layout-column fusion_builder_column fusion-builder-column-1 fusion_builder_column_1_1 1_1 fusion-flex-column\" style=\"--awb-bg-size:cover;--awb-width-large:100%;--awb-margin-top-large:0px;--awb-spacing-right-large:1.92%;--awb-margin-bottom-large:20px;--awb-spacing-left-large:1.92%;--awb-width-medium:100%;--awb-order-medium:0;--awb-spacing-right-medium:1.92%;--awb-spacing-left-medium:1.92%;--awb-width-small:100%;--awb-order-small:0;--awb-spacing-right-small:1.92%;--awb-spacing-left-small:1.92%;\"><div class=\"fusion-column-wrapper fusion-column-has-shadow fusion-flex-justify-content-flex-start fusion-content-layout-column\"><div class=\"alert alert-info\" role=\"alert\">Fields with * are required.<\/div><form method=\"POST\">\r\n    <p class=\"font-weight-bold\">\r\n        Vos renseignements    <\/p>\r\n    <div class=\"row\">\r\n        <div class=\"col-6\">\r\n            <div class=\"form-group\">\r\n                <div class=\"input-group\">\r\n                    <div class=\"input-group-prepend\">\r\n                        <label class=\"input-group-text mb-0\" for=\"form_name\">\r\n                            <strong>* Pr\u00e9nom<\/strong>\r\n                        <\/label>\r\n                    <\/div>\r\n                    <input type=\"text\" class=\"form-control\" id=\"form_name\" name=\"txt_name\" value=\"\" \/>\r\n                <\/div>\r\n            <\/div>\r\n        <\/div>\r\n        <div class=\"col-6\">\r\n            <div class=\"form-group\">\r\n                <div class=\"input-group\">\r\n                    <div class=\"input-group-prepend\">\r\n                        <label class=\"input-group-text mb-0\" for=\"form_lastname\">\r\n                            <strong>* Nom<\/strong>\r\n                        <\/label>\r\n                    <\/div>\r\n                    <input type=\"text\" class=\"form-control\" id=\"form_lastname\" name=\"txt_lastname\" value=\"\" \/>\r\n                <\/div>\r\n            <\/div>\r\n        <\/div>\r\n        <div class=\"col-6\">\r\n            <div class=\"form-group\">\r\n                <div class=\"input-group\">\r\n                    <div class=\"input-group-prepend\">\r\n                        <label class=\"input-group-text mb-0\" for=\"form_title\">\r\n                            <strong>* Titre de l\u2019emploi<\/strong>\r\n                        <\/label>\r\n                    <\/div>\r\n                    <input type=\"text\" class=\"form-control\" id=\"form_title\" name=\"txt_title\" value=\"\" \/>\r\n                <\/div>\r\n            <\/div>\r\n        <\/div>\r\n        <div class=\"col-6\">\r\n            <div class=\"form-group\">\r\n                <div class=\"input-group\">\r\n                    <div class=\"input-group-prepend\">\r\n                        <label class=\"input-group-text mb-0\" for=\"form_company\">\r\n                            <strong>* Compagnie<\/strong>\r\n                        <\/label>\r\n                    <\/div>\r\n                    <input type=\"text\" class=\"form-control\" id=\"form_company\" name=\"txt_company\" value=\"\" \/>\r\n                <\/div>\r\n            <\/div>\r\n        <\/div>\r\n        <div class=\"col-12\">\r\n            <div class=\"form-group\">\r\n                <div class=\"input-group\">\r\n                    <div class=\"input-group-prepend\">\r\n                        <label class=\"input-group-text mb-0\" for=\"form_email\">\r\n                            <strong>* Adresse Courriel<\/strong>\r\n                        <\/label>\r\n                    <\/div>\r\n                    <input type=\"text\" class=\"form-control\" id=\"form_email\" name=\"txt_email\" value=\"\" \/>\r\n                <\/div>\r\n            <\/div>\r\n        <\/div>\r\n        <div class=\"col-6\">\r\n            <div class=\"form-group\">\r\n                <div class=\"input-group\">\r\n                    <div class=\"input-group-prepend\">\r\n                        <label class=\"input-group-text mb-0\" for=\"form_account\">\r\n                            <strong>Num\u00e9ro de compte ASI<\/strong>\r\n                        <\/label>\r\n                    <\/div>\r\n                    <input type=\"text\" class=\"form-control\" id=\"form_account\" name=\"txt_accnumber\" value=\"\" \/>\r\n                <\/div>\r\n            <\/div>\r\n        <\/div>\r\n        <div class=\"col-6\">\r\n            <div class=\"form-group\">\r\n                <div class=\"input-group\">\r\n                    <div class=\"input-group-prepend\">\r\n                        <label class=\"input-group-text mb-0\" for=\"form_location\">\r\n                            <strong>* ASI Location<\/strong>\r\n                        <\/label>\r\n                    <\/div>\r\n                    <select class=\"form-control\" id=\"form_location\" name=\"ddl_location\" data-relation=\"#newsletter-additional\">\r\n                        <option value=\"Atlanta\">Atlanta<\/option><option value=\"Chicago\">Chicago<\/option><option value=\"Dallas\">Dallas<\/option><option value=\"Fremont\">Fremont<\/option><option value=\"Houston\">Houston<\/option><option value=\"Kansas\">Kansas<\/option><option value=\"Los Angeles\">Los Angeles<\/option><option value=\"Miami\">Miami<\/option><option value=\"New Jersey\">New Jersey<\/option><option value=\"Portland\">Portland<\/option><option value=\"Toronto\">Toronto<\/option><option value=\"Montreal\">Montreal<\/option><option value=\"Vancouver\"data-show>Vancouver<\/option>                    <\/select>\r\n                <\/div>\r\n            <\/div>\r\n        <\/div>\r\n    <\/div>\r\n    <div class=\"row\" id=\"newsletter-additional\" style=\"display: none\">\r\n        <div class=\"col-6\">\r\n            <div class=\"form-group\">\r\n                <div class=\"input-group\">\r\n                    <div class=\"input-group-prepend\">\r\n                        <label class=\"input-group-text mb-0\" for=\"form_phone\">\r\n                            <strong>Num\u00e9ro de t\u00e9l\u00e9phone<\/strong>\r\n                        <\/label>\r\n                    <\/div>\r\n                    <input type=\"text\" class=\"form-control\" id=\"form_phone\" name=\"txt_phone\" disabled  value=\"\" \/>\r\n                <\/div>\r\n            <\/div>\r\n        <\/div>\r\n        <div class=\"col-6\">\r\n            <div class=\"form-group\">\r\n                <div class=\"input-group\">\r\n                    <div class=\"input-group-prepend\">\r\n                        <label class=\"input-group-text mb-0\" for=\"form_sales\">\r\n                            <strong>* Repr\u00e9sentant commercial<\/strong>\r\n                        <\/label>\r\n                    <\/div>\r\n                    <select class=\"form-control\" id=\"form_sales\" disabled  name=\"ddl_salesRep\">\r\n                        <option value=\"\">Select<\/option>\r\n                        <option value=\"Unknown\">Unknown<\/option><option value=\"Andy Chan\">Andy Chan<\/option><option value=\"Antony Ma\">Antony Ma<\/option><option value=\"Karho Mow\">Karho Mow<\/option><option value=\"Phoebe Leung\">Phoebe Leung<\/option><option value=\"Suka Lau\">Suka Lau<\/option><option value=\"Winnie Li\">Winnie Li<\/option>                    <\/select>\r\n                <\/div>\r\n            <\/div>\r\n        <\/div>\r\n    <\/div>\r\n    <p class=\"font-weight-bold\">\r\n        Bulletins    <\/p>\r\n    <p>\r\n        Ces courriels comprennent, sans s\u2019y limiter, les \u00e9l\u00e9ments suivants :    <\/p>\r\n    <ul>\r\n        <li>Mises \u00e0 jour g\u00e9n\u00e9rales de l\u2019entreprise \u00e0 notre client\u00e8le<\/li>\r\n    <\/ul>\r\n    <div class=\"form-check\">\r\n        <input class=\"form-check-input\" type=\"checkbox\" name=\"agreement\" id=\"newsletter-agreement\">\r\n        <label class=\"form-check-label\" for=\"newsletter-agreement\">\r\n            I agree to receive ASI\u2019s Newsletters containing general company updates.\r\n            You can withdraw your consent at any time by contacting the Helpdesk or clicking \r\n            the unsubscribe button at the bottom of any ASI Newsletter Email.        <\/label>\r\n    <\/div>\r\n    <div class=\"row\">\r\n        <div class=\"col-12 pt-2 pb-2\">\r\n            <button type=\"submit\" name=\"step\" value=\"1\" class=\"fusion-button fusion-button-default-span button-flat button-large button-default button-1\">\r\n                Envoyer            <\/button>\r\n        <\/div>\r\n    <\/div>\r\n<\/form>\r\n<script type=\"text\/javascript\">\r\n    jQuery('select[data-relation]').on('change', function() {\r\n        let $this = jQuery(this);\r\n        let $selected = $this.find('option:selected');\r\n\r\n        let $target = jQuery($this.data('relation'));\r\n        if (typeof ($selected.data('show')) != 'undefined') {\r\n            $target.show();\r\n            $target.find(':input').removeAttr(\"disabled\");\r\n        } else {\r\n            $target.hide();\r\n            $target.find(':input').attr(\"disabled\", \"disabled\");\r\n        }\r\n    });\r\n<\/script><\/div><\/div><\/div><\/div><\/p>\n","protected":false},"excerpt":{"rendered":"","protected":false},"author":1,"featured_media":0,"parent":3471,"menu_order":0,"comment_status":"closed","ping_status":"closed","template":"100-width.php","meta":{"content-type":"","_monsterinsights_skip_tracking":false,"_monsterinsights_sitenote_active":false,"_monsterinsights_sitenote_note":"","_monsterinsights_sitenote_category":0,"footnotes":""},"class_list":["post-5301","page","type-page","status-publish","hentry"],"yoast_head":"<!-- This site is optimized with the Yoast SEO Premium plugin v26.3 (Yoast SEO v26.3) - https:\/\/yoast.com\/wordpress\/plugins\/seo\/ -->\n<title>Email Opt-In - ASI Montreal<\/title>\n<meta name=\"robots\" content=\"index, follow, max-snippet:-1, max-image-preview:large, max-video-preview:-1\" \/>\n<link rel=\"canonical\" href=\"https:\/\/www.asipartner.com\/montreal\/company\/email-opt-in\/\" \/>\n<meta property=\"og:locale\" content=\"fr_CA\" \/>\n<meta property=\"og:type\" content=\"article\" \/>\n<meta property=\"og:title\" content=\"Email Opt-In\" \/>\n<meta property=\"og:url\" content=\"https:\/\/www.asipartner.com\/montreal\/company\/email-opt-in\/\" \/>\n<meta property=\"og:site_name\" content=\"ASI Montreal\" \/>\n<meta property=\"article:modified_time\" content=\"2021-04-19T15:18:17+00:00\" \/>\n<meta name=\"twitter:card\" content=\"summary_large_image\" \/>\n<meta name=\"twitter:label1\" content=\"Estimation du temps de lecture\" \/>\n\t<meta name=\"twitter:data1\" content=\"2 minutes\" \/>\n<script type=\"application\/ld+json\" class=\"yoast-schema-graph\">{\"@context\":\"https:\/\/schema.org\",\"@graph\":[{\"@type\":\"WebPage\",\"@id\":\"https:\/\/www.asipartner.com\/montreal\/company\/email-opt-in\/\",\"url\":\"https:\/\/www.asipartner.com\/montreal\/company\/email-opt-in\/\",\"name\":\"Email Opt-In - ASI Montreal\",\"isPartOf\":{\"@id\":\"https:\/\/www.asipartner.com\/montreal\/#website\"},\"datePublished\":\"2021-01-12T18:14:43+00:00\",\"dateModified\":\"2021-04-19T15:18:17+00:00\",\"breadcrumb\":{\"@id\":\"https:\/\/www.asipartner.com\/montreal\/company\/email-opt-in\/#breadcrumb\"},\"inLanguage\":\"fr-CA\",\"potentialAction\":[{\"@type\":\"ReadAction\",\"target\":[\"https:\/\/www.asipartner.com\/montreal\/company\/email-opt-in\/\"]}]},{\"@type\":\"BreadcrumbList\",\"@id\":\"https:\/\/www.asipartner.com\/montreal\/company\/email-opt-in\/#breadcrumb\",\"itemListElement\":[{\"@type\":\"ListItem\",\"position\":1,\"name\":\"Home\",\"item\":\"https:\/\/www.asipartner.com\/montreal\/\"},{\"@type\":\"ListItem\",\"position\":2,\"name\":\"Company\",\"item\":\"https:\/\/www.asipartner.com\/montreal\/company\/\"},{\"@type\":\"ListItem\",\"position\":3,\"name\":\"Email Opt-In\"}]},{\"@type\":\"WebSite\",\"@id\":\"https:\/\/www.asipartner.com\/montreal\/#website\",\"url\":\"https:\/\/www.asipartner.com\/montreal\/\",\"name\":\"ASI Montreal\",\"description\":\"Just another ASI Partner Sites site\",\"potentialAction\":[{\"@type\":\"SearchAction\",\"target\":{\"@type\":\"EntryPoint\",\"urlTemplate\":\"https:\/\/www.asipartner.com\/montreal\/?s={search_term_string}\"},\"query-input\":{\"@type\":\"PropertyValueSpecification\",\"valueRequired\":true,\"valueName\":\"search_term_string\"}}],\"inLanguage\":\"fr-CA\"}]}<\/script>\n<!-- \/ Yoast SEO Premium plugin. -->","yoast_head_json":{"title":"Email Opt-In - ASI Montreal","robots":{"index":"index","follow":"follow","max-snippet":"max-snippet:-1","max-image-preview":"max-image-preview:large","max-video-preview":"max-video-preview:-1"},"canonical":"https:\/\/www.asipartner.com\/montreal\/company\/email-opt-in\/","og_locale":"fr_CA","og_type":"article","og_title":"Email Opt-In","og_url":"https:\/\/www.asipartner.com\/montreal\/company\/email-opt-in\/","og_site_name":"ASI Montreal","article_modified_time":"2021-04-19T15:18:17+00:00","twitter_card":"summary_large_image","twitter_misc":{"Estimation du temps de lecture":"2 minutes"},"schema":{"@context":"https:\/\/schema.org","@graph":[{"@type":"WebPage","@id":"https:\/\/www.asipartner.com\/montreal\/company\/email-opt-in\/","url":"https:\/\/www.asipartner.com\/montreal\/company\/email-opt-in\/","name":"Email Opt-In - ASI Montreal","isPartOf":{"@id":"https:\/\/www.asipartner.com\/montreal\/#website"},"datePublished":"2021-01-12T18:14:43+00:00","dateModified":"2021-04-19T15:18:17+00:00","breadcrumb":{"@id":"https:\/\/www.asipartner.com\/montreal\/company\/email-opt-in\/#breadcrumb"},"inLanguage":"fr-CA","potentialAction":[{"@type":"ReadAction","target":["https:\/\/www.asipartner.com\/montreal\/company\/email-opt-in\/"]}]},{"@type":"BreadcrumbList","@id":"https:\/\/www.asipartner.com\/montreal\/company\/email-opt-in\/#breadcrumb","itemListElement":[{"@type":"ListItem","position":1,"name":"Home","item":"https:\/\/www.asipartner.com\/montreal\/"},{"@type":"ListItem","position":2,"name":"Company","item":"https:\/\/www.asipartner.com\/montreal\/company\/"},{"@type":"ListItem","position":3,"name":"Email Opt-In"}]},{"@type":"WebSite","@id":"https:\/\/www.asipartner.com\/montreal\/#website","url":"https:\/\/www.asipartner.com\/montreal\/","name":"ASI Montreal","description":"Just another ASI Partner Sites site","potentialAction":[{"@type":"SearchAction","target":{"@type":"EntryPoint","urlTemplate":"https:\/\/www.asipartner.com\/montreal\/?s={search_term_string}"},"query-input":{"@type":"PropertyValueSpecification","valueRequired":true,"valueName":"search_term_string"}}],"inLanguage":"fr-CA"}]}},"_links":{"self":[{"href":"https:\/\/www.asipartner.com\/montreal\/wp-json\/wp\/v2\/pages\/5301","targetHints":{"allow":["GET"]}}],"collection":[{"href":"https:\/\/www.asipartner.com\/montreal\/wp-json\/wp\/v2\/pages"}],"about":[{"href":"https:\/\/www.asipartner.com\/montreal\/wp-json\/wp\/v2\/types\/page"}],"author":[{"embeddable":true,"href":"https:\/\/www.asipartner.com\/montreal\/wp-json\/wp\/v2\/users\/1"}],"replies":[{"embeddable":true,"href":"https:\/\/www.asipartner.com\/montreal\/wp-json\/wp\/v2\/comments?post=5301"}],"version-history":[{"count":2,"href":"https:\/\/www.asipartner.com\/montreal\/wp-json\/wp\/v2\/pages\/5301\/revisions"}],"predecessor-version":[{"id":6788,"href":"https:\/\/www.asipartner.com\/montreal\/wp-json\/wp\/v2\/pages\/5301\/revisions\/6788"}],"up":[{"embeddable":true,"href":"https:\/\/www.asipartner.com\/montreal\/wp-json\/wp\/v2\/pages\/3471"}],"wp:attachment":[{"href":"https:\/\/www.asipartner.com\/montreal\/wp-json\/wp\/v2\/media?parent=5301"}],"curies":[{"name":"wp","href":"https:\/\/api.w.org\/{rel}","templated":true}]}}