{"id":6812,"date":"2021-04-16T23:36:07","date_gmt":"2021-04-16T23:36:07","guid":{"rendered":"https:\/\/www.asipartner.com\/montreal\/?page_id=6812"},"modified":"2021-04-17T00:04:28","modified_gmt":"2021-04-17T00:04:28","slug":"job-opening-sales-assistant-to","status":"publish","type":"page","link":"https:\/\/www.asipartner.com\/montreal\/company\/careers\/job-opening-sales-assistant-to\/","title":{"rendered":"Job Opening Sales Assistant TO"},"content":{"rendered":"<div class=\"fusion-fullwidth fullwidth-box fusion-builder-row-1 fusion-flex-container nonhundred-percent-fullwidth non-hundred-percent-height-scrolling\" style=\"--awb-border-radius-top-left:0px;--awb-border-radius-top-right:0px;--awb-border-radius-bottom-right:0px;--awb-border-radius-bottom-left:0px;--awb-flex-wrap:wrap;\" ><div class=\"fusion-builder-row fusion-row fusion-flex-align-items-flex-start fusion-flex-content-wrap\" style=\"max-width:1248px;margin-left: calc(-4% \/ 2 );margin-right: calc(-4% \/ 2 );\"><div class=\"fusion-layout-column fusion_builder_column fusion-builder-column-0 fusion_builder_column_1_1 1_1 fusion-flex-column\" style=\"--awb-bg-size:cover;--awb-width-large:100%;--awb-margin-top-large:0px;--awb-spacing-right-large:1.92%;--awb-margin-bottom-large:20px;--awb-spacing-left-large:1.92%;--awb-width-medium:100%;--awb-order-medium:0;--awb-spacing-right-medium:1.92%;--awb-spacing-left-medium:1.92%;--awb-width-small:100%;--awb-order-small:0;--awb-spacing-right-small:1.92%;--awb-spacing-left-small:1.92%;\"><div class=\"fusion-column-wrapper fusion-column-has-shadow fusion-flex-justify-content-flex-start fusion-content-layout-column\"><div class=\"fusion-text fusion-text-1\"><h4>Assistant aux ventes Toronto<\/h4>\n<p><strong>Code du travail: TOSA040121<\/strong><\/p>\n<p>ASI Corp recrute pour un poste d&rsquo;assistant aux ventes dans notre bureau de Markham, Ontario, Canada. L&rsquo;assistant commercial fournira une assistance administrative cl\u00e9 \u00e0 notre \u00e9quipe commerciale.<\/p>\n<p><strong>Un salaire:<\/strong><br \/>\nASI propose un salaire tr\u00e8s comp\u00e9titif en fonction de l&rsquo;exp\u00e9rience.<\/p>\n<p><strong>Avantages:<\/strong><br \/>\nASI Corp d\u00e9montre notre engagement envers la sant\u00e9 de nos employ\u00e9s en offrant \u00e0 tous les employ\u00e9s \u00e0 temps plein une gamme compl\u00e8te de couvertures m\u00e9dicales, dentaires et visuelles.<\/p>\n<p><strong>Responsabilit\u00e9s:<\/strong><\/p>\n<ul>\n<li>Traitez les commandes en temps opportun, g\u00e9n\u00e9rez des rapports et g\u00e9rez les pr\u00e9visions.<\/li>\n<li>Examiner les commandes en attente et la demande des clients pour assurer la satisfaction du client<\/li>\n<li>Suivez les clients et fournissez une assistance de d\u00e9pannage pour les commandes, les statuts de compte<\/li>\n<li>Aider les clients lorsque les commerciaux ne sont pas disponibles.<\/li>\n<li>G\u00e9rer les t\u00e2ches administratives des directeurs et directeurs des ventes<\/li>\n<li>Participez aux activit\u00e9s li\u00e9es aux ventes, y compris les formations des fournisseurs et les r\u00e9unions hebdomadaires.<\/li>\n<\/ul>\n<p><strong>Exigence:<\/strong><\/p>\n<ul>\n<li>Baccalaur\u00e9at.<\/li>\n<li>Bonnes capacit\u00e9s de communication, verbales et \u00e9crites.<\/li>\n<li>Solides comp\u00e9tences analytiques, organisationnelles et de gestion du temps.<\/li>\n<li>Doit \u00eatre motiv\u00e9, motiv\u00e9 et avoir une excellente \u00e9thique de travail.<\/li>\n<li>Connaissance de la technologie informatique pr\u00e9f\u00e9r\u00e9e, mais non requise.<\/li>\n<li>Ma\u00eetrise de Microsoft Office (Excel, Word, Outlook).<\/li>\n<li>Les comp\u00e9tences de pens\u00e9e situationnelle et critique sont indispensables.<\/li>\n<\/ul>\n<div class=\"fusion-button-wrapper\"><a class=\"fusion-button button-flat button-medium button-default fusion-button-default button-1 fusion-button-default-span fusion-button-default-type\" target=\"_self\" href=\"mailto:salina.li@asipartner.com\"><span class=\"fusion-button-text awb-button__text awb-button__text--default\">Appliquer maintenant<\/span><\/a><\/div>\n<\/div><\/div><\/div><\/div><\/div>\n","protected":false},"excerpt":{"rendered":"","protected":false},"author":5,"featured_media":0,"parent":3640,"menu_order":0,"comment_status":"closed","ping_status":"closed","template":"","meta":{"content-type":"","_monsterinsights_skip_tracking":false,"_monsterinsights_sitenote_active":false,"_monsterinsights_sitenote_note":"","_monsterinsights_sitenote_category":0,"footnotes":""},"class_list":["post-6812","page","type-page","status-publish","hentry"],"yoast_head":"<!-- This site is optimized with the Yoast SEO Premium plugin v26.3 (Yoast SEO v26.3) - https:\/\/yoast.com\/wordpress\/plugins\/seo\/ -->\n<title>Job Opening Sales Assistant TO - ASI Montreal<\/title>\n<meta name=\"robots\" content=\"index, follow, max-snippet:-1, max-image-preview:large, max-video-preview:-1\" \/>\n<link rel=\"canonical\" href=\"https:\/\/www.asipartner.com\/montreal\/company\/careers\/job-opening-sales-assistant-to\/\" \/>\n<meta property=\"og:locale\" content=\"fr_CA\" \/>\n<meta property=\"og:type\" content=\"article\" \/>\n<meta property=\"og:title\" content=\"Job Opening Sales Assistant TO\" \/>\n<meta property=\"og:url\" content=\"https:\/\/www.asipartner.com\/montreal\/company\/careers\/job-opening-sales-assistant-to\/\" \/>\n<meta property=\"og:site_name\" content=\"ASI Montreal\" \/>\n<meta property=\"article:modified_time\" content=\"2021-04-17T00:04:28+00:00\" \/>\n<meta name=\"twitter:card\" content=\"summary_large_image\" \/>\n<meta name=\"twitter:label1\" content=\"Estimation du temps de lecture\" \/>\n\t<meta name=\"twitter:data1\" content=\"2 minutes\" \/>\n<script type=\"application\/ld+json\" class=\"yoast-schema-graph\">{\"@context\":\"https:\/\/schema.org\",\"@graph\":[{\"@type\":\"WebPage\",\"@id\":\"https:\/\/www.asipartner.com\/montreal\/company\/careers\/job-opening-sales-assistant-to\/\",\"url\":\"https:\/\/www.asipartner.com\/montreal\/company\/careers\/job-opening-sales-assistant-to\/\",\"name\":\"Job Opening Sales Assistant TO - ASI Montreal\",\"isPartOf\":{\"@id\":\"https:\/\/www.asipartner.com\/montreal\/#website\"},\"datePublished\":\"2021-04-16T23:36:07+00:00\",\"dateModified\":\"2021-04-17T00:04:28+00:00\",\"breadcrumb\":{\"@id\":\"https:\/\/www.asipartner.com\/montreal\/company\/careers\/job-opening-sales-assistant-to\/#breadcrumb\"},\"inLanguage\":\"fr-CA\",\"potentialAction\":[{\"@type\":\"ReadAction\",\"target\":[\"https:\/\/www.asipartner.com\/montreal\/company\/careers\/job-opening-sales-assistant-to\/\"]}]},{\"@type\":\"BreadcrumbList\",\"@id\":\"https:\/\/www.asipartner.com\/montreal\/company\/careers\/job-opening-sales-assistant-to\/#breadcrumb\",\"itemListElement\":[{\"@type\":\"ListItem\",\"position\":1,\"name\":\"Home\",\"item\":\"https:\/\/www.asipartner.com\/montreal\/\"},{\"@type\":\"ListItem\",\"position\":2,\"name\":\"Company\",\"item\":\"https:\/\/www.asipartner.com\/montreal\/company\/\"},{\"@type\":\"ListItem\",\"position\":3,\"name\":\"Careers\",\"item\":\"https:\/\/www.asipartner.com\/montreal\/company\/careers\/\"},{\"@type\":\"ListItem\",\"position\":4,\"name\":\"Job Opening Sales Assistant TO\"}]},{\"@type\":\"WebSite\",\"@id\":\"https:\/\/www.asipartner.com\/montreal\/#website\",\"url\":\"https:\/\/www.asipartner.com\/montreal\/\",\"name\":\"ASI Montreal\",\"description\":\"Just another ASI Partner Sites site\",\"potentialAction\":[{\"@type\":\"SearchAction\",\"target\":{\"@type\":\"EntryPoint\",\"urlTemplate\":\"https:\/\/www.asipartner.com\/montreal\/?s={search_term_string}\"},\"query-input\":{\"@type\":\"PropertyValueSpecification\",\"valueRequired\":true,\"valueName\":\"search_term_string\"}}],\"inLanguage\":\"fr-CA\"}]}<\/script>\n<!-- \/ Yoast SEO Premium plugin. -->","yoast_head_json":{"title":"Job Opening Sales Assistant TO - ASI Montreal","robots":{"index":"index","follow":"follow","max-snippet":"max-snippet:-1","max-image-preview":"max-image-preview:large","max-video-preview":"max-video-preview:-1"},"canonical":"https:\/\/www.asipartner.com\/montreal\/company\/careers\/job-opening-sales-assistant-to\/","og_locale":"fr_CA","og_type":"article","og_title":"Job Opening Sales Assistant TO","og_url":"https:\/\/www.asipartner.com\/montreal\/company\/careers\/job-opening-sales-assistant-to\/","og_site_name":"ASI Montreal","article_modified_time":"2021-04-17T00:04:28+00:00","twitter_card":"summary_large_image","twitter_misc":{"Estimation du temps de lecture":"2 minutes"},"schema":{"@context":"https:\/\/schema.org","@graph":[{"@type":"WebPage","@id":"https:\/\/www.asipartner.com\/montreal\/company\/careers\/job-opening-sales-assistant-to\/","url":"https:\/\/www.asipartner.com\/montreal\/company\/careers\/job-opening-sales-assistant-to\/","name":"Job Opening Sales Assistant TO - ASI Montreal","isPartOf":{"@id":"https:\/\/www.asipartner.com\/montreal\/#website"},"datePublished":"2021-04-16T23:36:07+00:00","dateModified":"2021-04-17T00:04:28+00:00","breadcrumb":{"@id":"https:\/\/www.asipartner.com\/montreal\/company\/careers\/job-opening-sales-assistant-to\/#breadcrumb"},"inLanguage":"fr-CA","potentialAction":[{"@type":"ReadAction","target":["https:\/\/www.asipartner.com\/montreal\/company\/careers\/job-opening-sales-assistant-to\/"]}]},{"@type":"BreadcrumbList","@id":"https:\/\/www.asipartner.com\/montreal\/company\/careers\/job-opening-sales-assistant-to\/#breadcrumb","itemListElement":[{"@type":"ListItem","position":1,"name":"Home","item":"https:\/\/www.asipartner.com\/montreal\/"},{"@type":"ListItem","position":2,"name":"Company","item":"https:\/\/www.asipartner.com\/montreal\/company\/"},{"@type":"ListItem","position":3,"name":"Careers","item":"https:\/\/www.asipartner.com\/montreal\/company\/careers\/"},{"@type":"ListItem","position":4,"name":"Job Opening Sales Assistant TO"}]},{"@type":"WebSite","@id":"https:\/\/www.asipartner.com\/montreal\/#website","url":"https:\/\/www.asipartner.com\/montreal\/","name":"ASI Montreal","description":"Just another ASI Partner Sites site","potentialAction":[{"@type":"SearchAction","target":{"@type":"EntryPoint","urlTemplate":"https:\/\/www.asipartner.com\/montreal\/?s={search_term_string}"},"query-input":{"@type":"PropertyValueSpecification","valueRequired":true,"valueName":"search_term_string"}}],"inLanguage":"fr-CA"}]}},"_links":{"self":[{"href":"https:\/\/www.asipartner.com\/montreal\/wp-json\/wp\/v2\/pages\/6812","targetHints":{"allow":["GET"]}}],"collection":[{"href":"https:\/\/www.asipartner.com\/montreal\/wp-json\/wp\/v2\/pages"}],"about":[{"href":"https:\/\/www.asipartner.com\/montreal\/wp-json\/wp\/v2\/types\/page"}],"author":[{"embeddable":true,"href":"https:\/\/www.asipartner.com\/montreal\/wp-json\/wp\/v2\/users\/5"}],"replies":[{"embeddable":true,"href":"https:\/\/www.asipartner.com\/montreal\/wp-json\/wp\/v2\/comments?post=6812"}],"version-history":[{"count":3,"href":"https:\/\/www.asipartner.com\/montreal\/wp-json\/wp\/v2\/pages\/6812\/revisions"}],"predecessor-version":[{"id":6819,"href":"https:\/\/www.asipartner.com\/montreal\/wp-json\/wp\/v2\/pages\/6812\/revisions\/6819"}],"up":[{"embeddable":true,"href":"https:\/\/www.asipartner.com\/montreal\/wp-json\/wp\/v2\/pages\/3640"}],"wp:attachment":[{"href":"https:\/\/www.asipartner.com\/montreal\/wp-json\/wp\/v2\/media?parent=6812"}],"curies":[{"name":"wp","href":"https:\/\/api.w.org\/{rel}","templated":true}]}}