{"id":6908,"date":"2021-06-15T20:36:38","date_gmt":"2021-06-15T20:36:38","guid":{"rendered":"https:\/\/www.asipartner.com\/montreal\/?page_id=6908"},"modified":"2023-08-11T19:37:52","modified_gmt":"2023-08-11T19:37:52","slug":"asi-solutions-center","status":"publish","type":"page","link":"https:\/\/www.asipartner.com\/montreal\/company\/asi-solutions-center\/","title":{"rendered":"ASI Solutions Center"},"content":{"rendered":"<p><div class=\"fusion-fullwidth fullwidth-box fusion-builder-row-1 fusion-flex-container nonhundred-percent-fullwidth non-hundred-percent-height-scrolling\" style=\"--awb-border-radius-top-left:0px;--awb-border-radius-top-right:0px;--awb-border-radius-bottom-right:0px;--awb-border-radius-bottom-left:0px;--awb-flex-wrap:wrap;\" ><div class=\"fusion-builder-row fusion-row fusion-flex-align-items-flex-start fusion-flex-content-wrap\" style=\"max-width:1248px;margin-left: calc(-4% \/ 2 );margin-right: calc(-4% \/ 2 );\"><div class=\"fusion-layout-column fusion_builder_column fusion-builder-column-0 fusion_builder_column_1_1 1_1 fusion-flex-column\" style=\"--awb-bg-size:cover;--awb-width-large:100%;--awb-margin-top-large:0px;--awb-spacing-right-large:1.92%;--awb-margin-bottom-large:20px;--awb-spacing-left-large:1.92%;--awb-width-medium:100%;--awb-order-medium:0;--awb-spacing-right-medium:1.92%;--awb-spacing-left-medium:1.92%;--awb-width-small:100%;--awb-order-small:0;--awb-spacing-right-small:1.92%;--awb-spacing-left-small:1.92%;\"><div class=\"fusion-column-wrapper fusion-column-has-shadow fusion-flex-justify-content-flex-start fusion-content-layout-column\"><div class=\"fusion-image-element \" style=\"--awb-caption-title-font-family:var(--h2_typography-font-family);--awb-caption-title-font-weight:var(--h2_typography-font-weight);--awb-caption-title-font-style:var(--h2_typography-font-style);--awb-caption-title-size:var(--h2_typography-font-size);--awb-caption-title-transform:var(--h2_typography-text-transform);--awb-caption-title-line-height:var(--h2_typography-line-height);--awb-caption-title-letter-spacing:var(--h2_typography-letter-spacing);\"><span class=\" fusion-imageframe imageframe-none imageframe-1 hover-type-none\"><img decoding=\"async\" width=\"1200\" height=\"300\" alt=\"Centre de solutions ASI\" title=\"Centre de solutions ASI\" src=\"https:\/\/www.asipartner.com\/montreal\/wp-content\/uploads\/sites\/3\/2021\/06\/ASI-Solutions-Center-FR.jpg\" class=\"img-responsive wp-image-6912\" srcset=\"https:\/\/www.asipartner.com\/montreal\/wp-content\/uploads\/sites\/3\/2021\/06\/ASI-Solutions-Center-FR-200x50.jpg 200w, https:\/\/www.asipartner.com\/montreal\/wp-content\/uploads\/sites\/3\/2021\/06\/ASI-Solutions-Center-FR-400x100.jpg 400w, https:\/\/www.asipartner.com\/montreal\/wp-content\/uploads\/sites\/3\/2021\/06\/ASI-Solutions-Center-FR-600x150.jpg 600w, https:\/\/www.asipartner.com\/montreal\/wp-content\/uploads\/sites\/3\/2021\/06\/ASI-Solutions-Center-FR-800x200.jpg 800w, https:\/\/www.asipartner.com\/montreal\/wp-content\/uploads\/sites\/3\/2021\/06\/ASI-Solutions-Center-FR.jpg 1200w\" sizes=\"(max-width: 640px) 100vw, 1200px\" \/><\/span><\/div><\/div><\/div><\/div><\/div><div class=\"fusion-fullwidth fullwidth-box fusion-builder-row-2 fusion-flex-container nonhundred-percent-fullwidth non-hundred-percent-height-scrolling\" style=\"--awb-border-radius-top-left:0px;--awb-border-radius-top-right:0px;--awb-border-radius-bottom-right:0px;--awb-border-radius-bottom-left:0px;--awb-flex-wrap:wrap;\" ><div class=\"fusion-builder-row fusion-row fusion-flex-align-items-flex-start fusion-flex-content-wrap\" style=\"max-width:1248px;margin-left: calc(-4% \/ 2 );margin-right: calc(-4% \/ 2 );\"><div class=\"fusion-layout-column fusion_builder_column fusion-builder-column-1 fusion_builder_column_1_1 1_1 fusion-flex-column\" style=\"--awb-bg-size:cover;--awb-width-large:100%;--awb-margin-top-large:0px;--awb-spacing-right-large:1.92%;--awb-margin-bottom-large:20px;--awb-spacing-left-large:1.92%;--awb-width-medium:100%;--awb-order-medium:0;--awb-spacing-right-medium:1.92%;--awb-spacing-left-medium:1.92%;--awb-width-small:100%;--awb-order-small:0;--awb-spacing-right-small:1.92%;--awb-spacing-left-small:1.92%;\"><div class=\"fusion-column-wrapper fusion-column-has-shadow fusion-flex-justify-content-flex-start fusion-content-layout-column\"><div class=\"fusion-text fusion-text-1\"><h4>Centre de solutions ASI<\/h4>\n<p>ASI Solutions Center est une installation d&rsquo;assemblage informatique d\u00e9di\u00e9e qui construit sur mesure une large gamme d&rsquo;appareils de calcul pour le canal revendeur. Les syst\u00e8mes construits par ASI sont soumis \u00e0 un processus de construction standardis\u00e9 qui utilise notre programme logiciel ASI Test Monitor (ATM) personnalis\u00e9, qui fournit un suivi d\u00e9taill\u00e9 de l&rsquo;\u00e9tat des commandes tout au long du flux de production, d\u00e9finit le processus de test, la dur\u00e9e du test et les r\u00e9sultats des tests, ainsi comme inclut la validation de la version du BIOS\/micrologiciel pour la coh\u00e9rence entre plusieurs projets de construction. ATM cr\u00e9e un profil syst\u00e8me pour le suivi des actifs qui peut \u00eatre utilis\u00e9 pour la duplication de configuration actuelle et future pour tout syst\u00e8me construit par ASI, y compris les ordinateurs de bureau, les jeux, les postes de travail, les ordinateurs portables, les serveurs GPU, les serveurs de bases de donn\u00e9es, les serveurs cloud, les syst\u00e8mes IOT , \u00e9quipement m\u00e9dical, affichage num\u00e9rique et plus encore.<\/p>\n<h4>Capacit\u00e9s uniques du centre de solutions ASI<\/h4>\n<ul>\n<li>L&rsquo;utilisation d&rsquo;un flux de travail d&rsquo;assemblage standard qui a \u00e9t\u00e9 mis en \u0153uvre pour tous les syst\u00e8mes construits par ASI Solutions Center. Ce flux de travail peut avoir des processus sp\u00e9cifiques incorpor\u00e9s dans la proc\u00e9dure pour r\u00e9pondre aux exigences de nos clients.<\/li>\n<li>ASI Test Monitor, ou ATM, est un utilitaire logiciel con\u00e7u sur mesure qui permet de garantir que chaque processus de construction peut \u00eatre d\u00e9fini, suivi et valid\u00e9. De plus, le programme suit l&rsquo;\u00e9tat de la commande, les composants utilis\u00e9s et les num\u00e9ros de s\u00e9rie pour le suivi des actifs. ATM est un puissant outil de surveillance des tests car il d\u00e9finit la dur\u00e9e des tests et les r\u00e9sultats des tests, ainsi que la journalisation des versions du BIOS, des versions du micrologiciel, de l&rsquo;adresse MAC, etc., cr\u00e9ant un profil mat\u00e9riel qui peut \u00eatre suivi, dupliqu\u00e9 et valid\u00e9 sur diff\u00e9rentes quantit\u00e9s et assembl\u00e9 \u00e0 des moments diff\u00e9rents qui peuvent \u00eatre distants de plusieurs jours, semaines ou mois.<\/li>\n<li>ASI Solutions Center est une op\u00e9ration flexible qui peut g\u00e9rer des builds \u00e0 partir d&rsquo;une seule unit\u00e9 jusqu&rsquo;\u00e0 des milliers d&rsquo;unit\u00e9s et peut m\u00eame g\u00e9rer une gamme vari\u00e9e de configurations au sein de chaque projet de build.<\/li>\n<li>ASI Solutions Center construit des appareils de calcul personnalis\u00e9s pour le canal depuis plus de 35 ans avec une exp\u00e9rience exceptionnelle dans la prise en charge d&rsquo;un large \u00e9ventail de revendeurs.\\ASI a autoris\u00e9 des partenariats avec des fabricants strat\u00e9giques tels que la carte m\u00e8re, le bo\u00eetier, l&rsquo;alimentation, le processeur, le processeur graphique, la m\u00e9moire, le stockage et la mise en r\u00e9seau qui sont essentiels aux configurations du syst\u00e8me.<\/li>\n<li>Gr\u00e2ce \u00e0 ces partenariats, ASI Solutions Center peut travailler avec nos fournisseurs pour apporter \u00e0 nos revendeurs des solutions de calcul sp\u00e9cialis\u00e9es du concept \u00e0 la conception avec des bo\u00eetiers personnalis\u00e9s et une validation de test.<\/li>\n<\/ul>\n<\/div><\/div><\/div><\/div><\/div><div class=\"fusion-fullwidth fullwidth-box fusion-builder-row-3 fusion-flex-container nonhundred-percent-fullwidth non-hundred-percent-height-scrolling\" style=\"--awb-border-radius-top-left:0px;--awb-border-radius-top-right:0px;--awb-border-radius-bottom-right:0px;--awb-border-radius-bottom-left:0px;--awb-flex-wrap:wrap;\" ><div class=\"fusion-builder-row fusion-row fusion-flex-align-items-flex-start fusion-flex-content-wrap\" style=\"max-width:1248px;margin-left: calc(-4% \/ 2 );margin-right: calc(-4% \/ 2 );\"><div class=\"fusion-layout-column fusion_builder_column fusion-builder-column-2 fusion_builder_column_1_3 1_3 fusion-flex-column\" style=\"--awb-bg-size:cover;--awb-width-large:33.333333333333%;--awb-margin-top-large:0px;--awb-spacing-right-large:5.76%;--awb-margin-bottom-large:20px;--awb-spacing-left-large:5.76%;--awb-width-medium:33.333333333333%;--awb-order-medium:0;--awb-spacing-right-medium:5.76%;--awb-spacing-left-medium:5.76%;--awb-width-small:100%;--awb-order-small:0;--awb-spacing-right-small:1.92%;--awb-spacing-left-small:1.92%;\"><div class=\"fusion-column-wrapper fusion-column-has-shadow fusion-flex-justify-content-flex-start fusion-content-layout-column\"><div class=\"fusion-text fusion-text-2\"><h4 class=\"dnntitle\"><span id=\"dnn_ctr1509_dnnTITLE3_titleLabel\" class=\"title3\"><i class=\"fb-icon-element-1 fb-icon-element fontawesome-icon fa-pencil-ruler fas circle-yes fusion-text-flow\" style=\"--awb-circlecolor-hover:#4a4e57;--awb-circlebordersize:1px;--awb-font-size:28.16px;--awb-width:56.32px;--awb-height:56.32px;--awb-line-height:54.32px;--awb-margin-right:16px;\"><\/i>Ing\u00e9nierie de conception<\/span><\/h4>\n<div class=\"contentmain1\">\n<div id=\"dnn_ctr1509_ContentPane\" class=\"contentpane\">\n<div id=\"dnn_ctr1509_ModuleContent\" class=\"DNNModuleContent ModDNNHTMLC\">\n<div id=\"dnn_ctr1509_HtmlModule_lblContent\">\n<ul>\n<li>Concept de design<\/li>\n<li>Validation m\u00e9canique<\/li>\n<li>Tests personnalisables<\/li>\n<li>Test de r\u00e9sistance rigoureux<\/li>\n<li>Processus automatis\u00e9s<\/li>\n<\/ul>\n<\/div>\n<\/div>\n<\/div>\n<\/div>\n<\/div><\/div><\/div><div class=\"fusion-layout-column fusion_builder_column fusion-builder-column-3 fusion_builder_column_1_3 1_3 fusion-flex-column\" style=\"--awb-bg-size:cover;--awb-width-large:33.333333333333%;--awb-margin-top-large:0px;--awb-spacing-right-large:5.76%;--awb-margin-bottom-large:20px;--awb-spacing-left-large:5.76%;--awb-width-medium:33.333333333333%;--awb-order-medium:0;--awb-spacing-right-medium:5.76%;--awb-spacing-left-medium:5.76%;--awb-width-small:100%;--awb-order-small:0;--awb-spacing-right-small:1.92%;--awb-spacing-left-small:1.92%;\"><div class=\"fusion-column-wrapper fusion-column-has-shadow fusion-flex-justify-content-flex-start fusion-content-layout-column\"><div class=\"fusion-text fusion-text-3\"><h4><i class=\"fb-icon-element-2 fb-icon-element fontawesome-icon fa-pallet fas circle-yes fusion-text-flow\" style=\"--awb-circlecolor-hover:#4a4e57;--awb-circlebordersize:1px;--awb-font-size:28.16px;--awb-width:56.32px;--awb-height:56.32px;--awb-line-height:54.32px;--awb-margin-right:16px;\"><\/i>Cha\u00eene d&rsquo;approvisionnement<\/h4>\n<ul>\n<li>Vaste r\u00e9seau de fournisseurs<\/li>\n<li>Gestion des pr\u00e9visions<\/li>\n<li>Gestion de l&rsquo;inventaire<\/li>\n<li>Gestion de projet<\/li>\n<li>Entreposage<\/li>\n<\/ul>\n<\/div><\/div><\/div><div class=\"fusion-layout-column fusion_builder_column fusion-builder-column-4 fusion_builder_column_1_3 1_3 fusion-flex-column\" style=\"--awb-bg-size:cover;--awb-width-large:33.333333333333%;--awb-margin-top-large:0px;--awb-spacing-right-large:5.76%;--awb-margin-bottom-large:20px;--awb-spacing-left-large:5.76%;--awb-width-medium:33.333333333333%;--awb-order-medium:0;--awb-spacing-right-medium:5.76%;--awb-spacing-left-medium:5.76%;--awb-width-small:100%;--awb-order-small:0;--awb-spacing-right-small:1.92%;--awb-spacing-left-small:1.92%;\"><div class=\"fusion-column-wrapper fusion-column-has-shadow fusion-flex-justify-content-flex-start fusion-content-layout-column\"><div class=\"fusion-text fusion-text-4\"><h4><i class=\"fb-icon-element-3 fb-icon-element fontawesome-icon fa-clipboard-check fas circle-yes fusion-text-flow\" style=\"--awb-circlecolor-hover:#4a4e57;--awb-circlebordersize:1px;--awb-font-size:28.16px;--awb-width:56.32px;--awb-height:56.32px;--awb-line-height:54.32px;--awb-margin-right:16px;\"><\/i>Prestations de service<\/h4>\n<ul>\n<li>La gestion d&rsquo;actifs<\/li>\n<li>Int\u00e9gration au niveau du rack<\/li>\n<li>Solution cl\u00e9 en main compl\u00e8te<\/li>\n<li>Rapport qualit\u00e9<\/li>\n<\/ul>\n<\/div><\/div><\/div><\/div><\/div><\/p>\n","protected":false},"excerpt":{"rendered":"","protected":false},"author":3,"featured_media":0,"parent":3471,"menu_order":0,"comment_status":"closed","ping_status":"closed","template":"","meta":{"content-type":"","_monsterinsights_skip_tracking":false,"_monsterinsights_sitenote_active":false,"_monsterinsights_sitenote_note":"","_monsterinsights_sitenote_category":0,"footnotes":""},"class_list":["post-6908","page","type-page","status-publish","hentry"],"yoast_head":"<!-- This site is optimized with the Yoast SEO Premium plugin v26.3 (Yoast SEO v26.3) - https:\/\/yoast.com\/wordpress\/plugins\/seo\/ -->\n<title>ASI Solutions Center - ASI Montreal<\/title>\n<meta name=\"robots\" content=\"index, follow, max-snippet:-1, max-image-preview:large, max-video-preview:-1\" \/>\n<link rel=\"canonical\" href=\"https:\/\/www.asipartner.com\/montreal\/company\/asi-solutions-center\/\" \/>\n<meta property=\"og:locale\" content=\"fr_CA\" \/>\n<meta property=\"og:type\" content=\"article\" \/>\n<meta property=\"og:title\" content=\"ASI Solutions Center\" \/>\n<meta property=\"og:url\" content=\"https:\/\/www.asipartner.com\/montreal\/company\/asi-solutions-center\/\" \/>\n<meta property=\"og:site_name\" content=\"ASI Montreal\" \/>\n<meta property=\"article:modified_time\" content=\"2023-08-11T19:37:52+00:00\" \/>\n<meta name=\"twitter:card\" content=\"summary_large_image\" \/>\n<meta name=\"twitter:label1\" content=\"Estimation du temps de lecture\" \/>\n\t<meta name=\"twitter:data1\" content=\"8 minutes\" \/>\n<script type=\"application\/ld+json\" class=\"yoast-schema-graph\">{\"@context\":\"https:\/\/schema.org\",\"@graph\":[{\"@type\":\"WebPage\",\"@id\":\"https:\/\/www.asipartner.com\/montreal\/company\/asi-solutions-center\/\",\"url\":\"https:\/\/www.asipartner.com\/montreal\/company\/asi-solutions-center\/\",\"name\":\"ASI Solutions Center - ASI Montreal\",\"isPartOf\":{\"@id\":\"https:\/\/www.asipartner.com\/montreal\/#website\"},\"datePublished\":\"2021-06-15T20:36:38+00:00\",\"dateModified\":\"2023-08-11T19:37:52+00:00\",\"breadcrumb\":{\"@id\":\"https:\/\/www.asipartner.com\/montreal\/company\/asi-solutions-center\/#breadcrumb\"},\"inLanguage\":\"fr-CA\",\"potentialAction\":[{\"@type\":\"ReadAction\",\"target\":[\"https:\/\/www.asipartner.com\/montreal\/company\/asi-solutions-center\/\"]}]},{\"@type\":\"BreadcrumbList\",\"@id\":\"https:\/\/www.asipartner.com\/montreal\/company\/asi-solutions-center\/#breadcrumb\",\"itemListElement\":[{\"@type\":\"ListItem\",\"position\":1,\"name\":\"Home\",\"item\":\"https:\/\/www.asipartner.com\/montreal\/\"},{\"@type\":\"ListItem\",\"position\":2,\"name\":\"Company\",\"item\":\"https:\/\/www.asipartner.com\/montreal\/company\/\"},{\"@type\":\"ListItem\",\"position\":3,\"name\":\"ASI Solutions Center\"}]},{\"@type\":\"WebSite\",\"@id\":\"https:\/\/www.asipartner.com\/montreal\/#website\",\"url\":\"https:\/\/www.asipartner.com\/montreal\/\",\"name\":\"ASI Montreal\",\"description\":\"Just another ASI Partner Sites site\",\"potentialAction\":[{\"@type\":\"SearchAction\",\"target\":{\"@type\":\"EntryPoint\",\"urlTemplate\":\"https:\/\/www.asipartner.com\/montreal\/?s={search_term_string}\"},\"query-input\":{\"@type\":\"PropertyValueSpecification\",\"valueRequired\":true,\"valueName\":\"search_term_string\"}}],\"inLanguage\":\"fr-CA\"}]}<\/script>\n<!-- \/ Yoast SEO Premium plugin. -->","yoast_head_json":{"title":"ASI Solutions Center - ASI Montreal","robots":{"index":"index","follow":"follow","max-snippet":"max-snippet:-1","max-image-preview":"max-image-preview:large","max-video-preview":"max-video-preview:-1"},"canonical":"https:\/\/www.asipartner.com\/montreal\/company\/asi-solutions-center\/","og_locale":"fr_CA","og_type":"article","og_title":"ASI Solutions Center","og_url":"https:\/\/www.asipartner.com\/montreal\/company\/asi-solutions-center\/","og_site_name":"ASI Montreal","article_modified_time":"2023-08-11T19:37:52+00:00","twitter_card":"summary_large_image","twitter_misc":{"Estimation du temps de lecture":"8 minutes"},"schema":{"@context":"https:\/\/schema.org","@graph":[{"@type":"WebPage","@id":"https:\/\/www.asipartner.com\/montreal\/company\/asi-solutions-center\/","url":"https:\/\/www.asipartner.com\/montreal\/company\/asi-solutions-center\/","name":"ASI Solutions Center - ASI Montreal","isPartOf":{"@id":"https:\/\/www.asipartner.com\/montreal\/#website"},"datePublished":"2021-06-15T20:36:38+00:00","dateModified":"2023-08-11T19:37:52+00:00","breadcrumb":{"@id":"https:\/\/www.asipartner.com\/montreal\/company\/asi-solutions-center\/#breadcrumb"},"inLanguage":"fr-CA","potentialAction":[{"@type":"ReadAction","target":["https:\/\/www.asipartner.com\/montreal\/company\/asi-solutions-center\/"]}]},{"@type":"BreadcrumbList","@id":"https:\/\/www.asipartner.com\/montreal\/company\/asi-solutions-center\/#breadcrumb","itemListElement":[{"@type":"ListItem","position":1,"name":"Home","item":"https:\/\/www.asipartner.com\/montreal\/"},{"@type":"ListItem","position":2,"name":"Company","item":"https:\/\/www.asipartner.com\/montreal\/company\/"},{"@type":"ListItem","position":3,"name":"ASI Solutions Center"}]},{"@type":"WebSite","@id":"https:\/\/www.asipartner.com\/montreal\/#website","url":"https:\/\/www.asipartner.com\/montreal\/","name":"ASI Montreal","description":"Just another ASI Partner Sites site","potentialAction":[{"@type":"SearchAction","target":{"@type":"EntryPoint","urlTemplate":"https:\/\/www.asipartner.com\/montreal\/?s={search_term_string}"},"query-input":{"@type":"PropertyValueSpecification","valueRequired":true,"valueName":"search_term_string"}}],"inLanguage":"fr-CA"}]}},"_links":{"self":[{"href":"https:\/\/www.asipartner.com\/montreal\/wp-json\/wp\/v2\/pages\/6908","targetHints":{"allow":["GET"]}}],"collection":[{"href":"https:\/\/www.asipartner.com\/montreal\/wp-json\/wp\/v2\/pages"}],"about":[{"href":"https:\/\/www.asipartner.com\/montreal\/wp-json\/wp\/v2\/types\/page"}],"author":[{"embeddable":true,"href":"https:\/\/www.asipartner.com\/montreal\/wp-json\/wp\/v2\/users\/3"}],"replies":[{"embeddable":true,"href":"https:\/\/www.asipartner.com\/montreal\/wp-json\/wp\/v2\/comments?post=6908"}],"version-history":[{"count":5,"href":"https:\/\/www.asipartner.com\/montreal\/wp-json\/wp\/v2\/pages\/6908\/revisions"}],"predecessor-version":[{"id":7054,"href":"https:\/\/www.asipartner.com\/montreal\/wp-json\/wp\/v2\/pages\/6908\/revisions\/7054"}],"up":[{"embeddable":true,"href":"https:\/\/www.asipartner.com\/montreal\/wp-json\/wp\/v2\/pages\/3471"}],"wp:attachment":[{"href":"https:\/\/www.asipartner.com\/montreal\/wp-json\/wp\/v2\/media?parent=6908"}],"curies":[{"name":"wp","href":"https:\/\/api.w.org\/{rel}","templated":true}]}}