{"id":6939,"date":"2021-07-28T18:09:07","date_gmt":"2021-07-28T18:09:07","guid":{"rendered":"https:\/\/www.asipartner.com\/montreal\/?page_id=6939"},"modified":"2021-07-28T18:21:43","modified_gmt":"2021-07-28T18:21:43","slug":"intel-whitley-platform","status":"publish","type":"page","link":"https:\/\/www.asipartner.com\/montreal\/solutions\/server\/intel-whitley-platform\/","title":{"rendered":"Intel Whitley Platform"},"content":{"rendered":"<p><div class=\"fusion-fullwidth fullwidth-box fusion-builder-row-1 fusion-flex-container nonhundred-percent-fullwidth non-hundred-percent-height-scrolling\" style=\"--awb-border-radius-top-left:0px;--awb-border-radius-top-right:0px;--awb-border-radius-bottom-right:0px;--awb-border-radius-bottom-left:0px;--awb-flex-wrap:wrap;\" ><div class=\"fusion-builder-row fusion-row fusion-flex-align-items-flex-start fusion-flex-content-wrap\" style=\"max-width:1248px;margin-left: calc(-4% \/ 2 );margin-right: calc(-4% \/ 2 );\"><div class=\"fusion-layout-column fusion_builder_column fusion-builder-column-0 fusion_builder_column_1_1 1_1 fusion-flex-column\" style=\"--awb-bg-size:cover;--awb-width-large:100%;--awb-margin-top-large:0px;--awb-spacing-right-large:1.92%;--awb-margin-bottom-large:20px;--awb-spacing-left-large:1.92%;--awb-width-medium:100%;--awb-order-medium:0;--awb-spacing-right-medium:1.92%;--awb-spacing-left-medium:1.92%;--awb-width-small:100%;--awb-order-small:0;--awb-spacing-right-small:1.92%;--awb-spacing-left-small:1.92%;\"><div class=\"fusion-column-wrapper fusion-column-has-shadow fusion-flex-justify-content-flex-start fusion-content-layout-column\"><div class=\"fusion-image-element \" style=\"--awb-caption-title-font-family:var(--h2_typography-font-family);--awb-caption-title-font-weight:var(--h2_typography-font-weight);--awb-caption-title-font-style:var(--h2_typography-font-style);--awb-caption-title-size:var(--h2_typography-font-size);--awb-caption-title-transform:var(--h2_typography-text-transform);--awb-caption-title-line-height:var(--h2_typography-line-height);--awb-caption-title-letter-spacing:var(--h2_typography-letter-spacing);\"><span class=\" fusion-imageframe imageframe-none imageframe-1 hover-type-none\"><img decoding=\"async\" width=\"1200\" height=\"200\" alt=\"Plateforme Intel\u00ae Whitley\" src=\"https:\/\/www.asipartner.com\/montreal\/wp-content\/uploads\/sites\/3\/2021\/07\/IntelWhitleyBanner_1200x200_FR.jpg\" class=\"img-responsive wp-image-6943\" srcset=\"https:\/\/www.asipartner.com\/montreal\/wp-content\/uploads\/sites\/3\/2021\/07\/IntelWhitleyBanner_1200x200_FR-200x33.jpg 200w, https:\/\/www.asipartner.com\/montreal\/wp-content\/uploads\/sites\/3\/2021\/07\/IntelWhitleyBanner_1200x200_FR-400x67.jpg 400w, https:\/\/www.asipartner.com\/montreal\/wp-content\/uploads\/sites\/3\/2021\/07\/IntelWhitleyBanner_1200x200_FR-600x100.jpg 600w, https:\/\/www.asipartner.com\/montreal\/wp-content\/uploads\/sites\/3\/2021\/07\/IntelWhitleyBanner_1200x200_FR-800x133.jpg 800w, https:\/\/www.asipartner.com\/montreal\/wp-content\/uploads\/sites\/3\/2021\/07\/IntelWhitleyBanner_1200x200_FR.jpg 1200w\" sizes=\"(max-width: 640px) 100vw, 1200px\" \/><\/span><\/div><\/div><\/div><\/div><\/div><div class=\"fusion-fullwidth fullwidth-box fusion-builder-row-2 fusion-flex-container nonhundred-percent-fullwidth non-hundred-percent-height-scrolling\" style=\"--awb-border-radius-top-left:0px;--awb-border-radius-top-right:0px;--awb-border-radius-bottom-right:0px;--awb-border-radius-bottom-left:0px;--awb-flex-wrap:wrap;\" ><div class=\"fusion-builder-row fusion-row fusion-flex-align-items-flex-start fusion-flex-content-wrap\" style=\"max-width:1248px;margin-left: calc(-4% \/ 2 );margin-right: calc(-4% \/ 2 );\"><div class=\"fusion-layout-column fusion_builder_column fusion-builder-column-1 fusion_builder_column_3_4 3_4 fusion-flex-column\" style=\"--awb-bg-size:cover;--awb-width-large:75%;--awb-margin-top-large:0px;--awb-spacing-right-large:2.56%;--awb-margin-bottom-large:20px;--awb-spacing-left-large:2.56%;--awb-width-medium:75%;--awb-order-medium:0;--awb-spacing-right-medium:2.56%;--awb-spacing-left-medium:2.56%;--awb-width-small:100%;--awb-order-small:0;--awb-spacing-right-small:1.92%;--awb-spacing-left-small:1.92%;\"><div class=\"fusion-column-wrapper fusion-column-has-shadow fusion-flex-justify-content-flex-start fusion-content-layout-column\"><div class=\"fusion-text fusion-text-1\"><p>La standardisation du type de plate-forme de serveur qu&rsquo;un revendeur doit fournir \u00e0 ses clients implique bien plus qu&rsquo;une simple analyse d\u00e9taill\u00e9e du processeur. Comme tout syst\u00e8me, l&rsquo;ing\u00e9nierie d&rsquo;un serveur n\u00e9cessite un \u00e9cosyst\u00e8me complet de technologies et de services qui sont combin\u00e9s pour cr\u00e9er des solutions offrant les performances, la fiabilit\u00e9 et la s\u00e9curit\u00e9 dont les clients ont besoin pour ces produits de haut niveau.<\/p>\n<p>Depuis des g\u00e9n\u00e9rations, Intel propose des technologies de processeur de pointe combin\u00e9es \u00e0 des familles compl\u00e8tes de cartes de serveurs, de blocs de construction de serveurs et de syst\u00e8mes de serveurs cl\u00e9s en main complets, tous con\u00e7us, valid\u00e9s, pris en charge et garantis par Intel.<\/p>\n<h4>Pourquoi les serveurs Intel &#8211; Avantages de la propri\u00e9t\u00e9 de l&rsquo;\u00e9cosyst\u00e8me<\/h4>\n<\/div><ul style=\"--awb-line-height:27.2px;--awb-icon-width:27.2px;--awb-icon-height:27.2px;--awb-icon-margin:11.2px;--awb-content-margin:38.4px;--awb-circlecolor:#0077b6;--awb-circle-yes-font-size:14.08px;\" class=\"fusion-checklist fusion-checklist-1 fusion-checklist-default type-icons\"><li class=\"fusion-li-item\" style=\"\"><span class=\"icon-wrapper circle-yes\"><i class=\"fusion-li-icon fa-check fas\" aria-hidden=\"true\"><\/i><\/span><div class=\"fusion-li-item-content\"><strong>Intel fournit l&rsquo;ensemble complet de composants de base, du processeur au serveur complet\u2026<\/strong><br \/>\nIntel con\u00e7oit et fabrique non seulement tous ses propres processeurs, mais il con\u00e7oit et fabrique \u00e9galement les autres technologies cl\u00e9s, notamment le chipset serveur, la carte m\u00e8re serveur et des solutions serveur cl\u00e9 en main compl\u00e8tes. L&rsquo;ing\u00e9nierie de ces blocs de construction garantit les plus hauts niveaux de qualit\u00e9 et de compatibilit\u00e9 sur l&rsquo;ensemble de la plate-forme, offrant aux serveurs Intel des fonctionnalit\u00e9s de plate-forme sup\u00e9rieures ainsi que des performances de pointe.<\/div><\/li><li class=\"fusion-li-item\" style=\"\"><span class=\"icon-wrapper circle-yes\"><i class=\"fusion-li-icon fa-check fas\" aria-hidden=\"true\"><\/i><\/span><div class=\"fusion-li-item-content\"><strong>G\u00e9rabilit\u00e9 et diagnostics sur l\u2019ensemble de la plateforme\u2026<\/strong><br \/>\nLa facilit\u00e9 de gestion est une consid\u00e9ration cl\u00e9 pour les serveurs, c&rsquo;est pourquoi Intel a con\u00e7u une capacit\u00e9 de diagnostic dans ses cartes et plates-formes de serveurs. En incluant plus de 100 capteurs au niveau de la carte qui signalent les erreurs dans un journal des \u00e9v\u00e9nements, les VAR peuvent \u00eatre alert\u00e9s d&rsquo;un probl\u00e8me avant qu&rsquo;il ne se produise et diagnostiquer rapidement un probl\u00e8me, ce qui garantit une plus grande stabilit\u00e9 du syst\u00e8me et augmente la disponibilit\u00e9.<\/div><\/li><li class=\"fusion-li-item\" style=\"\"><span class=\"icon-wrapper circle-yes\"><i class=\"fusion-li-icon fa-check fas\" aria-hidden=\"true\"><\/i><\/span><div class=\"fusion-li-item-content\"><strong>Des milliers d&rsquo;heures de validation d&rsquo;applications sur toutes les options de serveur, y compris le processeur, le chipset, la carte serveur et le serveur cl\u00e9 en main\u2026<\/strong><br \/>\nLa certification des applications critiques est essentielle. Intel investit des milliers d&rsquo;heures pour valider ses produits sur de nombreuses applications, notamment VMWare Virtual SAN, Microsoft Windows Server, Nutanix, ONAPP Private Cloud, Openstack, Redhat et bien d&rsquo;autres pour s&rsquo;assurer que leurs serveurs ont les plus hauts niveaux de compatibilit\u00e9.<\/div><\/li><li class=\"fusion-li-item\" style=\"\"><span class=\"icon-wrapper circle-yes\"><i class=\"fusion-li-icon fa-check fas\" aria-hidden=\"true\"><\/i><\/span><div class=\"fusion-li-item-content\"><strong>Support technique 24\u00d77, AWR et garantie de trois ans\u2026<\/strong><br \/>\nIntel offre le meilleur support de garantie de l&rsquo;entreprise en fournissant non seulement un support technique 24h\/24 et 7j\/7, mais \u00e9galement en incluant AWR (Advanced Warranty Replacement) pour les partenaires technologiques Intel, ainsi qu&rsquo;en soutenant leurs blocs de construction de serveur avec une garantie de trois ans sur les pi\u00e8ces et la main-d&rsquo;\u0153uvre.<\/div><\/li><\/ul><\/div><\/div><div class=\"fusion-layout-column fusion_builder_column fusion-builder-column-2 fusion_builder_column_1_4 1_4 fusion-flex-column\" style=\"--awb-bg-size:cover;--awb-width-large:25%;--awb-margin-top-large:0px;--awb-spacing-right-large:7.68%;--awb-margin-bottom-large:20px;--awb-spacing-left-large:7.68%;--awb-width-medium:25%;--awb-order-medium:0;--awb-spacing-right-medium:7.68%;--awb-spacing-left-medium:7.68%;--awb-width-small:100%;--awb-order-small:0;--awb-spacing-right-small:1.92%;--awb-spacing-left-small:1.92%;\"><div class=\"fusion-column-wrapper fusion-column-has-shadow fusion-flex-justify-content-flex-start fusion-content-layout-column\"><div class=\"fusion-content-boxes content-boxes columns row fusion-columns-1 fusion-columns-total-1 fusion-content-boxes-1 content-boxes-icon-with-title content-left\" style=\"--awb-hover-accent-color:#00b4d8;--awb-circle-hover-accent-color:#00b4d8;--awb-item-margin-bottom:40px;\" data-animationOffset=\"top-into-view\"><div style=\"--awb-backgroundcolor:#f5f5f5;\" class=\"fusion-column content-box-column content-box-column content-box-column-1 col-lg-12 col-md-12 col-sm-12 fusion-content-box-hover content-box-column-last content-box-column-last-in-row\"><div class=\"col content-box-wrapper content-wrapper-background link-area-link-icon content-icon-wrapper-yes icon-hover-animation-fade\" data-animationOffset=\"top-into-view\"><div class=\"heading heading-with-icon icon-left\"><div class=\"icon\"><span style=\"height:42px;width:42px;line-height:22px;border-color:rgba(255,255,255,0);border-width:1px;border-style:solid;background-color:#212934;box-sizing:content-box;border-radius:50%;\"><i style=\"border-color:#212934;border-width:1px;background-color:#212934;box-sizing:content-box;height:40px;width:40px;line-height:40px;border-radius:50%;position:relative;top:auto;left:auto;margin:0;border-radius:50%;font-size:20px;\" aria-hidden=\"true\" class=\"fontawesome-icon fa-book-reader fas circle-yes\"><\/i><\/span><\/div><h2 class=\"content-box-heading\" style=\"--h2_typography-font-size:24px;line-height:29px;\">Resources<\/h2><\/div><div class=\"fusion-clearfix\"><\/div><div class=\"content-container\">\n<ul>\n<li><a href=\"\/\/www.asipartner.com\/wp-content\/uploads\/2021\/06\/2021Intel3rdGenXeonCompareChart.xlsx\">Tableau des sp\u00e9cifications des processeurs Intel Xeon Scalable<\/a><\/li>\n<\/ul>\n<\/div><\/div><\/div><div class=\"fusion-clearfix\"><\/div><\/div><\/div><\/div><div class=\"fusion-layout-column fusion_builder_column fusion-builder-column-3 fusion_builder_column_3_4 3_4 fusion-flex-column\" style=\"--awb-bg-size:cover;--awb-width-large:75%;--awb-margin-top-large:0px;--awb-spacing-right-large:2.56%;--awb-margin-bottom-large:20px;--awb-spacing-left-large:2.56%;--awb-width-medium:75%;--awb-order-medium:0;--awb-spacing-right-medium:2.56%;--awb-spacing-left-medium:2.56%;--awb-width-small:100%;--awb-order-small:0;--awb-spacing-right-small:1.92%;--awb-spacing-left-small:1.92%;\"><div class=\"fusion-column-wrapper fusion-column-has-shadow fusion-flex-justify-content-flex-start fusion-content-layout-column\"><div class=\"fusion-text fusion-text-2\"><p>La plate-forme serveur Intel Whitley comprend le chipset Intel C621 et prend en charge le processeur \u00e9volutif Intel\u00ae Xeon\u00ae de 3e g\u00e9n\u00e9ration (Ice Lake) pour cr\u00e9er des serveurs offrant de nouveaux niveaux de performances r\u00e9volutionnaires. La plate-forme Whitley est bas\u00e9e sur une technologie de pointe telle que la prise en charge de la m\u00e9moire persistante Intel Optane 200, des canaux de m\u00e9moire accrus, la prise en charge de la m\u00e9moire DDR4, l&rsquo;augmentation de PCIe 4.0 et d&rsquo;autres acc\u00e9l\u00e9rateurs int\u00e9gr\u00e9s qui offrent des avantages significatifs sur une grande vari\u00e9t\u00e9 de mod\u00e8les d&rsquo;utilisation, y compris le Big Data , intelligence artificielle, calcul haute performance, informatique d&rsquo;entreprise, cloud, stockage, communication et Internet des objets (IoT).<\/p>\n<h4>Sp\u00e9cifications cl\u00e9s<\/h4>\n<ul>\n<li>Jusqu&rsquo;\u00e0 40 c\u0153urs de processeur<\/li>\n<li>Fr\u00e9quence du processeur de base non AVX jusqu&rsquo;\u00e0 4,3 GHz<\/li>\n<li>Prise en charge de plusieurs sockets (2,4,8 CPU)<\/li>\n<li>8 canaux DDR4 3200 par CPU<\/li>\n<li>Jusqu&rsquo;\u00e0 6 To de m\u00e9moire par socket (DRAM+PMem)<\/li>\n<li>64 voies de PCIe 4.0 par CPU<\/li>\n<\/ul>\n<\/div><\/div><\/div><\/div><\/div><\/p>\n","protected":false},"excerpt":{"rendered":"","protected":false},"author":3,"featured_media":0,"parent":3807,"menu_order":0,"comment_status":"closed","ping_status":"closed","template":"","meta":{"content-type":"","_monsterinsights_skip_tracking":false,"_monsterinsights_sitenote_active":false,"_monsterinsights_sitenote_note":"","_monsterinsights_sitenote_category":0,"footnotes":""},"class_list":["post-6939","page","type-page","status-publish","hentry"],"yoast_head":"<!-- This site is optimized with the Yoast SEO Premium plugin v26.3 (Yoast SEO v26.3) - https:\/\/yoast.com\/wordpress\/plugins\/seo\/ -->\n<title>Intel Whitley Platform - ASI Montreal<\/title>\n<meta name=\"robots\" content=\"index, follow, max-snippet:-1, max-image-preview:large, max-video-preview:-1\" \/>\n<link rel=\"canonical\" href=\"https:\/\/www.asipartner.com\/montreal\/solutions\/server\/intel-whitley-platform\/\" \/>\n<meta property=\"og:locale\" content=\"fr_CA\" \/>\n<meta property=\"og:type\" content=\"article\" \/>\n<meta property=\"og:title\" content=\"Intel Whitley Platform\" \/>\n<meta property=\"og:url\" content=\"https:\/\/www.asipartner.com\/montreal\/solutions\/server\/intel-whitley-platform\/\" \/>\n<meta property=\"og:site_name\" content=\"ASI Montreal\" \/>\n<meta property=\"article:modified_time\" content=\"2021-07-28T18:21:43+00:00\" \/>\n<meta name=\"twitter:card\" content=\"summary_large_image\" \/>\n<meta name=\"twitter:label1\" content=\"Estimation du temps de lecture\" \/>\n\t<meta name=\"twitter:data1\" content=\"11 minutes\" \/>\n<script type=\"application\/ld+json\" class=\"yoast-schema-graph\">{\"@context\":\"https:\/\/schema.org\",\"@graph\":[{\"@type\":\"WebPage\",\"@id\":\"https:\/\/www.asipartner.com\/montreal\/solutions\/server\/intel-whitley-platform\/\",\"url\":\"https:\/\/www.asipartner.com\/montreal\/solutions\/server\/intel-whitley-platform\/\",\"name\":\"Intel Whitley Platform - ASI Montreal\",\"isPartOf\":{\"@id\":\"https:\/\/www.asipartner.com\/montreal\/#website\"},\"datePublished\":\"2021-07-28T18:09:07+00:00\",\"dateModified\":\"2021-07-28T18:21:43+00:00\",\"breadcrumb\":{\"@id\":\"https:\/\/www.asipartner.com\/montreal\/solutions\/server\/intel-whitley-platform\/#breadcrumb\"},\"inLanguage\":\"fr-CA\",\"potentialAction\":[{\"@type\":\"ReadAction\",\"target\":[\"https:\/\/www.asipartner.com\/montreal\/solutions\/server\/intel-whitley-platform\/\"]}]},{\"@type\":\"BreadcrumbList\",\"@id\":\"https:\/\/www.asipartner.com\/montreal\/solutions\/server\/intel-whitley-platform\/#breadcrumb\",\"itemListElement\":[{\"@type\":\"ListItem\",\"position\":1,\"name\":\"Home\",\"item\":\"https:\/\/www.asipartner.com\/montreal\/\"},{\"@type\":\"ListItem\",\"position\":2,\"name\":\"Solutions\",\"item\":\"https:\/\/www.asipartner.com\/montreal\/solutions\/\"},{\"@type\":\"ListItem\",\"position\":3,\"name\":\"Server\",\"item\":\"https:\/\/www.asipartner.com\/montreal\/solutions\/server\/\"},{\"@type\":\"ListItem\",\"position\":4,\"name\":\"Intel Whitley Platform\"}]},{\"@type\":\"WebSite\",\"@id\":\"https:\/\/www.asipartner.com\/montreal\/#website\",\"url\":\"https:\/\/www.asipartner.com\/montreal\/\",\"name\":\"ASI Montreal\",\"description\":\"Just another ASI Partner Sites site\",\"potentialAction\":[{\"@type\":\"SearchAction\",\"target\":{\"@type\":\"EntryPoint\",\"urlTemplate\":\"https:\/\/www.asipartner.com\/montreal\/?s={search_term_string}\"},\"query-input\":{\"@type\":\"PropertyValueSpecification\",\"valueRequired\":true,\"valueName\":\"search_term_string\"}}],\"inLanguage\":\"fr-CA\"}]}<\/script>\n<!-- \/ Yoast SEO Premium plugin. -->","yoast_head_json":{"title":"Intel Whitley Platform - ASI Montreal","robots":{"index":"index","follow":"follow","max-snippet":"max-snippet:-1","max-image-preview":"max-image-preview:large","max-video-preview":"max-video-preview:-1"},"canonical":"https:\/\/www.asipartner.com\/montreal\/solutions\/server\/intel-whitley-platform\/","og_locale":"fr_CA","og_type":"article","og_title":"Intel Whitley Platform","og_url":"https:\/\/www.asipartner.com\/montreal\/solutions\/server\/intel-whitley-platform\/","og_site_name":"ASI Montreal","article_modified_time":"2021-07-28T18:21:43+00:00","twitter_card":"summary_large_image","twitter_misc":{"Estimation du temps de lecture":"11 minutes"},"schema":{"@context":"https:\/\/schema.org","@graph":[{"@type":"WebPage","@id":"https:\/\/www.asipartner.com\/montreal\/solutions\/server\/intel-whitley-platform\/","url":"https:\/\/www.asipartner.com\/montreal\/solutions\/server\/intel-whitley-platform\/","name":"Intel Whitley Platform - ASI Montreal","isPartOf":{"@id":"https:\/\/www.asipartner.com\/montreal\/#website"},"datePublished":"2021-07-28T18:09:07+00:00","dateModified":"2021-07-28T18:21:43+00:00","breadcrumb":{"@id":"https:\/\/www.asipartner.com\/montreal\/solutions\/server\/intel-whitley-platform\/#breadcrumb"},"inLanguage":"fr-CA","potentialAction":[{"@type":"ReadAction","target":["https:\/\/www.asipartner.com\/montreal\/solutions\/server\/intel-whitley-platform\/"]}]},{"@type":"BreadcrumbList","@id":"https:\/\/www.asipartner.com\/montreal\/solutions\/server\/intel-whitley-platform\/#breadcrumb","itemListElement":[{"@type":"ListItem","position":1,"name":"Home","item":"https:\/\/www.asipartner.com\/montreal\/"},{"@type":"ListItem","position":2,"name":"Solutions","item":"https:\/\/www.asipartner.com\/montreal\/solutions\/"},{"@type":"ListItem","position":3,"name":"Server","item":"https:\/\/www.asipartner.com\/montreal\/solutions\/server\/"},{"@type":"ListItem","position":4,"name":"Intel Whitley Platform"}]},{"@type":"WebSite","@id":"https:\/\/www.asipartner.com\/montreal\/#website","url":"https:\/\/www.asipartner.com\/montreal\/","name":"ASI Montreal","description":"Just another ASI Partner Sites site","potentialAction":[{"@type":"SearchAction","target":{"@type":"EntryPoint","urlTemplate":"https:\/\/www.asipartner.com\/montreal\/?s={search_term_string}"},"query-input":{"@type":"PropertyValueSpecification","valueRequired":true,"valueName":"search_term_string"}}],"inLanguage":"fr-CA"}]}},"_links":{"self":[{"href":"https:\/\/www.asipartner.com\/montreal\/wp-json\/wp\/v2\/pages\/6939","targetHints":{"allow":["GET"]}}],"collection":[{"href":"https:\/\/www.asipartner.com\/montreal\/wp-json\/wp\/v2\/pages"}],"about":[{"href":"https:\/\/www.asipartner.com\/montreal\/wp-json\/wp\/v2\/types\/page"}],"author":[{"embeddable":true,"href":"https:\/\/www.asipartner.com\/montreal\/wp-json\/wp\/v2\/users\/3"}],"replies":[{"embeddable":true,"href":"https:\/\/www.asipartner.com\/montreal\/wp-json\/wp\/v2\/comments?post=6939"}],"version-history":[{"count":4,"href":"https:\/\/www.asipartner.com\/montreal\/wp-json\/wp\/v2\/pages\/6939\/revisions"}],"predecessor-version":[{"id":6944,"href":"https:\/\/www.asipartner.com\/montreal\/wp-json\/wp\/v2\/pages\/6939\/revisions\/6944"}],"up":[{"embeddable":true,"href":"https:\/\/www.asipartner.com\/montreal\/wp-json\/wp\/v2\/pages\/3807"}],"wp:attachment":[{"href":"https:\/\/www.asipartner.com\/montreal\/wp-json\/wp\/v2\/media?parent=6939"}],"curies":[{"name":"wp","href":"https:\/\/api.w.org\/{rel}","templated":true}]}}