{"id":6946,"date":"2021-08-04T16:35:09","date_gmt":"2021-08-04T16:35:09","guid":{"rendered":"https:\/\/www.asipartner.com\/montreal\/?page_id=6946"},"modified":"2021-08-04T16:53:19","modified_gmt":"2021-08-04T16:53:19","slug":"intel-3rd-generation-xeon-scalable-processor","status":"publish","type":"page","link":"https:\/\/www.asipartner.com\/montreal\/solutions\/server\/intel-3rd-generation-xeon-scalable-processor\/","title":{"rendered":"Intel 3rd Generation Xeon Scalable Processor"},"content":{"rendered":"<p><div class=\"fusion-fullwidth fullwidth-box fusion-builder-row-1 fusion-flex-container nonhundred-percent-fullwidth non-hundred-percent-height-scrolling\" style=\"--awb-border-radius-top-left:0px;--awb-border-radius-top-right:0px;--awb-border-radius-bottom-right:0px;--awb-border-radius-bottom-left:0px;--awb-flex-wrap:wrap;\" ><div class=\"fusion-builder-row fusion-row fusion-flex-align-items-flex-start fusion-flex-content-wrap\" style=\"max-width:1248px;margin-left: calc(-4% \/ 2 );margin-right: calc(-4% \/ 2 );\"><div class=\"fusion-layout-column fusion_builder_column fusion-builder-column-0 fusion_builder_column_1_1 1_1 fusion-flex-column\" style=\"--awb-bg-size:cover;--awb-width-large:100%;--awb-margin-top-large:0px;--awb-spacing-right-large:1.92%;--awb-margin-bottom-large:20px;--awb-spacing-left-large:1.92%;--awb-width-medium:100%;--awb-order-medium:0;--awb-spacing-right-medium:1.92%;--awb-spacing-left-medium:1.92%;--awb-width-small:100%;--awb-order-small:0;--awb-spacing-right-small:1.92%;--awb-spacing-left-small:1.92%;\"><div class=\"fusion-column-wrapper fusion-column-has-shadow fusion-flex-justify-content-flex-start fusion-content-layout-column\"><div class=\"fusion-image-element \" style=\"--awb-caption-title-font-family:var(--h2_typography-font-family);--awb-caption-title-font-weight:var(--h2_typography-font-weight);--awb-caption-title-font-style:var(--h2_typography-font-style);--awb-caption-title-size:var(--h2_typography-font-size);--awb-caption-title-transform:var(--h2_typography-text-transform);--awb-caption-title-line-height:var(--h2_typography-line-height);--awb-caption-title-letter-spacing:var(--h2_typography-letter-spacing);\"><span class=\" fusion-imageframe imageframe-none imageframe-1 hover-type-none\"><img decoding=\"async\" width=\"1200\" height=\"200\" alt=\"Intel Scalable\" title=\"Intel Scalable Banner\" src=\"https:\/\/www.asipartner.com\/montreal\/wp-content\/uploads\/sites\/3\/2021\/04\/IntelScalableBanner_1200x200_FR.jpg\" class=\"img-responsive wp-image-6737\" srcset=\"https:\/\/www.asipartner.com\/montreal\/wp-content\/uploads\/sites\/3\/2021\/04\/IntelScalableBanner_1200x200_FR-200x33.jpg 200w, https:\/\/www.asipartner.com\/montreal\/wp-content\/uploads\/sites\/3\/2021\/04\/IntelScalableBanner_1200x200_FR-400x67.jpg 400w, https:\/\/www.asipartner.com\/montreal\/wp-content\/uploads\/sites\/3\/2021\/04\/IntelScalableBanner_1200x200_FR-600x100.jpg 600w, https:\/\/www.asipartner.com\/montreal\/wp-content\/uploads\/sites\/3\/2021\/04\/IntelScalableBanner_1200x200_FR-800x133.jpg 800w, https:\/\/www.asipartner.com\/montreal\/wp-content\/uploads\/sites\/3\/2021\/04\/IntelScalableBanner_1200x200_FR.jpg 1200w\" sizes=\"(max-width: 640px) 100vw, 1200px\" \/><\/span><\/div><\/div><\/div><\/div><\/div><div class=\"fusion-fullwidth fullwidth-box fusion-builder-row-2 fusion-flex-container nonhundred-percent-fullwidth non-hundred-percent-height-scrolling\" style=\"--awb-border-radius-top-left:0px;--awb-border-radius-top-right:0px;--awb-border-radius-bottom-right:0px;--awb-border-radius-bottom-left:0px;--awb-flex-wrap:wrap;\" ><div class=\"fusion-builder-row fusion-row fusion-flex-align-items-flex-start fusion-flex-content-wrap\" style=\"max-width:1248px;margin-left: calc(-4% \/ 2 );margin-right: calc(-4% \/ 2 );\"><div class=\"fusion-layout-column fusion_builder_column fusion-builder-column-1 fusion_builder_column_3_4 3_4 fusion-flex-column\" style=\"--awb-bg-size:cover;--awb-width-large:75%;--awb-margin-top-large:0px;--awb-spacing-right-large:2.56%;--awb-margin-bottom-large:20px;--awb-spacing-left-large:2.56%;--awb-width-medium:75%;--awb-order-medium:0;--awb-spacing-right-medium:2.56%;--awb-spacing-left-medium:2.56%;--awb-width-small:100%;--awb-order-small:0;--awb-spacing-right-small:1.92%;--awb-spacing-left-small:1.92%;\"><div class=\"fusion-column-wrapper fusion-column-has-shadow fusion-flex-justify-content-flex-start fusion-content-layout-column\"><div class=\"fusion-text fusion-text-1\"><p>La sortie du processeur \u00e9volutif Intel Xeon (Skylake) et du processeur \u00e9volutif Intel Xeon de 2e g\u00e9n\u00e9ration (Cascade Lake) a apport\u00e9 de nombreuses nouvelles technologies qui en ont fait le changement le plus important pour Xeon depuis la sortie de Haswell il y a plus de cinq ans. Le changement le plus important concernait la m\u00e9thodologie utilis\u00e9e pour connecter les multiples c\u0153urs et le cache dans le processeur. Le processeur \u00e9volutif Xeon remplace l&rsquo;interconnexion en anneau traditionnelle utilis\u00e9e sur les g\u00e9n\u00e9rations pr\u00e9c\u00e9dentes de Xeon par une interconnexion maill\u00e9e, une technologie \u00e9prouv\u00e9e utilis\u00e9e sur le processeur Intel Xeon Phi hautes performances. L&rsquo;interconnexion maill\u00e9e fournit une m\u00e9thode plus efficace de gestion du trafic entre les c\u0153urs de processeur et r\u00e9duit la latence, ce qui am\u00e9liore consid\u00e9rablement les performances.<\/p>\n<p>Le processeur \u00e9volutif Xeon de 3e g\u00e9n\u00e9ration d&rsquo;Intel (Ice Lake) offre de nombreuses avanc\u00e9es technologiques, notamment une augmentation du nombre de c\u0153urs de 28 \u00e0 40, une augmentation des canaux m\u00e9moire de 6 \u00e0 8 en utilisant DDR4, un d\u00e9bit UPI am\u00e9lior\u00e9, la prise en charge d&rsquo;Optane 200 PM, jusqu&rsquo;\u00e0 6 To de m\u00e9moire syst\u00e8me par socket et une augmentation des voies PCIe par CPU de 48 \u00e0 64, toutes \u00e9tant des PCIe Gen 4. En plus de ces am\u00e9liorations, le processeur Intel 3rd Generation Xeon Scalable est le seul CPU de serveur sur le march\u00e9 avec dans les acc\u00e9l\u00e9rateurs mat\u00e9riels de solutions d&rsquo;IA et de s\u00e9curit\u00e9, notamment Intel Deep Learning Boost, Intel Software Guard Extensions et Intel Crypto Acceleration. Ces acc\u00e9l\u00e9rateurs sont optimis\u00e9s par plus de 200 d\u00e9veloppeurs ISV qui s&rsquo;associent \u00e0 Intel pour d\u00e9velopper et valider des applications offrant des performances exceptionnelles soutenues par des g\u00e9n\u00e9rations de compatibilit\u00e9 qui ne peuvent \u00eatre atteintes qu&rsquo;avec les processeurs et plates-formes de serveur Intel.<\/p>\n<h4>Principaux avantages du processeur \u00e9volutif Intel Xeon de 3e g\u00e9n\u00e9ration<\/h4>\n<p><strong>Performances de base sup\u00e9rieures:<\/strong> jusqu&rsquo;\u00e0 8 canaux de m\u00e9moire, y compris la compatibilit\u00e9 pour la m\u00e9moire persistante Intel Optane 200 DC prenant en charge jusqu&rsquo;\u00e0 6 To de capacit\u00e9 de m\u00e9moire syst\u00e8me par socket CPU lorsqu&rsquo;il est combin\u00e9 avec la DRAM traditionnelle.<\/p>\n<p><strong>Bande passante\/capacit\u00e9 de m\u00e9moire sup\u00e9rieure:<\/strong> jusqu&rsquo;\u00e0 40 c\u0153urs offrant des performances et une \u00e9volutivit\u00e9 \u00e9lev\u00e9es pour les charges de travail intensives en calcul pour les utilisations de calcul, de stockage et de r\u00e9seau.<\/p>\n<p><strong>E\/S \u00e9tendues:<\/strong> 64 voies de bande passante PCIe 4.0 par processeur offrant un d\u00e9bit plus \u00e9lev\u00e9 pour les charges de travail exigeantes en E\/S<\/p>\n<p><strong>Solutions de s\u00e9curit\u00e9 avanc\u00e9es Intel:<\/strong> la s\u00e9curit\u00e9 du processeur et de la plate-forme serveur continue d&rsquo;\u00eatre d&rsquo;une importance croissante. La famille de processeurs \u00e9volutifs Xeon de 3e g\u00e9n\u00e9ration d&rsquo;Intel comprend de nombreuses nouvelles fonctionnalit\u00e9s de s\u00e9curit\u00e9 con\u00e7ues pour renforcer et prot\u00e9ger le serveur. Les fonctionnalit\u00e9s incluent Intel SGX, Intel Crypto Acceleration, Intel Total Memory Encryption et Intel Platform Resilience.<\/p>\n<p><strong>Extensions Intel Software Guard (SGX):<\/strong> un jeu d&rsquo;instructions de s\u00e9curit\u00e9 inclus dans les processeurs \u00e9volutifs Intel Xeon de 3e g\u00e9n\u00e9ration qui donne aux d\u00e9veloppeurs de logiciels la possibilit\u00e9 de diviser la m\u00e9moire en zones chiffr\u00e9es de 1 To appel\u00e9es enclaves pour prot\u00e9ger les donn\u00e9es les plus sensibles des utilisateurs.<\/p>\n<p><strong>Cryptage total de la m\u00e9moire Intel (TME):<\/strong> Intel TME permet de garantir que toute la m\u00e9moire accessible par le processeur est crypt\u00e9e pour offrir une meilleure protection contre les attaques mat\u00e9rielles sur la m\u00e9moire syst\u00e8me.<\/p>\n<p><strong>Technologie Intel Crypto Acceleration int\u00e9gr\u00e9e:<\/strong> fournit un acc\u00e9l\u00e9rateur mat\u00e9riel pour g\u00e9rer les charges de travail de compression et de chiffrement croissantes, offrant une plus grande efficacit\u00e9 tout en offrant une s\u00e9curit\u00e9 et une protection am\u00e9lior\u00e9es du transport des donn\u00e9es sur les infrastructures de serveur, de stockage et de r\u00e9seau.<\/p>\n<p><strong>Intel Deep Learning Boost avec VNNI:<\/strong> Intel Deep Learning Boost avec Vector Neural Network Instruction (VNNI) apporte une intelligence artificielle am\u00e9lior\u00e9e et des performances d&rsquo;inf\u00e9rence pour aider \u00e0 fournir une pr\u00e9paration \u00e0 l&rsquo;IA dans le centre de donn\u00e9es.<\/p>\n<p><strong>Intel Advanced Vector Extensions 512 (Intel AVX-512):<\/strong> avec le double des FLOPS par cycle d&rsquo;horloge, Intel AVX-512 augmente les performances et le d\u00e9bit pour les applications de calcul les plus exigeantes telles que la mod\u00e9lisation, la simulation, l&rsquo;analyse de donn\u00e9es, l&rsquo;apprentissage automatique, la compression de donn\u00e9es, la virtualisation, et la cr\u00e9ation de contenu num\u00e9rique.<\/p>\n<p><strong>Technologie Intel Crypto Acceleration int\u00e9gr\u00e9e:<\/strong> Fournit une acc\u00e9l\u00e9ration mat\u00e9rielle pour les charges de travail de compression et de chiffrement croissantes afin d&rsquo;offrir une plus grande efficacit\u00e9 tout en offrant un transport et une protection des donn\u00e9es am\u00e9lior\u00e9s sur l&rsquo;infrastructure de serveur, de stockage et de r\u00e9seau.<\/p>\n<p><strong>Intel VMB (Volume Management Device):<\/strong> r\u00e9sout de nombreux probl\u00e8mes d&rsquo;utilisation de NVMe dans les configurations RAID en permettant la prise en charge de l&rsquo;\u00e9change \u00e0 chaud, de la notification d&rsquo;erreur par LED et de la possibilit\u00e9 d&rsquo;utiliser plusieurs disques dans une configuration RAID.<\/p>\n<\/div><\/div><\/div><div class=\"fusion-layout-column fusion_builder_column fusion-builder-column-2 fusion_builder_column_1_4 1_4 fusion-flex-column\" style=\"--awb-bg-size:cover;--awb-width-large:25%;--awb-margin-top-large:0px;--awb-spacing-right-large:7.68%;--awb-margin-bottom-large:20px;--awb-spacing-left-large:7.68%;--awb-width-medium:25%;--awb-order-medium:0;--awb-spacing-right-medium:7.68%;--awb-spacing-left-medium:7.68%;--awb-width-small:100%;--awb-order-small:0;--awb-spacing-right-small:1.92%;--awb-spacing-left-small:1.92%;\"><div class=\"fusion-column-wrapper fusion-column-has-shadow fusion-flex-justify-content-flex-start fusion-content-layout-column\"><div class=\"fusion-content-boxes content-boxes columns row fusion-columns-1 fusion-columns-total-1 fusion-content-boxes-1 content-boxes-icon-with-title content-left\" style=\"--awb-hover-accent-color:#00b4d8;--awb-circle-hover-accent-color:#00b4d8;--awb-item-margin-bottom:40px;\" data-animationOffset=\"top-into-view\"><div style=\"--awb-backgroundcolor:#f5f5f5;\" class=\"fusion-column content-box-column content-box-column content-box-column-1 col-lg-12 col-md-12 col-sm-12 fusion-content-box-hover content-box-column-last content-box-column-last-in-row\"><div class=\"col content-box-wrapper content-wrapper-background link-area-link-icon content-icon-wrapper-yes icon-hover-animation-fade\" data-animationOffset=\"top-into-view\"><div class=\"heading heading-with-icon icon-left\"><div class=\"icon\"><span style=\"height:42px;width:42px;line-height:22px;border-color:rgba(255,255,255,0);border-width:1px;border-style:solid;background-color:#212934;box-sizing:content-box;border-radius:50%;\"><i style=\"border-color:#212934;border-width:1px;background-color:#212934;box-sizing:content-box;height:40px;width:40px;line-height:40px;border-radius:50%;position:relative;top:auto;left:auto;margin:0;border-radius:50%;font-size:20px;\" aria-hidden=\"true\" class=\"fontawesome-icon fa-book-reader fas circle-yes\"><\/i><\/span><\/div><h2 class=\"content-box-heading\" style=\"--h2_typography-font-size:24px;line-height:29px;\">Resources<\/h2><\/div><div class=\"fusion-clearfix\"><\/div><div class=\"content-container\">\n<ul>\n<li><a href=\"https:\/\/www.asipartner.com\/wp-content\/uploads\/2021\/05\/3rd-Gen-Intel-Xeon-Scalable-Processors-Product-Brief-30-March-2021.pdf\" target=\"_blank\" rel=\"noopener\">Fiche produit des processeurs \u00e9volutifs Intel Xeon de 3e g\u00e9n\u00e9ration<\/a><\/li>\n<li><a href=\"https:\/\/www.asipartner.com\/wp-content\/uploads\/2021\/04\/ASI_21SER_3rdGenXeonScalable_Infographic_customizable.pdf\" target=\"_blank\" rel=\"noopener\">Infographie \u00e9volutive Xeon de 3e g\u00e9n\u00e9ration<\/a><\/li>\n<li><a href=\"https:\/\/www.asipartner.com\/wp-content\/uploads\/2021\/04\/21SER_3rdGenXeonScalable_FAQ.pdf\" target=\"_blank\" rel=\"noopener\"> FAQ \u00e9volutive Xeon de 3e g\u00e9n\u00e9ration<\/a><\/li>\n<\/ul>\n<\/div><\/div><\/div><div class=\"fusion-clearfix\"><\/div><\/div><\/div><\/div><\/div><\/div><\/p>\n","protected":false},"excerpt":{"rendered":"","protected":false},"author":3,"featured_media":0,"parent":3807,"menu_order":0,"comment_status":"closed","ping_status":"closed","template":"","meta":{"content-type":"","_monsterinsights_skip_tracking":false,"_monsterinsights_sitenote_active":false,"_monsterinsights_sitenote_note":"","_monsterinsights_sitenote_category":0,"footnotes":""},"class_list":["post-6946","page","type-page","status-publish","hentry"],"yoast_head":"<!-- This site is optimized with the Yoast SEO Premium plugin v26.3 (Yoast SEO v26.3) - https:\/\/yoast.com\/wordpress\/plugins\/seo\/ -->\n<title>Intel 3rd Generation Xeon Scalable Processor - ASI Montreal<\/title>\n<meta name=\"robots\" content=\"index, follow, max-snippet:-1, max-image-preview:large, max-video-preview:-1\" \/>\n<link rel=\"canonical\" href=\"https:\/\/www.asipartner.com\/montreal\/solutions\/server\/intel-3rd-generation-xeon-scalable-processor\/\" \/>\n<meta property=\"og:locale\" content=\"fr_CA\" \/>\n<meta property=\"og:type\" content=\"article\" \/>\n<meta property=\"og:title\" content=\"Intel 3rd Generation Xeon Scalable Processor\" \/>\n<meta property=\"og:url\" content=\"https:\/\/www.asipartner.com\/montreal\/solutions\/server\/intel-3rd-generation-xeon-scalable-processor\/\" \/>\n<meta property=\"og:site_name\" content=\"ASI Montreal\" \/>\n<meta property=\"article:modified_time\" content=\"2021-08-04T16:53:19+00:00\" \/>\n<meta name=\"twitter:card\" content=\"summary_large_image\" \/>\n<meta name=\"twitter:label1\" content=\"Estimation du temps de lecture\" \/>\n\t<meta name=\"twitter:data1\" content=\"14 minutes\" \/>\n<script type=\"application\/ld+json\" class=\"yoast-schema-graph\">{\"@context\":\"https:\/\/schema.org\",\"@graph\":[{\"@type\":\"WebPage\",\"@id\":\"https:\/\/www.asipartner.com\/montreal\/solutions\/server\/intel-3rd-generation-xeon-scalable-processor\/\",\"url\":\"https:\/\/www.asipartner.com\/montreal\/solutions\/server\/intel-3rd-generation-xeon-scalable-processor\/\",\"name\":\"Intel 3rd Generation Xeon Scalable Processor - ASI Montreal\",\"isPartOf\":{\"@id\":\"https:\/\/www.asipartner.com\/montreal\/#website\"},\"datePublished\":\"2021-08-04T16:35:09+00:00\",\"dateModified\":\"2021-08-04T16:53:19+00:00\",\"breadcrumb\":{\"@id\":\"https:\/\/www.asipartner.com\/montreal\/solutions\/server\/intel-3rd-generation-xeon-scalable-processor\/#breadcrumb\"},\"inLanguage\":\"fr-CA\",\"potentialAction\":[{\"@type\":\"ReadAction\",\"target\":[\"https:\/\/www.asipartner.com\/montreal\/solutions\/server\/intel-3rd-generation-xeon-scalable-processor\/\"]}]},{\"@type\":\"BreadcrumbList\",\"@id\":\"https:\/\/www.asipartner.com\/montreal\/solutions\/server\/intel-3rd-generation-xeon-scalable-processor\/#breadcrumb\",\"itemListElement\":[{\"@type\":\"ListItem\",\"position\":1,\"name\":\"Home\",\"item\":\"https:\/\/www.asipartner.com\/montreal\/\"},{\"@type\":\"ListItem\",\"position\":2,\"name\":\"Solutions\",\"item\":\"https:\/\/www.asipartner.com\/montreal\/solutions\/\"},{\"@type\":\"ListItem\",\"position\":3,\"name\":\"Server\",\"item\":\"https:\/\/www.asipartner.com\/montreal\/solutions\/server\/\"},{\"@type\":\"ListItem\",\"position\":4,\"name\":\"Intel 3rd Generation Xeon Scalable Processor\"}]},{\"@type\":\"WebSite\",\"@id\":\"https:\/\/www.asipartner.com\/montreal\/#website\",\"url\":\"https:\/\/www.asipartner.com\/montreal\/\",\"name\":\"ASI Montreal\",\"description\":\"Just another ASI Partner Sites site\",\"potentialAction\":[{\"@type\":\"SearchAction\",\"target\":{\"@type\":\"EntryPoint\",\"urlTemplate\":\"https:\/\/www.asipartner.com\/montreal\/?s={search_term_string}\"},\"query-input\":{\"@type\":\"PropertyValueSpecification\",\"valueRequired\":true,\"valueName\":\"search_term_string\"}}],\"inLanguage\":\"fr-CA\"}]}<\/script>\n<!-- \/ Yoast SEO Premium plugin. -->","yoast_head_json":{"title":"Intel 3rd Generation Xeon Scalable Processor - ASI Montreal","robots":{"index":"index","follow":"follow","max-snippet":"max-snippet:-1","max-image-preview":"max-image-preview:large","max-video-preview":"max-video-preview:-1"},"canonical":"https:\/\/www.asipartner.com\/montreal\/solutions\/server\/intel-3rd-generation-xeon-scalable-processor\/","og_locale":"fr_CA","og_type":"article","og_title":"Intel 3rd Generation Xeon Scalable Processor","og_url":"https:\/\/www.asipartner.com\/montreal\/solutions\/server\/intel-3rd-generation-xeon-scalable-processor\/","og_site_name":"ASI Montreal","article_modified_time":"2021-08-04T16:53:19+00:00","twitter_card":"summary_large_image","twitter_misc":{"Estimation du temps de lecture":"14 minutes"},"schema":{"@context":"https:\/\/schema.org","@graph":[{"@type":"WebPage","@id":"https:\/\/www.asipartner.com\/montreal\/solutions\/server\/intel-3rd-generation-xeon-scalable-processor\/","url":"https:\/\/www.asipartner.com\/montreal\/solutions\/server\/intel-3rd-generation-xeon-scalable-processor\/","name":"Intel 3rd Generation Xeon Scalable Processor - ASI Montreal","isPartOf":{"@id":"https:\/\/www.asipartner.com\/montreal\/#website"},"datePublished":"2021-08-04T16:35:09+00:00","dateModified":"2021-08-04T16:53:19+00:00","breadcrumb":{"@id":"https:\/\/www.asipartner.com\/montreal\/solutions\/server\/intel-3rd-generation-xeon-scalable-processor\/#breadcrumb"},"inLanguage":"fr-CA","potentialAction":[{"@type":"ReadAction","target":["https:\/\/www.asipartner.com\/montreal\/solutions\/server\/intel-3rd-generation-xeon-scalable-processor\/"]}]},{"@type":"BreadcrumbList","@id":"https:\/\/www.asipartner.com\/montreal\/solutions\/server\/intel-3rd-generation-xeon-scalable-processor\/#breadcrumb","itemListElement":[{"@type":"ListItem","position":1,"name":"Home","item":"https:\/\/www.asipartner.com\/montreal\/"},{"@type":"ListItem","position":2,"name":"Solutions","item":"https:\/\/www.asipartner.com\/montreal\/solutions\/"},{"@type":"ListItem","position":3,"name":"Server","item":"https:\/\/www.asipartner.com\/montreal\/solutions\/server\/"},{"@type":"ListItem","position":4,"name":"Intel 3rd Generation Xeon Scalable Processor"}]},{"@type":"WebSite","@id":"https:\/\/www.asipartner.com\/montreal\/#website","url":"https:\/\/www.asipartner.com\/montreal\/","name":"ASI Montreal","description":"Just another ASI Partner Sites site","potentialAction":[{"@type":"SearchAction","target":{"@type":"EntryPoint","urlTemplate":"https:\/\/www.asipartner.com\/montreal\/?s={search_term_string}"},"query-input":{"@type":"PropertyValueSpecification","valueRequired":true,"valueName":"search_term_string"}}],"inLanguage":"fr-CA"}]}},"_links":{"self":[{"href":"https:\/\/www.asipartner.com\/montreal\/wp-json\/wp\/v2\/pages\/6946","targetHints":{"allow":["GET"]}}],"collection":[{"href":"https:\/\/www.asipartner.com\/montreal\/wp-json\/wp\/v2\/pages"}],"about":[{"href":"https:\/\/www.asipartner.com\/montreal\/wp-json\/wp\/v2\/types\/page"}],"author":[{"embeddable":true,"href":"https:\/\/www.asipartner.com\/montreal\/wp-json\/wp\/v2\/users\/3"}],"replies":[{"embeddable":true,"href":"https:\/\/www.asipartner.com\/montreal\/wp-json\/wp\/v2\/comments?post=6946"}],"version-history":[{"count":4,"href":"https:\/\/www.asipartner.com\/montreal\/wp-json\/wp\/v2\/pages\/6946\/revisions"}],"predecessor-version":[{"id":6950,"href":"https:\/\/www.asipartner.com\/montreal\/wp-json\/wp\/v2\/pages\/6946\/revisions\/6950"}],"up":[{"embeddable":true,"href":"https:\/\/www.asipartner.com\/montreal\/wp-json\/wp\/v2\/pages\/3807"}],"wp:attachment":[{"href":"https:\/\/www.asipartner.com\/montreal\/wp-json\/wp\/v2\/media?parent=6946"}],"curies":[{"name":"wp","href":"https:\/\/api.w.org\/{rel}","templated":true}]}}